{"id":1541,"date":"2024-11-23T23:30:25","date_gmt":"2024-11-23T18:00:25","guid":{"rendered":"https:\/\/tiffanyshowpattaya.com\/?page_id=1541"},"modified":"2024-11-23T23:33:49","modified_gmt":"2024-11-23T18:03:49","slug":"shipping-policy","status":"publish","type":"page","link":"https:\/\/tiffanyshowpattaya.com\/de\/shipping-policy\/","title":{"rendered":"Versandbedingungen"},"content":{"rendered":"<div data-elementor-type=\"wp-page\" data-elementor-id=\"1541\" class=\"elementor elementor-1541\" data-elementor-post-type=\"page\">\n\t\t\t\t\t\t<section data-particle_enable=\"false\" data-particle-mobile-disabled=\"false\" class=\"elementor-section elementor-top-section elementor-element elementor-element-2c10db5 elementor-section-boxed elementor-section-height-default elementor-section-height-default\" data-id=\"2c10db5\" data-element_type=\"section\" data-e-type=\"section\">\n\t\t\t\t\t\t<div class=\"elementor-container elementor-column-gap-default\">\n\t\t\t\t\t<div class=\"elementor-column elementor-col-100 elementor-top-column elementor-element elementor-element-eef4b82\" data-id=\"eef4b82\" data-element_type=\"column\" data-e-type=\"column\">\n\t\t\t<div class=\"elementor-widget-wrap elementor-element-populated\">\n\t\t\t\t\t\t<div class=\"elementor-element elementor-element-6c3c170 elementor-widget elementor-widget-text-editor\" data-id=\"6c3c170\" data-element_type=\"widget\" data-e-type=\"widget\" data-widget_type=\"text-editor.default\">\n\t\t\t\t<div class=\"elementor-widget-container\">\n\t\t\t\t\t\t\t\t\t<h2 style=\"text-align: center;\"><span style=\"color: #000000;\"><strong>Versandbedingungen<\/strong><\/span><\/h2><p><span style=\"color: #000000;\">Willkommen bei <strong>Alcazar Show Pattaya<\/strong> Ticketbuchungsplattform<\/span><br \/><span style=\"color: #000000;\">Vielen Dank f\u00fcr Ihre Wahl <a href=\"https:\/\/tiffanyshowpattaya.com\/de\/\"><strong>Alcazar-Show Pattaya<\/strong><\/a> \u00fcber unsere vertrauensw\u00fcrdige Plattform. Diese Versandrichtlinie erl\u00e4utert unseren Ticketlieferprozess bei der Buchung.<\/span><\/p><h3><span style=\"color: #000000;\"><strong>Informationen zum Unternehmen<\/strong><\/span><\/h3><ul><li><span style=\"color: #000000;\"><strong>Webseite<\/strong>: <a style=\"color: #000000;\" href=\"https:\/\/tiffanyshowpattaya.com\/de\/\" target=\"_new\" rel=\"noopener\">tiffanyshowpattaya.com<\/a><\/span><\/li><li><span style=\"color: #000000;\"><strong>Name der Firma<\/strong>: Alcazar-Show Pattaya<\/span><\/li><li><span style=\"color: #000000;\"><strong>Kontakt-E-Mail<\/strong>: <a style=\"color: #000000;\" href=\"mailto:contact@tiffanyshowpattaya.com\" rel=\"noopener\">contact@tiffanyshowpattaya.com<\/a><\/span><\/li><\/ul><h3><span style=\"color: #000000;\"><strong>Ticketzustellungsprozess<\/strong><\/span><br \/><span style=\"color: #000000;\"><strong>Gutscheinversand<\/strong><\/span><\/h3><p><span style=\"color: #000000;\">Nach erfolgreicher Buchung und Zahlungseingang wird Ihnen ein Gutschein f\u00fcr Ihre <strong>Alcazar-Show Pattaya<\/strong> Tickets werden an die beim Bezahlvorgang angegebene E-Mail-Adresse oder WhatsApp-Nummer gesendet. Dieser Gutschein dient als Eintrittskarte f\u00fcr die Show.<\/span><\/p><h3><span style=\"color: #000000;\"><strong>Elektronische Gutscheinzustellung (E-Ticket)<\/strong><\/span><\/h3><ul><li><span style=\"color: #000000;\"><strong>E-Mail-Zustellung<\/strong>: Ihr Gutschein wird als E-Mail-Anhang versendet, diesen k\u00f6nnen Sie ausdrucken oder beim Betreten des Veranstaltungsortes auf Ihrem Mobilger\u00e4t vorzeigen.<\/span><\/li><li><span style=\"color: #000000;\"><strong>WhatsApp-Zustellung<\/strong>: Wenn Sie eine WhatsApp-Nummer angegeben haben, versenden wir Ihren Gutschein f\u00fcr Ihren Komfort auch per WhatsApp.<\/span><\/li><\/ul><h3><span style=\"color: #000000;\"><strong>Lieferzeitraum<\/strong><\/span><\/h3><ul><li><span style=\"color: #000000;\">Gutscheine werden in der Regel innerhalb weniger Minuten nach erfolgreicher Zahlungsbest\u00e4tigung zugestellt. Die Bearbeitung kann jedoch bis zu 1 Stunde dauern.<\/span><\/li><li><span style=\"color: #000000;\">Bitte pr\u00fcfen Sie sowohl Ihren Posteingang als auch Ihren Spam-\/Junk-Ordner auf die Gutschein-E-Mail.<\/span><\/li><\/ul><h3><span style=\"color: #000000;\"><strong>Auftragsbest\u00e4tigung<\/strong><\/span><\/h3><p><span style=\"color: #000000;\">Nach Abschluss Ihrer Buchung erhalten Sie eine Bestellbest\u00e4tigungs-E-Mail mit den Einzelheiten Ihres Kaufs, einschlie\u00dflich einer Zusammenfassung Ihrer Buchungsinformationen.<\/span><\/p><h3><span style=\"color: #000000;\"><strong>Wichtige Informationen<\/strong><\/span><\/h3><ul><li><span style=\"color: #000000;\"><strong>Keine physische Lieferung<\/strong>: Wir stellen ausschlie\u00dflich elektronische Tickets zur Verf\u00fcgung. Es werden keine physischen Tickets per Post verschickt.<\/span><\/li><li><span style=\"color: #000000;\"><strong>Kundenverantwortung<\/strong>: Bitte achten Sie auf die Richtigkeit Ihrer Kontaktdaten, einschlie\u00dflich E-Mail und WhatsApp-Nummer, um Ihren Gutschein zeitnah zu erhalten.<\/span><\/li><li><span style=\"color: #000000;\"><strong>Zugangsvoraussetzungen<\/strong>: Sie m\u00fcssen einen g\u00fcltigen Gutschein (gedruckt oder digital) vorlegen <strong>Alcazar-Show Pattaya<\/strong> Eingang, um Zutritt zu erhalten.<\/span><\/li><\/ul><h3><span style=\"color: #000000;\"><strong>Kontaktieren Sie uns<\/strong><\/span><\/h3><p><span style=\"color: #000000;\">Bei Fragen oder Anliegen bez\u00fcglich der Zustellung Ihres Gutscheins kontaktieren Sie uns bitte unter <strong><a style=\"color: #000000;\" href=\"mailto:contact@tiffanyshowpattaya.com\" rel=\"noopener\">contact@tiffanyshowpattaya.com<\/a><\/strong>. Wir unterst\u00fctzen Sie gerne und sorgen f\u00fcr einen reibungslosen Buchungsablauf.<\/span><\/p><p><span style=\"color: #000000;\">Vielen Dank f\u00fcr Ihre Wahl <a href=\"https:\/\/tiffanyshowpattaya.com\/de\/\"><strong>Alcazar-Show Pattaya<\/strong><\/a>Wir freuen uns darauf, Ihnen ein unvergessliches Showerlebnis zu bieten!<\/span><\/p>\t\t\t\t\t\t\t\t<\/div>\n\t\t\t\t<\/div>\n\t\t\t\t\t<\/div>\n\t\t<\/div>\n\t\t\t\t\t<\/div>\n\t\t<\/section>\n\t\t\t\t<\/div>","protected":false},"excerpt":{"rendered":"<p>Shipping Policy Welcome to Alcazar Show Pattaya\u2019s Ticket Booking PlatformThank you for choosing Alcazar Show Pattaya through our trusted platform. This Shipping Policy explains our ticket delivery process upon booking. Company Information Website: tiffanyshowpattaya.com Company Name: Alcazar Show Pattaya Contact Email: contact@tiffanyshowpattaya.com Ticket Delivery ProcessVoucher Delivery Once your booking is successfully processed and payment is [&hellip;]<\/p>\n","protected":false},"author":1,"featured_media":0,"parent":0,"menu_order":0,"comment_status":"closed","ping_status":"closed","template":"","meta":{"ocean_post_layout":"","ocean_both_sidebars_style":"","ocean_both_sidebars_content_width":0,"ocean_both_sidebars_sidebars_width":0,"ocean_sidebar":"","ocean_second_sidebar":"","ocean_disable_margins":"enable","ocean_add_body_class":"","ocean_shortcode_before_top_bar":"","ocean_shortcode_after_top_bar":"","ocean_shortcode_before_header":"","ocean_shortcode_after_header":"","ocean_has_shortcode":"","ocean_shortcode_after_title":"","ocean_shortcode_before_footer_widgets":"","ocean_shortcode_after_footer_widgets":"","ocean_shortcode_before_footer_bottom":"","ocean_shortcode_after_footer_bottom":"","ocean_display_top_bar":"default","ocean_display_header":"default","ocean_header_style":"","ocean_center_header_left_menu":"","ocean_custom_header_template":"","ocean_custom_logo":0,"ocean_custom_retina_logo":0,"ocean_custom_logo_max_width":0,"ocean_custom_logo_tablet_max_width":0,"ocean_custom_logo_mobile_max_width":0,"ocean_custom_logo_max_height":0,"ocean_custom_logo_tablet_max_height":0,"ocean_custom_logo_mobile_max_height":0,"ocean_header_custom_menu":"","ocean_menu_typo_font_family":"","ocean_menu_typo_font_subset":"","ocean_menu_typo_font_size":0,"ocean_menu_typo_font_size_tablet":0,"ocean_menu_typo_font_size_mobile":0,"ocean_menu_typo_font_size_unit":"px","ocean_menu_typo_font_weight":"","ocean_menu_typo_font_weight_tablet":"","ocean_menu_typo_font_weight_mobile":"","ocean_menu_typo_transform":"","ocean_menu_typo_transform_tablet":"","ocean_menu_typo_transform_mobile":"","ocean_menu_typo_line_height":0,"ocean_menu_typo_line_height_tablet":0,"ocean_menu_typo_line_height_mobile":0,"ocean_menu_typo_line_height_unit":"","ocean_menu_typo_spacing":0,"ocean_menu_typo_spacing_tablet":0,"ocean_menu_typo_spacing_mobile":0,"ocean_menu_typo_spacing_unit":"","ocean_menu_link_color":"","ocean_menu_link_color_hover":"","ocean_menu_link_color_active":"","ocean_menu_link_background":"","ocean_menu_link_hover_background":"","ocean_menu_link_active_background":"","ocean_menu_social_links_bg":"","ocean_menu_social_hover_links_bg":"","ocean_menu_social_links_color":"","ocean_menu_social_hover_links_color":"","ocean_disable_title":"default","ocean_disable_heading":"default","ocean_post_title":"","ocean_post_subheading":"","ocean_post_title_style":"","ocean_post_title_background_color":"","ocean_post_title_background":0,"ocean_post_title_bg_image_position":"","ocean_post_title_bg_image_attachment":"","ocean_post_title_bg_image_repeat":"","ocean_post_title_bg_image_size":"","ocean_post_title_height":0,"ocean_post_title_bg_overlay":0.5,"ocean_post_title_bg_overlay_color":"","ocean_disable_breadcrumbs":"default","ocean_breadcrumbs_color":"","ocean_breadcrumbs_separator_color":"","ocean_breadcrumbs_links_color":"","ocean_breadcrumbs_links_hover_color":"","ocean_display_footer_widgets":"default","ocean_display_footer_bottom":"default","ocean_custom_footer_template":"","footnotes":""},"class_list":["post-1541","page","type-page","status-publish","hentry","entry","owp-thumbs-layout-horizontal","owp-btn-normal","owp-tabs-layout-horizontal","has-no-thumbnails","has-product-nav"],"yoast_head":"<!-- This site is optimized with the Yoast SEO plugin v27.3 - https:\/\/yoast.com\/product\/yoast-seo-wordpress\/ -->\n<title>Shipping Policy | Alcazar Show Tickets - Triplyn Holidays<\/title>\n<meta name=\"description\" content=\"Explore Alcazar Show Pattaya Shipping Policy. Book Confidently With Triplyn Holidays And Enjoy A Seamless Experience.\" \/>\n<meta name=\"robots\" content=\"noindex, follow\" \/>\n<meta property=\"og:locale\" content=\"de_DE\" \/>\n<meta property=\"og:type\" content=\"article\" \/>\n<meta property=\"og:title\" content=\"Shipping Policy | Alcazar Show Tickets - Triplyn Holidays\" \/>\n<meta property=\"og:description\" content=\"Explore Alcazar Show Pattaya Shipping Policy. Book Confidently With Triplyn Holidays And Enjoy A Seamless Experience.\" \/>\n<meta property=\"og:url\" content=\"https:\/\/tiffanyshowpattaya.com\/de\/shipping-policy\/\" \/>\n<meta property=\"og:site_name\" content=\"Tiffany Show Pattaya\" \/>\n<meta property=\"article:modified_time\" content=\"2024-11-23T18:03:49+00:00\" \/>\n<meta name=\"twitter:card\" content=\"summary_large_image\" \/>\n<meta name=\"twitter:label1\" content=\"Gesch\u00e4tzte Lesezeit\" \/>\n\t<meta name=\"twitter:data1\" content=\"2\u00a0Minuten\" \/>\n<script type=\"application\/ld+json\" class=\"yoast-schema-graph\">{\"@context\":\"https:\\\/\\\/schema.org\",\"@graph\":[{\"@type\":\"WebPage\",\"@id\":\"https:\\\/\\\/tiffanyshowpattaya.com\\\/vi\\\/shipping-policy\\\/\",\"url\":\"https:\\\/\\\/tiffanyshowpattaya.com\\\/vi\\\/shipping-policy\\\/\",\"name\":\"Shipping Policy | Alcazar Show Tickets - Triplyn Holidays\",\"isPartOf\":{\"@id\":\"https:\\\/\\\/tiffanyshowpattaya.com\\\/#website\"},\"datePublished\":\"2024-11-23T18:00:25+00:00\",\"dateModified\":\"2024-11-23T18:03:49+00:00\",\"description\":\"Explore Alcazar Show Pattaya Shipping Policy. Book Confidently With Triplyn Holidays And Enjoy A Seamless Experience.\",\"breadcrumb\":{\"@id\":\"https:\\\/\\\/tiffanyshowpattaya.com\\\/vi\\\/shipping-policy\\\/#breadcrumb\"},\"inLanguage\":\"de\",\"potentialAction\":[{\"@type\":\"ReadAction\",\"target\":[\"https:\\\/\\\/tiffanyshowpattaya.com\\\/vi\\\/shipping-policy\\\/\"]}]},{\"@type\":\"BreadcrumbList\",\"@id\":\"https:\\\/\\\/tiffanyshowpattaya.com\\\/vi\\\/shipping-policy\\\/#breadcrumb\",\"itemListElement\":[{\"@type\":\"ListItem\",\"position\":1,\"name\":\"Home\",\"item\":\"https:\\\/\\\/tiffanyshowpattaya.com\\\/\"},{\"@type\":\"ListItem\",\"position\":2,\"name\":\"Shipping Policy\"}]},{\"@type\":\"WebSite\",\"@id\":\"https:\\\/\\\/tiffanyshowpattaya.com\\\/#website\",\"url\":\"https:\\\/\\\/tiffanyshowpattaya.com\\\/\",\"name\":\"Tiffany Show Pattaya\",\"description\":\"\",\"publisher\":{\"@id\":\"https:\\\/\\\/tiffanyshowpattaya.com\\\/#organization\"},\"potentialAction\":[{\"@type\":\"SearchAction\",\"target\":{\"@type\":\"EntryPoint\",\"urlTemplate\":\"https:\\\/\\\/tiffanyshowpattaya.com\\\/?s={search_term_string}\"},\"query-input\":{\"@type\":\"PropertyValueSpecification\",\"valueRequired\":true,\"valueName\":\"search_term_string\"}}],\"inLanguage\":\"de\"},{\"@type\":\"Organization\",\"@id\":\"https:\\\/\\\/tiffanyshowpattaya.com\\\/#organization\",\"name\":\"Tiffany Show Pattaya\",\"url\":\"https:\\\/\\\/tiffanyshowpattaya.com\\\/\",\"logo\":{\"@type\":\"ImageObject\",\"inLanguage\":\"de\",\"@id\":\"https:\\\/\\\/tiffanyshowpattaya.com\\\/#\\\/schema\\\/logo\\\/image\\\/\",\"url\":\"https:\\\/\\\/tiffanyshowpattaya.com\\\/wp-content\\\/uploads\\\/2024\\\/08\\\/Alcazar-Show.png\",\"contentUrl\":\"https:\\\/\\\/tiffanyshowpattaya.com\\\/wp-content\\\/uploads\\\/2024\\\/08\\\/Alcazar-Show.png\",\"width\":350,\"height\":100,\"caption\":\"Tiffany Show Pattaya\"},\"image\":{\"@id\":\"https:\\\/\\\/tiffanyshowpattaya.com\\\/#\\\/schema\\\/logo\\\/image\\\/\"}}]}<\/script>\n<!-- \/ Yoast SEO plugin. -->","yoast_head_json":{"title":"Versandrichtlinien | Alcazar-Show-Tickets - Triplyn Holidays","description":"Entdecken Sie die Versandbedingungen der Alcazar Show Pattaya. Buchen Sie vertrauensvoll bei Triplyn Holidays und genie\u00dfen Sie ein reibungsloses Erlebnis.","robots":{"index":"noindex","follow":"follow"},"og_locale":"de_DE","og_type":"article","og_title":"Shipping Policy | Alcazar Show Tickets - Triplyn Holidays","og_description":"Explore Alcazar Show Pattaya Shipping Policy. Book Confidently With Triplyn Holidays And Enjoy A Seamless Experience.","og_url":"https:\/\/tiffanyshowpattaya.com\/de\/shipping-policy\/","og_site_name":"Tiffany Show Pattaya","article_modified_time":"2024-11-23T18:03:49+00:00","twitter_card":"summary_large_image","twitter_misc":{"Gesch\u00e4tzte Lesezeit":"2\u00a0Minuten"},"schema":{"@context":"https:\/\/schema.org","@graph":[{"@type":"WebPage","@id":"https:\/\/tiffanyshowpattaya.com\/vi\/shipping-policy\/","url":"https:\/\/tiffanyshowpattaya.com\/vi\/shipping-policy\/","name":"Versandrichtlinien | Alcazar-Show-Tickets - Triplyn Holidays","isPartOf":{"@id":"https:\/\/tiffanyshowpattaya.com\/#website"},"datePublished":"2024-11-23T18:00:25+00:00","dateModified":"2024-11-23T18:03:49+00:00","description":"Entdecken Sie die Versandbedingungen der Alcazar Show Pattaya. Buchen Sie vertrauensvoll bei Triplyn Holidays und genie\u00dfen Sie ein reibungsloses Erlebnis.","breadcrumb":{"@id":"https:\/\/tiffanyshowpattaya.com\/vi\/shipping-policy\/#breadcrumb"},"inLanguage":"de","potentialAction":[{"@type":"ReadAction","target":["https:\/\/tiffanyshowpattaya.com\/vi\/shipping-policy\/"]}]},{"@type":"BreadcrumbList","@id":"https:\/\/tiffanyshowpattaya.com\/vi\/shipping-policy\/#breadcrumb","itemListElement":[{"@type":"ListItem","position":1,"name":"Home","item":"https:\/\/tiffanyshowpattaya.com\/"},{"@type":"ListItem","position":2,"name":"Shipping Policy"}]},{"@type":"WebSite","@id":"https:\/\/tiffanyshowpattaya.com\/#website","url":"https:\/\/tiffanyshowpattaya.com\/","name":"Tiffany Show Pattaya","description":"","publisher":{"@id":"https:\/\/tiffanyshowpattaya.com\/#organization"},"potentialAction":[{"@type":"SearchAction","target":{"@type":"EntryPoint","urlTemplate":"https:\/\/tiffanyshowpattaya.com\/?s={search_term_string}"},"query-input":{"@type":"PropertyValueSpecification","valueRequired":true,"valueName":"search_term_string"}}],"inLanguage":"de"},{"@type":"Organization","@id":"https:\/\/tiffanyshowpattaya.com\/#organization","name":"Tiffany Show Pattaya","url":"https:\/\/tiffanyshowpattaya.com\/","logo":{"@type":"ImageObject","inLanguage":"de","@id":"https:\/\/tiffanyshowpattaya.com\/#\/schema\/logo\/image\/","url":"https:\/\/tiffanyshowpattaya.com\/wp-content\/uploads\/2024\/08\/Alcazar-Show.png","contentUrl":"https:\/\/tiffanyshowpattaya.com\/wp-content\/uploads\/2024\/08\/Alcazar-Show.png","width":350,"height":100,"caption":"Tiffany Show Pattaya"},"image":{"@id":"https:\/\/tiffanyshowpattaya.com\/#\/schema\/logo\/image\/"}}]}},"_links":{"self":[{"href":"https:\/\/tiffanyshowpattaya.com\/de\/wp-json\/wp\/v2\/pages\/1541","targetHints":{"allow":["GET"]}}],"collection":[{"href":"https:\/\/tiffanyshowpattaya.com\/de\/wp-json\/wp\/v2\/pages"}],"about":[{"href":"https:\/\/tiffanyshowpattaya.com\/de\/wp-json\/wp\/v2\/types\/page"}],"author":[{"embeddable":true,"href":"https:\/\/tiffanyshowpattaya.com\/de\/wp-json\/wp\/v2\/users\/1"}],"replies":[{"embeddable":true,"href":"https:\/\/tiffanyshowpattaya.com\/de\/wp-json\/wp\/v2\/comments?post=1541"}],"version-history":[{"count":4,"href":"https:\/\/tiffanyshowpattaya.com\/de\/wp-json\/wp\/v2\/pages\/1541\/revisions"}],"predecessor-version":[{"id":1545,"href":"https:\/\/tiffanyshowpattaya.com\/de\/wp-json\/wp\/v2\/pages\/1541\/revisions\/1545"}],"wp:attachment":[{"href":"https:\/\/tiffanyshowpattaya.com\/de\/wp-json\/wp\/v2\/media?parent=1541"}],"curies":[{"name":"wp","href":"https:\/\/api.w.org\/{rel}","templated":true}]}}