{"id":1617,"date":"2025-01-22T17:06:15","date_gmt":"2025-01-22T11:36:15","guid":{"rendered":"https:\/\/tiffanyshowpattaya.com\/?post_type=product&#038;p=1617"},"modified":"2025-01-25T19:51:05","modified_gmt":"2025-01-25T14:21:05","slug":"alcazar-cabaret-show-vip-tickets","status":"publish","type":"product","link":"https:\/\/tiffanyshowpattaya.com\/de\/tickets\/alcazar-cabaret-show-vip-tickets\/","title":{"rendered":"Alcazar Cabaret Show \u2013 VIP-Tickets"},"content":{"rendered":"<h2>Alcazar Cabaret Show \u2013 VIP-Tickets: Ein luxuri\u00f6ses und unvergessliches Erlebnis<\/h2>\n<h3><strong>\u00dcber die Alcazar Cabaret Show \u2013 VIP-Tickets<\/strong><\/h3>\n<p>Der <a href=\"https:\/\/tiffanyshowpattaya.com\/de\/\"><strong>Alcazar Kabarett Show<\/strong><\/a> In <strong>Pattaya<\/strong> bietet eine spektakul\u00e4re Auff\u00fchrung von Weltklasse, die blendende Lichter, wundersch\u00f6ne Kost\u00fcme und beeindruckende Choreographie vereint. Mit dem <strong>VIP-Tickets<\/strong>ist Ihnen ein au\u00dfergew\u00f6hnliches Erlebnis garantiert, das beinhaltet <strong>Sitzpl\u00e4tze in der ersten Reihe<\/strong>, exklusiv <strong>VIP-Behandlung<\/strong>und unvergessliche Verg\u00fcnstigungen. Genie\u00dfen Sie die beste Aussicht, schl\u00fcrfen Sie ein kostenloses Getr\u00e4nk und nehmen Sie sogar ein <strong>Foto mit den Darstellern<\/strong>\u2013 alles in einer unvergesslichen Nacht.<\/p>\n<p><strong>Showzeiten<\/strong><\/p>\n<ul>\n<li>17:00 Uhr<\/li>\n<li>18:30 Uhr<\/li>\n<li>20:00 Uhr<\/li>\n<li>21:30 Uhr<br \/>\n<em>(Bitte erscheinen Sie mindestens 15 Minuten vor Showbeginn, um einen reibungslosen VIP-Platz und Begleitservice zu gew\u00e4hrleisten.)<\/em><\/li>\n<\/ul>\n<h3>Sitzplan<\/h3>\n<p><a href=\"https:\/\/tiffanyshowpattaya.com\/wp-content\/uploads\/2024\/11\/Alcazar-Show-Seat-Map.jpg\"><img fetchpriority=\"high\" decoding=\"async\" class=\"wp-image-1512 aligncenter\" src=\"https:\/\/tiffanyshowpattaya.com\/wp-content\/uploads\/2024\/11\/Alcazar-Show-Seat-Map.jpg\" alt=\"Alcazar Show Seat Map\" width=\"286\" height=\"358\" srcset=\"https:\/\/tiffanyshowpattaya.com\/wp-content\/uploads\/2024\/11\/Alcazar-Show-Seat-Map.jpg 1144w, https:\/\/tiffanyshowpattaya.com\/wp-content\/uploads\/2024\/11\/Alcazar-Show-Seat-Map-768x960.jpg 768w, https:\/\/tiffanyshowpattaya.com\/wp-content\/uploads\/2024\/11\/Alcazar-Show-Seat-Map-10x12.jpg 10w, https:\/\/tiffanyshowpattaya.com\/wp-content\/uploads\/2024\/11\/Alcazar-Show-Seat-Map-600x750.jpg 600w, https:\/\/tiffanyshowpattaya.com\/wp-content\/uploads\/2024\/11\/elementor\/thumbs\/Alcazar-Show-Seat-Map-qxc5xt1s4qnshtoliw50s5ojkzmyn62wt610dwohke.jpg 572w, https:\/\/tiffanyshowpattaya.com\/wp-content\/uploads\/2024\/11\/elementor\/thumbs\/Alcazar-Show-Seat-Map-qxc5xt1o7iy0xxwsdw70frp3xthzunv9expo6jzef8.jpg 250w, https:\/\/tiffanyshowpattaya.com\/wp-content\/uploads\/2024\/11\/elementor\/thumbs\/Alcazar-Show-Seat-Map-qxc5xt1onbb6jzgms10i71zmc8b2rb2awxckxrm1rm.jpg 286w\" sizes=\"(max-width: 286px) 100vw, 286px\" \/><\/a><\/p>\n<h3><strong>Richtlinien zu Kindern<\/strong><\/h3>\n<ul>\n<li>Kinder unter 3 Jahren k\u00f6nnen die Show kostenlos besuchen, sofern sie keinen eigenen Sitzplatz ben\u00f6tigen.<\/li>\n<li>Kinder ab 3 Jahren ben\u00f6tigen ein kostenpflichtiges Ticket, das ihnen einen Sitzplatz im VIP-Bereich gew\u00e4hrt.<\/li>\n<\/ul>\n<h3><strong>Highlights der VIP-Tickets:<\/strong><\/h3>\n<ul>\n<li><strong>Die besten Pl\u00e4tze im Haus<\/strong>: Genie\u00dfen Sie erstklassige Sitzpl\u00e4tze in der ersten Reihe mit <strong>freie Sicht<\/strong> der atemberaubenden Darbietungen.<\/li>\n<li><strong>Kostenloses Getr\u00e4nk und Snack<\/strong>: Genie\u00dfen Sie ein erfrischendes Getr\u00e4nk und einen leichten Snack, um Ihr VIP-Erlebnis zu verbessern.<\/li>\n<li><strong>VIP Escort Service<\/strong>: Eine engagierte Begleitung f\u00fchrt Sie zu Ihrem Sitzplatz und erm\u00f6glicht Ihnen einen reibungslosen und luxuri\u00f6sen Eintritt ins Theater.<\/li>\n<li><strong>Exklusive VIP-Geschenkt\u00fcte<\/strong>: Nehmen Sie ein <strong>besonderes Andenken<\/strong> in einer VIP-Geschenkt\u00fcte als Erinnerung an Ihren Abend.<\/li>\n<li><strong>Fotogelegenheit mit Darstellern<\/strong>: Genie\u00dfen Sie nach der Show ein exklusives <strong>Fotosession<\/strong> mit den Darstellern, um die Magie Ihres Erlebnisses einzufangen.<\/li>\n<li><strong>Mehrere Spielzeiten<\/strong>: W\u00e4hlen Sie die perfekte Zeit f\u00fcr Ihren Besuch mit flexiblen Showoptionen um 17:00 Uhr, 18:30 Uhr, 20:00 Uhr und 21:30 Uhr.<\/li>\n<\/ul>\n<hr \/>\n<h3><strong>Einschl\u00fcsse:<\/strong><\/h3>\n<ul>\n<li><strong>Premium-Sitze in der ersten Reihe<\/strong> mit den besten Ansichten der Show.<\/li>\n<li><strong>Kostenloses Getr\u00e4nk und Snack<\/strong> f\u00fcr VIP-G\u00e4ste.<\/li>\n<li><strong>VIP Escort Service<\/strong> um Sie zu Ihrem Sitzplatz zu f\u00fchren.<\/li>\n<li><strong>Exklusive VIP-Geschenkt\u00fcte<\/strong> als Andenken mit nach Hause nehmen.<\/li>\n<li><strong>Foto mit Darstellern<\/strong> nach der Show und schafft bleibende Erinnerungen.<\/li>\n<li><strong>Mehrere Spielzeiten<\/strong>: W\u00e4hlen Sie zwischen 17:00 Uhr, 18:30 Uhr, 20:00 Uhr oder 21:30 Uhr.<\/li>\n<\/ul>\n<h3><strong>Ausschl\u00fcsse:<\/strong><\/h3>\n<ul>\n<li><strong>Private Hoteltransfers<\/strong>: Nicht inbegriffen, kann aber separat vereinbart werden.<\/li>\n<li><strong>Zus\u00e4tzliche Getr\u00e4nke und Speisen<\/strong>: Nur das kostenlose Getr\u00e4nk und der Snack sind im Preis inbegriffen; zus\u00e4tzliche Erfrischungen k\u00f6nnen erworben werden.<\/li>\n<li><strong>Souvenirfotos<\/strong>: Ein VIP-Foto mit den Darstellern ist im Preis inbegriffen; f\u00fcr zus\u00e4tzliche Fotos fallen m\u00f6glicherweise zus\u00e4tzliche Kosten an.<\/li>\n<li><strong>Andere VIP-Verg\u00fcnstigungen<\/strong>: Der Zugang zu privaten Lounges oder exklusiven Restaurants ist nicht inbegriffen.<\/li>\n<\/ul>\n<hr \/>\n<h3><strong>R\u00fcckerstattungs- und Stornierungsbedingungen:<\/strong><\/h3>\n<ul>\n<li><strong>Nicht erstattungsf\u00e4hige Tickets<\/strong>: Das VIP-Ticket f\u00fcr die Alcazar Cabaret Show ist <strong>nicht erstattungsf\u00e4hig<\/strong>, \u00fcberpr\u00fcfen Sie daher bitte Ihre Buchungsdetails, bevor Sie Ihren Kauf abschlie\u00dfen.<\/li>\n<li><strong>Bei Nichterscheinen keine R\u00fcckerstattung<\/strong>: Wenn Sie die Show nicht zum gebuchten Zeitpunkt und Datum besuchen, erfolgt keine R\u00fcckerstattung.<\/li>\n<li><strong>Keine \u00c4nderungen erlaubt<\/strong>: Nach der Buchung sind \u00c4nderungen des Datums oder der Uhrzeit der Show <strong>nicht erlaubt<\/strong>.<\/li>\n<li><strong>H\u00f6here Gewalt<\/strong>: In seltenen F\u00e4llen einer Absage aufgrund von Wetter- oder technischen Problemen k\u00f6nnen gem\u00e4\u00df den Richtlinien des Veranstaltungsortes R\u00fcckerstattungen oder Umbuchungen in Betracht gezogen werden.<\/li>\n<\/ul>\n<hr \/>\n<h3><strong>Was gibt es noch?<\/strong><\/h3>\n<ul>\n<li><strong>Fotografiebeschr\u00e4nkungen<\/strong>: W\u00e4hrend die Fotografie <strong>w\u00e4hrend der Show verboten<\/strong>, genie\u00dfen Sie eine <strong>Gelegenheit f\u00fcr VIP-Fotos<\/strong> mit den Darstellern nach der Vorstellung, um die Magie der Nacht einzufangen.<\/li>\n<li><strong>VIP-Behandlung<\/strong>: Genie\u00dfen Sie nahtlosen Service, eine engagierte VIP-Eskorte und die besten Pl\u00e4tze im Haus f\u00fcr ein wirklich erstklassiges Erlebnis.<\/li>\n<\/ul>\n<hr \/>\n<h3><strong>Insider-Tipps:<\/strong><\/h3>\n<ul>\n<li><strong>Kommen Sie fr\u00fch<\/strong>: Um einen reibungslosen Ablauf zu gew\u00e4hrleisten, erscheinen Sie bitte mindestens 15 Minuten vor Showbeginn, um Ihre VIP-Vorteile zu genie\u00dfen.<\/li>\n<li><strong>Kleiden Sie sich elegant und leger<\/strong>: Obwohl es keine formelle Kleiderordnung gibt, empfehlen wir <strong>elegante Freizeitkleidung<\/strong> um Ihr VIP-Erlebnis zu verbessern.<\/li>\n<li><strong>Ausreichend Fl\u00fcssigkeit zu sich nehmen<\/strong>: Obwohl Sie ein kostenloses Getr\u00e4nk erhalten, ist es immer eine gute Idee, den ganzen Abend \u00fcber ausreichend zu trinken.<\/li>\n<li><strong>Verpassen Sie nicht die Gelegenheit zum Fotografieren<\/strong>: Machen Sie nach der Show unbedingt ein Foto mit den atemberaubenden Darstellern als unvergessliches Andenken!<\/li>\n<\/ul>\n<hr \/>\n<h3><strong>Was Sie tun und lassen sollten:<\/strong><\/h3>\n<ul>\n<li><strong>Tun<\/strong>: Tragen Sie ein <strong>g\u00fcltiger Ausweis<\/strong> zur Ticketkontrolle am Einlass.<\/li>\n<li><strong>Nicht<\/strong>: Bringen Sie gro\u00dfe Taschen, scharfe Gegenst\u00e4nde oder Alkohol ins Theater mit.<\/li>\n<li><strong>Tun<\/strong>: Seien Sie p\u00fcnktlich, um die <strong>VIP-Sitzpl\u00e4tze<\/strong> und Begleitservice.<\/li>\n<li><strong>Nicht<\/strong>: Verwenden Sie w\u00e4hrend der Auff\u00fchrung Blitzlichtfotografie.<\/li>\n<\/ul>\n<hr \/>\n<h3><strong>Wissenswertes vor der Reise:<\/strong><\/h3>\n<ul>\n<li><strong>Beste Pl\u00e4tze<\/strong>: VIP-Tickets garantieren die besten Pl\u00e4tze im Haus mit einem <strong>Blick aus der ersten Reihe<\/strong> der Aktion.<\/li>\n<li><strong>VIP-Verg\u00fcnstigungen<\/strong>: Genie\u00dfen Sie kostenlose Getr\u00e4nke, Snacks und eine <strong>VIP-Geschenkt\u00fcte<\/strong> um Ihr Erlebnis noch unvergesslicher zu machen.<\/li>\n<li><strong>Mehrere Spielzeiten<\/strong>: Finden Sie unter den Vorstellungszeiten \u00fcber den ganzen Abend verteilt diejenige, die am besten in Ihren Zeitplan passt.<\/li>\n<li><strong>Buchungsbest\u00e4tigung<\/strong>: Sobald Ihre Tickets gebucht sind, <strong>VIP Gutschein<\/strong> wird gesendet per <strong>E-Mail oder WhatsApp<\/strong>. Bitte halten Sie es f\u00fcr eine einfache Eingabe griffbereit.<\/li>\n<\/ul>\n<hr \/>\n<h3><strong>Karten &amp; Standort:<\/strong><\/h3>\n<ul>\n<li><strong>Standort<\/strong>: Alcazar Kabarettshow, Pattaya, Chonburi, Thailand<\/li>\n<li><strong>Auf Google Maps anzeigen<\/strong>: <span style=\"color: #ff00ff;\"><a style=\"color: #ff00ff;\" href=\"https:\/\/maps.app.goo.gl\/dUzSrTUmb54SVY6s6\" target=\"_blank\" rel=\"noopener\">Auf Karten finden<\/a><\/span><\/li>\n<\/ul>\n<hr \/>\n<h3><strong>So erreichen Sie uns:<\/strong><\/h3>\n<ul>\n<li><strong>Mit dem Auto<\/strong>: Die Alcazar Show befindet sich im Herzen von Pattaya, rund <strong>1,5 km<\/strong> von Pattaya Beach. Es ist nur eine kurze Fahrt von den wichtigsten Unterhaltungsvierteln entfernt und mit dem Taxi oder Privatfahrzeug leicht zu erreichen.<\/li>\n<li><strong>Mit \u00f6ffentlichen Verkehrsmitteln<\/strong>: Sie erreichen den Veranstaltungsort auch mit <strong>Songthaew.<\/strong> (Sammeltaxi) oder <strong>Bus<\/strong>, die beide in der N\u00e4he der Alcazar-Show halten.<\/li>\n<\/ul>\n<hr \/>\n<h3><strong>H\u00e4ufig gestellte Fragen (FAQs):<\/strong><\/h3>\n<p><strong>F: Sind Getr\u00e4nke im VIP-Ticket enthalten?<\/strong><br \/>\nA: Ja, das VIP-Ticket beinhaltet eine <strong>kostenloses Getr\u00e4nk<\/strong> Und <strong>Snack<\/strong> f\u00fcr Ihr Vergn\u00fcgen w\u00e4hrend der Show.<\/p>\n<p><strong>F: Kann ich das Datum oder die Uhrzeit meiner Buchung \u00e4ndern?<\/strong><br \/>\nA: Leider, sobald gebucht, <strong>Datums- oder Uhrzeit\u00e4nderungen<\/strong> sind nicht erlaubt. Bitte stellen Sie sicher, dass Ihr Zeitplan best\u00e4tigt ist, bevor Sie eine Buchung vornehmen.<\/p>\n<p><strong>F: Gibt es eine Kleiderordnung f\u00fcr das VIP-Ticket?<\/strong><br \/>\nA: Obwohl es keine formelle Kleiderordnung gibt, empfehlen wir das Tragen von <strong>leger-elegant<\/strong> Kleidung, die das VIP-Erlebnis abrundet.<\/p>\n<p><strong>F: Ist der Transport zum und vom Veranstaltungsort inbegriffen?<\/strong><br \/>\nA: <strong>Transport<\/strong> ist nicht im VIP-Ticket enthalten, kann aber gegen Aufpreis arrangiert werden.<\/p>\n<p><strong>F: Kann ich w\u00e4hrend der Show Fotos machen?<\/strong><br \/>\nA: Aus Respekt vor den Darstellern sind w\u00e4hrend der Vorstellung keine Fotos erlaubt. Sie k\u00f6nnen jedoch <strong>VIP-Foto<\/strong> mit den Darstellern nach der Show.<\/p>\n<hr \/>\n<p>Buchen Sie Ihre <strong>VIP <a href=\"https:\/\/tiffanyshowpattaya.com\/de\/\">Alcazar-Show<\/a> Ticket<\/strong> Buchen Sie noch heute eine Nacht voller Unterhaltung der Spitzenklasse, exklusiver Verg\u00fcnstigungen und einem unvergesslichen Erlebnis bei Pattayas bester Kabarettshow! <a href=\"https:\/\/wa.me\/66911889951?text=Hello!%20I%27m%20interested%20in%20the%20Alcazar%20Show.%20Could%20you%20please%20share%20more%20details%20about%20the%20show%3F%20Thank%20you!\" target=\"_blank\" rel=\"noopener\"><strong>Kontaktieren Sie uns per WhatsApp<\/strong><\/a> oder <strong>E-Mail<\/strong> um Ihren Gutschein zu erhalten.<\/p>","protected":false},"excerpt":{"rendered":"<p>Alcazar Cabaret Show &#8211; VIP Tickets: A Luxurious and Unforgettable Experience About the Alcazar Cabaret Show \u2013 VIP Tickets The Alcazar Cabaret Show in Pattaya offers a world-class, spectacular performance that combines dazzling lights, beautiful costumes, and impressive choreography. With the VIP Tickets, you\u2019re guaranteed an extraordinary experience that includes front-row seats, exclusive VIP treatment, [&hellip;]<\/p>\n","protected":false},"featured_media":1359,"template":"","meta":{"ocean_post_layout":"","ocean_both_sidebars_style":"","ocean_both_sidebars_content_width":0,"ocean_both_sidebars_sidebars_width":0,"ocean_sidebar":"0","ocean_second_sidebar":"0","ocean_disable_margins":"enable","ocean_add_body_class":"","ocean_shortcode_before_top_bar":"","ocean_shortcode_after_top_bar":"","ocean_shortcode_before_header":"","ocean_shortcode_after_header":"","ocean_has_shortcode":"","ocean_shortcode_after_title":"","ocean_shortcode_before_footer_widgets":"","ocean_shortcode_after_footer_widgets":"","ocean_shortcode_before_footer_bottom":"","ocean_shortcode_after_footer_bottom":"","ocean_display_top_bar":"default","ocean_display_header":"default","ocean_header_style":"","ocean_center_header_left_menu":"0","ocean_custom_header_template":"0","ocean_custom_logo":0,"ocean_custom_retina_logo":0,"ocean_custom_logo_max_width":0,"ocean_custom_logo_tablet_max_width":0,"ocean_custom_logo_mobile_max_width":0,"ocean_custom_logo_max_height":0,"ocean_custom_logo_tablet_max_height":0,"ocean_custom_logo_mobile_max_height":0,"ocean_header_custom_menu":"0","ocean_menu_typo_font_family":"0","ocean_menu_typo_font_subset":"","ocean_menu_typo_font_size":0,"ocean_menu_typo_font_size_tablet":0,"ocean_menu_typo_font_size_mobile":0,"ocean_menu_typo_font_size_unit":"px","ocean_menu_typo_font_weight":"","ocean_menu_typo_font_weight_tablet":"","ocean_menu_typo_font_weight_mobile":"","ocean_menu_typo_transform":"","ocean_menu_typo_transform_tablet":"","ocean_menu_typo_transform_mobile":"","ocean_menu_typo_line_height":0,"ocean_menu_typo_line_height_tablet":0,"ocean_menu_typo_line_height_mobile":0,"ocean_menu_typo_line_height_unit":"","ocean_menu_typo_spacing":0,"ocean_menu_typo_spacing_tablet":0,"ocean_menu_typo_spacing_mobile":0,"ocean_menu_typo_spacing_unit":"","ocean_menu_link_color":"","ocean_menu_link_color_hover":"","ocean_menu_link_color_active":"","ocean_menu_link_background":"","ocean_menu_link_hover_background":"","ocean_menu_link_active_background":"","ocean_menu_social_links_bg":"","ocean_menu_social_hover_links_bg":"","ocean_menu_social_links_color":"","ocean_menu_social_hover_links_color":"","ocean_disable_title":"default","ocean_disable_heading":"default","ocean_post_title":"","ocean_post_subheading":"","ocean_post_title_style":"","ocean_post_title_background_color":"","ocean_post_title_background":0,"ocean_post_title_bg_image_position":"","ocean_post_title_bg_image_attachment":"","ocean_post_title_bg_image_repeat":"","ocean_post_title_bg_image_size":"","ocean_post_title_height":0,"ocean_post_title_bg_overlay":0.5,"ocean_post_title_bg_overlay_color":"","ocean_disable_breadcrumbs":"default","ocean_breadcrumbs_color":"","ocean_breadcrumbs_separator_color":"","ocean_breadcrumbs_links_color":"","ocean_breadcrumbs_links_hover_color":"","ocean_display_footer_widgets":"default","ocean_display_footer_bottom":"default","ocean_custom_footer_template":"0"},"product_brand":[],"product_cat":[20],"product_tag":[],"class_list":{"0":"post-1617","1":"product","2":"type-product","3":"status-publish","4":"has-post-thumbnail","6":"product_cat-tickets","8":"entry","9":"has-media","10":"tm-has-options","12":"first","13":"instock","14":"shipping-taxable","15":"purchasable","16":"product-type-simple","17":"has-product-nav","18":"col","19":"span_1_of_3","20":"owp-content-center","21":"owp-thumbs-layout-horizontal","22":"owp-btn-normal","23":"owp-tabs-layout-horizontal"},"yoast_head":"<!-- This site is optimized with the Yoast SEO plugin v27.3 - https:\/\/yoast.com\/product\/yoast-seo-wordpress\/ -->\n<title>Book Alcazar Cabaret Show VIP Tickets - Best Price &amp; Discounted<\/title>\n<meta name=\"description\" content=\"Book Your Alcazar Cabaret Show VIP Tickets Today For The Best Price. Get Discounted Rates, Premium Seating And An Unforgettable Experience!\" \/>\n<meta name=\"robots\" content=\"noindex, follow, max-snippet:-1, max-image-preview:large, max-video-preview:-1\" \/>\n<meta property=\"og:locale\" content=\"de_DE\" \/>\n<meta property=\"og:type\" content=\"article\" \/>\n<meta property=\"og:title\" content=\"Book Alcazar Cabaret Show VIP Tickets - Best Price &amp; Discounted\" \/>\n<meta property=\"og:description\" content=\"Book Your Alcazar Cabaret Show VIP Tickets Today For The Best Price. Get Discounted Rates, Premium Seating And An Unforgettable Experience!\" \/>\n<meta property=\"og:url\" content=\"https:\/\/tiffanyshowpattaya.com\/de\/tickets\/alcazar-cabaret-show-vip-tickets\/\" \/>\n<meta property=\"og:site_name\" content=\"Tiffany Show Pattaya\" \/>\n<meta property=\"article:modified_time\" content=\"2025-01-25T14:21:05+00:00\" \/>\n<meta property=\"og:image\" content=\"https:\/\/tiffanyshowpattaya.com\/wp-content\/uploads\/2024\/11\/Alcazar-Show.png\" \/>\n\t<meta property=\"og:image:width\" content=\"1280\" \/>\n\t<meta property=\"og:image:height\" content=\"720\" \/>\n\t<meta property=\"og:image:type\" content=\"image\/png\" \/>\n<meta name=\"twitter:card\" content=\"summary_large_image\" \/>\n<meta name=\"twitter:label1\" content=\"Gesch\u00e4tzte Lesezeit\" \/>\n\t<meta name=\"twitter:data1\" content=\"5\u00a0Minuten\" \/>\n<script type=\"application\/ld+json\" class=\"yoast-schema-graph\">{\"@context\":\"https:\\\/\\\/schema.org\",\"@graph\":[{\"@type\":\"WebPage\",\"@id\":\"https:\\\/\\\/tiffanyshowpattaya.com\\\/tickets\\\/alcazar-cabaret-show-vip-tickets\\\/\",\"url\":\"https:\\\/\\\/tiffanyshowpattaya.com\\\/tickets\\\/alcazar-cabaret-show-vip-tickets\\\/\",\"name\":\"Book Alcazar Cabaret Show VIP Tickets - Best Price & Discounted\",\"isPartOf\":{\"@id\":\"https:\\\/\\\/tiffanyshowpattaya.com\\\/#website\"},\"primaryImageOfPage\":{\"@id\":\"https:\\\/\\\/tiffanyshowpattaya.com\\\/tickets\\\/alcazar-cabaret-show-vip-tickets\\\/#primaryimage\"},\"image\":{\"@id\":\"https:\\\/\\\/tiffanyshowpattaya.com\\\/tickets\\\/alcazar-cabaret-show-vip-tickets\\\/#primaryimage\"},\"thumbnailUrl\":\"https:\\\/\\\/tiffanyshowpattaya.com\\\/wp-content\\\/uploads\\\/2024\\\/11\\\/Alcazar-Show.png\",\"datePublished\":\"2025-01-22T11:36:15+00:00\",\"dateModified\":\"2025-01-25T14:21:05+00:00\",\"description\":\"Book Your Alcazar Cabaret Show VIP Tickets Today For The Best Price. Get Discounted Rates, Premium Seating And An Unforgettable Experience!\",\"breadcrumb\":{\"@id\":\"https:\\\/\\\/tiffanyshowpattaya.com\\\/tickets\\\/alcazar-cabaret-show-vip-tickets\\\/#breadcrumb\"},\"inLanguage\":\"de\",\"potentialAction\":[{\"@type\":\"ReadAction\",\"target\":[\"https:\\\/\\\/tiffanyshowpattaya.com\\\/tickets\\\/alcazar-cabaret-show-vip-tickets\\\/\"]}]},{\"@type\":\"ImageObject\",\"inLanguage\":\"de\",\"@id\":\"https:\\\/\\\/tiffanyshowpattaya.com\\\/tickets\\\/alcazar-cabaret-show-vip-tickets\\\/#primaryimage\",\"url\":\"https:\\\/\\\/tiffanyshowpattaya.com\\\/wp-content\\\/uploads\\\/2024\\\/11\\\/Alcazar-Show.png\",\"contentUrl\":\"https:\\\/\\\/tiffanyshowpattaya.com\\\/wp-content\\\/uploads\\\/2024\\\/11\\\/Alcazar-Show.png\",\"width\":1280,\"height\":720,\"caption\":\"Alcazar Show\"},{\"@type\":\"BreadcrumbList\",\"@id\":\"https:\\\/\\\/tiffanyshowpattaya.com\\\/tickets\\\/alcazar-cabaret-show-vip-tickets\\\/#breadcrumb\",\"itemListElement\":[{\"@type\":\"ListItem\",\"position\":1,\"name\":\"Home\",\"item\":\"https:\\\/\\\/tiffanyshowpattaya.com\\\/\"},{\"@type\":\"ListItem\",\"position\":2,\"name\":\"Tickets\",\"item\":\"https:\\\/\\\/tiffanyshowpattaya.com\\\/fr\\\/tickets\\\/\"},{\"@type\":\"ListItem\",\"position\":3,\"name\":\"Alcazar Cabaret Show &#8211; VIP Tickets\"}]},{\"@type\":\"WebSite\",\"@id\":\"https:\\\/\\\/tiffanyshowpattaya.com\\\/#website\",\"url\":\"https:\\\/\\\/tiffanyshowpattaya.com\\\/\",\"name\":\"Tiffany Show Pattaya\",\"description\":\"\",\"publisher\":{\"@id\":\"https:\\\/\\\/tiffanyshowpattaya.com\\\/#organization\"},\"potentialAction\":[{\"@type\":\"SearchAction\",\"target\":{\"@type\":\"EntryPoint\",\"urlTemplate\":\"https:\\\/\\\/tiffanyshowpattaya.com\\\/?s={search_term_string}\"},\"query-input\":{\"@type\":\"PropertyValueSpecification\",\"valueRequired\":true,\"valueName\":\"search_term_string\"}}],\"inLanguage\":\"de\"},{\"@type\":\"Organization\",\"@id\":\"https:\\\/\\\/tiffanyshowpattaya.com\\\/#organization\",\"name\":\"Tiffany Show Pattaya\",\"url\":\"https:\\\/\\\/tiffanyshowpattaya.com\\\/\",\"logo\":{\"@type\":\"ImageObject\",\"inLanguage\":\"de\",\"@id\":\"https:\\\/\\\/tiffanyshowpattaya.com\\\/#\\\/schema\\\/logo\\\/image\\\/\",\"url\":\"https:\\\/\\\/tiffanyshowpattaya.com\\\/wp-content\\\/uploads\\\/2024\\\/08\\\/Alcazar-Show.png\",\"contentUrl\":\"https:\\\/\\\/tiffanyshowpattaya.com\\\/wp-content\\\/uploads\\\/2024\\\/08\\\/Alcazar-Show.png\",\"width\":350,\"height\":100,\"caption\":\"Tiffany Show Pattaya\"},\"image\":{\"@id\":\"https:\\\/\\\/tiffanyshowpattaya.com\\\/#\\\/schema\\\/logo\\\/image\\\/\"}}]}<\/script>\n<!-- \/ Yoast SEO plugin. -->","yoast_head_json":{"title":"Buchen Sie VIP-Tickets f\u00fcr die Alcazar Cabaret Show - Bester Preis und Rabatt","description":"Buchen Sie Ihre VIP-Tickets f\u00fcr die Alcazar Cabaret Show noch heute zum besten Preis. Erhalten Sie erm\u00e4\u00dfigte Preise, Premium-Sitzpl\u00e4tze und ein unvergessliches Erlebnis!","robots":{"index":"noindex","follow":"follow","max-snippet":"max-snippet:-1","max-image-preview":"max-image-preview:large","max-video-preview":"max-video-preview:-1"},"og_locale":"de_DE","og_type":"article","og_title":"Book Alcazar Cabaret Show VIP Tickets - Best Price & Discounted","og_description":"Book Your Alcazar Cabaret Show VIP Tickets Today For The Best Price. Get Discounted Rates, Premium Seating And An Unforgettable Experience!","og_url":"https:\/\/tiffanyshowpattaya.com\/de\/tickets\/alcazar-cabaret-show-vip-tickets\/","og_site_name":"Tiffany Show Pattaya","article_modified_time":"2025-01-25T14:21:05+00:00","og_image":[{"width":1280,"height":720,"url":"https:\/\/tiffanyshowpattaya.com\/wp-content\/uploads\/2024\/11\/Alcazar-Show.png","type":"image\/png"}],"twitter_card":"summary_large_image","twitter_misc":{"Gesch\u00e4tzte Lesezeit":"5\u00a0Minuten"},"schema":{"@context":"https:\/\/schema.org","@graph":[{"@type":"WebPage","@id":"https:\/\/tiffanyshowpattaya.com\/tickets\/alcazar-cabaret-show-vip-tickets\/","url":"https:\/\/tiffanyshowpattaya.com\/tickets\/alcazar-cabaret-show-vip-tickets\/","name":"Buchen Sie VIP-Tickets f\u00fcr die Alcazar Cabaret Show - Bester Preis und Rabatt","isPartOf":{"@id":"https:\/\/tiffanyshowpattaya.com\/#website"},"primaryImageOfPage":{"@id":"https:\/\/tiffanyshowpattaya.com\/tickets\/alcazar-cabaret-show-vip-tickets\/#primaryimage"},"image":{"@id":"https:\/\/tiffanyshowpattaya.com\/tickets\/alcazar-cabaret-show-vip-tickets\/#primaryimage"},"thumbnailUrl":"https:\/\/tiffanyshowpattaya.com\/wp-content\/uploads\/2024\/11\/Alcazar-Show.png","datePublished":"2025-01-22T11:36:15+00:00","dateModified":"2025-01-25T14:21:05+00:00","description":"Buchen Sie Ihre VIP-Tickets f\u00fcr die Alcazar Cabaret Show noch heute zum besten Preis. Erhalten Sie erm\u00e4\u00dfigte Preise, Premium-Sitzpl\u00e4tze und ein unvergessliches Erlebnis!","breadcrumb":{"@id":"https:\/\/tiffanyshowpattaya.com\/tickets\/alcazar-cabaret-show-vip-tickets\/#breadcrumb"},"inLanguage":"de","potentialAction":[{"@type":"ReadAction","target":["https:\/\/tiffanyshowpattaya.com\/tickets\/alcazar-cabaret-show-vip-tickets\/"]}]},{"@type":"ImageObject","inLanguage":"de","@id":"https:\/\/tiffanyshowpattaya.com\/tickets\/alcazar-cabaret-show-vip-tickets\/#primaryimage","url":"https:\/\/tiffanyshowpattaya.com\/wp-content\/uploads\/2024\/11\/Alcazar-Show.png","contentUrl":"https:\/\/tiffanyshowpattaya.com\/wp-content\/uploads\/2024\/11\/Alcazar-Show.png","width":1280,"height":720,"caption":"Alcazar Show"},{"@type":"BreadcrumbList","@id":"https:\/\/tiffanyshowpattaya.com\/tickets\/alcazar-cabaret-show-vip-tickets\/#breadcrumb","itemListElement":[{"@type":"ListItem","position":1,"name":"Home","item":"https:\/\/tiffanyshowpattaya.com\/"},{"@type":"ListItem","position":2,"name":"Tickets","item":"https:\/\/tiffanyshowpattaya.com\/fr\/tickets\/"},{"@type":"ListItem","position":3,"name":"Alcazar Cabaret Show &#8211; VIP Tickets"}]},{"@type":"WebSite","@id":"https:\/\/tiffanyshowpattaya.com\/#website","url":"https:\/\/tiffanyshowpattaya.com\/","name":"Tiffany Show Pattaya","description":"","publisher":{"@id":"https:\/\/tiffanyshowpattaya.com\/#organization"},"potentialAction":[{"@type":"SearchAction","target":{"@type":"EntryPoint","urlTemplate":"https:\/\/tiffanyshowpattaya.com\/?s={search_term_string}"},"query-input":{"@type":"PropertyValueSpecification","valueRequired":true,"valueName":"search_term_string"}}],"inLanguage":"de"},{"@type":"Organization","@id":"https:\/\/tiffanyshowpattaya.com\/#organization","name":"Tiffany Show Pattaya","url":"https:\/\/tiffanyshowpattaya.com\/","logo":{"@type":"ImageObject","inLanguage":"de","@id":"https:\/\/tiffanyshowpattaya.com\/#\/schema\/logo\/image\/","url":"https:\/\/tiffanyshowpattaya.com\/wp-content\/uploads\/2024\/08\/Alcazar-Show.png","contentUrl":"https:\/\/tiffanyshowpattaya.com\/wp-content\/uploads\/2024\/08\/Alcazar-Show.png","width":350,"height":100,"caption":"Tiffany Show Pattaya"},"image":{"@id":"https:\/\/tiffanyshowpattaya.com\/#\/schema\/logo\/image\/"}}]}},"_links":{"self":[{"href":"https:\/\/tiffanyshowpattaya.com\/de\/wp-json\/wp\/v2\/product\/1617","targetHints":{"allow":["GET"]}}],"collection":[{"href":"https:\/\/tiffanyshowpattaya.com\/de\/wp-json\/wp\/v2\/product"}],"about":[{"href":"https:\/\/tiffanyshowpattaya.com\/de\/wp-json\/wp\/v2\/types\/product"}],"wp:featuredmedia":[{"embeddable":true,"href":"https:\/\/tiffanyshowpattaya.com\/de\/wp-json\/wp\/v2\/media\/1359"}],"wp:attachment":[{"href":"https:\/\/tiffanyshowpattaya.com\/de\/wp-json\/wp\/v2\/media?parent=1617"}],"wp:term":[{"taxonomy":"product_brand","embeddable":true,"href":"https:\/\/tiffanyshowpattaya.com\/de\/wp-json\/wp\/v2\/product_brand?post=1617"},{"taxonomy":"product_cat","embeddable":true,"href":"https:\/\/tiffanyshowpattaya.com\/de\/wp-json\/wp\/v2\/product_cat?post=1617"},{"taxonomy":"product_tag","embeddable":true,"href":"https:\/\/tiffanyshowpattaya.com\/de\/wp-json\/wp\/v2\/product_tag?post=1617"}],"curies":[{"name":"wp","href":"https:\/\/api.w.org\/{rel}","templated":true}]}}