{"id":1306,"date":"2024-10-23T12:40:27","date_gmt":"2024-10-23T07:10:27","guid":{"rendered":"https:\/\/tiffanyshowpattaya.com\/?page_id=1306"},"modified":"2025-05-19T12:55:41","modified_gmt":"2025-05-19T07:25:41","slug":"contact-us","status":"publish","type":"page","link":"https:\/\/tiffanyshowpattaya.com\/es\/contact-us\/","title":{"rendered":"Cont\u00e1ctenos"},"content":{"rendered":"<div data-elementor-type=\"wp-page\" data-elementor-id=\"1306\" class=\"elementor elementor-1306\" data-elementor-post-type=\"page\">\n\t\t\t\t\t\t<section data-particle_enable=\"false\" data-particle-mobile-disabled=\"false\" class=\"elementor-section elementor-top-section elementor-element elementor-element-2c10db5 elementor-section-boxed elementor-section-height-default elementor-section-height-default\" data-id=\"2c10db5\" data-element_type=\"section\" data-e-type=\"section\">\n\t\t\t\t\t\t<div class=\"elementor-container elementor-column-gap-default\">\n\t\t\t\t\t<div class=\"elementor-column elementor-col-100 elementor-top-column elementor-element elementor-element-eef4b82\" data-id=\"eef4b82\" data-element_type=\"column\" data-e-type=\"column\">\n\t\t\t<div class=\"elementor-widget-wrap elementor-element-populated\">\n\t\t\t\t\t\t<div class=\"elementor-element elementor-element-6c3c170 elementor-widget elementor-widget-text-editor\" data-id=\"6c3c170\" data-element_type=\"widget\" data-e-type=\"widget\" data-widget_type=\"text-editor.default\">\n\t\t\t\t<div class=\"elementor-widget-container\">\n\t\t\t\t\t\t\t\t\t<h2 style=\"text-align: center;\"><span style=\"color: #000000;\">Cont\u00e1ctenos \u2013 Alcazar Show Pattaya<\/span><\/h2><p><span style=\"color: #000000;\">En <strong>Espect\u00e1culo del Alc\u00e1zar en Pattaya<\/strong>, operado por <strong>Vacaciones en Triplyn<\/strong>Nos dedicamos a brindarle una experiencia perfecta y memorable en el <strong>Espect\u00e1culo de cabaret Alcazar en Pattaya<\/strong>Si tiene preguntas sobre reservas de boletos, necesita ayuda con sus planes de viaje o tiene alguna consulta general, estamos aqu\u00ed para ayudarlo.<\/span><\/p><h4><span style=\"color: #000000;\">C\u00f3mo llegar a nosotros<\/span><\/h4><p><span style=\"color: #000000;\">Para cualquier consulta, no dude en comunicarse con nosotros y le responderemos a la brevedad.<\/span><\/p><p><span style=\"color: #000000;\"><strong>Correo electr\u00f3nico: <a style=\"color: #000000;\" href=\"mailto:contact@tiffanyshowpattaya.com\" rel=\"noopener\">contact@tiffanyshowpattaya.com<\/a><\/strong><\/span><\/p><h5><a href=\"https:\/\/tawk.to\/alcazarshowpattaya\"><span style=\"color: #000000;\">Chat en vivo<\/span><\/a><\/h5><p><span style=\"color: #000000;\">Le invitamos a contactarnos en cualquier momento utilizando la funci\u00f3n de chat en vivo de nuestro sitio web para obtener asistencia inmediata.<\/span><\/p><h5><span style=\"color: #000000;\">Horario de atenci\u00f3n al cliente<\/span><\/h5><p><span style=\"color: #000000;\">Nuestro equipo de soporte est\u00e1 disponible para ayudarle durante los siguientes horarios:<\/span><\/p><p><span style=\"color: #000000;\">\ud83d\udd52 <strong>24 horas al d\u00eda, 7 d\u00edas a la semana, todos los d\u00edas<\/strong><\/span><\/p><h4><span style=\"color: #000000;\">P\u00f3ngase en contacto con Triplyn Holidays<\/span><\/h4><p><span style=\"color: #000000;\">Nuestro objetivo es brindar un servicio al cliente de primer nivel, garantizando que su viaje a <strong>Espect\u00e1culo de cabaret Alcazar en Pattaya<\/strong> No tiene ning\u00fan problema. No dude en ponerse en contacto con nosotros si necesita ayuda con reservas, pagos o cualquier otra inquietud.<\/span><\/p><p><span style=\"color: #000000;\">Esperamos poder ayudarle a planificar su emocionante velada en el <strong><a href=\"https:\/\/tiffanyshowpattaya.com\/es\/\">Espect\u00e1culo de cabaret Alcazar<\/a> Pattaya<\/strong>!<\/span><\/p>\t\t\t\t\t\t\t\t<\/div>\n\t\t\t\t<\/div>\n\t\t\t\t\t<\/div>\n\t\t<\/div>\n\t\t\t\t\t<\/div>\n\t\t<\/section>\n\t\t\t\t<\/div>","protected":false},"excerpt":{"rendered":"<p>Contact Us \u2013 Alcazar Show Pattaya At Alcazar Show Pattaya, operated by Triplyn Holidays, we are dedicated to providing you with a seamless and memorable experience at the Alcazar Cabaret Show Pattaya. Whether you have questions about ticket bookings, need assistance with your travel plans, or have any general inquiries, we are here to help. [&hellip;]<\/p>\n","protected":false},"author":1,"featured_media":0,"parent":0,"menu_order":0,"comment_status":"closed","ping_status":"open","template":"","meta":{"ocean_post_layout":"","ocean_both_sidebars_style":"","ocean_both_sidebars_content_width":0,"ocean_both_sidebars_sidebars_width":0,"ocean_sidebar":"","ocean_second_sidebar":"","ocean_disable_margins":"enable","ocean_add_body_class":"","ocean_shortcode_before_top_bar":"","ocean_shortcode_after_top_bar":"","ocean_shortcode_before_header":"","ocean_shortcode_after_header":"","ocean_has_shortcode":"","ocean_shortcode_after_title":"","ocean_shortcode_before_footer_widgets":"","ocean_shortcode_after_footer_widgets":"","ocean_shortcode_before_footer_bottom":"","ocean_shortcode_after_footer_bottom":"","ocean_display_top_bar":"default","ocean_display_header":"default","ocean_header_style":"","ocean_center_header_left_menu":"","ocean_custom_header_template":"","ocean_custom_logo":0,"ocean_custom_retina_logo":0,"ocean_custom_logo_max_width":0,"ocean_custom_logo_tablet_max_width":0,"ocean_custom_logo_mobile_max_width":0,"ocean_custom_logo_max_height":0,"ocean_custom_logo_tablet_max_height":0,"ocean_custom_logo_mobile_max_height":0,"ocean_header_custom_menu":"","ocean_menu_typo_font_family":"","ocean_menu_typo_font_subset":"","ocean_menu_typo_font_size":0,"ocean_menu_typo_font_size_tablet":0,"ocean_menu_typo_font_size_mobile":0,"ocean_menu_typo_font_size_unit":"px","ocean_menu_typo_font_weight":"","ocean_menu_typo_font_weight_tablet":"","ocean_menu_typo_font_weight_mobile":"","ocean_menu_typo_transform":"","ocean_menu_typo_transform_tablet":"","ocean_menu_typo_transform_mobile":"","ocean_menu_typo_line_height":0,"ocean_menu_typo_line_height_tablet":0,"ocean_menu_typo_line_height_mobile":0,"ocean_menu_typo_line_height_unit":"","ocean_menu_typo_spacing":0,"ocean_menu_typo_spacing_tablet":0,"ocean_menu_typo_spacing_mobile":0,"ocean_menu_typo_spacing_unit":"","ocean_menu_link_color":"","ocean_menu_link_color_hover":"","ocean_menu_link_color_active":"","ocean_menu_link_background":"","ocean_menu_link_hover_background":"","ocean_menu_link_active_background":"","ocean_menu_social_links_bg":"","ocean_menu_social_hover_links_bg":"","ocean_menu_social_links_color":"","ocean_menu_social_hover_links_color":"","ocean_disable_title":"default","ocean_disable_heading":"default","ocean_post_title":"","ocean_post_subheading":"","ocean_post_title_style":"","ocean_post_title_background_color":"","ocean_post_title_background":0,"ocean_post_title_bg_image_position":"","ocean_post_title_bg_image_attachment":"","ocean_post_title_bg_image_repeat":"","ocean_post_title_bg_image_size":"","ocean_post_title_height":0,"ocean_post_title_bg_overlay":0.5,"ocean_post_title_bg_overlay_color":"","ocean_disable_breadcrumbs":"default","ocean_breadcrumbs_color":"","ocean_breadcrumbs_separator_color":"","ocean_breadcrumbs_links_color":"","ocean_breadcrumbs_links_hover_color":"","ocean_display_footer_widgets":"default","ocean_display_footer_bottom":"default","ocean_custom_footer_template":"","footnotes":""},"class_list":["post-1306","page","type-page","status-publish","hentry","entry","owp-thumbs-layout-horizontal","owp-btn-normal","owp-tabs-layout-horizontal","has-no-thumbnails","has-product-nav"],"yoast_head":"<!-- This site is optimized with the Yoast SEO plugin v27.3 - https:\/\/yoast.com\/product\/yoast-seo-wordpress\/ -->\n<title>Contact Triplyn Holidays \u2013 24\/7 Support For Ticket Inquiries<\/title>\n<meta name=\"description\" content=\"Reach Out To Triplyn Holidays For Ticket Bookings Or Support. Available 24\/7 Via Email And Live Chat For A Seamless And Memorable Experience!\" \/>\n<meta name=\"robots\" content=\"noindex, follow\" \/>\n<meta property=\"og:locale\" content=\"es_ES\" \/>\n<meta property=\"og:type\" content=\"article\" \/>\n<meta property=\"og:title\" content=\"Contact Triplyn Holidays \u2013 24\/7 Support For Ticket Inquiries\" \/>\n<meta property=\"og:description\" content=\"Reach Out To Triplyn Holidays For Ticket Bookings Or Support. Available 24\/7 Via Email And Live Chat For A Seamless And Memorable Experience!\" \/>\n<meta property=\"og:url\" content=\"https:\/\/tiffanyshowpattaya.com\/es\/contact-us\/\" \/>\n<meta property=\"og:site_name\" content=\"Tiffany Show Pattaya\" \/>\n<meta property=\"article:modified_time\" content=\"2025-05-19T07:25:41+00:00\" \/>\n<meta name=\"twitter:card\" content=\"summary_large_image\" \/>\n<meta name=\"twitter:label1\" content=\"Tiempo de lectura\" \/>\n\t<meta name=\"twitter:data1\" content=\"1 minuto\" \/>\n<script type=\"application\/ld+json\" class=\"yoast-schema-graph\">{\"@context\":\"https:\\\/\\\/schema.org\",\"@graph\":[{\"@type\":\"WebPage\",\"@id\":\"https:\\\/\\\/tiffanyshowpattaya.com\\\/contact-us\\\/\",\"url\":\"https:\\\/\\\/tiffanyshowpattaya.com\\\/contact-us\\\/\",\"name\":\"Contact Triplyn Holidays \u2013 24\\\/7 Support For Ticket Inquiries\",\"isPartOf\":{\"@id\":\"https:\\\/\\\/tiffanyshowpattaya.com\\\/#website\"},\"datePublished\":\"2024-10-23T07:10:27+00:00\",\"dateModified\":\"2025-05-19T07:25:41+00:00\",\"description\":\"Reach Out To Triplyn Holidays For Ticket Bookings Or Support. Available 24\\\/7 Via Email And Live Chat For A Seamless And Memorable Experience!\",\"breadcrumb\":{\"@id\":\"https:\\\/\\\/tiffanyshowpattaya.com\\\/contact-us\\\/#breadcrumb\"},\"inLanguage\":\"es\",\"potentialAction\":[{\"@type\":\"ReadAction\",\"target\":[\"https:\\\/\\\/tiffanyshowpattaya.com\\\/contact-us\\\/\"]}]},{\"@type\":\"BreadcrumbList\",\"@id\":\"https:\\\/\\\/tiffanyshowpattaya.com\\\/contact-us\\\/#breadcrumb\",\"itemListElement\":[{\"@type\":\"ListItem\",\"position\":1,\"name\":\"Home\",\"item\":\"https:\\\/\\\/tiffanyshowpattaya.com\\\/\"},{\"@type\":\"ListItem\",\"position\":2,\"name\":\"Contact Us\"}]},{\"@type\":\"WebSite\",\"@id\":\"https:\\\/\\\/tiffanyshowpattaya.com\\\/#website\",\"url\":\"https:\\\/\\\/tiffanyshowpattaya.com\\\/\",\"name\":\"Tiffany Show Pattaya\",\"description\":\"\",\"publisher\":{\"@id\":\"https:\\\/\\\/tiffanyshowpattaya.com\\\/#organization\"},\"potentialAction\":[{\"@type\":\"SearchAction\",\"target\":{\"@type\":\"EntryPoint\",\"urlTemplate\":\"https:\\\/\\\/tiffanyshowpattaya.com\\\/?s={search_term_string}\"},\"query-input\":{\"@type\":\"PropertyValueSpecification\",\"valueRequired\":true,\"valueName\":\"search_term_string\"}}],\"inLanguage\":\"es\"},{\"@type\":\"Organization\",\"@id\":\"https:\\\/\\\/tiffanyshowpattaya.com\\\/#organization\",\"name\":\"Tiffany Show Pattaya\",\"url\":\"https:\\\/\\\/tiffanyshowpattaya.com\\\/\",\"logo\":{\"@type\":\"ImageObject\",\"inLanguage\":\"es\",\"@id\":\"https:\\\/\\\/tiffanyshowpattaya.com\\\/#\\\/schema\\\/logo\\\/image\\\/\",\"url\":\"https:\\\/\\\/tiffanyshowpattaya.com\\\/wp-content\\\/uploads\\\/2024\\\/08\\\/Alcazar-Show.png\",\"contentUrl\":\"https:\\\/\\\/tiffanyshowpattaya.com\\\/wp-content\\\/uploads\\\/2024\\\/08\\\/Alcazar-Show.png\",\"width\":350,\"height\":100,\"caption\":\"Tiffany Show Pattaya\"},\"image\":{\"@id\":\"https:\\\/\\\/tiffanyshowpattaya.com\\\/#\\\/schema\\\/logo\\\/image\\\/\"}}]}<\/script>\n<!-- \/ Yoast SEO plugin. -->","yoast_head_json":{"title":"Comun\u00edquese con Triplyn Holidays: asistencia las 24 horas, los 7 d\u00edas de la semana para consultas sobre entradas","description":"Comun\u00edquese con Triplyn Holidays para reservar boletos o recibir asistencia. \u00a1Disponible las 24 horas, los 7 d\u00edas de la semana por correo electr\u00f3nico y chat en vivo para una experiencia perfecta e inolvidable!","robots":{"index":"noindex","follow":"follow"},"og_locale":"es_ES","og_type":"article","og_title":"Contact Triplyn Holidays \u2013 24\/7 Support For Ticket Inquiries","og_description":"Reach Out To Triplyn Holidays For Ticket Bookings Or Support. Available 24\/7 Via Email And Live Chat For A Seamless And Memorable Experience!","og_url":"https:\/\/tiffanyshowpattaya.com\/es\/contact-us\/","og_site_name":"Tiffany Show Pattaya","article_modified_time":"2025-05-19T07:25:41+00:00","twitter_card":"summary_large_image","twitter_misc":{"Tiempo de lectura":"1 minuto"},"schema":{"@context":"https:\/\/schema.org","@graph":[{"@type":"WebPage","@id":"https:\/\/tiffanyshowpattaya.com\/contact-us\/","url":"https:\/\/tiffanyshowpattaya.com\/contact-us\/","name":"Comun\u00edquese con Triplyn Holidays: asistencia las 24 horas, los 7 d\u00edas de la semana para consultas sobre entradas","isPartOf":{"@id":"https:\/\/tiffanyshowpattaya.com\/#website"},"datePublished":"2024-10-23T07:10:27+00:00","dateModified":"2025-05-19T07:25:41+00:00","description":"Comun\u00edquese con Triplyn Holidays para reservar boletos o recibir asistencia. \u00a1Disponible las 24 horas, los 7 d\u00edas de la semana por correo electr\u00f3nico y chat en vivo para una experiencia perfecta e inolvidable!","breadcrumb":{"@id":"https:\/\/tiffanyshowpattaya.com\/contact-us\/#breadcrumb"},"inLanguage":"es","potentialAction":[{"@type":"ReadAction","target":["https:\/\/tiffanyshowpattaya.com\/contact-us\/"]}]},{"@type":"BreadcrumbList","@id":"https:\/\/tiffanyshowpattaya.com\/contact-us\/#breadcrumb","itemListElement":[{"@type":"ListItem","position":1,"name":"Home","item":"https:\/\/tiffanyshowpattaya.com\/"},{"@type":"ListItem","position":2,"name":"Contact Us"}]},{"@type":"WebSite","@id":"https:\/\/tiffanyshowpattaya.com\/#website","url":"https:\/\/tiffanyshowpattaya.com\/","name":"Tiffany Show Pattaya","description":"","publisher":{"@id":"https:\/\/tiffanyshowpattaya.com\/#organization"},"potentialAction":[{"@type":"SearchAction","target":{"@type":"EntryPoint","urlTemplate":"https:\/\/tiffanyshowpattaya.com\/?s={search_term_string}"},"query-input":{"@type":"PropertyValueSpecification","valueRequired":true,"valueName":"search_term_string"}}],"inLanguage":"es"},{"@type":"Organization","@id":"https:\/\/tiffanyshowpattaya.com\/#organization","name":"Tiffany Show Pattaya","url":"https:\/\/tiffanyshowpattaya.com\/","logo":{"@type":"ImageObject","inLanguage":"es","@id":"https:\/\/tiffanyshowpattaya.com\/#\/schema\/logo\/image\/","url":"https:\/\/tiffanyshowpattaya.com\/wp-content\/uploads\/2024\/08\/Alcazar-Show.png","contentUrl":"https:\/\/tiffanyshowpattaya.com\/wp-content\/uploads\/2024\/08\/Alcazar-Show.png","width":350,"height":100,"caption":"Tiffany Show Pattaya"},"image":{"@id":"https:\/\/tiffanyshowpattaya.com\/#\/schema\/logo\/image\/"}}]}},"_links":{"self":[{"href":"https:\/\/tiffanyshowpattaya.com\/es\/wp-json\/wp\/v2\/pages\/1306","targetHints":{"allow":["GET"]}}],"collection":[{"href":"https:\/\/tiffanyshowpattaya.com\/es\/wp-json\/wp\/v2\/pages"}],"about":[{"href":"https:\/\/tiffanyshowpattaya.com\/es\/wp-json\/wp\/v2\/types\/page"}],"author":[{"embeddable":true,"href":"https:\/\/tiffanyshowpattaya.com\/es\/wp-json\/wp\/v2\/users\/1"}],"replies":[{"embeddable":true,"href":"https:\/\/tiffanyshowpattaya.com\/es\/wp-json\/wp\/v2\/comments?post=1306"}],"version-history":[{"count":10,"href":"https:\/\/tiffanyshowpattaya.com\/es\/wp-json\/wp\/v2\/pages\/1306\/revisions"}],"predecessor-version":[{"id":1828,"href":"https:\/\/tiffanyshowpattaya.com\/es\/wp-json\/wp\/v2\/pages\/1306\/revisions\/1828"}],"wp:attachment":[{"href":"https:\/\/tiffanyshowpattaya.com\/es\/wp-json\/wp\/v2\/media?parent=1306"}],"curies":[{"name":"wp","href":"https:\/\/api.w.org\/{rel}","templated":true}]}}