{"id":1541,"date":"2024-11-23T23:30:25","date_gmt":"2024-11-23T18:00:25","guid":{"rendered":"https:\/\/tiffanyshowpattaya.com\/?page_id=1541"},"modified":"2024-11-23T23:33:49","modified_gmt":"2024-11-23T18:03:49","slug":"shipping-policy","status":"publish","type":"page","link":"https:\/\/tiffanyshowpattaya.com\/es\/shipping-policy\/","title":{"rendered":"Pol\u00edtica de env\u00edo"},"content":{"rendered":"<div data-elementor-type=\"wp-page\" data-elementor-id=\"1541\" class=\"elementor elementor-1541\" data-elementor-post-type=\"page\">\n\t\t\t\t\t\t<section data-particle_enable=\"false\" data-particle-mobile-disabled=\"false\" class=\"elementor-section elementor-top-section elementor-element elementor-element-2c10db5 elementor-section-boxed elementor-section-height-default elementor-section-height-default\" data-id=\"2c10db5\" data-element_type=\"section\" data-e-type=\"section\">\n\t\t\t\t\t\t<div class=\"elementor-container elementor-column-gap-default\">\n\t\t\t\t\t<div class=\"elementor-column elementor-col-100 elementor-top-column elementor-element elementor-element-eef4b82\" data-id=\"eef4b82\" data-element_type=\"column\" data-e-type=\"column\">\n\t\t\t<div class=\"elementor-widget-wrap elementor-element-populated\">\n\t\t\t\t\t\t<div class=\"elementor-element elementor-element-6c3c170 elementor-widget elementor-widget-text-editor\" data-id=\"6c3c170\" data-element_type=\"widget\" data-e-type=\"widget\" data-widget_type=\"text-editor.default\">\n\t\t\t\t<div class=\"elementor-widget-container\">\n\t\t\t\t\t\t\t\t\t<h2 style=\"text-align: center;\"><span style=\"color: #000000;\"><strong>Pol\u00edtica de env\u00edo<\/strong><\/span><\/h2><p><span style=\"color: #000000;\">Bienvenido a <strong>Espect\u00e1culo Alcazar de Pattaya<\/strong> Plataforma de reserva de entradas<\/span><br \/><span style=\"color: #000000;\">Gracias por elegirnos <a href=\"https:\/\/tiffanyshowpattaya.com\/es\/\"><strong>Espect\u00e1culo del Alc\u00e1zar en Pattaya<\/strong><\/a> a trav\u00e9s de nuestra plataforma de confianza. Esta Pol\u00edtica de env\u00edo explica nuestro proceso de entrega de boletos al realizar la reserva.<\/span><\/p><h3><span style=\"color: #000000;\"><strong>Informaci\u00f3n de la empresa<\/strong><\/span><\/h3><ul><li><span style=\"color: #000000;\"><strong>Sitio web<\/strong>: <a style=\"color: #000000;\" href=\"https:\/\/tiffanyshowpattaya.com\/es\/\" target=\"_new\" rel=\"noopener\">tiffanyshowpattaya.com<\/a><\/span><\/li><li><span style=\"color: #000000;\"><strong>nombre de empresa<\/strong>:Espect\u00e1culo del Alc\u00e1zar en Pattaya<\/span><\/li><li><span style=\"color: #000000;\"><strong>Correo electr\u00f3nico de contacto<\/strong>: <a style=\"color: #000000;\" href=\"mailto:contact@tiffanyshowpattaya.com\" rel=\"noopener\">contact@tiffanyshowpattaya.com<\/a><\/span><\/li><\/ul><h3><span style=\"color: #000000;\"><strong>Proceso de entrega de boletos<\/strong><\/span><br \/><span style=\"color: #000000;\"><strong>Entrega de vales<\/strong><\/span><\/h3><p><span style=\"color: #000000;\">Una vez que su reserva se haya procesado con \u00e9xito y se haya confirmado el pago, recibir\u00e1 un cup\u00f3n para su <strong>Espect\u00e1culo del Alc\u00e1zar en Pattaya<\/strong> Las entradas se enviar\u00e1n a la direcci\u00f3n de correo electr\u00f3nico o al n\u00famero de WhatsApp que hayas proporcionado durante el proceso de compra. Este cup\u00f3n es tu entrada al espect\u00e1culo.<\/span><\/p><h3><span style=\"color: #000000;\"><strong>Entrega de voucher electr\u00f3nico (E-Ticket)<\/strong><\/span><\/h3><ul><li><span style=\"color: #000000;\"><strong>Entrega de correo electr\u00f3nico<\/strong>:Su voucher ser\u00e1 enviado como un archivo adjunto a su correo electr\u00f3nico, el cual podr\u00e1 imprimir o mostrar en su dispositivo m\u00f3vil al ingresar al recinto.<\/span><\/li><li><span style=\"color: #000000;\"><strong>Entrega por WhatsApp<\/strong>:Si proporcion\u00f3 un n\u00famero de WhatsApp, tambi\u00e9n le enviaremos su cup\u00f3n por WhatsApp para su conveniencia.<\/span><\/li><\/ul><h3><span style=\"color: #000000;\"><strong>Plazo de entrega<\/strong><\/span><\/h3><ul><li><span style=\"color: #000000;\">Los cupones suelen entregarse en cuesti\u00f3n de minutos despu\u00e9s de la confirmaci\u00f3n del pago. Sin embargo, el procesamiento puede demorar hasta 1 hora.<\/span><\/li><li><span style=\"color: #000000;\">Por favor revise su bandeja de entrada y carpetas de correo no deseado\/spam para encontrar el correo electr\u00f3nico del cup\u00f3n.<\/span><\/li><\/ul><h3><span style=\"color: #000000;\"><strong>Confirmaci\u00f3n de pedido<\/strong><\/span><\/h3><p><span style=\"color: #000000;\">Una vez completada su reserva, recibir\u00e1 un correo electr\u00f3nico de confirmaci\u00f3n del pedido con los detalles de su compra, incluido un resumen de la informaci\u00f3n de su reserva.<\/span><\/p><h3><span style=\"color: #000000;\"><strong>Informaci\u00f3n importante<\/strong><\/span><\/h3><ul><li><span style=\"color: #000000;\"><strong>Sin entrega f\u00edsica<\/strong>:Solo ofrecemos entradas electr\u00f3nicas. No se enviar\u00e1n entradas f\u00edsicas por correo.<\/span><\/li><li><span style=\"color: #000000;\"><strong>Responsabilidad del cliente<\/strong>:Aseg\u00farese de la exactitud de sus datos de contacto, incluido el correo electr\u00f3nico y el n\u00famero de WhatsApp, para recibir su cup\u00f3n lo antes posible.<\/span><\/li><li><span style=\"color: #000000;\"><strong>Requisitos de ingreso<\/strong>:Debes presentar un voucher v\u00e1lido (impreso o digital) en el <strong>Espect\u00e1culo del Alc\u00e1zar en Pattaya<\/strong> entrada para poder entrar.<\/span><\/li><\/ul><h3><span style=\"color: #000000;\"><strong>Cont\u00e1ctenos<\/strong><\/span><\/h3><p><span style=\"color: #000000;\">Si tiene alguna pregunta o inquietud con respecto a la entrega de su cup\u00f3n, comun\u00edquese con nosotros a <strong><a style=\"color: #000000;\" href=\"mailto:contact@tiffanyshowpattaya.com\" rel=\"noopener\">contact@tiffanyshowpattaya.com<\/a><\/strong>Estaremos encantados de ayudarle y garantizarle una experiencia de reserva sin problemas.<\/span><\/p><p><span style=\"color: #000000;\">Gracias por elegirnos <a href=\"https:\/\/tiffanyshowpattaya.com\/es\/\"><strong>Espect\u00e1culo del Alc\u00e1zar en Pattaya<\/strong><\/a>\u00a1Esperamos poder ofrecerle una experiencia de espect\u00e1culo memorable!<\/span><\/p>\t\t\t\t\t\t\t\t<\/div>\n\t\t\t\t<\/div>\n\t\t\t\t\t<\/div>\n\t\t<\/div>\n\t\t\t\t\t<\/div>\n\t\t<\/section>\n\t\t\t\t<\/div>","protected":false},"excerpt":{"rendered":"<p>Shipping Policy Welcome to Alcazar Show Pattaya\u2019s Ticket Booking PlatformThank you for choosing Alcazar Show Pattaya through our trusted platform. This Shipping Policy explains our ticket delivery process upon booking. Company Information Website: tiffanyshowpattaya.com Company Name: Alcazar Show Pattaya Contact Email: contact@tiffanyshowpattaya.com Ticket Delivery ProcessVoucher Delivery Once your booking is successfully processed and payment is [&hellip;]<\/p>\n","protected":false},"author":1,"featured_media":0,"parent":0,"menu_order":0,"comment_status":"closed","ping_status":"closed","template":"","meta":{"ocean_post_layout":"","ocean_both_sidebars_style":"","ocean_both_sidebars_content_width":0,"ocean_both_sidebars_sidebars_width":0,"ocean_sidebar":"","ocean_second_sidebar":"","ocean_disable_margins":"enable","ocean_add_body_class":"","ocean_shortcode_before_top_bar":"","ocean_shortcode_after_top_bar":"","ocean_shortcode_before_header":"","ocean_shortcode_after_header":"","ocean_has_shortcode":"","ocean_shortcode_after_title":"","ocean_shortcode_before_footer_widgets":"","ocean_shortcode_after_footer_widgets":"","ocean_shortcode_before_footer_bottom":"","ocean_shortcode_after_footer_bottom":"","ocean_display_top_bar":"default","ocean_display_header":"default","ocean_header_style":"","ocean_center_header_left_menu":"","ocean_custom_header_template":"","ocean_custom_logo":0,"ocean_custom_retina_logo":0,"ocean_custom_logo_max_width":0,"ocean_custom_logo_tablet_max_width":0,"ocean_custom_logo_mobile_max_width":0,"ocean_custom_logo_max_height":0,"ocean_custom_logo_tablet_max_height":0,"ocean_custom_logo_mobile_max_height":0,"ocean_header_custom_menu":"","ocean_menu_typo_font_family":"","ocean_menu_typo_font_subset":"","ocean_menu_typo_font_size":0,"ocean_menu_typo_font_size_tablet":0,"ocean_menu_typo_font_size_mobile":0,"ocean_menu_typo_font_size_unit":"px","ocean_menu_typo_font_weight":"","ocean_menu_typo_font_weight_tablet":"","ocean_menu_typo_font_weight_mobile":"","ocean_menu_typo_transform":"","ocean_menu_typo_transform_tablet":"","ocean_menu_typo_transform_mobile":"","ocean_menu_typo_line_height":0,"ocean_menu_typo_line_height_tablet":0,"ocean_menu_typo_line_height_mobile":0,"ocean_menu_typo_line_height_unit":"","ocean_menu_typo_spacing":0,"ocean_menu_typo_spacing_tablet":0,"ocean_menu_typo_spacing_mobile":0,"ocean_menu_typo_spacing_unit":"","ocean_menu_link_color":"","ocean_menu_link_color_hover":"","ocean_menu_link_color_active":"","ocean_menu_link_background":"","ocean_menu_link_hover_background":"","ocean_menu_link_active_background":"","ocean_menu_social_links_bg":"","ocean_menu_social_hover_links_bg":"","ocean_menu_social_links_color":"","ocean_menu_social_hover_links_color":"","ocean_disable_title":"default","ocean_disable_heading":"default","ocean_post_title":"","ocean_post_subheading":"","ocean_post_title_style":"","ocean_post_title_background_color":"","ocean_post_title_background":0,"ocean_post_title_bg_image_position":"","ocean_post_title_bg_image_attachment":"","ocean_post_title_bg_image_repeat":"","ocean_post_title_bg_image_size":"","ocean_post_title_height":0,"ocean_post_title_bg_overlay":0.5,"ocean_post_title_bg_overlay_color":"","ocean_disable_breadcrumbs":"default","ocean_breadcrumbs_color":"","ocean_breadcrumbs_separator_color":"","ocean_breadcrumbs_links_color":"","ocean_breadcrumbs_links_hover_color":"","ocean_display_footer_widgets":"default","ocean_display_footer_bottom":"default","ocean_custom_footer_template":"","footnotes":""},"class_list":["post-1541","page","type-page","status-publish","hentry","entry","owp-thumbs-layout-horizontal","owp-btn-normal","owp-tabs-layout-horizontal","has-no-thumbnails","has-product-nav"],"yoast_head":"<!-- This site is optimized with the Yoast SEO plugin v27.3 - https:\/\/yoast.com\/product\/yoast-seo-wordpress\/ -->\n<title>Shipping Policy | Alcazar Show Tickets - Triplyn Holidays<\/title>\n<meta name=\"description\" content=\"Explore Alcazar Show Pattaya Shipping Policy. Book Confidently With Triplyn Holidays And Enjoy A Seamless Experience.\" \/>\n<meta name=\"robots\" content=\"noindex, follow\" \/>\n<meta property=\"og:locale\" content=\"es_ES\" \/>\n<meta property=\"og:type\" content=\"article\" \/>\n<meta property=\"og:title\" content=\"Shipping Policy | Alcazar Show Tickets - Triplyn Holidays\" \/>\n<meta property=\"og:description\" content=\"Explore Alcazar Show Pattaya Shipping Policy. Book Confidently With Triplyn Holidays And Enjoy A Seamless Experience.\" \/>\n<meta property=\"og:url\" content=\"https:\/\/tiffanyshowpattaya.com\/es\/shipping-policy\/\" \/>\n<meta property=\"og:site_name\" content=\"Tiffany Show Pattaya\" \/>\n<meta property=\"article:modified_time\" content=\"2024-11-23T18:03:49+00:00\" \/>\n<meta name=\"twitter:card\" content=\"summary_large_image\" \/>\n<meta name=\"twitter:label1\" content=\"Tiempo de lectura\" \/>\n\t<meta name=\"twitter:data1\" content=\"2 minutos\" \/>\n<script type=\"application\/ld+json\" class=\"yoast-schema-graph\">{\"@context\":\"https:\\\/\\\/schema.org\",\"@graph\":[{\"@type\":\"WebPage\",\"@id\":\"https:\\\/\\\/tiffanyshowpattaya.com\\\/vi\\\/shipping-policy\\\/\",\"url\":\"https:\\\/\\\/tiffanyshowpattaya.com\\\/vi\\\/shipping-policy\\\/\",\"name\":\"Shipping Policy | Alcazar Show Tickets - Triplyn Holidays\",\"isPartOf\":{\"@id\":\"https:\\\/\\\/tiffanyshowpattaya.com\\\/#website\"},\"datePublished\":\"2024-11-23T18:00:25+00:00\",\"dateModified\":\"2024-11-23T18:03:49+00:00\",\"description\":\"Explore Alcazar Show Pattaya Shipping Policy. Book Confidently With Triplyn Holidays And Enjoy A Seamless Experience.\",\"breadcrumb\":{\"@id\":\"https:\\\/\\\/tiffanyshowpattaya.com\\\/vi\\\/shipping-policy\\\/#breadcrumb\"},\"inLanguage\":\"es\",\"potentialAction\":[{\"@type\":\"ReadAction\",\"target\":[\"https:\\\/\\\/tiffanyshowpattaya.com\\\/vi\\\/shipping-policy\\\/\"]}]},{\"@type\":\"BreadcrumbList\",\"@id\":\"https:\\\/\\\/tiffanyshowpattaya.com\\\/vi\\\/shipping-policy\\\/#breadcrumb\",\"itemListElement\":[{\"@type\":\"ListItem\",\"position\":1,\"name\":\"Home\",\"item\":\"https:\\\/\\\/tiffanyshowpattaya.com\\\/\"},{\"@type\":\"ListItem\",\"position\":2,\"name\":\"Shipping Policy\"}]},{\"@type\":\"WebSite\",\"@id\":\"https:\\\/\\\/tiffanyshowpattaya.com\\\/#website\",\"url\":\"https:\\\/\\\/tiffanyshowpattaya.com\\\/\",\"name\":\"Tiffany Show Pattaya\",\"description\":\"\",\"publisher\":{\"@id\":\"https:\\\/\\\/tiffanyshowpattaya.com\\\/#organization\"},\"potentialAction\":[{\"@type\":\"SearchAction\",\"target\":{\"@type\":\"EntryPoint\",\"urlTemplate\":\"https:\\\/\\\/tiffanyshowpattaya.com\\\/?s={search_term_string}\"},\"query-input\":{\"@type\":\"PropertyValueSpecification\",\"valueRequired\":true,\"valueName\":\"search_term_string\"}}],\"inLanguage\":\"es\"},{\"@type\":\"Organization\",\"@id\":\"https:\\\/\\\/tiffanyshowpattaya.com\\\/#organization\",\"name\":\"Tiffany Show Pattaya\",\"url\":\"https:\\\/\\\/tiffanyshowpattaya.com\\\/\",\"logo\":{\"@type\":\"ImageObject\",\"inLanguage\":\"es\",\"@id\":\"https:\\\/\\\/tiffanyshowpattaya.com\\\/#\\\/schema\\\/logo\\\/image\\\/\",\"url\":\"https:\\\/\\\/tiffanyshowpattaya.com\\\/wp-content\\\/uploads\\\/2024\\\/08\\\/Alcazar-Show.png\",\"contentUrl\":\"https:\\\/\\\/tiffanyshowpattaya.com\\\/wp-content\\\/uploads\\\/2024\\\/08\\\/Alcazar-Show.png\",\"width\":350,\"height\":100,\"caption\":\"Tiffany Show Pattaya\"},\"image\":{\"@id\":\"https:\\\/\\\/tiffanyshowpattaya.com\\\/#\\\/schema\\\/logo\\\/image\\\/\"}}]}<\/script>\n<!-- \/ Yoast SEO plugin. -->","yoast_head_json":{"title":"Pol\u00edtica de env\u00edo | Entradas para el espect\u00e1culo del Alc\u00e1zar - Triplyn Holidays","description":"Pol\u00edtica de env\u00edo de Explore Alcazar Show Pattaya. Reserve con confianza con Triplyn Holidays y disfrute de una experiencia perfecta.","robots":{"index":"noindex","follow":"follow"},"og_locale":"es_ES","og_type":"article","og_title":"Shipping Policy | Alcazar Show Tickets - Triplyn Holidays","og_description":"Explore Alcazar Show Pattaya Shipping Policy. Book Confidently With Triplyn Holidays And Enjoy A Seamless Experience.","og_url":"https:\/\/tiffanyshowpattaya.com\/es\/shipping-policy\/","og_site_name":"Tiffany Show Pattaya","article_modified_time":"2024-11-23T18:03:49+00:00","twitter_card":"summary_large_image","twitter_misc":{"Tiempo de lectura":"2 minutos"},"schema":{"@context":"https:\/\/schema.org","@graph":[{"@type":"WebPage","@id":"https:\/\/tiffanyshowpattaya.com\/vi\/shipping-policy\/","url":"https:\/\/tiffanyshowpattaya.com\/vi\/shipping-policy\/","name":"Pol\u00edtica de env\u00edo | Entradas para el espect\u00e1culo del Alc\u00e1zar - Triplyn Holidays","isPartOf":{"@id":"https:\/\/tiffanyshowpattaya.com\/#website"},"datePublished":"2024-11-23T18:00:25+00:00","dateModified":"2024-11-23T18:03:49+00:00","description":"Pol\u00edtica de env\u00edo de Explore Alcazar Show Pattaya. Reserve con confianza con Triplyn Holidays y disfrute de una experiencia perfecta.","breadcrumb":{"@id":"https:\/\/tiffanyshowpattaya.com\/vi\/shipping-policy\/#breadcrumb"},"inLanguage":"es","potentialAction":[{"@type":"ReadAction","target":["https:\/\/tiffanyshowpattaya.com\/vi\/shipping-policy\/"]}]},{"@type":"BreadcrumbList","@id":"https:\/\/tiffanyshowpattaya.com\/vi\/shipping-policy\/#breadcrumb","itemListElement":[{"@type":"ListItem","position":1,"name":"Home","item":"https:\/\/tiffanyshowpattaya.com\/"},{"@type":"ListItem","position":2,"name":"Shipping Policy"}]},{"@type":"WebSite","@id":"https:\/\/tiffanyshowpattaya.com\/#website","url":"https:\/\/tiffanyshowpattaya.com\/","name":"Tiffany Show Pattaya","description":"","publisher":{"@id":"https:\/\/tiffanyshowpattaya.com\/#organization"},"potentialAction":[{"@type":"SearchAction","target":{"@type":"EntryPoint","urlTemplate":"https:\/\/tiffanyshowpattaya.com\/?s={search_term_string}"},"query-input":{"@type":"PropertyValueSpecification","valueRequired":true,"valueName":"search_term_string"}}],"inLanguage":"es"},{"@type":"Organization","@id":"https:\/\/tiffanyshowpattaya.com\/#organization","name":"Tiffany Show Pattaya","url":"https:\/\/tiffanyshowpattaya.com\/","logo":{"@type":"ImageObject","inLanguage":"es","@id":"https:\/\/tiffanyshowpattaya.com\/#\/schema\/logo\/image\/","url":"https:\/\/tiffanyshowpattaya.com\/wp-content\/uploads\/2024\/08\/Alcazar-Show.png","contentUrl":"https:\/\/tiffanyshowpattaya.com\/wp-content\/uploads\/2024\/08\/Alcazar-Show.png","width":350,"height":100,"caption":"Tiffany Show Pattaya"},"image":{"@id":"https:\/\/tiffanyshowpattaya.com\/#\/schema\/logo\/image\/"}}]}},"_links":{"self":[{"href":"https:\/\/tiffanyshowpattaya.com\/es\/wp-json\/wp\/v2\/pages\/1541","targetHints":{"allow":["GET"]}}],"collection":[{"href":"https:\/\/tiffanyshowpattaya.com\/es\/wp-json\/wp\/v2\/pages"}],"about":[{"href":"https:\/\/tiffanyshowpattaya.com\/es\/wp-json\/wp\/v2\/types\/page"}],"author":[{"embeddable":true,"href":"https:\/\/tiffanyshowpattaya.com\/es\/wp-json\/wp\/v2\/users\/1"}],"replies":[{"embeddable":true,"href":"https:\/\/tiffanyshowpattaya.com\/es\/wp-json\/wp\/v2\/comments?post=1541"}],"version-history":[{"count":4,"href":"https:\/\/tiffanyshowpattaya.com\/es\/wp-json\/wp\/v2\/pages\/1541\/revisions"}],"predecessor-version":[{"id":1545,"href":"https:\/\/tiffanyshowpattaya.com\/es\/wp-json\/wp\/v2\/pages\/1541\/revisions\/1545"}],"wp:attachment":[{"href":"https:\/\/tiffanyshowpattaya.com\/es\/wp-json\/wp\/v2\/media?parent=1541"}],"curies":[{"name":"wp","href":"https:\/\/api.w.org\/{rel}","templated":true}]}}