{"id":619,"date":"2024-09-04T16:25:37","date_gmt":"2024-09-04T10:55:37","guid":{"rendered":"https:\/\/tiffanyshowpattaya.com\/?page_id=619"},"modified":"2024-10-23T12:34:14","modified_gmt":"2024-10-23T07:04:14","slug":"terms-of-usage","status":"publish","type":"page","link":"https:\/\/tiffanyshowpattaya.com\/es\/terms-of-usage\/","title":{"rendered":"Condiciones de uso"},"content":{"rendered":"<div data-elementor-type=\"wp-page\" data-elementor-id=\"619\" class=\"elementor elementor-619\" data-elementor-post-type=\"page\">\n\t\t\t\t\t\t<section data-particle_enable=\"false\" data-particle-mobile-disabled=\"false\" class=\"elementor-section elementor-top-section elementor-element elementor-element-79c59d6 elementor-section-boxed elementor-section-height-default elementor-section-height-default\" data-id=\"79c59d6\" data-element_type=\"section\" data-e-type=\"section\">\n\t\t\t\t\t\t<div class=\"elementor-container elementor-column-gap-default\">\n\t\t\t\t\t<div class=\"elementor-column elementor-col-100 elementor-top-column elementor-element elementor-element-46fa237\" data-id=\"46fa237\" data-element_type=\"column\" data-e-type=\"column\">\n\t\t\t<div class=\"elementor-widget-wrap elementor-element-populated\">\n\t\t\t\t\t\t<div class=\"elementor-element elementor-element-656bdc0 elementor-widget elementor-widget-text-editor\" data-id=\"656bdc0\" data-element_type=\"widget\" data-e-type=\"widget\" data-widget_type=\"text-editor.default\">\n\t\t\t\t<div class=\"elementor-widget-container\">\n\t\t\t\t\t\t\t\t\t<h2 style=\"text-align: center;\"><span style=\"color: #000000;\">Condiciones de uso<\/span><\/h2><p><span style=\"color: #000000;\">Bienvenido a <strong>Espect\u00e1culo del Alc\u00e1zar en Pattaya<\/strong>, operado por <strong>Vacaciones en Triplyn<\/strong>Al acceder y utilizar nuestro sitio web, <a style=\"color: #000000;\" href=\"https:\/\/tiffanyshowpattaya.com\/es\/\" target=\"_new\" rel=\"noopener\">https:\/\/tiffanyshowpattaya.com<\/a>, usted acepta cumplir y estar sujeto a los siguientes t\u00e9rminos y condiciones. Lea estos t\u00e9rminos detenidamente antes de utilizar nuestro sitio web.<\/span><\/p><h4><span style=\"color: #000000;\">1. Condiciones generales<\/span><\/h4><p><span style=\"color: #000000;\">El contenido, los servicios y los productos disponibles en este sitio web son proporcionados por <strong>Vacaciones en Triplyn<\/strong>Al utilizar este sitio web, usted acepta cumplir con todos los t\u00e9rminos, condiciones y pol\u00edticas que se describen en esta p\u00e1gina. Si no est\u00e1 de acuerdo con alguna parte de estos t\u00e9rminos, debe dejar de utilizar nuestro sitio web de inmediato.<\/span><\/p><h4><span style=\"color: #000000;\">2. Propiedad intelectual<\/span><\/h4><p><span style=\"color: #000000;\">Todo el contenido de este sitio web, incluidos textos, im\u00e1genes, gr\u00e1ficos, logotipos y otros materiales, es propiedad de <strong>Vacaciones en Triplyn<\/strong> y est\u00e1 protegido por derechos de autor, marcas comerciales y otras leyes de propiedad intelectual. No puede reproducir, distribuir, modificar ni utilizar ning\u00fan contenido de este sitio web sin el permiso expl\u00edcito de <strong>Vacaciones en Triplyn<\/strong>.<\/span><\/p><h4><span style=\"color: #000000;\">3. Uso del sitio web<\/span><\/h4><p><span style=\"color: #000000;\">Mediante el uso <strong>Espect\u00e1culo Alcazar de Pattaya<\/strong> sitio web, usted acepta lo siguiente:<\/span><\/p><ul><li><span style=\"color: #000000;\">No utilizar\u00e1 este sitio web para ning\u00fan prop\u00f3sito ilegal o no autorizado.<\/span><\/li><li><span style=\"color: #000000;\">No participar\u00e1 en ninguna actividad que pueda interferir con el correcto funcionamiento del sitio web.<\/span><\/li><li><span style=\"color: #000000;\">No intentar\u00e1 acceder a \u00e1reas seguras del sitio web sin la debida autorizaci\u00f3n.<\/span><\/li><li><span style=\"color: #000000;\">Usted acepta no distribuir ning\u00fan virus, malware o software da\u00f1ino que pueda afectar la funcionalidad del sitio web.<\/span><\/li><\/ul><h4><span style=\"color: #000000;\">4. Cuentas de usuario<\/span><\/h4><p><span style=\"color: #000000;\">Para reservar entradas o utilizar determinadas funciones de nuestro sitio web, es posible que se le pida que cree una cuenta de usuario. Usted es responsable de mantener la confidencialidad de las credenciales de su cuenta y acepta la responsabilidad por todas las actividades que se realicen en su cuenta.<\/span><\/p><p><span style=\"color: #000000;\">Si cree que su cuenta ha sido comprometida, notif\u00edquenoslo inmediatamente a <a style=\"color: #000000;\" href=\"mailto:contact@tiffanyshowpattaya.com\" rel=\"noopener\">contact@tiffanyshowpattaya.com<\/a>.<\/span><\/p><h4><span style=\"color: #000000;\">5. Condiciones de reserva<\/span><\/h4><p><span style=\"color: #000000;\">Al reservar entradas para <strong><a href=\"https:\/\/tiffanyshowpattaya.com\/es\/\">Espect\u00e1culo de cabaret Alcazar<\/a> Pattaya<\/strong> A trav\u00e9s de nuestro sitio web, usted acepta lo siguiente:<\/span><\/p><ul><li><span style=\"color: #000000;\">Todas las reservas est\u00e1n sujetas a disponibilidad y confirmaci\u00f3n.<\/span><\/li><li><span style=\"color: #000000;\">Los precios mostrados en el sitio web est\u00e1n sujetos a cambios sin previo aviso.<\/span><\/li><li><span style=\"color: #000000;\">Debe proporcionar informaci\u00f3n precisa y completa al reservar billetes, incluidos los detalles de pago.<\/span><\/li><li><span style=\"color: #000000;\">Nos reservamos el derecho de cancelar o modificar reservas en caso de circunstancias imprevistas, incluidos errores en precios o disponibilidad.<\/span><\/li><\/ul><h4><span style=\"color: #000000;\">6. Pago<\/span><\/h4><p><span style=\"color: #000000;\">Todos los pagos de reservas de entradas deben realizarse a trav\u00e9s de pasarelas de pago seguras que se ofrecen en nuestro sitio web. Al realizar un pago, usted acepta que la informaci\u00f3n de pago que proporciona es precisa y que est\u00e1 autorizado a utilizar el m\u00e9todo de pago. Nos tomamos muy en serio la seguridad de sus pagos y nos aseguramos de que su informaci\u00f3n de pago est\u00e9 protegida mediante encriptaci\u00f3n y tecnolog\u00edas seguras.<\/span><\/p><h4><span style=\"color: #000000;\">7. Reembolsos y cancelaciones<\/span><\/h4><p><span style=\"color: #000000;\">Nuestra pol\u00edtica de reembolso y cancelaci\u00f3n es la siguiente:<\/span><\/p><ul><li><span style=\"color: #000000;\"><strong>Cancelaciones:<\/strong> Puede cancelar su reserva poni\u00e9ndose en contacto con nosotros en <a style=\"color: #000000;\" href=\"mailto:contact@tiffanyshowpattaya.com\" rel=\"noopener\">contact@tiffanyshowpattaya.com<\/a>Tenga en cuenta que las cancelaciones est\u00e1n sujetas a t\u00e9rminos espec\u00edficos y no todas las reservas pueden ser elegibles para reembolsos.<\/span><\/li><li><span style=\"color: #000000;\"><strong>Reembolsos:<\/strong> Solo se emitir\u00e1n reembolsos en caso de cancelaciones que cumplan con los criterios establecidos en nuestra pol\u00edtica de reembolsos. Los reembolsos se procesar\u00e1n a trav\u00e9s del m\u00e9todo de pago original.<\/span><\/li><\/ul><p><span style=\"color: #000000;\">Para obtener m\u00e1s informaci\u00f3n, consulte nuestra <a style=\"color: #000000;\" target=\"_new\" rel=\"noopener\">Pol\u00edtica de reembolso<\/a>.<\/span><\/p><h4><span style=\"color: #000000;\">8. Limitaci\u00f3n de responsabilidad<\/span><\/h4><p><span style=\"color: #000000;\"><strong>Vacaciones en Triplyn<\/strong> no ser\u00e1 responsable de ning\u00fan da\u00f1o directo, indirecto, incidental o consecuente que surja del uso o la imposibilidad de usar el sitio web, incluidos, entre otros:<\/span><\/p><ul><li><span style=\"color: #000000;\">Inexactitudes o errores en el contenido o informaci\u00f3n proporcionada en el sitio web.<\/span><\/li><li><span style=\"color: #000000;\">Cualquier retraso o falla en la ejecuci\u00f3n de los servicios debido a eventos fuera de nuestro control, incluidos desastres naturales, fallas t\u00e9cnicas o acciones de terceros.<\/span><\/li><li><span style=\"color: #000000;\">P\u00e9rdida de datos, ganancias o reputaci\u00f3n como resultado del uso de nuestro sitio web o servicios.<\/span><\/li><\/ul><p><span style=\"color: #000000;\">Usted acepta utilizar este sitio web bajo su propio riesgo.<\/span><\/p><h4><span style=\"color: #000000;\">9. Enlaces de terceros<\/span><\/h4><p><span style=\"color: #000000;\">Nuestro sitio web puede contener enlaces a sitios web o servicios de terceros. Estos enlaces se proporcionan para su conveniencia y <strong>Vacaciones en Triplyn<\/strong> no respalda ni asume responsabilidad por el contenido, las pol\u00edticas de privacidad o las pr\u00e1cticas de ning\u00fan sitio web de terceros. Le recomendamos que revise los t\u00e9rminos y las pol\u00edticas de privacidad de cualquier sitio web de terceros que visite.<\/span><\/p><h4><span style=\"color: #000000;\">10. Pol\u00edtica de privacidad<\/span><\/h4><p><span style=\"color: #000000;\">Al utilizar nuestro sitio web, usted acepta que recopilemos y usemos su informaci\u00f3n como se describe en nuestra <a style=\"color: #000000;\" href=\"https:\/\/tiffanyshowpattaya.com\/es\/privacy-policy\/\" target=\"_blank\" rel=\"noopener\">pol\u00edtica de privacidad<\/a>Lea nuestra Pol\u00edtica de privacidad para comprender c\u00f3mo manejamos sus datos personales.<\/span><\/p><h4><span style=\"color: #000000;\">11. Cambios en los T\u00e9rminos de Uso<\/span><\/h4><p><span style=\"color: #000000;\">Nos reservamos el derecho de modificar o actualizar estos t\u00e9rminos de uso en cualquier momento, sin previo aviso. Cualquier cambio se publicar\u00e1 en esta p\u00e1gina y es su responsabilidad revisar estos t\u00e9rminos peri\u00f3dicamente para mantenerse informado de cualquier actualizaci\u00f3n. Su uso continuo del sitio web despu\u00e9s de que se hayan publicado los cambios constituye su aceptaci\u00f3n de los t\u00e9rminos revisados.<\/span><\/p><h4><span style=\"color: #000000;\">12. Ley aplicable<\/span><\/h4><p><span style=\"color: #000000;\">Estos t\u00e9rminos de uso se rigen por las leyes de la India y se interpretan de conformidad con ellas. Cualquier disputa que surja de estos t\u00e9rminos o de su uso del sitio web estar\u00e1 sujeta a la jurisdicci\u00f3n exclusiva de los tribunales ubicados en Nueva Delhi, India.<\/span><\/p><h4><span style=\"color: #000000;\">13. Cont\u00e1ctenos<\/span><\/h4><p><span style=\"color: #000000;\">Si tiene alguna pregunta o inquietud con respecto a estos T\u00e9rminos de uso, comun\u00edquese con nosotros:<\/span><\/p><ul><li><span style=\"color: #000000;\"><strong>Nombre de empresa:<\/strong> Vacaciones en Triplyn<\/span><\/li><li><span style=\"color: #000000;\"><strong>DIRECCI\u00d3N:<\/strong> A-54, zona industrial de Keshopur, Vikaspuri, Nueva Delhi 110018, India<\/span><\/li><li><span style=\"color: #000000;\"><strong>Correo electr\u00f3nico:<\/strong> <a style=\"color: #000000;\" href=\"mailto:contact@tiffanyshowpattaya.com\" rel=\"noopener\">contact@tiffanyshowpattaya.com<\/a><\/span><\/li><\/ul><h4><span style=\"color: #000000;\">14. Terminaci\u00f3n del acceso<\/span><\/h4><p><span style=\"color: #000000;\">Nos reservamos el derecho de cancelar o suspender su acceso al sitio web o a cualquier parte del mismo, sin previo aviso ni responsabilidad, por cualquier motivo, incluido, entre otros, el incumplimiento de estos t\u00e9rminos. En caso de cancelaci\u00f3n, sus derechos para utilizar los servicios y el contenido proporcionados en el sitio web cesar\u00e1n de inmediato.<\/span><\/p><h4><span style=\"color: #000000;\">15. Indemnizaci\u00f3n<\/span><\/h4><p><span style=\"color: #000000;\">Usted acepta indemnizar, defender y eximir de responsabilidad <strong>Vacaciones en Triplyn<\/strong> y sus afiliados, funcionarios, directores, empleados y agentes de y contra todos y cada uno de los reclamos, da\u00f1os, responsabilidades, costos o gastos (incluidos los honorarios legales razonables) que surjan de o est\u00e9n relacionados con su uso del sitio web, la violaci\u00f3n de estos t\u00e9rminos o la infracci\u00f3n de cualquier derecho de terceros.<\/span><\/p><h4><span style=\"color: #000000;\">16. Acuerdo completo<\/span><\/h4><p><span style=\"color: #000000;\">Estos T\u00e9rminos de uso, junto con cualquier otro aviso legal o pol\u00edtica publicada en el sitio web, constituyen el acuerdo completo entre usted y <strong>Vacaciones en Triplyn<\/strong> sobre el uso de <strong>Espect\u00e1culo Alcazar de Pattaya<\/strong> Sitio web. Este acuerdo reemplaza cualquier acuerdo o entendimiento previo, ya sea escrito u oral, con respecto al tema contenido en estos t\u00e9rminos.<\/span><\/p><h4><span style=\"color: #000000;\">17. Divisibilidad<\/span><\/h4><p><span style=\"color: #000000;\">Si un tribunal de jurisdicci\u00f3n competente determina que alguna disposici\u00f3n de estos T\u00e9rminos de uso es inv\u00e1lida o inaplicable, dicha invalidez no afectar\u00e1 las disposiciones restantes de estos t\u00e9rminos, que permanecer\u00e1n en pleno vigor y efecto.<\/span><\/p><h4><span style=\"color: #000000;\">18. Renuncia<\/span><\/h4><p><span style=\"color: #000000;\">No hay renuncia por <strong>Vacaciones en Triplyn<\/strong> de cualquier incumplimiento o falta de conformidad con estos t\u00e9rminos se considerar\u00e1 una renuncia a cualquier incumplimiento o falta anterior o posterior. Cualquier incumplimiento por parte de <strong>Vacaciones en Triplyn<\/strong> El hecho de hacer cumplir cualquier disposici\u00f3n de estos t\u00e9rminos no constituir\u00e1 una renuncia a ese derecho o disposici\u00f3n.<\/span><\/p><h4><span style=\"color: #000000;\">19. Fuerza mayor<\/span><\/h4><p><span style=\"color: #000000;\"><strong>Vacaciones en Triplyn<\/strong> no ser\u00e1 responsable de ninguna falla o demora en el cumplimiento de sus obligaciones bajo estos t\u00e9rminos debido a eventos o circunstancias fuera de su control razonable, incluidos, entre otros, desastres naturales, huelgas, cierres patronales, guerra, terrorismo, disturbios civiles, regulaciones gubernamentales o cualquier otra causa fuera de su control razonable.<\/span><\/p>\t\t\t\t\t\t\t\t<\/div>\n\t\t\t\t<\/div>\n\t\t\t\t\t<\/div>\n\t\t<\/div>\n\t\t\t\t\t<\/div>\n\t\t<\/section>\n\t\t\t\t<\/div>","protected":false},"excerpt":{"rendered":"<p>Terms of Usage Welcome to Alcazar Show Pattaya, operated by Triplyn Holidays. By accessing and using our website, https:\/\/tiffanyshowpattaya.com, you agree to comply with and be bound by the following terms and conditions. Please read these terms carefully before using our website. 1. General Terms The content, services, and products available on this website are [&hellip;]<\/p>\n","protected":false},"author":1,"featured_media":0,"parent":0,"menu_order":0,"comment_status":"closed","ping_status":"closed","template":"","meta":{"ocean_post_layout":"","ocean_both_sidebars_style":"","ocean_both_sidebars_content_width":0,"ocean_both_sidebars_sidebars_width":0,"ocean_sidebar":"","ocean_second_sidebar":"","ocean_disable_margins":"enable","ocean_add_body_class":"","ocean_shortcode_before_top_bar":"","ocean_shortcode_after_top_bar":"","ocean_shortcode_before_header":"","ocean_shortcode_after_header":"","ocean_has_shortcode":"","ocean_shortcode_after_title":"","ocean_shortcode_before_footer_widgets":"","ocean_shortcode_after_footer_widgets":"","ocean_shortcode_before_footer_bottom":"","ocean_shortcode_after_footer_bottom":"","ocean_display_top_bar":"default","ocean_display_header":"default","ocean_header_style":"","ocean_center_header_left_menu":"","ocean_custom_header_template":"","ocean_custom_logo":0,"ocean_custom_retina_logo":0,"ocean_custom_logo_max_width":0,"ocean_custom_logo_tablet_max_width":0,"ocean_custom_logo_mobile_max_width":0,"ocean_custom_logo_max_height":0,"ocean_custom_logo_tablet_max_height":0,"ocean_custom_logo_mobile_max_height":0,"ocean_header_custom_menu":"","ocean_menu_typo_font_family":"","ocean_menu_typo_font_subset":"","ocean_menu_typo_font_size":0,"ocean_menu_typo_font_size_tablet":0,"ocean_menu_typo_font_size_mobile":0,"ocean_menu_typo_font_size_unit":"px","ocean_menu_typo_font_weight":"","ocean_menu_typo_font_weight_tablet":"","ocean_menu_typo_font_weight_mobile":"","ocean_menu_typo_transform":"","ocean_menu_typo_transform_tablet":"","ocean_menu_typo_transform_mobile":"","ocean_menu_typo_line_height":0,"ocean_menu_typo_line_height_tablet":0,"ocean_menu_typo_line_height_mobile":0,"ocean_menu_typo_line_height_unit":"","ocean_menu_typo_spacing":0,"ocean_menu_typo_spacing_tablet":0,"ocean_menu_typo_spacing_mobile":0,"ocean_menu_typo_spacing_unit":"","ocean_menu_link_color":"","ocean_menu_link_color_hover":"","ocean_menu_link_color_active":"","ocean_menu_link_background":"","ocean_menu_link_hover_background":"","ocean_menu_link_active_background":"","ocean_menu_social_links_bg":"","ocean_menu_social_hover_links_bg":"","ocean_menu_social_links_color":"","ocean_menu_social_hover_links_color":"","ocean_disable_title":"default","ocean_disable_heading":"default","ocean_post_title":"","ocean_post_subheading":"","ocean_post_title_style":"","ocean_post_title_background_color":"","ocean_post_title_background":0,"ocean_post_title_bg_image_position":"","ocean_post_title_bg_image_attachment":"","ocean_post_title_bg_image_repeat":"","ocean_post_title_bg_image_size":"","ocean_post_title_height":0,"ocean_post_title_bg_overlay":0.5,"ocean_post_title_bg_overlay_color":"","ocean_disable_breadcrumbs":"default","ocean_breadcrumbs_color":"","ocean_breadcrumbs_separator_color":"","ocean_breadcrumbs_links_color":"","ocean_breadcrumbs_links_hover_color":"","ocean_display_footer_widgets":"default","ocean_display_footer_bottom":"default","ocean_custom_footer_template":"","footnotes":""},"class_list":["post-619","page","type-page","status-publish","hentry","entry","owp-thumbs-layout-horizontal","owp-btn-normal","owp-tabs-layout-horizontal","has-no-thumbnails","has-product-nav"],"yoast_head":"<!-- This site is optimized with the Yoast SEO plugin v27.3 - https:\/\/yoast.com\/product\/yoast-seo-wordpress\/ -->\n<title>Terms Of Usage | Alcazar Show Pattaya Tickets<\/title>\n<meta name=\"description\" content=\"Understand The Terms Of Using Alcazar Show Pattaya. Review Booking Policies, Cancellations, And User Responsibilities.\" \/>\n<meta name=\"robots\" content=\"noindex, follow\" \/>\n<meta property=\"og:locale\" content=\"es_ES\" \/>\n<meta property=\"og:type\" content=\"article\" \/>\n<meta property=\"og:title\" content=\"Terms Of Usage | Alcazar Show Pattaya Tickets\" \/>\n<meta property=\"og:description\" content=\"Understand The Terms Of Using Alcazar Show Pattaya. Review Booking Policies, Cancellations, And User Responsibilities.\" \/>\n<meta property=\"og:url\" content=\"https:\/\/tiffanyshowpattaya.com\/es\/ketentuan-penggunaan\/\" \/>\n<meta property=\"og:site_name\" content=\"Tiffany Show Pattaya\" \/>\n<meta property=\"article:modified_time\" content=\"2024-10-23T07:04:14+00:00\" \/>\n<meta name=\"twitter:card\" content=\"summary_large_image\" \/>\n<meta name=\"twitter:label1\" content=\"Tiempo de lectura\" \/>\n\t<meta name=\"twitter:data1\" content=\"6 minutos\" \/>\n<script type=\"application\/ld+json\" class=\"yoast-schema-graph\">{\"@context\":\"https:\\\/\\\/schema.org\",\"@graph\":[{\"@type\":\"WebPage\",\"@id\":\"https:\\\/\\\/tiffanyshowpattaya.com\\\/id\\\/ketentuan-penggunaan\\\/\",\"url\":\"https:\\\/\\\/tiffanyshowpattaya.com\\\/id\\\/ketentuan-penggunaan\\\/\",\"name\":\"Terms Of Usage | Alcazar Show Pattaya Tickets\",\"isPartOf\":{\"@id\":\"https:\\\/\\\/tiffanyshowpattaya.com\\\/#website\"},\"datePublished\":\"2024-09-04T10:55:37+00:00\",\"dateModified\":\"2024-10-23T07:04:14+00:00\",\"description\":\"Understand The Terms Of Using Alcazar Show Pattaya. Review Booking Policies, Cancellations, And User Responsibilities.\",\"breadcrumb\":{\"@id\":\"https:\\\/\\\/tiffanyshowpattaya.com\\\/id\\\/ketentuan-penggunaan\\\/#breadcrumb\"},\"inLanguage\":\"es\",\"potentialAction\":[{\"@type\":\"ReadAction\",\"target\":[\"https:\\\/\\\/tiffanyshowpattaya.com\\\/id\\\/ketentuan-penggunaan\\\/\"]}]},{\"@type\":\"BreadcrumbList\",\"@id\":\"https:\\\/\\\/tiffanyshowpattaya.com\\\/id\\\/ketentuan-penggunaan\\\/#breadcrumb\",\"itemListElement\":[{\"@type\":\"ListItem\",\"position\":1,\"name\":\"Home\",\"item\":\"https:\\\/\\\/tiffanyshowpattaya.com\\\/\"},{\"@type\":\"ListItem\",\"position\":2,\"name\":\"Terms Of Usage\"}]},{\"@type\":\"WebSite\",\"@id\":\"https:\\\/\\\/tiffanyshowpattaya.com\\\/#website\",\"url\":\"https:\\\/\\\/tiffanyshowpattaya.com\\\/\",\"name\":\"Tiffany Show Pattaya\",\"description\":\"\",\"publisher\":{\"@id\":\"https:\\\/\\\/tiffanyshowpattaya.com\\\/#organization\"},\"potentialAction\":[{\"@type\":\"SearchAction\",\"target\":{\"@type\":\"EntryPoint\",\"urlTemplate\":\"https:\\\/\\\/tiffanyshowpattaya.com\\\/?s={search_term_string}\"},\"query-input\":{\"@type\":\"PropertyValueSpecification\",\"valueRequired\":true,\"valueName\":\"search_term_string\"}}],\"inLanguage\":\"es\"},{\"@type\":\"Organization\",\"@id\":\"https:\\\/\\\/tiffanyshowpattaya.com\\\/#organization\",\"name\":\"Tiffany Show Pattaya\",\"url\":\"https:\\\/\\\/tiffanyshowpattaya.com\\\/\",\"logo\":{\"@type\":\"ImageObject\",\"inLanguage\":\"es\",\"@id\":\"https:\\\/\\\/tiffanyshowpattaya.com\\\/#\\\/schema\\\/logo\\\/image\\\/\",\"url\":\"https:\\\/\\\/tiffanyshowpattaya.com\\\/wp-content\\\/uploads\\\/2024\\\/08\\\/Alcazar-Show.png\",\"contentUrl\":\"https:\\\/\\\/tiffanyshowpattaya.com\\\/wp-content\\\/uploads\\\/2024\\\/08\\\/Alcazar-Show.png\",\"width\":350,\"height\":100,\"caption\":\"Tiffany Show Pattaya\"},\"image\":{\"@id\":\"https:\\\/\\\/tiffanyshowpattaya.com\\\/#\\\/schema\\\/logo\\\/image\\\/\"}}]}<\/script>\n<!-- \/ Yoast SEO plugin. -->","yoast_head_json":{"title":"Condiciones de uso | Entradas para el espect\u00e1culo Alcazar en Pattaya","description":"Comprenda los t\u00e9rminos de uso de Alcazar Show Pattaya. Revise las pol\u00edticas de reserva, cancelaciones y responsabilidades del usuario.","robots":{"index":"noindex","follow":"follow"},"og_locale":"es_ES","og_type":"article","og_title":"Terms Of Usage | Alcazar Show Pattaya Tickets","og_description":"Understand The Terms Of Using Alcazar Show Pattaya. Review Booking Policies, Cancellations, And User Responsibilities.","og_url":"https:\/\/tiffanyshowpattaya.com\/es\/ketentuan-penggunaan\/","og_site_name":"Tiffany Show Pattaya","article_modified_time":"2024-10-23T07:04:14+00:00","twitter_card":"summary_large_image","twitter_misc":{"Tiempo de lectura":"6 minutos"},"schema":{"@context":"https:\/\/schema.org","@graph":[{"@type":"WebPage","@id":"https:\/\/tiffanyshowpattaya.com\/id\/ketentuan-penggunaan\/","url":"https:\/\/tiffanyshowpattaya.com\/id\/ketentuan-penggunaan\/","name":"Condiciones de uso | Entradas para el espect\u00e1culo Alcazar en Pattaya","isPartOf":{"@id":"https:\/\/tiffanyshowpattaya.com\/#website"},"datePublished":"2024-09-04T10:55:37+00:00","dateModified":"2024-10-23T07:04:14+00:00","description":"Comprenda los t\u00e9rminos de uso de Alcazar Show Pattaya. Revise las pol\u00edticas de reserva, cancelaciones y responsabilidades del usuario.","breadcrumb":{"@id":"https:\/\/tiffanyshowpattaya.com\/id\/ketentuan-penggunaan\/#breadcrumb"},"inLanguage":"es","potentialAction":[{"@type":"ReadAction","target":["https:\/\/tiffanyshowpattaya.com\/id\/ketentuan-penggunaan\/"]}]},{"@type":"BreadcrumbList","@id":"https:\/\/tiffanyshowpattaya.com\/id\/ketentuan-penggunaan\/#breadcrumb","itemListElement":[{"@type":"ListItem","position":1,"name":"Home","item":"https:\/\/tiffanyshowpattaya.com\/"},{"@type":"ListItem","position":2,"name":"Terms Of Usage"}]},{"@type":"WebSite","@id":"https:\/\/tiffanyshowpattaya.com\/#website","url":"https:\/\/tiffanyshowpattaya.com\/","name":"Tiffany Show Pattaya","description":"","publisher":{"@id":"https:\/\/tiffanyshowpattaya.com\/#organization"},"potentialAction":[{"@type":"SearchAction","target":{"@type":"EntryPoint","urlTemplate":"https:\/\/tiffanyshowpattaya.com\/?s={search_term_string}"},"query-input":{"@type":"PropertyValueSpecification","valueRequired":true,"valueName":"search_term_string"}}],"inLanguage":"es"},{"@type":"Organization","@id":"https:\/\/tiffanyshowpattaya.com\/#organization","name":"Tiffany Show Pattaya","url":"https:\/\/tiffanyshowpattaya.com\/","logo":{"@type":"ImageObject","inLanguage":"es","@id":"https:\/\/tiffanyshowpattaya.com\/#\/schema\/logo\/image\/","url":"https:\/\/tiffanyshowpattaya.com\/wp-content\/uploads\/2024\/08\/Alcazar-Show.png","contentUrl":"https:\/\/tiffanyshowpattaya.com\/wp-content\/uploads\/2024\/08\/Alcazar-Show.png","width":350,"height":100,"caption":"Tiffany Show Pattaya"},"image":{"@id":"https:\/\/tiffanyshowpattaya.com\/#\/schema\/logo\/image\/"}}]}},"_links":{"self":[{"href":"https:\/\/tiffanyshowpattaya.com\/es\/wp-json\/wp\/v2\/pages\/619","targetHints":{"allow":["GET"]}}],"collection":[{"href":"https:\/\/tiffanyshowpattaya.com\/es\/wp-json\/wp\/v2\/pages"}],"about":[{"href":"https:\/\/tiffanyshowpattaya.com\/es\/wp-json\/wp\/v2\/types\/page"}],"author":[{"embeddable":true,"href":"https:\/\/tiffanyshowpattaya.com\/es\/wp-json\/wp\/v2\/users\/1"}],"replies":[{"embeddable":true,"href":"https:\/\/tiffanyshowpattaya.com\/es\/wp-json\/wp\/v2\/comments?post=619"}],"version-history":[{"count":9,"href":"https:\/\/tiffanyshowpattaya.com\/es\/wp-json\/wp\/v2\/pages\/619\/revisions"}],"predecessor-version":[{"id":1297,"href":"https:\/\/tiffanyshowpattaya.com\/es\/wp-json\/wp\/v2\/pages\/619\/revisions\/1297"}],"wp:attachment":[{"href":"https:\/\/tiffanyshowpattaya.com\/es\/wp-json\/wp\/v2\/media?parent=619"}],"curies":[{"name":"wp","href":"https:\/\/api.w.org\/{rel}","templated":true}]}}