{"id":1285,"date":"2024-10-23T12:21:59","date_gmt":"2024-10-23T06:51:59","guid":{"rendered":"https:\/\/tiffanyshowpattaya.com\/?page_id=1285"},"modified":"2024-10-23T12:23:37","modified_gmt":"2024-10-23T06:53:37","slug":"company-details","status":"publish","type":"page","link":"https:\/\/tiffanyshowpattaya.com\/fr\/company-details\/","title":{"rendered":"D\u00e9tails de l&#039;entreprise"},"content":{"rendered":"<div data-elementor-type=\"wp-page\" data-elementor-id=\"1285\" class=\"elementor elementor-1285\" data-elementor-post-type=\"page\">\n\t\t\t\t\t\t<section data-particle_enable=\"false\" data-particle-mobile-disabled=\"false\" class=\"elementor-section elementor-top-section elementor-element elementor-element-2c10db5 elementor-section-boxed elementor-section-height-default elementor-section-height-default\" data-id=\"2c10db5\" data-element_type=\"section\" data-e-type=\"section\">\n\t\t\t\t\t\t<div class=\"elementor-container elementor-column-gap-default\">\n\t\t\t\t\t<div class=\"elementor-column elementor-col-100 elementor-top-column elementor-element elementor-element-eef4b82\" data-id=\"eef4b82\" data-element_type=\"column\" data-e-type=\"column\">\n\t\t\t<div class=\"elementor-widget-wrap elementor-element-populated\">\n\t\t\t\t\t\t<div class=\"elementor-element elementor-element-6c3c170 elementor-widget elementor-widget-text-editor\" data-id=\"6c3c170\" data-element_type=\"widget\" data-e-type=\"widget\" data-widget_type=\"text-editor.default\">\n\t\t\t\t<div class=\"elementor-widget-container\">\n\t\t\t\t\t\t\t\t\t<h2 style=\"text-align: center;\"><span style=\"color: #000000;\">D\u00e9tails de l&#039;entreprise<\/span><\/h2><p><span style=\"color: #000000;\">Bienvenue \u00e0 <strong>Spectacle Alcazar \u00e0 Pattaya<\/strong>, votre partenaire de confiance pour vous offrir des exp\u00e9riences inoubliables dans l&#039;un des spectacles de cabaret les plus c\u00e9l\u00e8bres de Tha\u00eflande. Exploit\u00e9 par <strong>Vacances \u00e0 Triplyn<\/strong>, nous garantissons que chaque visiteur b\u00e9n\u00e9ficie d&#039;une exp\u00e9rience de r\u00e9servation de billets fluide et m\u00e9morable pour le <a href=\"https:\/\/tiffanyshowpattaya.com\/fr\/\"><strong>Spectacle Cabaret Alcazar<\/strong><\/a>.<\/span><\/p><h3><span style=\"color: #000000;\">\u00c0 propos de nous<\/span><\/h3><p><span style=\"color: #000000;\"><strong>Vacances \u00e0 Triplyn<\/strong> est une agence de voyage et de tourisme renomm\u00e9e qui se consacre \u00e0 fournir des services de qualit\u00e9 sup\u00e9rieure aux voyageurs du monde entier. Nous sommes sp\u00e9cialis\u00e9s dans la r\u00e9servation de billets pour les attractions touristiques populaires, notamment <strong>Spectacle de cabaret Alcazar \u00e0 Pattaya<\/strong>Notre mission est d&#039;offrir \u00e0 nos clients les meilleures offres, des processus de r\u00e9servation fluides et un support client de premier ordre.<\/span><\/p><h3><span style=\"color: #000000;\">Informations sur la soci\u00e9t\u00e9<\/span><\/h3><ul><li><span style=\"color: #000000;\"><strong>Nom de l&#039;entreprise:<\/strong> Vacances \u00e0 Triplyn<\/span><\/li><li><span style=\"color: #000000;\"><strong>Adresse enregistr\u00e9e :<\/strong> A-54, zone industrielle de Keshopur, Vikaspuri, New Delhi 110018, Inde<\/span><\/li><li><span style=\"color: #000000;\"><strong>E-mail:<\/strong> <a style=\"color: #000000;\" href=\"mailto:contact@tiffanyshowpattaya.com\" rel=\"noopener\">contact@tiffanyshowpattaya.com<\/a><\/span><\/li><\/ul><p><span style=\"color: #000000;\">Nous nous engageons \u00e0 faire preuve de transparence et \u00e0 \u00e9tablir un climat de confiance avec nos clients. Si vous avez des questions concernant vos r\u00e9servations, n&#039;h\u00e9sitez pas \u00e0 nous contacter par e-mail.<\/span><\/p><h3><span style=\"color: #000000;\">Contactez-nous<\/span><\/h3><p><span style=\"color: #000000;\">Pour toute demande de renseignements ou d&#039;assistance li\u00e9e \u00e0 votre visite sur le <strong>Spectacle de cabaret Alcazar \u00e0 Pattaya<\/strong>, n&#039;h\u00e9sitez pas \u00e0 nous contacter :<\/span><\/p><ul><li><span style=\"color: #000000;\"><strong>E-mail:<\/strong> <a style=\"color: #000000;\" href=\"mailto:contact@tiffanyshowpattaya.com\" rel=\"noopener\">contact@tiffanyshowpattaya.com<\/a><\/span><\/li><li><span style=\"color: #000000;\"><strong>Adresse:<\/strong> A-54, zone industrielle de Keshopur, Vikaspuri, New Delhi 110018, Inde<\/span><\/li><\/ul><p><span style=\"color: #000000;\">Nous nous effor\u00e7ons de r\u00e9pondre \u00e0 tous les e-mails dans les 24 heures.<\/span><\/p><h3><span style=\"color: #000000;\">Pourquoi nous choisir?<\/span><\/h3><ul><li><span style=\"color: #000000;\"><strong>Exp\u00e9rience de confiance :<\/strong> Avec des ann\u00e9es d&#039;expertise dans l&#039;industrie du voyage et du tourisme, <strong>Vacances \u00e0 Triplyn<\/strong> s&#039;engage \u00e0 fournir un excellent service et des prix transparents.<\/span><\/li><li><span style=\"color: #000000;\"><strong>Assistance client\u00e8le :<\/strong> Notre \u00e9quipe d\u00e9vou\u00e9e est l\u00e0 pour vous aider avec tous vos besoins de voyage, garantissant une exp\u00e9rience de r\u00e9servation sans tracas.<\/span><\/li><li><span style=\"color: #000000;\"><strong>Offres exclusives :<\/strong> Nous proposons des offres et des forfaits exclusifs pour les <strong>Spectacle de cabaret Alcazar \u00e0 Pattaya<\/strong>, vous assurant de profiter des meilleures performances \u00e0 des prix abordables.<\/span><\/li><\/ul><h3><span style=\"color: #000000;\">R\u00e9servation avec nous<\/span><\/h3><p><span style=\"color: #000000;\">Pour une soir\u00e9e palpitante au <strong>Spectacle de cabaret Alcazar \u00e0 Pattaya<\/strong>, visitez notre <a style=\"color: #000000;\" href=\"https:\/\/tiffanyshowpattaya.com\/fr\/\" target=\"_new\" rel=\"noopener\">Page de r\u00e9servation des billets pour le spectacle de cabaret Alcazar<\/a> pour d\u00e9couvrir nos offres exclusives.<\/span><br \/><span style=\"color: #000000;\"><strong><a style=\"color: #000000;\" href=\"https:\/\/tiffanyshowpattaya.com\/fr\/\" target=\"_new\" rel=\"noopener\">Cliquez ici<\/a><\/strong> pour r\u00e9server votre <strong>Spectacle Cabaret Alcazar<\/strong> Achetez vos billets maintenant et commencez votre aventure !<\/span><\/p>\t\t\t\t\t\t\t\t<\/div>\n\t\t\t\t<\/div>\n\t\t\t\t\t<\/div>\n\t\t<\/div>\n\t\t\t\t\t<\/div>\n\t\t<\/section>\n\t\t\t\t<\/div>","protected":false},"excerpt":{"rendered":"<p>Company Details Welcome to Alcazar Show Pattaya, your trusted partner in providing unforgettable experiences at one of Thailand\u2019s most famous cabaret shows. Operated by Triplyn Holidays, we ensure that every visitor has a smooth and memorable ticket booking experience for the Alcazar Cabaret Show. About Us Triplyn Holidays is a renowned travel and tourism company [&hellip;]<\/p>\n","protected":false},"author":1,"featured_media":0,"parent":0,"menu_order":0,"comment_status":"closed","ping_status":"open","template":"","meta":{"ocean_post_layout":"","ocean_both_sidebars_style":"","ocean_both_sidebars_content_width":0,"ocean_both_sidebars_sidebars_width":0,"ocean_sidebar":"","ocean_second_sidebar":"","ocean_disable_margins":"enable","ocean_add_body_class":"","ocean_shortcode_before_top_bar":"","ocean_shortcode_after_top_bar":"","ocean_shortcode_before_header":"","ocean_shortcode_after_header":"","ocean_has_shortcode":"","ocean_shortcode_after_title":"","ocean_shortcode_before_footer_widgets":"","ocean_shortcode_after_footer_widgets":"","ocean_shortcode_before_footer_bottom":"","ocean_shortcode_after_footer_bottom":"","ocean_display_top_bar":"default","ocean_display_header":"default","ocean_header_style":"","ocean_center_header_left_menu":"","ocean_custom_header_template":"","ocean_custom_logo":0,"ocean_custom_retina_logo":0,"ocean_custom_logo_max_width":0,"ocean_custom_logo_tablet_max_width":0,"ocean_custom_logo_mobile_max_width":0,"ocean_custom_logo_max_height":0,"ocean_custom_logo_tablet_max_height":0,"ocean_custom_logo_mobile_max_height":0,"ocean_header_custom_menu":"","ocean_menu_typo_font_family":"","ocean_menu_typo_font_subset":"","ocean_menu_typo_font_size":0,"ocean_menu_typo_font_size_tablet":0,"ocean_menu_typo_font_size_mobile":0,"ocean_menu_typo_font_size_unit":"px","ocean_menu_typo_font_weight":"","ocean_menu_typo_font_weight_tablet":"","ocean_menu_typo_font_weight_mobile":"","ocean_menu_typo_transform":"","ocean_menu_typo_transform_tablet":"","ocean_menu_typo_transform_mobile":"","ocean_menu_typo_line_height":0,"ocean_menu_typo_line_height_tablet":0,"ocean_menu_typo_line_height_mobile":0,"ocean_menu_typo_line_height_unit":"","ocean_menu_typo_spacing":0,"ocean_menu_typo_spacing_tablet":0,"ocean_menu_typo_spacing_mobile":0,"ocean_menu_typo_spacing_unit":"","ocean_menu_link_color":"","ocean_menu_link_color_hover":"","ocean_menu_link_color_active":"","ocean_menu_link_background":"","ocean_menu_link_hover_background":"","ocean_menu_link_active_background":"","ocean_menu_social_links_bg":"","ocean_menu_social_hover_links_bg":"","ocean_menu_social_links_color":"","ocean_menu_social_hover_links_color":"","ocean_disable_title":"default","ocean_disable_heading":"default","ocean_post_title":"","ocean_post_subheading":"","ocean_post_title_style":"","ocean_post_title_background_color":"","ocean_post_title_background":0,"ocean_post_title_bg_image_position":"","ocean_post_title_bg_image_attachment":"","ocean_post_title_bg_image_repeat":"","ocean_post_title_bg_image_size":"","ocean_post_title_height":0,"ocean_post_title_bg_overlay":0.5,"ocean_post_title_bg_overlay_color":"","ocean_disable_breadcrumbs":"default","ocean_breadcrumbs_color":"","ocean_breadcrumbs_separator_color":"","ocean_breadcrumbs_links_color":"","ocean_breadcrumbs_links_hover_color":"","ocean_display_footer_widgets":"default","ocean_display_footer_bottom":"default","ocean_custom_footer_template":"","footnotes":""},"class_list":["post-1285","page","type-page","status-publish","hentry","entry","owp-thumbs-layout-horizontal","owp-btn-normal","owp-tabs-layout-horizontal","has-no-thumbnails","has-product-nav"],"yoast_head":"<!-- This site is optimized with the Yoast SEO plugin v27.3 - https:\/\/yoast.com\/product\/yoast-seo-wordpress\/ -->\n<title>Company Details | Alcazar Show Pattaya Tickets - Triplyn Holidays<\/title>\n<meta name=\"description\" content=\"Book Your Alcazar Cabaret Show Pattaya Tickets Today And Enjoy A Memorable Evening With Stunning Performances, Deals, &amp; Hassle-Free Booking!\" \/>\n<meta name=\"robots\" content=\"noindex, follow\" \/>\n<meta property=\"og:locale\" content=\"fr_FR\" \/>\n<meta property=\"og:type\" content=\"article\" \/>\n<meta property=\"og:title\" content=\"Company Details | Alcazar Show Pattaya Tickets - Triplyn Holidays\" \/>\n<meta property=\"og:description\" content=\"Book Your Alcazar Cabaret Show Pattaya Tickets Today And Enjoy A Memorable Evening With Stunning Performances, Deals, &amp; Hassle-Free Booking!\" \/>\n<meta property=\"og:url\" content=\"https:\/\/tiffanyshowpattaya.com\/fr\/\u0434\u0430\u043d\u043d\u044b\u0435-\u043a\u043e\u043c\u043f\u0430\u043d\u0438\u0438\/\" \/>\n<meta property=\"og:site_name\" content=\"Tiffany Show Pattaya\" \/>\n<meta property=\"article:modified_time\" content=\"2024-10-23T06:53:37+00:00\" \/>\n<meta name=\"twitter:card\" content=\"summary_large_image\" \/>\n<meta name=\"twitter:label1\" content=\"Dur\u00e9e de lecture estim\u00e9e\" \/>\n\t<meta name=\"twitter:data1\" content=\"2 minutes\" \/>\n<script type=\"application\/ld+json\" class=\"yoast-schema-graph\">{\"@context\":\"https:\\\/\\\/schema.org\",\"@graph\":[{\"@type\":\"WebPage\",\"@id\":\"https:\\\/\\\/tiffanyshowpattaya.com\\\/ru\\\/\u0434\u0430\u043d\u043d\u044b\u0435-\u043a\u043e\u043c\u043f\u0430\u043d\u0438\u0438\\\/\",\"url\":\"https:\\\/\\\/tiffanyshowpattaya.com\\\/ru\\\/\u0434\u0430\u043d\u043d\u044b\u0435-\u043a\u043e\u043c\u043f\u0430\u043d\u0438\u0438\\\/\",\"name\":\"Company Details | Alcazar Show Pattaya Tickets - Triplyn Holidays\",\"isPartOf\":{\"@id\":\"https:\\\/\\\/tiffanyshowpattaya.com\\\/#website\"},\"datePublished\":\"2024-10-23T06:51:59+00:00\",\"dateModified\":\"2024-10-23T06:53:37+00:00\",\"description\":\"Book Your Alcazar Cabaret Show Pattaya Tickets Today And Enjoy A Memorable Evening With Stunning Performances, Deals, & Hassle-Free Booking!\",\"breadcrumb\":{\"@id\":\"https:\\\/\\\/tiffanyshowpattaya.com\\\/ru\\\/\u0434\u0430\u043d\u043d\u044b\u0435-\u043a\u043e\u043c\u043f\u0430\u043d\u0438\u0438\\\/#breadcrumb\"},\"inLanguage\":\"fr-FR\",\"potentialAction\":[{\"@type\":\"ReadAction\",\"target\":[\"https:\\\/\\\/tiffanyshowpattaya.com\\\/ru\\\/\u0434\u0430\u043d\u043d\u044b\u0435-\u043a\u043e\u043c\u043f\u0430\u043d\u0438\u0438\\\/\"]}]},{\"@type\":\"BreadcrumbList\",\"@id\":\"https:\\\/\\\/tiffanyshowpattaya.com\\\/ru\\\/\u0434\u0430\u043d\u043d\u044b\u0435-\u043a\u043e\u043c\u043f\u0430\u043d\u0438\u0438\\\/#breadcrumb\",\"itemListElement\":[{\"@type\":\"ListItem\",\"position\":1,\"name\":\"Home\",\"item\":\"https:\\\/\\\/tiffanyshowpattaya.com\\\/\"},{\"@type\":\"ListItem\",\"position\":2,\"name\":\"Company Details\"}]},{\"@type\":\"WebSite\",\"@id\":\"https:\\\/\\\/tiffanyshowpattaya.com\\\/#website\",\"url\":\"https:\\\/\\\/tiffanyshowpattaya.com\\\/\",\"name\":\"Tiffany Show Pattaya\",\"description\":\"\",\"publisher\":{\"@id\":\"https:\\\/\\\/tiffanyshowpattaya.com\\\/#organization\"},\"potentialAction\":[{\"@type\":\"SearchAction\",\"target\":{\"@type\":\"EntryPoint\",\"urlTemplate\":\"https:\\\/\\\/tiffanyshowpattaya.com\\\/?s={search_term_string}\"},\"query-input\":{\"@type\":\"PropertyValueSpecification\",\"valueRequired\":true,\"valueName\":\"search_term_string\"}}],\"inLanguage\":\"fr-FR\"},{\"@type\":\"Organization\",\"@id\":\"https:\\\/\\\/tiffanyshowpattaya.com\\\/#organization\",\"name\":\"Tiffany Show Pattaya\",\"url\":\"https:\\\/\\\/tiffanyshowpattaya.com\\\/\",\"logo\":{\"@type\":\"ImageObject\",\"inLanguage\":\"fr-FR\",\"@id\":\"https:\\\/\\\/tiffanyshowpattaya.com\\\/#\\\/schema\\\/logo\\\/image\\\/\",\"url\":\"https:\\\/\\\/tiffanyshowpattaya.com\\\/wp-content\\\/uploads\\\/2024\\\/08\\\/Alcazar-Show.png\",\"contentUrl\":\"https:\\\/\\\/tiffanyshowpattaya.com\\\/wp-content\\\/uploads\\\/2024\\\/08\\\/Alcazar-Show.png\",\"width\":350,\"height\":100,\"caption\":\"Tiffany Show Pattaya\"},\"image\":{\"@id\":\"https:\\\/\\\/tiffanyshowpattaya.com\\\/#\\\/schema\\\/logo\\\/image\\\/\"}}]}<\/script>\n<!-- \/ Yoast SEO plugin. -->","yoast_head_json":{"title":"Coordonn\u00e9es de l&#039;entreprise | Billets pour le spectacle Alcazar \u00e0 Pattaya - Triplyn Holidays","description":"R\u00e9servez vos billets pour le spectacle de cabaret Alcazar \u00e0 Pattaya d\u00e8s aujourd&#039;hui et profitez d&#039;une soir\u00e9e m\u00e9morable avec des performances \u00e9poustouflantes, des offres et une r\u00e9servation sans tracas !","robots":{"index":"noindex","follow":"follow"},"og_locale":"fr_FR","og_type":"article","og_title":"Company Details | Alcazar Show Pattaya Tickets - Triplyn Holidays","og_description":"Book Your Alcazar Cabaret Show Pattaya Tickets Today And Enjoy A Memorable Evening With Stunning Performances, Deals, & Hassle-Free Booking!","og_url":"https:\/\/tiffanyshowpattaya.com\/fr\/\u0434\u0430\u043d\u043d\u044b\u0435-\u043a\u043e\u043c\u043f\u0430\u043d\u0438\u0438\/","og_site_name":"Tiffany Show Pattaya","article_modified_time":"2024-10-23T06:53:37+00:00","twitter_card":"summary_large_image","twitter_misc":{"Dur\u00e9e de lecture estim\u00e9e":"2 minutes"},"schema":{"@context":"https:\/\/schema.org","@graph":[{"@type":"WebPage","@id":"https:\/\/tiffanyshowpattaya.com\/ru\/\u0434\u0430\u043d\u043d\u044b\u0435-\u043a\u043e\u043c\u043f\u0430\u043d\u0438\u0438\/","url":"https:\/\/tiffanyshowpattaya.com\/ru\/\u0434\u0430\u043d\u043d\u044b\u0435-\u043a\u043e\u043c\u043f\u0430\u043d\u0438\u0438\/","name":"Coordonn\u00e9es de l&#039;entreprise | Billets pour le spectacle Alcazar \u00e0 Pattaya - Triplyn Holidays","isPartOf":{"@id":"https:\/\/tiffanyshowpattaya.com\/#website"},"datePublished":"2024-10-23T06:51:59+00:00","dateModified":"2024-10-23T06:53:37+00:00","description":"R\u00e9servez vos billets pour le spectacle de cabaret Alcazar \u00e0 Pattaya d\u00e8s aujourd&#039;hui et profitez d&#039;une soir\u00e9e m\u00e9morable avec des performances \u00e9poustouflantes, des offres et une r\u00e9servation sans tracas !","breadcrumb":{"@id":"https:\/\/tiffanyshowpattaya.com\/ru\/\u0434\u0430\u043d\u043d\u044b\u0435-\u043a\u043e\u043c\u043f\u0430\u043d\u0438\u0438\/#breadcrumb"},"inLanguage":"fr-FR","potentialAction":[{"@type":"ReadAction","target":["https:\/\/tiffanyshowpattaya.com\/ru\/\u0434\u0430\u043d\u043d\u044b\u0435-\u043a\u043e\u043c\u043f\u0430\u043d\u0438\u0438\/"]}]},{"@type":"BreadcrumbList","@id":"https:\/\/tiffanyshowpattaya.com\/ru\/\u0434\u0430\u043d\u043d\u044b\u0435-\u043a\u043e\u043c\u043f\u0430\u043d\u0438\u0438\/#breadcrumb","itemListElement":[{"@type":"ListItem","position":1,"name":"Home","item":"https:\/\/tiffanyshowpattaya.com\/"},{"@type":"ListItem","position":2,"name":"Company Details"}]},{"@type":"WebSite","@id":"https:\/\/tiffanyshowpattaya.com\/#website","url":"https:\/\/tiffanyshowpattaya.com\/","name":"Tiffany Show Pattaya","description":"","publisher":{"@id":"https:\/\/tiffanyshowpattaya.com\/#organization"},"potentialAction":[{"@type":"SearchAction","target":{"@type":"EntryPoint","urlTemplate":"https:\/\/tiffanyshowpattaya.com\/?s={search_term_string}"},"query-input":{"@type":"PropertyValueSpecification","valueRequired":true,"valueName":"search_term_string"}}],"inLanguage":"fr-FR"},{"@type":"Organization","@id":"https:\/\/tiffanyshowpattaya.com\/#organization","name":"Tiffany Show Pattaya","url":"https:\/\/tiffanyshowpattaya.com\/","logo":{"@type":"ImageObject","inLanguage":"fr-FR","@id":"https:\/\/tiffanyshowpattaya.com\/#\/schema\/logo\/image\/","url":"https:\/\/tiffanyshowpattaya.com\/wp-content\/uploads\/2024\/08\/Alcazar-Show.png","contentUrl":"https:\/\/tiffanyshowpattaya.com\/wp-content\/uploads\/2024\/08\/Alcazar-Show.png","width":350,"height":100,"caption":"Tiffany Show Pattaya"},"image":{"@id":"https:\/\/tiffanyshowpattaya.com\/#\/schema\/logo\/image\/"}}]}},"_links":{"self":[{"href":"https:\/\/tiffanyshowpattaya.com\/fr\/wp-json\/wp\/v2\/pages\/1285","targetHints":{"allow":["GET"]}}],"collection":[{"href":"https:\/\/tiffanyshowpattaya.com\/fr\/wp-json\/wp\/v2\/pages"}],"about":[{"href":"https:\/\/tiffanyshowpattaya.com\/fr\/wp-json\/wp\/v2\/types\/page"}],"author":[{"embeddable":true,"href":"https:\/\/tiffanyshowpattaya.com\/fr\/wp-json\/wp\/v2\/users\/1"}],"replies":[{"embeddable":true,"href":"https:\/\/tiffanyshowpattaya.com\/fr\/wp-json\/wp\/v2\/comments?post=1285"}],"version-history":[{"count":5,"href":"https:\/\/tiffanyshowpattaya.com\/fr\/wp-json\/wp\/v2\/pages\/1285\/revisions"}],"predecessor-version":[{"id":1290,"href":"https:\/\/tiffanyshowpattaya.com\/fr\/wp-json\/wp\/v2\/pages\/1285\/revisions\/1290"}],"wp:attachment":[{"href":"https:\/\/tiffanyshowpattaya.com\/fr\/wp-json\/wp\/v2\/media?parent=1285"}],"curies":[{"name":"wp","href":"https:\/\/api.w.org\/{rel}","templated":true}]}}