{"id":1541,"date":"2024-11-23T23:30:25","date_gmt":"2024-11-23T18:00:25","guid":{"rendered":"https:\/\/tiffanyshowpattaya.com\/?page_id=1541"},"modified":"2024-11-23T23:33:49","modified_gmt":"2024-11-23T18:03:49","slug":"shipping-policy","status":"publish","type":"page","link":"https:\/\/tiffanyshowpattaya.com\/fr\/shipping-policy\/","title":{"rendered":"Politique d&#039;exp\u00e9dition"},"content":{"rendered":"<div data-elementor-type=\"wp-page\" data-elementor-id=\"1541\" class=\"elementor elementor-1541\" data-elementor-post-type=\"page\">\n\t\t\t\t\t\t<section data-particle_enable=\"false\" data-particle-mobile-disabled=\"false\" class=\"elementor-section elementor-top-section elementor-element elementor-element-2c10db5 elementor-section-boxed elementor-section-height-default elementor-section-height-default\" data-id=\"2c10db5\" data-element_type=\"section\" data-e-type=\"section\">\n\t\t\t\t\t\t<div class=\"elementor-container elementor-column-gap-default\">\n\t\t\t\t\t<div class=\"elementor-column elementor-col-100 elementor-top-column elementor-element elementor-element-eef4b82\" data-id=\"eef4b82\" data-element_type=\"column\" data-e-type=\"column\">\n\t\t\t<div class=\"elementor-widget-wrap elementor-element-populated\">\n\t\t\t\t\t\t<div class=\"elementor-element elementor-element-6c3c170 elementor-widget elementor-widget-text-editor\" data-id=\"6c3c170\" data-element_type=\"widget\" data-e-type=\"widget\" data-widget_type=\"text-editor.default\">\n\t\t\t\t<div class=\"elementor-widget-container\">\n\t\t\t\t\t\t\t\t\t<h2 style=\"text-align: center;\"><span style=\"color: #000000;\"><strong>Politique d&#039;exp\u00e9dition<\/strong><\/span><\/h2><p><span style=\"color: #000000;\">Bienvenue \u00e0 <strong>Le spectacle Alcazar de Pattaya<\/strong> Plateforme de r\u00e9servation de billets<\/span><br \/><span style=\"color: #000000;\">Merci d&#039;avoir choisi <a href=\"https:\/\/tiffanyshowpattaya.com\/fr\/\"><strong>Spectacle Alcazar \u00e0 Pattaya<\/strong><\/a> via notre plateforme de confiance. Cette politique d&#039;exp\u00e9dition explique notre processus de livraison des billets lors de la r\u00e9servation.<\/span><\/p><h3><span style=\"color: #000000;\"><strong>Informations sur la soci\u00e9t\u00e9<\/strong><\/span><\/h3><ul><li><span style=\"color: #000000;\"><strong>Site web<\/strong>: <a style=\"color: #000000;\" href=\"https:\/\/tiffanyshowpattaya.com\/fr\/\" target=\"_new\" rel=\"noopener\">tiffanyshowpattaya.com<\/a><\/span><\/li><li><span style=\"color: #000000;\"><strong>Nom de l&#039;entreprise<\/strong>: Spectacle Alcazar \u00e0 Pattaya<\/span><\/li><li><span style=\"color: #000000;\"><strong>Courriel de contact<\/strong>: <a style=\"color: #000000;\" href=\"mailto:contact@tiffanyshowpattaya.com\" rel=\"noopener\">contact@tiffanyshowpattaya.com<\/a><\/span><\/li><\/ul><h3><span style=\"color: #000000;\"><strong>Processus de livraison des billets<\/strong><\/span><br \/><span style=\"color: #000000;\"><strong>Livraison de bons d&#039;achat<\/strong><\/span><\/h3><p><span style=\"color: #000000;\">Une fois votre r\u00e9servation trait\u00e9e avec succ\u00e8s et le paiement confirm\u00e9, un bon pour votre <strong>Spectacle Alcazar \u00e0 Pattaya<\/strong> Les billets seront envoy\u00e9s \u00e0 l&#039;adresse e-mail ou au num\u00e9ro WhatsApp fourni lors du paiement. Ce bon sert de billet d&#039;entr\u00e9e au spectacle.<\/span><\/p><h3><span style=\"color: #000000;\"><strong>Livraison de bons \u00e9lectroniques (E-Ticket)<\/strong><\/span><\/h3><ul><li><span style=\"color: #000000;\"><strong>Envoi de courrier \u00e9lectronique<\/strong>:Votre bon vous sera envoy\u00e9 sous forme de pi\u00e8ce jointe par e-mail, que vous pourrez imprimer ou montrer sur votre appareil mobile lors de votre entr\u00e9e sur le lieu.<\/span><\/li><li><span style=\"color: #000000;\"><strong>Livraison WhatsApp<\/strong>:Si vous avez fourni un num\u00e9ro WhatsApp, nous vous enverrons \u00e9galement votre bon via WhatsApp pour votre commodit\u00e9.<\/span><\/li><\/ul><h3><span style=\"color: #000000;\"><strong>D\u00e9lai de livraison<\/strong><\/span><\/h3><ul><li><span style=\"color: #000000;\">Les bons sont g\u00e9n\u00e9ralement livr\u00e9s quelques minutes apr\u00e8s confirmation du paiement. Cependant, le traitement peut prendre jusqu&#039;\u00e0 1 heure.<\/span><\/li><li><span style=\"color: #000000;\">Veuillez v\u00e9rifier \u00e0 la fois votre bo\u00eete de r\u00e9ception et vos dossiers spam\/ind\u00e9sirables pour l&#039;e-mail du bon.<\/span><\/li><\/ul><h3><span style=\"color: #000000;\"><strong>Confirmation de commande<\/strong><\/span><\/h3><p><span style=\"color: #000000;\">Une fois votre r\u00e9servation effectu\u00e9e, vous recevrez un e-mail de confirmation de commande contenant les d\u00e9tails de votre achat, y compris un r\u00e9sum\u00e9 de vos informations de r\u00e9servation.<\/span><\/p><h3><span style=\"color: #000000;\"><strong>Informations importantes<\/strong><\/span><\/h3><ul><li><span style=\"color: #000000;\"><strong>Pas de livraison physique<\/strong>:Nous fournissons uniquement des billets \u00e9lectroniques. Aucun billet physique ne sera envoy\u00e9 par courrier.<\/span><\/li><li><span style=\"color: #000000;\"><strong>Responsabilit\u00e9 du client<\/strong>:Veuillez vous assurer de l&#039;exactitude de vos coordonn\u00e9es, y compris votre adresse e-mail et votre num\u00e9ro WhatsApp, pour recevoir votre bon rapidement.<\/span><\/li><li><span style=\"color: #000000;\"><strong>Conditions d&#039;admission<\/strong>:Vous devez pr\u00e9senter un bon valide (imprim\u00e9 ou num\u00e9rique) \u00e0 l&#039; <strong>Spectacle Alcazar \u00e0 Pattaya<\/strong> entr\u00e9e pour acc\u00e9der \u00e0 l&#039;int\u00e9rieur.<\/span><\/li><\/ul><h3><span style=\"color: #000000;\"><strong>Contactez-nous<\/strong><\/span><\/h3><p><span style=\"color: #000000;\">Pour toute question ou pr\u00e9occupation concernant la livraison de votre bon, veuillez nous contacter \u00e0 <strong><a style=\"color: #000000;\" href=\"mailto:contact@tiffanyshowpattaya.com\" rel=\"noopener\">contact@tiffanyshowpattaya.com<\/a><\/strong>Nous sommes heureux de vous aider et de garantir une exp\u00e9rience de r\u00e9servation fluide.<\/span><\/p><p><span style=\"color: #000000;\">Merci d&#039;avoir choisi <a href=\"https:\/\/tiffanyshowpattaya.com\/fr\/\"><strong>Spectacle Alcazar \u00e0 Pattaya<\/strong><\/a>Nous avons h\u00e2te de vous faire vivre une exp\u00e9rience de spectacle m\u00e9morable !<\/span><\/p>\t\t\t\t\t\t\t\t<\/div>\n\t\t\t\t<\/div>\n\t\t\t\t\t<\/div>\n\t\t<\/div>\n\t\t\t\t\t<\/div>\n\t\t<\/section>\n\t\t\t\t<\/div>","protected":false},"excerpt":{"rendered":"<p>Shipping Policy Welcome to Alcazar Show Pattaya\u2019s Ticket Booking PlatformThank you for choosing Alcazar Show Pattaya through our trusted platform. This Shipping Policy explains our ticket delivery process upon booking. Company Information Website: tiffanyshowpattaya.com Company Name: Alcazar Show Pattaya Contact Email: contact@tiffanyshowpattaya.com Ticket Delivery ProcessVoucher Delivery Once your booking is successfully processed and payment is [&hellip;]<\/p>\n","protected":false},"author":1,"featured_media":0,"parent":0,"menu_order":0,"comment_status":"closed","ping_status":"closed","template":"","meta":{"ocean_post_layout":"","ocean_both_sidebars_style":"","ocean_both_sidebars_content_width":0,"ocean_both_sidebars_sidebars_width":0,"ocean_sidebar":"","ocean_second_sidebar":"","ocean_disable_margins":"enable","ocean_add_body_class":"","ocean_shortcode_before_top_bar":"","ocean_shortcode_after_top_bar":"","ocean_shortcode_before_header":"","ocean_shortcode_after_header":"","ocean_has_shortcode":"","ocean_shortcode_after_title":"","ocean_shortcode_before_footer_widgets":"","ocean_shortcode_after_footer_widgets":"","ocean_shortcode_before_footer_bottom":"","ocean_shortcode_after_footer_bottom":"","ocean_display_top_bar":"default","ocean_display_header":"default","ocean_header_style":"","ocean_center_header_left_menu":"","ocean_custom_header_template":"","ocean_custom_logo":0,"ocean_custom_retina_logo":0,"ocean_custom_logo_max_width":0,"ocean_custom_logo_tablet_max_width":0,"ocean_custom_logo_mobile_max_width":0,"ocean_custom_logo_max_height":0,"ocean_custom_logo_tablet_max_height":0,"ocean_custom_logo_mobile_max_height":0,"ocean_header_custom_menu":"","ocean_menu_typo_font_family":"","ocean_menu_typo_font_subset":"","ocean_menu_typo_font_size":0,"ocean_menu_typo_font_size_tablet":0,"ocean_menu_typo_font_size_mobile":0,"ocean_menu_typo_font_size_unit":"px","ocean_menu_typo_font_weight":"","ocean_menu_typo_font_weight_tablet":"","ocean_menu_typo_font_weight_mobile":"","ocean_menu_typo_transform":"","ocean_menu_typo_transform_tablet":"","ocean_menu_typo_transform_mobile":"","ocean_menu_typo_line_height":0,"ocean_menu_typo_line_height_tablet":0,"ocean_menu_typo_line_height_mobile":0,"ocean_menu_typo_line_height_unit":"","ocean_menu_typo_spacing":0,"ocean_menu_typo_spacing_tablet":0,"ocean_menu_typo_spacing_mobile":0,"ocean_menu_typo_spacing_unit":"","ocean_menu_link_color":"","ocean_menu_link_color_hover":"","ocean_menu_link_color_active":"","ocean_menu_link_background":"","ocean_menu_link_hover_background":"","ocean_menu_link_active_background":"","ocean_menu_social_links_bg":"","ocean_menu_social_hover_links_bg":"","ocean_menu_social_links_color":"","ocean_menu_social_hover_links_color":"","ocean_disable_title":"default","ocean_disable_heading":"default","ocean_post_title":"","ocean_post_subheading":"","ocean_post_title_style":"","ocean_post_title_background_color":"","ocean_post_title_background":0,"ocean_post_title_bg_image_position":"","ocean_post_title_bg_image_attachment":"","ocean_post_title_bg_image_repeat":"","ocean_post_title_bg_image_size":"","ocean_post_title_height":0,"ocean_post_title_bg_overlay":0.5,"ocean_post_title_bg_overlay_color":"","ocean_disable_breadcrumbs":"default","ocean_breadcrumbs_color":"","ocean_breadcrumbs_separator_color":"","ocean_breadcrumbs_links_color":"","ocean_breadcrumbs_links_hover_color":"","ocean_display_footer_widgets":"default","ocean_display_footer_bottom":"default","ocean_custom_footer_template":"","footnotes":""},"class_list":["post-1541","page","type-page","status-publish","hentry","entry","owp-thumbs-layout-horizontal","owp-btn-normal","owp-tabs-layout-horizontal","has-no-thumbnails","has-product-nav"],"yoast_head":"<!-- This site is optimized with the Yoast SEO plugin v27.3 - https:\/\/yoast.com\/product\/yoast-seo-wordpress\/ -->\n<title>Shipping Policy | Alcazar Show Tickets - Triplyn Holidays<\/title>\n<meta name=\"description\" content=\"Explore Alcazar Show Pattaya Shipping Policy. Book Confidently With Triplyn Holidays And Enjoy A Seamless Experience.\" \/>\n<meta name=\"robots\" content=\"noindex, follow\" \/>\n<meta property=\"og:locale\" content=\"fr_FR\" \/>\n<meta property=\"og:type\" content=\"article\" \/>\n<meta property=\"og:title\" content=\"Shipping Policy | Alcazar Show Tickets - Triplyn Holidays\" \/>\n<meta property=\"og:description\" content=\"Explore Alcazar Show Pattaya Shipping Policy. Book Confidently With Triplyn Holidays And Enjoy A Seamless Experience.\" \/>\n<meta property=\"og:url\" content=\"https:\/\/tiffanyshowpattaya.com\/fr\/shipping-policy\/\" \/>\n<meta property=\"og:site_name\" content=\"Tiffany Show Pattaya\" \/>\n<meta property=\"article:modified_time\" content=\"2024-11-23T18:03:49+00:00\" \/>\n<meta name=\"twitter:card\" content=\"summary_large_image\" \/>\n<meta name=\"twitter:label1\" content=\"Dur\u00e9e de lecture estim\u00e9e\" \/>\n\t<meta name=\"twitter:data1\" content=\"2 minutes\" \/>\n<script type=\"application\/ld+json\" class=\"yoast-schema-graph\">{\"@context\":\"https:\\\/\\\/schema.org\",\"@graph\":[{\"@type\":\"WebPage\",\"@id\":\"https:\\\/\\\/tiffanyshowpattaya.com\\\/vi\\\/shipping-policy\\\/\",\"url\":\"https:\\\/\\\/tiffanyshowpattaya.com\\\/vi\\\/shipping-policy\\\/\",\"name\":\"Shipping Policy | Alcazar Show Tickets - Triplyn Holidays\",\"isPartOf\":{\"@id\":\"https:\\\/\\\/tiffanyshowpattaya.com\\\/#website\"},\"datePublished\":\"2024-11-23T18:00:25+00:00\",\"dateModified\":\"2024-11-23T18:03:49+00:00\",\"description\":\"Explore Alcazar Show Pattaya Shipping Policy. Book Confidently With Triplyn Holidays And Enjoy A Seamless Experience.\",\"breadcrumb\":{\"@id\":\"https:\\\/\\\/tiffanyshowpattaya.com\\\/vi\\\/shipping-policy\\\/#breadcrumb\"},\"inLanguage\":\"fr-FR\",\"potentialAction\":[{\"@type\":\"ReadAction\",\"target\":[\"https:\\\/\\\/tiffanyshowpattaya.com\\\/vi\\\/shipping-policy\\\/\"]}]},{\"@type\":\"BreadcrumbList\",\"@id\":\"https:\\\/\\\/tiffanyshowpattaya.com\\\/vi\\\/shipping-policy\\\/#breadcrumb\",\"itemListElement\":[{\"@type\":\"ListItem\",\"position\":1,\"name\":\"Home\",\"item\":\"https:\\\/\\\/tiffanyshowpattaya.com\\\/\"},{\"@type\":\"ListItem\",\"position\":2,\"name\":\"Shipping Policy\"}]},{\"@type\":\"WebSite\",\"@id\":\"https:\\\/\\\/tiffanyshowpattaya.com\\\/#website\",\"url\":\"https:\\\/\\\/tiffanyshowpattaya.com\\\/\",\"name\":\"Tiffany Show Pattaya\",\"description\":\"\",\"publisher\":{\"@id\":\"https:\\\/\\\/tiffanyshowpattaya.com\\\/#organization\"},\"potentialAction\":[{\"@type\":\"SearchAction\",\"target\":{\"@type\":\"EntryPoint\",\"urlTemplate\":\"https:\\\/\\\/tiffanyshowpattaya.com\\\/?s={search_term_string}\"},\"query-input\":{\"@type\":\"PropertyValueSpecification\",\"valueRequired\":true,\"valueName\":\"search_term_string\"}}],\"inLanguage\":\"fr-FR\"},{\"@type\":\"Organization\",\"@id\":\"https:\\\/\\\/tiffanyshowpattaya.com\\\/#organization\",\"name\":\"Tiffany Show Pattaya\",\"url\":\"https:\\\/\\\/tiffanyshowpattaya.com\\\/\",\"logo\":{\"@type\":\"ImageObject\",\"inLanguage\":\"fr-FR\",\"@id\":\"https:\\\/\\\/tiffanyshowpattaya.com\\\/#\\\/schema\\\/logo\\\/image\\\/\",\"url\":\"https:\\\/\\\/tiffanyshowpattaya.com\\\/wp-content\\\/uploads\\\/2024\\\/08\\\/Alcazar-Show.png\",\"contentUrl\":\"https:\\\/\\\/tiffanyshowpattaya.com\\\/wp-content\\\/uploads\\\/2024\\\/08\\\/Alcazar-Show.png\",\"width\":350,\"height\":100,\"caption\":\"Tiffany Show Pattaya\"},\"image\":{\"@id\":\"https:\\\/\\\/tiffanyshowpattaya.com\\\/#\\\/schema\\\/logo\\\/image\\\/\"}}]}<\/script>\n<!-- \/ Yoast SEO plugin. -->","yoast_head_json":{"title":"Politique d&#039;exp\u00e9dition | Billets pour le spectacle Alcazar - Triplyn Holidays","description":"Politique d&#039;exp\u00e9dition du spectacle Explore Alcazar de Pattaya. R\u00e9servez en toute confiance avec Triplyn Holidays et profitez d&#039;une exp\u00e9rience fluide.","robots":{"index":"noindex","follow":"follow"},"og_locale":"fr_FR","og_type":"article","og_title":"Shipping Policy | Alcazar Show Tickets - Triplyn Holidays","og_description":"Explore Alcazar Show Pattaya Shipping Policy. Book Confidently With Triplyn Holidays And Enjoy A Seamless Experience.","og_url":"https:\/\/tiffanyshowpattaya.com\/fr\/shipping-policy\/","og_site_name":"Tiffany Show Pattaya","article_modified_time":"2024-11-23T18:03:49+00:00","twitter_card":"summary_large_image","twitter_misc":{"Dur\u00e9e de lecture estim\u00e9e":"2 minutes"},"schema":{"@context":"https:\/\/schema.org","@graph":[{"@type":"WebPage","@id":"https:\/\/tiffanyshowpattaya.com\/vi\/shipping-policy\/","url":"https:\/\/tiffanyshowpattaya.com\/vi\/shipping-policy\/","name":"Politique d&#039;exp\u00e9dition | Billets pour le spectacle Alcazar - Triplyn Holidays","isPartOf":{"@id":"https:\/\/tiffanyshowpattaya.com\/#website"},"datePublished":"2024-11-23T18:00:25+00:00","dateModified":"2024-11-23T18:03:49+00:00","description":"Politique d&#039;exp\u00e9dition du spectacle Explore Alcazar de Pattaya. R\u00e9servez en toute confiance avec Triplyn Holidays et profitez d&#039;une exp\u00e9rience fluide.","breadcrumb":{"@id":"https:\/\/tiffanyshowpattaya.com\/vi\/shipping-policy\/#breadcrumb"},"inLanguage":"fr-FR","potentialAction":[{"@type":"ReadAction","target":["https:\/\/tiffanyshowpattaya.com\/vi\/shipping-policy\/"]}]},{"@type":"BreadcrumbList","@id":"https:\/\/tiffanyshowpattaya.com\/vi\/shipping-policy\/#breadcrumb","itemListElement":[{"@type":"ListItem","position":1,"name":"Home","item":"https:\/\/tiffanyshowpattaya.com\/"},{"@type":"ListItem","position":2,"name":"Shipping Policy"}]},{"@type":"WebSite","@id":"https:\/\/tiffanyshowpattaya.com\/#website","url":"https:\/\/tiffanyshowpattaya.com\/","name":"Tiffany Show Pattaya","description":"","publisher":{"@id":"https:\/\/tiffanyshowpattaya.com\/#organization"},"potentialAction":[{"@type":"SearchAction","target":{"@type":"EntryPoint","urlTemplate":"https:\/\/tiffanyshowpattaya.com\/?s={search_term_string}"},"query-input":{"@type":"PropertyValueSpecification","valueRequired":true,"valueName":"search_term_string"}}],"inLanguage":"fr-FR"},{"@type":"Organization","@id":"https:\/\/tiffanyshowpattaya.com\/#organization","name":"Tiffany Show Pattaya","url":"https:\/\/tiffanyshowpattaya.com\/","logo":{"@type":"ImageObject","inLanguage":"fr-FR","@id":"https:\/\/tiffanyshowpattaya.com\/#\/schema\/logo\/image\/","url":"https:\/\/tiffanyshowpattaya.com\/wp-content\/uploads\/2024\/08\/Alcazar-Show.png","contentUrl":"https:\/\/tiffanyshowpattaya.com\/wp-content\/uploads\/2024\/08\/Alcazar-Show.png","width":350,"height":100,"caption":"Tiffany Show Pattaya"},"image":{"@id":"https:\/\/tiffanyshowpattaya.com\/#\/schema\/logo\/image\/"}}]}},"_links":{"self":[{"href":"https:\/\/tiffanyshowpattaya.com\/fr\/wp-json\/wp\/v2\/pages\/1541","targetHints":{"allow":["GET"]}}],"collection":[{"href":"https:\/\/tiffanyshowpattaya.com\/fr\/wp-json\/wp\/v2\/pages"}],"about":[{"href":"https:\/\/tiffanyshowpattaya.com\/fr\/wp-json\/wp\/v2\/types\/page"}],"author":[{"embeddable":true,"href":"https:\/\/tiffanyshowpattaya.com\/fr\/wp-json\/wp\/v2\/users\/1"}],"replies":[{"embeddable":true,"href":"https:\/\/tiffanyshowpattaya.com\/fr\/wp-json\/wp\/v2\/comments?post=1541"}],"version-history":[{"count":4,"href":"https:\/\/tiffanyshowpattaya.com\/fr\/wp-json\/wp\/v2\/pages\/1541\/revisions"}],"predecessor-version":[{"id":1545,"href":"https:\/\/tiffanyshowpattaya.com\/fr\/wp-json\/wp\/v2\/pages\/1541\/revisions\/1545"}],"wp:attachment":[{"href":"https:\/\/tiffanyshowpattaya.com\/fr\/wp-json\/wp\/v2\/media?parent=1541"}],"curies":[{"name":"wp","href":"https:\/\/api.w.org\/{rel}","templated":true}]}}