{"id":619,"date":"2024-09-04T16:25:37","date_gmt":"2024-09-04T10:55:37","guid":{"rendered":"https:\/\/tiffanyshowpattaya.com\/?page_id=619"},"modified":"2024-10-23T12:34:14","modified_gmt":"2024-10-23T07:04:14","slug":"terms-of-usage","status":"publish","type":"page","link":"https:\/\/tiffanyshowpattaya.com\/fr\/terms-of-usage\/","title":{"rendered":"Conditions d&#039;utilisation"},"content":{"rendered":"<div data-elementor-type=\"wp-page\" data-elementor-id=\"619\" class=\"elementor elementor-619\" data-elementor-post-type=\"page\">\n\t\t\t\t\t\t<section data-particle_enable=\"false\" data-particle-mobile-disabled=\"false\" class=\"elementor-section elementor-top-section elementor-element elementor-element-79c59d6 elementor-section-boxed elementor-section-height-default elementor-section-height-default\" data-id=\"79c59d6\" data-element_type=\"section\" data-e-type=\"section\">\n\t\t\t\t\t\t<div class=\"elementor-container elementor-column-gap-default\">\n\t\t\t\t\t<div class=\"elementor-column elementor-col-100 elementor-top-column elementor-element elementor-element-46fa237\" data-id=\"46fa237\" data-element_type=\"column\" data-e-type=\"column\">\n\t\t\t<div class=\"elementor-widget-wrap elementor-element-populated\">\n\t\t\t\t\t\t<div class=\"elementor-element elementor-element-656bdc0 elementor-widget elementor-widget-text-editor\" data-id=\"656bdc0\" data-element_type=\"widget\" data-e-type=\"widget\" data-widget_type=\"text-editor.default\">\n\t\t\t\t<div class=\"elementor-widget-container\">\n\t\t\t\t\t\t\t\t\t<h2 style=\"text-align: center;\"><span style=\"color: #000000;\">Conditions d&#039;utilisation<\/span><\/h2><p><span style=\"color: #000000;\">Bienvenue \u00e0 <strong>Spectacle Alcazar \u00e0 Pattaya<\/strong>, exploit\u00e9 par <strong>Vacances \u00e0 Triplyn<\/strong>. En acc\u00e9dant \u00e0 notre site Web et en l&#039;utilisant, <a style=\"color: #000000;\" href=\"https:\/\/tiffanyshowpattaya.com\/fr\/\" target=\"_new\" rel=\"noopener\">https:\/\/tiffanyshowpattaya.com<\/a>, vous acceptez de vous conformer aux conditions g\u00e9n\u00e9rales suivantes et d&#039;\u00eatre li\u00e9 par elles. Veuillez lire attentivement ces conditions avant d&#039;utiliser notre site Web.<\/span><\/p><h4><span style=\"color: #000000;\">1. Conditions g\u00e9n\u00e9rales<\/span><\/h4><p><span style=\"color: #000000;\">Le contenu, les services et les produits disponibles sur ce site Web sont fournis par <strong>Vacances \u00e0 Triplyn<\/strong>En utilisant ce site Web, vous acceptez d&#039;adh\u00e9rer \u00e0 tous les termes, conditions et politiques d\u00e9crits sur cette page. Si vous n&#039;\u00eates pas d&#039;accord avec une partie quelconque de ces conditions, vous devez cesser imm\u00e9diatement d&#039;utiliser notre site Web.<\/span><\/p><h4><span style=\"color: #000000;\">2. Propri\u00e9t\u00e9 intellectuelle<\/span><\/h4><p><span style=\"color: #000000;\">Tout le contenu de ce site Web, y compris les textes, images, graphiques, logos et autres \u00e9l\u00e9ments, est la propri\u00e9t\u00e9 de <strong>Vacances \u00e0 Triplyn<\/strong> et est prot\u00e9g\u00e9 par le droit d&#039;auteur, les marques d\u00e9pos\u00e9es et d&#039;autres lois sur la propri\u00e9t\u00e9 intellectuelle. Vous ne pouvez pas reproduire, distribuer, modifier ou utiliser le contenu de ce site Web sans l&#039;autorisation explicite de <strong>Vacances \u00e0 Triplyn<\/strong>.<\/span><\/p><h4><span style=\"color: #000000;\">3. Utilisation du site Web<\/span><\/h4><p><span style=\"color: #000000;\">En utilisant <strong>Le spectacle Alcazar de Pattaya<\/strong> En utilisant ce site Web, vous acceptez les conditions suivantes\u00a0:<\/span><\/p><ul><li><span style=\"color: #000000;\">Vous n&#039;utiliserez pas ce site Web \u00e0 des fins ill\u00e9gales ou non autoris\u00e9es.<\/span><\/li><li><span style=\"color: #000000;\">Vous ne vous engagerez dans aucune activit\u00e9 susceptible d\u2019interf\u00e9rer avec le bon fonctionnement du site Web.<\/span><\/li><li><span style=\"color: #000000;\">Vous ne tenterez pas d\u2019acc\u00e9der aux zones s\u00e9curis\u00e9es du site Web sans autorisation appropri\u00e9e.<\/span><\/li><li><span style=\"color: #000000;\">Vous acceptez de ne pas distribuer de virus, de logiciels malveillants ou de logiciels nuisibles qui pourraient affecter la fonctionnalit\u00e9 du site Web.<\/span><\/li><\/ul><h4><span style=\"color: #000000;\">4. Comptes d&#039;utilisateurs<\/span><\/h4><p><span style=\"color: #000000;\">Pour r\u00e9server des billets ou utiliser certaines fonctionnalit\u00e9s de notre site Web, vous devrez peut-\u00eatre cr\u00e9er un compte utilisateur. Vous \u00eates responsable du maintien de la confidentialit\u00e9 des informations d&#039;identification de votre compte et vous acceptez d&#039;assumer la responsabilit\u00e9 de toutes les activit\u00e9s qui se produisent sous votre compte.<\/span><\/p><p><span style=\"color: #000000;\">Si vous pensez que votre compte a \u00e9t\u00e9 compromis, veuillez nous en informer imm\u00e9diatement \u00e0 <a style=\"color: #000000;\" href=\"mailto:contact@tiffanyshowpattaya.com\" rel=\"noopener\">contact@tiffanyshowpattaya.com<\/a>.<\/span><\/p><h4><span style=\"color: #000000;\">5. Conditions de r\u00e9servation<\/span><\/h4><p><span style=\"color: #000000;\">Lors de la r\u00e9servation de billets pour <strong><a href=\"https:\/\/tiffanyshowpattaya.com\/fr\/\">Spectacle Cabaret Alcazar<\/a> Pattaya<\/strong> via notre site Web, vous acceptez ce qui suit :<\/span><\/p><ul><li><span style=\"color: #000000;\">Toutes les r\u00e9servations sont soumises \u00e0 disponibilit\u00e9 et confirmation.<\/span><\/li><li><span style=\"color: #000000;\">Les prix affich\u00e9s sur le site sont sujets \u00e0 changement sans pr\u00e9avis.<\/span><\/li><li><span style=\"color: #000000;\">Vous devez fournir des informations exactes et compl\u00e8tes lors de la r\u00e9servation de billets, y compris les d\u00e9tails de paiement.<\/span><\/li><li><span style=\"color: #000000;\">Nous nous r\u00e9servons le droit d&#039;annuler ou de modifier les r\u00e9servations en cas de circonstances impr\u00e9vues, y compris des erreurs de prix ou de disponibilit\u00e9.<\/span><\/li><\/ul><h4><span style=\"color: #000000;\">6. Paiement<\/span><\/h4><p><span style=\"color: #000000;\">Tous les paiements pour les r\u00e9servations de billets doivent \u00eatre effectu\u00e9s via des passerelles de paiement s\u00e9curis\u00e9es fournies sur notre site Web. En effectuant un paiement, vous acceptez que les informations de paiement que vous fournissez sont exactes et que vous \u00eates autoris\u00e9 \u00e0 utiliser le mode de paiement. Nous prenons la s\u00e9curit\u00e9 de vos paiements au s\u00e9rieux et nous nous assurons que vos informations de paiement sont prot\u00e9g\u00e9es par le biais de technologies de cryptage et s\u00e9curis\u00e9es.<\/span><\/p><h4><span style=\"color: #000000;\">7. Remboursements et annulations<\/span><\/h4><p><span style=\"color: #000000;\">Notre politique de remboursement et d&#039;annulation est la suivante :<\/span><\/p><ul><li><span style=\"color: #000000;\"><strong>Annulations :<\/strong> Vous pouvez annuler votre r\u00e9servation en nous contactant au <a style=\"color: #000000;\" href=\"mailto:contact@tiffanyshowpattaya.com\" rel=\"noopener\">contact@tiffanyshowpattaya.com<\/a>Veuillez noter que les annulations sont soumises \u00e0 des conditions sp\u00e9cifiques et que toutes les r\u00e9servations ne sont pas \u00e9ligibles \u00e0 un remboursement.<\/span><\/li><li><span style=\"color: #000000;\"><strong>Remboursements :<\/strong> Les remboursements ne seront effectu\u00e9s que pour les annulations qui r\u00e9pondent aux crit\u00e8res d\u00e9crits dans notre politique de remboursement. Les remboursements seront trait\u00e9s via le mode de paiement d&#039;origine.<\/span><\/li><\/ul><p><span style=\"color: #000000;\">Pour plus d&#039;informations, veuillez consulter notre <a style=\"color: #000000;\" target=\"_new\" rel=\"noopener\">Politique de remboursement<\/a>.<\/span><\/p><h4><span style=\"color: #000000;\">8. Limitation de responsabilit\u00e9<\/span><\/h4><p><span style=\"color: #000000;\"><strong>Vacances \u00e0 Triplyn<\/strong> ne sera pas responsable des dommages directs, indirects, accessoires ou cons\u00e9cutifs r\u00e9sultant de l&#039;utilisation ou de l&#039;impossibilit\u00e9 d&#039;utiliser le site Web, y compris, mais sans s&#039;y limiter :<\/span><\/p><ul><li><span style=\"color: #000000;\">Inexactitudes ou erreurs dans le contenu ou les informations fournies sur le site Web.<\/span><\/li><li><span style=\"color: #000000;\">Tout retard ou d\u00e9faillance dans l\u2019ex\u00e9cution des services en raison d\u2019\u00e9v\u00e9nements ind\u00e9pendants de notre volont\u00e9, y compris les catastrophes naturelles, les d\u00e9faillances techniques ou les actions de tiers.<\/span><\/li><li><span style=\"color: #000000;\">Perte de donn\u00e9es, de b\u00e9n\u00e9fices ou de r\u00e9putation suite \u00e0 l\u2019utilisation de notre site Web ou de nos services.<\/span><\/li><\/ul><p><span style=\"color: #000000;\">Vous acceptez d&#039;utiliser ce site Web \u00e0 vos propres risques.<\/span><\/p><h4><span style=\"color: #000000;\">9. Liens vers des sites tiers<\/span><\/h4><p><span style=\"color: #000000;\">Notre site Web peut contenir des liens vers des sites Web ou des services tiers. Ces liens sont fournis pour votre commodit\u00e9 et <strong>Vacances \u00e0 Triplyn<\/strong> n&#039;approuve ni n&#039;assume la responsabilit\u00e9 du contenu, des politiques de confidentialit\u00e9 ou des pratiques de tout site Web tiers. Nous vous encourageons \u00e0 consulter les conditions et les politiques de confidentialit\u00e9 de tout site Web tiers que vous visitez.<\/span><\/p><h4><span style=\"color: #000000;\">10. Politique de confidentialit\u00e9<\/span><\/h4><p><span style=\"color: #000000;\">En utilisant notre site Web, vous acceptez que nous recueillions et utilisions vos informations comme d\u00e9crit dans notre <a style=\"color: #000000;\" href=\"https:\/\/tiffanyshowpattaya.com\/fr\/privacy-policy\/\" target=\"_blank\" rel=\"noopener\">politique de confidentialit\u00e9<\/a>Veuillez lire notre politique de confidentialit\u00e9 pour comprendre comment nous traitons vos donn\u00e9es personnelles.<\/span><\/p><h4><span style=\"color: #000000;\">11. Modifications des conditions d&#039;utilisation<\/span><\/h4><p><span style=\"color: #000000;\">Nous nous r\u00e9servons le droit de modifier ou de mettre \u00e0 jour ces conditions d&#039;utilisation \u00e0 tout moment, sans pr\u00e9avis. Tout changement sera publi\u00e9 sur cette page, et il est de votre responsabilit\u00e9 de consulter r\u00e9guli\u00e8rement ces conditions pour rester inform\u00e9 de toute mise \u00e0 jour. Votre utilisation continue du site Web apr\u00e8s la publication des modifications constitue votre acceptation des conditions r\u00e9vis\u00e9es.<\/span><\/p><h4><span style=\"color: #000000;\">12. Loi applicable<\/span><\/h4><p><span style=\"color: #000000;\">Les pr\u00e9sentes conditions d&#039;utilisation sont r\u00e9gies et interpr\u00e9t\u00e9es conform\u00e9ment aux lois de l&#039;Inde. Tout litige d\u00e9coulant des pr\u00e9sentes conditions ou de votre utilisation du site Web sera soumis \u00e0 la juridiction exclusive des tribunaux situ\u00e9s \u00e0 New Delhi, en Inde.<\/span><\/p><h4><span style=\"color: #000000;\">13. Contactez-nous<\/span><\/h4><p><span style=\"color: #000000;\">Si vous avez des questions ou des pr\u00e9occupations concernant ces conditions d&#039;utilisation, veuillez nous contacter :<\/span><\/p><ul><li><span style=\"color: #000000;\"><strong>Nom de l&#039;entreprise:<\/strong> Vacances \u00e0 Triplyn<\/span><\/li><li><span style=\"color: #000000;\"><strong>Adresse:<\/strong> A-54, zone industrielle de Keshopur, Vikaspuri, New Delhi 110018, Inde<\/span><\/li><li><span style=\"color: #000000;\"><strong>E-mail:<\/strong> <a style=\"color: #000000;\" href=\"mailto:contact@tiffanyshowpattaya.com\" rel=\"noopener\">contact@tiffanyshowpattaya.com<\/a><\/span><\/li><\/ul><h4><span style=\"color: #000000;\">14. R\u00e9siliation de l&#039;acc\u00e8s<\/span><\/h4><p><span style=\"color: #000000;\">Nous nous r\u00e9servons le droit de r\u00e9silier ou de suspendre votre acc\u00e8s au site Web ou \u00e0 toute partie de celui-ci, sans pr\u00e9avis ni responsabilit\u00e9, pour quelque raison que ce soit, y compris, mais sans s&#039;y limiter, votre violation des pr\u00e9sentes conditions. En cas de r\u00e9siliation, vos droits d&#039;utilisation des services et du contenu fournis sur le site Web cesseront imm\u00e9diatement.<\/span><\/p><h4><span style=\"color: #000000;\">15. Indemnisation<\/span><\/h4><p><span style=\"color: #000000;\">Vous acceptez d&#039;indemniser, de d\u00e9fendre et de d\u00e9gager de toute responsabilit\u00e9 <strong>Vacances \u00e0 Triplyn<\/strong> et ses soci\u00e9t\u00e9s affili\u00e9es, dirigeants, administrateurs, employ\u00e9s et agents contre toutes r\u00e9clamations, dommages, responsabilit\u00e9s, co\u00fbts ou d\u00e9penses (y compris les honoraires juridiques raisonnables) d\u00e9coulant de ou li\u00e9s \u00e0 votre utilisation du site Web, \u00e0 la violation de ces conditions ou \u00e0 la violation des droits de tiers.<\/span><\/p><h4><span style=\"color: #000000;\">16. Int\u00e9gralit\u00e9 de l&#039;accord<\/span><\/h4><p><span style=\"color: #000000;\">Ces conditions d&#039;utilisation, ainsi que tous les autres avis juridiques ou politiques publi\u00e9s sur le site Web, constituent l&#039;int\u00e9gralit\u00e9 de l&#039;accord entre vous et <strong>Vacances \u00e0 Triplyn<\/strong> concernant l&#039;utilisation de <strong>Le spectacle Alcazar de Pattaya<\/strong> site Web. Le pr\u00e9sent accord remplace tous les accords ou ententes ant\u00e9rieurs, qu&#039;ils soient \u00e9crits ou oraux, concernant l&#039;objet contenu dans les pr\u00e9sentes conditions.<\/span><\/p><h4><span style=\"color: #000000;\">17. Divisibilit\u00e9<\/span><\/h4><p><span style=\"color: #000000;\">Si une disposition des pr\u00e9sentes Conditions d&#039;utilisation est jug\u00e9e invalide ou inapplicable par un tribunal comp\u00e9tent, cette invalidit\u00e9 n&#039;affectera pas les autres dispositions des pr\u00e9sentes conditions, qui resteront pleinement en vigueur.<\/span><\/p><h4><span style=\"color: #000000;\">18. Renonciation<\/span><\/h4><p><span style=\"color: #000000;\">Aucune renonciation par <strong>Vacances \u00e0 Triplyn<\/strong> de toute violation ou de tout manquement aux pr\u00e9sentes conditions sera consid\u00e9r\u00e9 comme une renonciation \u00e0 toute violation ou tout manquement ant\u00e9rieur ou ult\u00e9rieur. Tout manquement de <strong>Vacances \u00e0 Triplyn<\/strong> le fait de faire valoir une disposition quelconque des pr\u00e9sentes conditions ne constitue pas une renonciation \u00e0 ce droit ou \u00e0 cette disposition.<\/span><\/p><h4><span style=\"color: #000000;\">19. Force majeure<\/span><\/h4><p><span style=\"color: #000000;\"><strong>Vacances \u00e0 Triplyn<\/strong> ne sera pas responsable de tout manquement ou retard dans l&#039;ex\u00e9cution de ses obligations en vertu des pr\u00e9sentes conditions en raison d&#039;\u00e9v\u00e9nements ou de circonstances \u00e9chappant \u00e0 son contr\u00f4le raisonnable, y compris, mais sans s&#039;y limiter, les catastrophes naturelles, les gr\u00e8ves, les lock-out, la guerre, le terrorisme, les troubles civils, les r\u00e9glementations gouvernementales ou toute autre cause \u00e9chappant \u00e0 son contr\u00f4le raisonnable.<\/span><\/p>\t\t\t\t\t\t\t\t<\/div>\n\t\t\t\t<\/div>\n\t\t\t\t\t<\/div>\n\t\t<\/div>\n\t\t\t\t\t<\/div>\n\t\t<\/section>\n\t\t\t\t<\/div>","protected":false},"excerpt":{"rendered":"<p>Terms of Usage Welcome to Alcazar Show Pattaya, operated by Triplyn Holidays. By accessing and using our website, https:\/\/tiffanyshowpattaya.com, you agree to comply with and be bound by the following terms and conditions. Please read these terms carefully before using our website. 1. General Terms The content, services, and products available on this website are [&hellip;]<\/p>\n","protected":false},"author":1,"featured_media":0,"parent":0,"menu_order":0,"comment_status":"closed","ping_status":"closed","template":"","meta":{"ocean_post_layout":"","ocean_both_sidebars_style":"","ocean_both_sidebars_content_width":0,"ocean_both_sidebars_sidebars_width":0,"ocean_sidebar":"","ocean_second_sidebar":"","ocean_disable_margins":"enable","ocean_add_body_class":"","ocean_shortcode_before_top_bar":"","ocean_shortcode_after_top_bar":"","ocean_shortcode_before_header":"","ocean_shortcode_after_header":"","ocean_has_shortcode":"","ocean_shortcode_after_title":"","ocean_shortcode_before_footer_widgets":"","ocean_shortcode_after_footer_widgets":"","ocean_shortcode_before_footer_bottom":"","ocean_shortcode_after_footer_bottom":"","ocean_display_top_bar":"default","ocean_display_header":"default","ocean_header_style":"","ocean_center_header_left_menu":"","ocean_custom_header_template":"","ocean_custom_logo":0,"ocean_custom_retina_logo":0,"ocean_custom_logo_max_width":0,"ocean_custom_logo_tablet_max_width":0,"ocean_custom_logo_mobile_max_width":0,"ocean_custom_logo_max_height":0,"ocean_custom_logo_tablet_max_height":0,"ocean_custom_logo_mobile_max_height":0,"ocean_header_custom_menu":"","ocean_menu_typo_font_family":"","ocean_menu_typo_font_subset":"","ocean_menu_typo_font_size":0,"ocean_menu_typo_font_size_tablet":0,"ocean_menu_typo_font_size_mobile":0,"ocean_menu_typo_font_size_unit":"px","ocean_menu_typo_font_weight":"","ocean_menu_typo_font_weight_tablet":"","ocean_menu_typo_font_weight_mobile":"","ocean_menu_typo_transform":"","ocean_menu_typo_transform_tablet":"","ocean_menu_typo_transform_mobile":"","ocean_menu_typo_line_height":0,"ocean_menu_typo_line_height_tablet":0,"ocean_menu_typo_line_height_mobile":0,"ocean_menu_typo_line_height_unit":"","ocean_menu_typo_spacing":0,"ocean_menu_typo_spacing_tablet":0,"ocean_menu_typo_spacing_mobile":0,"ocean_menu_typo_spacing_unit":"","ocean_menu_link_color":"","ocean_menu_link_color_hover":"","ocean_menu_link_color_active":"","ocean_menu_link_background":"","ocean_menu_link_hover_background":"","ocean_menu_link_active_background":"","ocean_menu_social_links_bg":"","ocean_menu_social_hover_links_bg":"","ocean_menu_social_links_color":"","ocean_menu_social_hover_links_color":"","ocean_disable_title":"default","ocean_disable_heading":"default","ocean_post_title":"","ocean_post_subheading":"","ocean_post_title_style":"","ocean_post_title_background_color":"","ocean_post_title_background":0,"ocean_post_title_bg_image_position":"","ocean_post_title_bg_image_attachment":"","ocean_post_title_bg_image_repeat":"","ocean_post_title_bg_image_size":"","ocean_post_title_height":0,"ocean_post_title_bg_overlay":0.5,"ocean_post_title_bg_overlay_color":"","ocean_disable_breadcrumbs":"default","ocean_breadcrumbs_color":"","ocean_breadcrumbs_separator_color":"","ocean_breadcrumbs_links_color":"","ocean_breadcrumbs_links_hover_color":"","ocean_display_footer_widgets":"default","ocean_display_footer_bottom":"default","ocean_custom_footer_template":"","footnotes":""},"class_list":["post-619","page","type-page","status-publish","hentry","entry","owp-thumbs-layout-horizontal","owp-btn-normal","owp-tabs-layout-horizontal","has-no-thumbnails","has-product-nav"],"yoast_head":"<!-- This site is optimized with the Yoast SEO plugin v27.3 - https:\/\/yoast.com\/product\/yoast-seo-wordpress\/ -->\n<title>Terms Of Usage | Alcazar Show Pattaya Tickets<\/title>\n<meta name=\"description\" content=\"Understand The Terms Of Using Alcazar Show Pattaya. Review Booking Policies, Cancellations, And User Responsibilities.\" \/>\n<meta name=\"robots\" content=\"noindex, follow\" \/>\n<meta property=\"og:locale\" content=\"fr_FR\" \/>\n<meta property=\"og:type\" content=\"article\" \/>\n<meta property=\"og:title\" content=\"Terms Of Usage | Alcazar Show Pattaya Tickets\" \/>\n<meta property=\"og:description\" content=\"Understand The Terms Of Using Alcazar Show Pattaya. Review Booking Policies, Cancellations, And User Responsibilities.\" \/>\n<meta property=\"og:url\" content=\"https:\/\/tiffanyshowpattaya.com\/fr\/ketentuan-penggunaan\/\" \/>\n<meta property=\"og:site_name\" content=\"Tiffany Show Pattaya\" \/>\n<meta property=\"article:modified_time\" content=\"2024-10-23T07:04:14+00:00\" \/>\n<meta name=\"twitter:card\" content=\"summary_large_image\" \/>\n<meta name=\"twitter:label1\" content=\"Dur\u00e9e de lecture estim\u00e9e\" \/>\n\t<meta name=\"twitter:data1\" content=\"6 minutes\" \/>\n<script type=\"application\/ld+json\" class=\"yoast-schema-graph\">{\"@context\":\"https:\\\/\\\/schema.org\",\"@graph\":[{\"@type\":\"WebPage\",\"@id\":\"https:\\\/\\\/tiffanyshowpattaya.com\\\/id\\\/ketentuan-penggunaan\\\/\",\"url\":\"https:\\\/\\\/tiffanyshowpattaya.com\\\/id\\\/ketentuan-penggunaan\\\/\",\"name\":\"Terms Of Usage | Alcazar Show Pattaya Tickets\",\"isPartOf\":{\"@id\":\"https:\\\/\\\/tiffanyshowpattaya.com\\\/#website\"},\"datePublished\":\"2024-09-04T10:55:37+00:00\",\"dateModified\":\"2024-10-23T07:04:14+00:00\",\"description\":\"Understand The Terms Of Using Alcazar Show Pattaya. Review Booking Policies, Cancellations, And User Responsibilities.\",\"breadcrumb\":{\"@id\":\"https:\\\/\\\/tiffanyshowpattaya.com\\\/id\\\/ketentuan-penggunaan\\\/#breadcrumb\"},\"inLanguage\":\"fr-FR\",\"potentialAction\":[{\"@type\":\"ReadAction\",\"target\":[\"https:\\\/\\\/tiffanyshowpattaya.com\\\/id\\\/ketentuan-penggunaan\\\/\"]}]},{\"@type\":\"BreadcrumbList\",\"@id\":\"https:\\\/\\\/tiffanyshowpattaya.com\\\/id\\\/ketentuan-penggunaan\\\/#breadcrumb\",\"itemListElement\":[{\"@type\":\"ListItem\",\"position\":1,\"name\":\"Home\",\"item\":\"https:\\\/\\\/tiffanyshowpattaya.com\\\/\"},{\"@type\":\"ListItem\",\"position\":2,\"name\":\"Terms Of Usage\"}]},{\"@type\":\"WebSite\",\"@id\":\"https:\\\/\\\/tiffanyshowpattaya.com\\\/#website\",\"url\":\"https:\\\/\\\/tiffanyshowpattaya.com\\\/\",\"name\":\"Tiffany Show Pattaya\",\"description\":\"\",\"publisher\":{\"@id\":\"https:\\\/\\\/tiffanyshowpattaya.com\\\/#organization\"},\"potentialAction\":[{\"@type\":\"SearchAction\",\"target\":{\"@type\":\"EntryPoint\",\"urlTemplate\":\"https:\\\/\\\/tiffanyshowpattaya.com\\\/?s={search_term_string}\"},\"query-input\":{\"@type\":\"PropertyValueSpecification\",\"valueRequired\":true,\"valueName\":\"search_term_string\"}}],\"inLanguage\":\"fr-FR\"},{\"@type\":\"Organization\",\"@id\":\"https:\\\/\\\/tiffanyshowpattaya.com\\\/#organization\",\"name\":\"Tiffany Show Pattaya\",\"url\":\"https:\\\/\\\/tiffanyshowpattaya.com\\\/\",\"logo\":{\"@type\":\"ImageObject\",\"inLanguage\":\"fr-FR\",\"@id\":\"https:\\\/\\\/tiffanyshowpattaya.com\\\/#\\\/schema\\\/logo\\\/image\\\/\",\"url\":\"https:\\\/\\\/tiffanyshowpattaya.com\\\/wp-content\\\/uploads\\\/2024\\\/08\\\/Alcazar-Show.png\",\"contentUrl\":\"https:\\\/\\\/tiffanyshowpattaya.com\\\/wp-content\\\/uploads\\\/2024\\\/08\\\/Alcazar-Show.png\",\"width\":350,\"height\":100,\"caption\":\"Tiffany Show Pattaya\"},\"image\":{\"@id\":\"https:\\\/\\\/tiffanyshowpattaya.com\\\/#\\\/schema\\\/logo\\\/image\\\/\"}}]}<\/script>\n<!-- \/ Yoast SEO plugin. -->","yoast_head_json":{"title":"Conditions d&#039;utilisation | Billets pour le spectacle Alcazar \u00e0 Pattaya","description":"Comprendre les conditions d&#039;utilisation d&#039;Alcazar Show Pattaya. Examiner les politiques de r\u00e9servation, les annulations et les responsabilit\u00e9s des utilisateurs.","robots":{"index":"noindex","follow":"follow"},"og_locale":"fr_FR","og_type":"article","og_title":"Terms Of Usage | Alcazar Show Pattaya Tickets","og_description":"Understand The Terms Of Using Alcazar Show Pattaya. Review Booking Policies, Cancellations, And User Responsibilities.","og_url":"https:\/\/tiffanyshowpattaya.com\/fr\/ketentuan-penggunaan\/","og_site_name":"Tiffany Show Pattaya","article_modified_time":"2024-10-23T07:04:14+00:00","twitter_card":"summary_large_image","twitter_misc":{"Dur\u00e9e de lecture estim\u00e9e":"6 minutes"},"schema":{"@context":"https:\/\/schema.org","@graph":[{"@type":"WebPage","@id":"https:\/\/tiffanyshowpattaya.com\/id\/ketentuan-penggunaan\/","url":"https:\/\/tiffanyshowpattaya.com\/id\/ketentuan-penggunaan\/","name":"Conditions d&#039;utilisation | Billets pour le spectacle Alcazar \u00e0 Pattaya","isPartOf":{"@id":"https:\/\/tiffanyshowpattaya.com\/#website"},"datePublished":"2024-09-04T10:55:37+00:00","dateModified":"2024-10-23T07:04:14+00:00","description":"Comprendre les conditions d&#039;utilisation d&#039;Alcazar Show Pattaya. Examiner les politiques de r\u00e9servation, les annulations et les responsabilit\u00e9s des utilisateurs.","breadcrumb":{"@id":"https:\/\/tiffanyshowpattaya.com\/id\/ketentuan-penggunaan\/#breadcrumb"},"inLanguage":"fr-FR","potentialAction":[{"@type":"ReadAction","target":["https:\/\/tiffanyshowpattaya.com\/id\/ketentuan-penggunaan\/"]}]},{"@type":"BreadcrumbList","@id":"https:\/\/tiffanyshowpattaya.com\/id\/ketentuan-penggunaan\/#breadcrumb","itemListElement":[{"@type":"ListItem","position":1,"name":"Home","item":"https:\/\/tiffanyshowpattaya.com\/"},{"@type":"ListItem","position":2,"name":"Terms Of Usage"}]},{"@type":"WebSite","@id":"https:\/\/tiffanyshowpattaya.com\/#website","url":"https:\/\/tiffanyshowpattaya.com\/","name":"Tiffany Show Pattaya","description":"","publisher":{"@id":"https:\/\/tiffanyshowpattaya.com\/#organization"},"potentialAction":[{"@type":"SearchAction","target":{"@type":"EntryPoint","urlTemplate":"https:\/\/tiffanyshowpattaya.com\/?s={search_term_string}"},"query-input":{"@type":"PropertyValueSpecification","valueRequired":true,"valueName":"search_term_string"}}],"inLanguage":"fr-FR"},{"@type":"Organization","@id":"https:\/\/tiffanyshowpattaya.com\/#organization","name":"Tiffany Show Pattaya","url":"https:\/\/tiffanyshowpattaya.com\/","logo":{"@type":"ImageObject","inLanguage":"fr-FR","@id":"https:\/\/tiffanyshowpattaya.com\/#\/schema\/logo\/image\/","url":"https:\/\/tiffanyshowpattaya.com\/wp-content\/uploads\/2024\/08\/Alcazar-Show.png","contentUrl":"https:\/\/tiffanyshowpattaya.com\/wp-content\/uploads\/2024\/08\/Alcazar-Show.png","width":350,"height":100,"caption":"Tiffany Show Pattaya"},"image":{"@id":"https:\/\/tiffanyshowpattaya.com\/#\/schema\/logo\/image\/"}}]}},"_links":{"self":[{"href":"https:\/\/tiffanyshowpattaya.com\/fr\/wp-json\/wp\/v2\/pages\/619","targetHints":{"allow":["GET"]}}],"collection":[{"href":"https:\/\/tiffanyshowpattaya.com\/fr\/wp-json\/wp\/v2\/pages"}],"about":[{"href":"https:\/\/tiffanyshowpattaya.com\/fr\/wp-json\/wp\/v2\/types\/page"}],"author":[{"embeddable":true,"href":"https:\/\/tiffanyshowpattaya.com\/fr\/wp-json\/wp\/v2\/users\/1"}],"replies":[{"embeddable":true,"href":"https:\/\/tiffanyshowpattaya.com\/fr\/wp-json\/wp\/v2\/comments?post=619"}],"version-history":[{"count":9,"href":"https:\/\/tiffanyshowpattaya.com\/fr\/wp-json\/wp\/v2\/pages\/619\/revisions"}],"predecessor-version":[{"id":1297,"href":"https:\/\/tiffanyshowpattaya.com\/fr\/wp-json\/wp\/v2\/pages\/619\/revisions\/1297"}],"wp:attachment":[{"href":"https:\/\/tiffanyshowpattaya.com\/fr\/wp-json\/wp\/v2\/media?parent=619"}],"curies":[{"name":"wp","href":"https:\/\/api.w.org\/{rel}","templated":true}]}}