{"id":1625,"date":"2025-01-25T19:52:48","date_gmt":"2025-01-25T14:22:48","guid":{"rendered":"https:\/\/tiffanyshowpattaya.com\/?post_type=product&#038;p=1625"},"modified":"2025-02-12T13:34:21","modified_gmt":"2025-02-12T08:04:21","slug":"alcazar-cabaret-show-vip-tickets-with-private-hotel-transfers","status":"publish","type":"product","link":"https:\/\/tiffanyshowpattaya.com\/fr\/tickets\/alcazar-cabaret-show-vip-tickets-with-private-hotel-transfers\/","title":{"rendered":"Billets VIP pour le spectacle de cabaret Alcazar avec transferts priv\u00e9s \u00e0 l&#039;h\u00f4tel"},"content":{"rendered":"<h2><strong>Billets VIP pour le spectacle de cabaret Alcazar avec transfert priv\u00e9 depuis l&#039;h\u00f4tel de Pattaya<\/strong><\/h2>\n<h3><strong>Une exp\u00e9rience luxueuse et inoubliable<\/strong><\/h3>\n<h3>\u00c0 propos du spectacle de cabaret Alcazar \u2013 Billets VIP avec transferts priv\u00e9s depuis et vers l&#039;h\u00f4tel<\/h3>\n<p>Le <a href=\"https:\/\/tiffanyshowpattaya.com\/fr\/\">Spectacle Cabaret Alcazar<\/a> \u00e0 Pattaya offre une performance de classe mondiale qui combine des lumi\u00e8res \u00e9blouissantes, des costumes \u00e9poustouflants et une chor\u00e9graphie impressionnante. <strong>Billet VIP avec transfert priv\u00e9 aller simple ou aller-retour<\/strong>, vous vivrez une exp\u00e9rience exclusive et luxueuse, comprenant des si\u00e8ges au premier rang, un traitement VIP et m\u00eame un chauffeur priv\u00e9 pour venir vous chercher et vous ramener \u00e0 votre h\u00f4tel \u00e0 Pattaya.<\/p>\n<p>Vous profiterez des meilleures places de la salle, de boissons gratuites, d&#039;un service d&#039;escorte VIP et d&#039;une s\u00e9ance photo inoubliable avec les artistes talentueux. R\u00e9servez d\u00e8s maintenant pour b\u00e9n\u00e9ficier du meilleur prix et profitez d&#039;une soir\u00e9e fluide et sans stress avec transferts priv\u00e9s inclus !<\/p>\n<h3>Points forts du billet VIP\u00a0:<\/h3>\n<ul>\n<li><strong>Si\u00e8ges Premium au premier rang<\/strong>:Profitez de la meilleure vue sur les performances \u00e9poustouflantes avec une vue d\u00e9gag\u00e9e depuis la premi\u00e8re rang\u00e9e.<\/li>\n<li><strong>Transferts priv\u00e9s aller simple\/aller-retour depuis et vers votre h\u00f4tel<\/strong>: Oubliez les tracas du transport. Votre chauffeur priv\u00e9 viendra vous chercher et vous d\u00e9posera directement \u00e0 votre h\u00f4tel de Pattaya. Vous pouvez choisir entre un transfert aller simple ou un transfert aller-retour depuis votre h\u00f4tel de Pattaya.<\/li>\n<li><strong>Traitement VIP<\/strong>:B\u00e9n\u00e9ficiez de services VIP exclusifs, notamment de boissons gratuites et d&#039;une escorte personnalis\u00e9e jusqu&#039;\u00e0 votre si\u00e8ge premium.<\/li>\n<li><strong>Opportunit\u00e9 photo exclusive<\/strong>:Apr\u00e8s le spectacle, profitez de la chance de prendre une photo m\u00e9morable avec les artistes en payant un pourboire.<\/li>\n<\/ul>\n<h3>Horaires des spectacles :<\/h3>\n<ul>\n<li>17h00<\/li>\n<li>18h30<\/li>\n<li>20h00<\/li>\n<li>21h30<br \/>\n<em>(Veuillez arriver 15 minutes plus t\u00f4t pour b\u00e9n\u00e9ficier des places VIP et du service d&#039;escorte.)<\/em><\/li>\n<\/ul>\n<h3>Inclusions:<\/h3>\n<ul>\n<li><strong>Transfert priv\u00e9 aller simple\/aller-retour depuis et vers votre h\u00f4tel<\/strong>: Profitez du confort d&#039;un chauffeur priv\u00e9 avec des transferts aller simple ou aller-retour depuis votre h\u00f4tel de Pattaya.<\/li>\n<li><strong>Si\u00e8ges VIP au premier rang<\/strong>:Les meilleures places avec vue panoramique sur tout le spectacle.<\/li>\n<li><strong>Boisson offerte<\/strong>:Des rafra\u00eechissements pour rendre votre exp\u00e9rience encore plus agr\u00e9able.<\/li>\n<li><strong>Service d&#039;escorte VIP<\/strong>:Escorte VIP d\u00e9di\u00e9e pour vous guider jusqu&#039;\u00e0 votre si\u00e8ge et vous assurer une exp\u00e9rience fluide.<\/li>\n<li><strong>Photo avec les artistes<\/strong>:Une occasion sp\u00e9ciale de prendre une photo avec les talentueux artistes apr\u00e8s le spectacle en payant un pourboire suppl\u00e9mentaire.<\/li>\n<li><strong>Plusieurs horaires de repr\u00e9sentation<\/strong>:Options de spectacle flexibles \u00e0 17h00, 18h30, 20h00 ou 21h30 selon votre emploi du temps.<\/li>\n<\/ul>\n<h3>Exclusions :<\/h3>\n<ul>\n<li><strong>Boissons et nourriture suppl\u00e9mentaires<\/strong>:Seules les boissons et collations gratuites sont incluses. Des aliments ou boissons suppl\u00e9mentaires peuvent \u00eatre achet\u00e9s s\u00e9par\u00e9ment.<\/li>\n<li><strong>Photos souvenirs<\/strong>:Une photo avec les artistes est incluse, mais des photos suppl\u00e9mentaires peuvent entra\u00eener des frais suppl\u00e9mentaires.<\/li>\n<li><strong>Salon ou salle \u00e0 manger priv\u00e9<\/strong>:L&#039;acc\u00e8s aux restaurants ou salons exclusifs n&#039;est pas inclus.<\/li>\n<\/ul>\n<h3>Politique de remboursement et d&#039;annulation :<\/h3>\n<ul>\n<li><strong>Billets non remboursables<\/strong>:Veuillez v\u00e9rifier les d\u00e9tails de votre r\u00e9servation avant de confirmer votre achat.<\/li>\n<li><strong>Non-pr\u00e9sentation, pas de remboursement<\/strong>:Si vous ne vous pr\u00e9sentez pas au spectacle \u00e0 l&#039;heure r\u00e9serv\u00e9e, aucun remboursement ne sera effectu\u00e9.<\/li>\n<li><strong>Aucune modification autoris\u00e9e<\/strong>:Les changements de date ou d&#039;heure ne sont pas autoris\u00e9s une fois votre r\u00e9servation confirm\u00e9e.<\/li>\n<li><strong>Force majeure<\/strong>:En cas de perturbations m\u00e9t\u00e9orologiques ou de probl\u00e8mes techniques, des remboursements ou des reports peuvent \u00eatre envisag\u00e9s conform\u00e9ment aux politiques du lieu.<\/li>\n<\/ul>\n<h3>Quoi de plus ?<\/h3>\n<ul>\n<li><strong>Restrictions relatives \u00e0 la photographie<\/strong>:Les photos ne sont pas autoris\u00e9es pendant la repr\u00e9sentation. Vous aurez n\u00e9anmoins la possibilit\u00e9 de prendre une photo VIP avec les artistes apr\u00e8s le spectacle.<\/li>\n<li><strong>Exp\u00e9rience VIP<\/strong>:Des places au premier rang aux avantages exclusifs, profitez d&#039;une soir\u00e9e de luxe avec des services d\u00e9di\u00e9s, y compris un transfert priv\u00e9 vers l&#039;h\u00f4tel.<\/li>\n<\/ul>\n<h3>Conseils d&#039;initi\u00e9s\u00a0:<\/h3>\n<ul>\n<li><strong>Arriver t\u00f4t<\/strong>: Arrivez au moins 15 minutes avant le spectacle pour profiter de tous les avantages VIP.<\/li>\n<li><strong>Code vestimentaire d\u00e9contract\u00e9 et chic<\/strong>:Bien qu&#039;il n&#039;y ait pas de code vestimentaire formel, une tenue d\u00e9contract\u00e9e \u00e9l\u00e9gante est recommand\u00e9e pour une exp\u00e9rience am\u00e9lior\u00e9e.<\/li>\n<li><strong>Restez hydrat\u00e9<\/strong>:N&#039;oubliez pas de boire de l&#039;eau tout au long de la soir\u00e9e, m\u00eame si une boisson gratuite est fournie.<\/li>\n<li><strong>Capturez l&#039;instant<\/strong>:N&#039;oubliez pas de prendre une photo avec les artistes apr\u00e8s le spectacle !<\/li>\n<\/ul>\n<h3>\u00c0 faire et \u00e0 ne pas faire\u00a0:<\/h3>\n<ul>\n<li><strong>Faire<\/strong>:Apportez votre pi\u00e8ce d&#039;identit\u00e9 pour le contr\u00f4le des billets \u00e0 l&#039;entr\u00e9e.<\/li>\n<li><strong>Ne le faites pas<\/strong>:Apportez de gros sacs, de l\u2019alcool ou des objets tranchants dans la salle.<\/li>\n<li><strong>Faire<\/strong>Soyez ponctuel pour profiter des si\u00e8ges VIP et du service d&#039;escorte.<\/li>\n<li><strong>Ne le faites pas<\/strong>:Utilisez la photographie au flash pendant la performance.<\/li>\n<\/ul>\n<h3>\u00c0 savoir avant de partir :<\/h3>\n<ul>\n<li><strong>Les meilleurs si\u00e8ges de la Chambre<\/strong>:Les billets VIP garantissent des places au premier rang avec une vue panoramique sur le spectacle spectaculaire.<\/li>\n<li><strong>Transferts priv\u00e9s aller simple\/aller-retour<\/strong>:Un chauffeur d\u00e9di\u00e9 viendra vous chercher \u00e0 votre h\u00f4tel \u00e0 Pattaya et vous ram\u00e8nera (si r\u00e9serv\u00e9) apr\u00e8s le spectacle pour un maximum de confort.<\/li>\n<li><strong>Plusieurs horaires de repr\u00e9sentation<\/strong>:Les horaires flexibles vous permettent de choisir le moment qui convient le mieux \u00e0 votre emploi du temps.<\/li>\n<li><strong>Confirmation de r\u00e9servation<\/strong>:Apr\u00e8s la r\u00e9servation, vous recevrez un bon de confirmation via <a href=\"https:\/\/wa.me\/66911889951?text=Hello!%20I%27m%20interested%20in%20the%20Alcazar%20Show.%20Could%20you%20please%20share%20more%20details%20about%20the%20show%3F%20Thank%20you!\" target=\"_blank\" rel=\"noopener\">WhatsApp<\/a> ou par e-mail, que vous devrez pr\u00e9senter \u00e0 votre arriv\u00e9e.<\/li>\n<\/ul>\n<h3>Localisation et comment y arriver :<\/h3>\n<p><strong>Emplacement<\/strong>: Spectacle de cabaret Alcazar, Pattaya, Chonburi, Tha\u00eflande<br \/>\n<strong>En voiture<\/strong>:Situ\u00e9 \u00e0 seulement 1,5 km de la plage de Pattaya, facilement accessible en taxi ou en v\u00e9hicule priv\u00e9.<br \/>\n<strong>En transports en commun<\/strong>: Accessible en songthaew (taxi partag\u00e9) ou en bus.<\/p>\n<h3>Foire aux questions (FAQ) :<\/h3>\n<p><strong>Q : Le billet VIP inclut-il les transferts priv\u00e9s ?<\/strong><br \/>\nR : Oui, le billet VIP comprend <strong>transferts priv\u00e9s aller simple ou aller-retour<\/strong> depuis votre h\u00f4tel \u00e0 Pattaya.<\/p>\n<p><strong>Q : Puis-je modifier la date ou l&#039;heure de ma r\u00e9servation ?<\/strong><br \/>\nR : Malheureusement, les modifications ne sont pas autoris\u00e9es une fois la r\u00e9servation effectu\u00e9e. Veuillez v\u00e9rifier tous les d\u00e9tails avant de finaliser votre r\u00e9servation.<\/p>\n<p><strong>Q : Existe-t-il un code vestimentaire pour les billets VIP ?<\/strong><br \/>\nR : Bien qu&#039;il n&#039;y ait pas de code vestimentaire formel, nous recommandons une tenue d\u00e9contract\u00e9e \u00e9l\u00e9gante pour am\u00e9liorer votre exp\u00e9rience VIP.<\/p>\n<p><strong>Q : Puis-je prendre des photos pendant le spectacle ?<\/strong><br \/>\nR : Les photos ne sont pas autoris\u00e9es pendant le spectacle. Cependant, vous pouvez prendre une photo VIP avec les artistes apr\u00e8s la repr\u00e9sentation.<\/p>\n<h3>R\u00e9servez d\u00e8s aujourd&#039;hui votre billet pour le spectacle de cabaret VIP Alcazar avec transferts priv\u00e9s\u00a0!<\/h3>\n<p>Ne manquez pas le meilleur prix pour une soir\u00e9e inoubliable remplie de divertissements de classe mondiale, d&#039;avantages VIP exclusifs et de la commodit\u00e9 des transferts priv\u00e9s vers les h\u00f4tels. <a href=\"https:\/\/wa.me\/66911889951?text=Hello!%20I%27m%20interested%20in%20the%20Alcazar%20Show.%20Could%20you%20please%20share%20more%20details%20about%20the%20show%3F%20Thank%20you!\" target=\"_blank\" rel=\"noopener\">Contactez-nous via WhatsApp<\/a> ou envoyez un e-mail pour recevoir votre bon et r\u00e9server votre place d\u00e8s maintenant !<\/p>","protected":false},"excerpt":{"rendered":"<p>Alcazar Cabaret Show VIP Tickets with Private Transfer from Pattaya Hotel A Luxurious &amp; Unforgettable Experience About the Alcazar Cabaret Show &#8211; VIP Tickets with Private Hotel Transfers The Alcazar Cabaret Show in Pattaya offers a world-class performance that combines dazzling lights, stunning costumes, and impressive choreography. With the VIP Ticket with One-Way or Round-Trip [&hellip;]<\/p>\n","protected":false},"featured_media":1358,"template":"","meta":{"ocean_post_layout":"","ocean_both_sidebars_style":"","ocean_both_sidebars_content_width":0,"ocean_both_sidebars_sidebars_width":0,"ocean_sidebar":"0","ocean_second_sidebar":"0","ocean_disable_margins":"enable","ocean_add_body_class":"","ocean_shortcode_before_top_bar":"","ocean_shortcode_after_top_bar":"","ocean_shortcode_before_header":"","ocean_shortcode_after_header":"","ocean_has_shortcode":"","ocean_shortcode_after_title":"","ocean_shortcode_before_footer_widgets":"","ocean_shortcode_after_footer_widgets":"","ocean_shortcode_before_footer_bottom":"","ocean_shortcode_after_footer_bottom":"","ocean_display_top_bar":"default","ocean_display_header":"default","ocean_header_style":"","ocean_center_header_left_menu":"0","ocean_custom_header_template":"0","ocean_custom_logo":0,"ocean_custom_retina_logo":0,"ocean_custom_logo_max_width":0,"ocean_custom_logo_tablet_max_width":0,"ocean_custom_logo_mobile_max_width":0,"ocean_custom_logo_max_height":0,"ocean_custom_logo_tablet_max_height":0,"ocean_custom_logo_mobile_max_height":0,"ocean_header_custom_menu":"0","ocean_menu_typo_font_family":"0","ocean_menu_typo_font_subset":"","ocean_menu_typo_font_size":0,"ocean_menu_typo_font_size_tablet":0,"ocean_menu_typo_font_size_mobile":0,"ocean_menu_typo_font_size_unit":"px","ocean_menu_typo_font_weight":"","ocean_menu_typo_font_weight_tablet":"","ocean_menu_typo_font_weight_mobile":"","ocean_menu_typo_transform":"","ocean_menu_typo_transform_tablet":"","ocean_menu_typo_transform_mobile":"","ocean_menu_typo_line_height":0,"ocean_menu_typo_line_height_tablet":0,"ocean_menu_typo_line_height_mobile":0,"ocean_menu_typo_line_height_unit":"","ocean_menu_typo_spacing":0,"ocean_menu_typo_spacing_tablet":0,"ocean_menu_typo_spacing_mobile":0,"ocean_menu_typo_spacing_unit":"","ocean_menu_link_color":"","ocean_menu_link_color_hover":"","ocean_menu_link_color_active":"","ocean_menu_link_background":"","ocean_menu_link_hover_background":"","ocean_menu_link_active_background":"","ocean_menu_social_links_bg":"","ocean_menu_social_hover_links_bg":"","ocean_menu_social_links_color":"","ocean_menu_social_hover_links_color":"","ocean_disable_title":"default","ocean_disable_heading":"default","ocean_post_title":"","ocean_post_subheading":"","ocean_post_title_style":"","ocean_post_title_background_color":"","ocean_post_title_background":0,"ocean_post_title_bg_image_position":"","ocean_post_title_bg_image_attachment":"","ocean_post_title_bg_image_repeat":"","ocean_post_title_bg_image_size":"","ocean_post_title_height":0,"ocean_post_title_bg_overlay":0.5,"ocean_post_title_bg_overlay_color":"","ocean_disable_breadcrumbs":"default","ocean_breadcrumbs_color":"","ocean_breadcrumbs_separator_color":"","ocean_breadcrumbs_links_color":"","ocean_breadcrumbs_links_hover_color":"","ocean_display_footer_widgets":"default","ocean_display_footer_bottom":"default","ocean_custom_footer_template":"0"},"product_brand":[],"product_cat":[20],"product_tag":[],"class_list":{"0":"post-1625","1":"product","2":"type-product","3":"status-publish","4":"has-post-thumbnail","6":"product_cat-tickets","8":"entry","9":"has-media","10":"tm-has-options","12":"first","13":"instock","14":"virtual","15":"purchasable","16":"product-type-simple","17":"has-product-nav","18":"col","19":"span_1_of_3","20":"owp-content-center","21":"owp-thumbs-layout-horizontal","22":"owp-btn-normal","23":"owp-tabs-layout-horizontal"},"yoast_head":"<!-- This site is optimized with the Yoast SEO plugin v27.3 - https:\/\/yoast.com\/product\/yoast-seo-wordpress\/ -->\n<title>Book Alcazar Cabaret Show VIP Tickets With Private Transfers<\/title>\n<meta name=\"description\" content=\"Book Your Alcazar Cabaret Show VIP Tickets! Enjoy Discounted Rates, Private Hotel Transfers, VIP Seating &amp; An Unforgettable Experience At The Best Price!\" \/>\n<meta name=\"robots\" content=\"noindex, follow, max-snippet:-1, max-image-preview:large, max-video-preview:-1\" \/>\n<meta property=\"og:locale\" content=\"fr_FR\" \/>\n<meta property=\"og:type\" content=\"article\" \/>\n<meta property=\"og:title\" content=\"Book Alcazar Cabaret Show VIP Tickets With Private Transfers\" \/>\n<meta property=\"og:description\" content=\"Book Your Alcazar Cabaret Show VIP Tickets! Enjoy Discounted Rates, Private Hotel Transfers, VIP Seating &amp; An Unforgettable Experience At The Best Price!\" \/>\n<meta property=\"og:url\" content=\"https:\/\/tiffanyshowpattaya.com\/fr\/tickets\/alcazar-cabaret-show-vip-tickets-with-private-hotel-transfers\/\" \/>\n<meta property=\"og:site_name\" content=\"Tiffany Show Pattaya\" \/>\n<meta property=\"article:modified_time\" content=\"2025-02-12T08:04:21+00:00\" \/>\n<meta property=\"og:image\" content=\"https:\/\/tiffanyshowpattaya.com\/wp-content\/uploads\/2024\/11\/Alcazar-Show-Tickets.png\" \/>\n\t<meta property=\"og:image:width\" content=\"1280\" \/>\n\t<meta property=\"og:image:height\" content=\"720\" \/>\n\t<meta property=\"og:image:type\" content=\"image\/png\" \/>\n<meta name=\"twitter:card\" content=\"summary_large_image\" \/>\n<meta name=\"twitter:label1\" content=\"Dur\u00e9e de lecture estim\u00e9e\" \/>\n\t<meta name=\"twitter:data1\" content=\"5 minutes\" \/>\n<script type=\"application\/ld+json\" class=\"yoast-schema-graph\">{\"@context\":\"https:\\\/\\\/schema.org\",\"@graph\":[{\"@type\":\"WebPage\",\"@id\":\"https:\\\/\\\/tiffanyshowpattaya.com\\\/tickets\\\/alcazar-cabaret-show-vip-tickets-with-private-hotel-transfers\\\/\",\"url\":\"https:\\\/\\\/tiffanyshowpattaya.com\\\/tickets\\\/alcazar-cabaret-show-vip-tickets-with-private-hotel-transfers\\\/\",\"name\":\"Book Alcazar Cabaret Show VIP Tickets With Private Transfers\",\"isPartOf\":{\"@id\":\"https:\\\/\\\/tiffanyshowpattaya.com\\\/#website\"},\"primaryImageOfPage\":{\"@id\":\"https:\\\/\\\/tiffanyshowpattaya.com\\\/tickets\\\/alcazar-cabaret-show-vip-tickets-with-private-hotel-transfers\\\/#primaryimage\"},\"image\":{\"@id\":\"https:\\\/\\\/tiffanyshowpattaya.com\\\/tickets\\\/alcazar-cabaret-show-vip-tickets-with-private-hotel-transfers\\\/#primaryimage\"},\"thumbnailUrl\":\"https:\\\/\\\/tiffanyshowpattaya.com\\\/wp-content\\\/uploads\\\/2024\\\/11\\\/Alcazar-Show-Tickets.png\",\"datePublished\":\"2025-01-25T14:22:48+00:00\",\"dateModified\":\"2025-02-12T08:04:21+00:00\",\"description\":\"Book Your Alcazar Cabaret Show VIP Tickets! Enjoy Discounted Rates, Private Hotel Transfers, VIP Seating & An Unforgettable Experience At The Best Price!\",\"breadcrumb\":{\"@id\":\"https:\\\/\\\/tiffanyshowpattaya.com\\\/tickets\\\/alcazar-cabaret-show-vip-tickets-with-private-hotel-transfers\\\/#breadcrumb\"},\"inLanguage\":\"fr-FR\",\"potentialAction\":[{\"@type\":\"ReadAction\",\"target\":[\"https:\\\/\\\/tiffanyshowpattaya.com\\\/tickets\\\/alcazar-cabaret-show-vip-tickets-with-private-hotel-transfers\\\/\"]}]},{\"@type\":\"ImageObject\",\"inLanguage\":\"fr-FR\",\"@id\":\"https:\\\/\\\/tiffanyshowpattaya.com\\\/tickets\\\/alcazar-cabaret-show-vip-tickets-with-private-hotel-transfers\\\/#primaryimage\",\"url\":\"https:\\\/\\\/tiffanyshowpattaya.com\\\/wp-content\\\/uploads\\\/2024\\\/11\\\/Alcazar-Show-Tickets.png\",\"contentUrl\":\"https:\\\/\\\/tiffanyshowpattaya.com\\\/wp-content\\\/uploads\\\/2024\\\/11\\\/Alcazar-Show-Tickets.png\",\"width\":1280,\"height\":720,\"caption\":\"Alcazar Show Tickets\"},{\"@type\":\"BreadcrumbList\",\"@id\":\"https:\\\/\\\/tiffanyshowpattaya.com\\\/tickets\\\/alcazar-cabaret-show-vip-tickets-with-private-hotel-transfers\\\/#breadcrumb\",\"itemListElement\":[{\"@type\":\"ListItem\",\"position\":1,\"name\":\"Home\",\"item\":\"https:\\\/\\\/tiffanyshowpattaya.com\\\/\"},{\"@type\":\"ListItem\",\"position\":2,\"name\":\"Tickets\",\"item\":\"https:\\\/\\\/tiffanyshowpattaya.com\\\/fr\\\/tickets\\\/\"},{\"@type\":\"ListItem\",\"position\":3,\"name\":\"Alcazar Cabaret Show VIP Tickets With Private Hotel Transfers\"}]},{\"@type\":\"WebSite\",\"@id\":\"https:\\\/\\\/tiffanyshowpattaya.com\\\/#website\",\"url\":\"https:\\\/\\\/tiffanyshowpattaya.com\\\/\",\"name\":\"Tiffany Show Pattaya\",\"description\":\"\",\"publisher\":{\"@id\":\"https:\\\/\\\/tiffanyshowpattaya.com\\\/#organization\"},\"potentialAction\":[{\"@type\":\"SearchAction\",\"target\":{\"@type\":\"EntryPoint\",\"urlTemplate\":\"https:\\\/\\\/tiffanyshowpattaya.com\\\/?s={search_term_string}\"},\"query-input\":{\"@type\":\"PropertyValueSpecification\",\"valueRequired\":true,\"valueName\":\"search_term_string\"}}],\"inLanguage\":\"fr-FR\"},{\"@type\":\"Organization\",\"@id\":\"https:\\\/\\\/tiffanyshowpattaya.com\\\/#organization\",\"name\":\"Tiffany Show Pattaya\",\"url\":\"https:\\\/\\\/tiffanyshowpattaya.com\\\/\",\"logo\":{\"@type\":\"ImageObject\",\"inLanguage\":\"fr-FR\",\"@id\":\"https:\\\/\\\/tiffanyshowpattaya.com\\\/#\\\/schema\\\/logo\\\/image\\\/\",\"url\":\"https:\\\/\\\/tiffanyshowpattaya.com\\\/wp-content\\\/uploads\\\/2024\\\/08\\\/Alcazar-Show.png\",\"contentUrl\":\"https:\\\/\\\/tiffanyshowpattaya.com\\\/wp-content\\\/uploads\\\/2024\\\/08\\\/Alcazar-Show.png\",\"width\":350,\"height\":100,\"caption\":\"Tiffany Show Pattaya\"},\"image\":{\"@id\":\"https:\\\/\\\/tiffanyshowpattaya.com\\\/#\\\/schema\\\/logo\\\/image\\\/\"}}]}<\/script>\n<!-- \/ Yoast SEO plugin. -->","yoast_head_json":{"title":"R\u00e9servez des billets VIP pour le spectacle de cabaret Alcazar avec transferts priv\u00e9s","description":"R\u00e9servez vos billets VIP pour le spectacle de cabaret Alcazar ! Profitez de tarifs r\u00e9duits, de transferts priv\u00e9s depuis et vers votre h\u00f4tel, de places VIP et d&#039;une exp\u00e9rience inoubliable au meilleur prix !","robots":{"index":"noindex","follow":"follow","max-snippet":"max-snippet:-1","max-image-preview":"max-image-preview:large","max-video-preview":"max-video-preview:-1"},"og_locale":"fr_FR","og_type":"article","og_title":"Book Alcazar Cabaret Show VIP Tickets With Private Transfers","og_description":"Book Your Alcazar Cabaret Show VIP Tickets! Enjoy Discounted Rates, Private Hotel Transfers, VIP Seating & An Unforgettable Experience At The Best Price!","og_url":"https:\/\/tiffanyshowpattaya.com\/fr\/tickets\/alcazar-cabaret-show-vip-tickets-with-private-hotel-transfers\/","og_site_name":"Tiffany Show Pattaya","article_modified_time":"2025-02-12T08:04:21+00:00","og_image":[{"width":1280,"height":720,"url":"https:\/\/tiffanyshowpattaya.com\/wp-content\/uploads\/2024\/11\/Alcazar-Show-Tickets.png","type":"image\/png"}],"twitter_card":"summary_large_image","twitter_misc":{"Dur\u00e9e de lecture estim\u00e9e":"5 minutes"},"schema":{"@context":"https:\/\/schema.org","@graph":[{"@type":"WebPage","@id":"https:\/\/tiffanyshowpattaya.com\/tickets\/alcazar-cabaret-show-vip-tickets-with-private-hotel-transfers\/","url":"https:\/\/tiffanyshowpattaya.com\/tickets\/alcazar-cabaret-show-vip-tickets-with-private-hotel-transfers\/","name":"R\u00e9servez des billets VIP pour le spectacle de cabaret Alcazar avec transferts priv\u00e9s","isPartOf":{"@id":"https:\/\/tiffanyshowpattaya.com\/#website"},"primaryImageOfPage":{"@id":"https:\/\/tiffanyshowpattaya.com\/tickets\/alcazar-cabaret-show-vip-tickets-with-private-hotel-transfers\/#primaryimage"},"image":{"@id":"https:\/\/tiffanyshowpattaya.com\/tickets\/alcazar-cabaret-show-vip-tickets-with-private-hotel-transfers\/#primaryimage"},"thumbnailUrl":"https:\/\/tiffanyshowpattaya.com\/wp-content\/uploads\/2024\/11\/Alcazar-Show-Tickets.png","datePublished":"2025-01-25T14:22:48+00:00","dateModified":"2025-02-12T08:04:21+00:00","description":"R\u00e9servez vos billets VIP pour le spectacle de cabaret Alcazar ! Profitez de tarifs r\u00e9duits, de transferts priv\u00e9s depuis et vers votre h\u00f4tel, de places VIP et d&#039;une exp\u00e9rience inoubliable au meilleur prix !","breadcrumb":{"@id":"https:\/\/tiffanyshowpattaya.com\/tickets\/alcazar-cabaret-show-vip-tickets-with-private-hotel-transfers\/#breadcrumb"},"inLanguage":"fr-FR","potentialAction":[{"@type":"ReadAction","target":["https:\/\/tiffanyshowpattaya.com\/tickets\/alcazar-cabaret-show-vip-tickets-with-private-hotel-transfers\/"]}]},{"@type":"ImageObject","inLanguage":"fr-FR","@id":"https:\/\/tiffanyshowpattaya.com\/tickets\/alcazar-cabaret-show-vip-tickets-with-private-hotel-transfers\/#primaryimage","url":"https:\/\/tiffanyshowpattaya.com\/wp-content\/uploads\/2024\/11\/Alcazar-Show-Tickets.png","contentUrl":"https:\/\/tiffanyshowpattaya.com\/wp-content\/uploads\/2024\/11\/Alcazar-Show-Tickets.png","width":1280,"height":720,"caption":"Alcazar Show Tickets"},{"@type":"BreadcrumbList","@id":"https:\/\/tiffanyshowpattaya.com\/tickets\/alcazar-cabaret-show-vip-tickets-with-private-hotel-transfers\/#breadcrumb","itemListElement":[{"@type":"ListItem","position":1,"name":"Home","item":"https:\/\/tiffanyshowpattaya.com\/"},{"@type":"ListItem","position":2,"name":"Tickets","item":"https:\/\/tiffanyshowpattaya.com\/fr\/tickets\/"},{"@type":"ListItem","position":3,"name":"Alcazar Cabaret Show VIP Tickets With Private Hotel Transfers"}]},{"@type":"WebSite","@id":"https:\/\/tiffanyshowpattaya.com\/#website","url":"https:\/\/tiffanyshowpattaya.com\/","name":"Tiffany Show Pattaya","description":"","publisher":{"@id":"https:\/\/tiffanyshowpattaya.com\/#organization"},"potentialAction":[{"@type":"SearchAction","target":{"@type":"EntryPoint","urlTemplate":"https:\/\/tiffanyshowpattaya.com\/?s={search_term_string}"},"query-input":{"@type":"PropertyValueSpecification","valueRequired":true,"valueName":"search_term_string"}}],"inLanguage":"fr-FR"},{"@type":"Organization","@id":"https:\/\/tiffanyshowpattaya.com\/#organization","name":"Tiffany Show Pattaya","url":"https:\/\/tiffanyshowpattaya.com\/","logo":{"@type":"ImageObject","inLanguage":"fr-FR","@id":"https:\/\/tiffanyshowpattaya.com\/#\/schema\/logo\/image\/","url":"https:\/\/tiffanyshowpattaya.com\/wp-content\/uploads\/2024\/08\/Alcazar-Show.png","contentUrl":"https:\/\/tiffanyshowpattaya.com\/wp-content\/uploads\/2024\/08\/Alcazar-Show.png","width":350,"height":100,"caption":"Tiffany Show Pattaya"},"image":{"@id":"https:\/\/tiffanyshowpattaya.com\/#\/schema\/logo\/image\/"}}]}},"_links":{"self":[{"href":"https:\/\/tiffanyshowpattaya.com\/fr\/wp-json\/wp\/v2\/product\/1625","targetHints":{"allow":["GET"]}}],"collection":[{"href":"https:\/\/tiffanyshowpattaya.com\/fr\/wp-json\/wp\/v2\/product"}],"about":[{"href":"https:\/\/tiffanyshowpattaya.com\/fr\/wp-json\/wp\/v2\/types\/product"}],"wp:featuredmedia":[{"embeddable":true,"href":"https:\/\/tiffanyshowpattaya.com\/fr\/wp-json\/wp\/v2\/media\/1358"}],"wp:attachment":[{"href":"https:\/\/tiffanyshowpattaya.com\/fr\/wp-json\/wp\/v2\/media?parent=1625"}],"wp:term":[{"taxonomy":"product_brand","embeddable":true,"href":"https:\/\/tiffanyshowpattaya.com\/fr\/wp-json\/wp\/v2\/product_brand?post=1625"},{"taxonomy":"product_cat","embeddable":true,"href":"https:\/\/tiffanyshowpattaya.com\/fr\/wp-json\/wp\/v2\/product_cat?post=1625"},{"taxonomy":"product_tag","embeddable":true,"href":"https:\/\/tiffanyshowpattaya.com\/fr\/wp-json\/wp\/v2\/product_tag?post=1625"}],"curies":[{"name":"wp","href":"https:\/\/api.w.org\/{rel}","templated":true}]}}