{"id":1285,"date":"2024-10-23T12:21:59","date_gmt":"2024-10-23T06:51:59","guid":{"rendered":"https:\/\/tiffanyshowpattaya.com\/?page_id=1285"},"modified":"2024-10-23T12:23:37","modified_gmt":"2024-10-23T06:53:37","slug":"company-details","status":"publish","type":"page","link":"https:\/\/tiffanyshowpattaya.com\/it\/company-details\/","title":{"rendered":"Dettagli aziendali"},"content":{"rendered":"<div data-elementor-type=\"wp-page\" data-elementor-id=\"1285\" class=\"elementor elementor-1285\" data-elementor-post-type=\"page\">\n\t\t\t\t\t\t<section data-particle_enable=\"false\" data-particle-mobile-disabled=\"false\" class=\"elementor-section elementor-top-section elementor-element elementor-element-2c10db5 elementor-section-boxed elementor-section-height-default elementor-section-height-default\" data-id=\"2c10db5\" data-element_type=\"section\" data-e-type=\"section\">\n\t\t\t\t\t\t<div class=\"elementor-container elementor-column-gap-default\">\n\t\t\t\t\t<div class=\"elementor-column elementor-col-100 elementor-top-column elementor-element elementor-element-eef4b82\" data-id=\"eef4b82\" data-element_type=\"column\" data-e-type=\"column\">\n\t\t\t<div class=\"elementor-widget-wrap elementor-element-populated\">\n\t\t\t\t\t\t<div class=\"elementor-element elementor-element-6c3c170 elementor-widget elementor-widget-text-editor\" data-id=\"6c3c170\" data-element_type=\"widget\" data-e-type=\"widget\" data-widget_type=\"text-editor.default\">\n\t\t\t\t<div class=\"elementor-widget-container\">\n\t\t\t\t\t\t\t\t\t<h2 style=\"text-align: center;\"><span style=\"color: #000000;\">Dettagli aziendali<\/span><\/h2><p><span style=\"color: #000000;\">Benvenuti a <strong>Spettacolo Alcazar Pattaya<\/strong>, il tuo partner di fiducia per offrirti esperienze indimenticabili in uno degli spettacoli di cabaret pi\u00f9 famosi della Thailandia. Gestito da <strong>Vacanze Triplyn<\/strong>, garantiamo che ogni visitatore abbia un&#039;esperienza di prenotazione dei biglietti fluida e memorabile per il <a href=\"https:\/\/tiffanyshowpattaya.com\/it\/\"><strong>Spettacolo di Cabaret Alcazar<\/strong><\/a>.<\/span><\/p><h3><span style=\"color: #000000;\">Chi siamo<\/span><\/h3><p><span style=\"color: #000000;\"><strong>Vacanze Triplyn<\/strong> \u00e8 una rinomata compagnia di viaggi e turismo che si dedica a fornire servizi di alta qualit\u00e0 ai viaggiatori di tutto il mondo. Siamo specializzati nella prenotazione di biglietti per le attrazioni turistiche pi\u00f9 popolari, tra cui <strong>Spettacolo di cabaret Alcazar Pattaya<\/strong>La nostra missione \u00e8 offrire ai nostri clienti le migliori offerte, processi di prenotazione fluidi e un servizio clienti di prim&#039;ordine.<\/span><\/p><h3><span style=\"color: #000000;\">Informazioni aziendali<\/span><\/h3><ul><li><span style=\"color: #000000;\"><strong>Nome dell&#039;azienda:<\/strong> Vacanze Triplyn<\/span><\/li><li><span style=\"color: #000000;\"><strong>Indirizzo registrato:<\/strong> A-54, Keshopur Industrial Area, Vikaspuri, Nuova Delhi 110018, India<\/span><\/li><li><span style=\"color: #000000;\"><strong>E-mail:<\/strong> <a style=\"color: #000000;\" href=\"mailto:contact@tiffanyshowpattaya.com\" rel=\"noopener\">contact@tiffanyshowpattaya.com<\/a><\/span><\/li><\/ul><p><span style=\"color: #000000;\">Ci impegniamo a fornire trasparenza e a creare fiducia con i nostri clienti. Se hai domande sulle tue prenotazioni, non esitare a contattarci via email.<\/span><\/p><h3><span style=\"color: #000000;\">Contattaci<\/span><\/h3><p><span style=\"color: #000000;\">Per qualsiasi domanda o supporto relativo alla tua visita al <strong>Spettacolo di cabaret Alcazar Pattaya<\/strong>non esitate a contattarci:<\/span><\/p><ul><li><span style=\"color: #000000;\"><strong>E-mail:<\/strong> <a style=\"color: #000000;\" href=\"mailto:contact@tiffanyshowpattaya.com\" rel=\"noopener\">contact@tiffanyshowpattaya.com<\/a><\/span><\/li><li><span style=\"color: #000000;\"><strong>Indirizzo:<\/strong> A-54, Keshopur Industrial Area, Vikaspuri, Nuova Delhi 110018, India<\/span><\/li><\/ul><p><span style=\"color: #000000;\">Il nostro obiettivo \u00e8 rispondere a tutte le e-mail entro 24 ore.<\/span><\/p><h3><span style=\"color: #000000;\">Perch\u00e9 sceglierci?<\/span><\/h3><ul><li><span style=\"color: #000000;\"><strong>Esperienza affidabile:<\/strong> Con anni di esperienza nel settore dei viaggi e del turismo, <strong>Vacanze Triplyn<\/strong> si impegna a fornire un servizio eccellente e prezzi trasparenti.<\/span><\/li><li><span style=\"color: #000000;\"><strong>Assistenza clienti:<\/strong> Il nostro team dedicato \u00e8 qui per assisterti in tutte le tue esigenze di viaggio, garantendoti un&#039;esperienza di prenotazione senza problemi.<\/span><\/li><li><span style=\"color: #000000;\"><strong>Offerte esclusive:<\/strong> Offriamo offerte e pacchetti esclusivi per <strong>Spettacolo di cabaret Alcazar Pattaya<\/strong>, garantendoti le migliori prestazioni a prezzi accessibili.<\/span><\/li><\/ul><h3><span style=\"color: #000000;\">Prenotare con noi<\/span><\/h3><p><span style=\"color: #000000;\">Per una serata emozionante al <strong>Spettacolo di cabaret Alcazar Pattaya<\/strong>, visita il nostro <a style=\"color: #000000;\" href=\"https:\/\/tiffanyshowpattaya.com\/it\/\" target=\"_new\" rel=\"noopener\">Pagina di prenotazione dei biglietti per lo spettacolo di cabaret Alcazar<\/a> per scoprire le nostre offerte esclusive.<\/span><br \/><span style=\"color: #000000;\"><strong><a style=\"color: #000000;\" href=\"https:\/\/tiffanyshowpattaya.com\/it\/\" target=\"_new\" rel=\"noopener\">clicca qui<\/a><\/strong> per prenotare il tuo <strong>Spettacolo di Cabaret Alcazar<\/strong> biglietti adesso e inizia la tua avventura!<\/span><\/p>\t\t\t\t\t\t\t\t<\/div>\n\t\t\t\t<\/div>\n\t\t\t\t\t<\/div>\n\t\t<\/div>\n\t\t\t\t\t<\/div>\n\t\t<\/section>\n\t\t\t\t<\/div>","protected":false},"excerpt":{"rendered":"<p>Company Details Welcome to Alcazar Show Pattaya, your trusted partner in providing unforgettable experiences at one of Thailand\u2019s most famous cabaret shows. Operated by Triplyn Holidays, we ensure that every visitor has a smooth and memorable ticket booking experience for the Alcazar Cabaret Show. About Us Triplyn Holidays is a renowned travel and tourism company [&hellip;]<\/p>\n","protected":false},"author":1,"featured_media":0,"parent":0,"menu_order":0,"comment_status":"closed","ping_status":"open","template":"","meta":{"ocean_post_layout":"","ocean_both_sidebars_style":"","ocean_both_sidebars_content_width":0,"ocean_both_sidebars_sidebars_width":0,"ocean_sidebar":"","ocean_second_sidebar":"","ocean_disable_margins":"enable","ocean_add_body_class":"","ocean_shortcode_before_top_bar":"","ocean_shortcode_after_top_bar":"","ocean_shortcode_before_header":"","ocean_shortcode_after_header":"","ocean_has_shortcode":"","ocean_shortcode_after_title":"","ocean_shortcode_before_footer_widgets":"","ocean_shortcode_after_footer_widgets":"","ocean_shortcode_before_footer_bottom":"","ocean_shortcode_after_footer_bottom":"","ocean_display_top_bar":"default","ocean_display_header":"default","ocean_header_style":"","ocean_center_header_left_menu":"","ocean_custom_header_template":"","ocean_custom_logo":0,"ocean_custom_retina_logo":0,"ocean_custom_logo_max_width":0,"ocean_custom_logo_tablet_max_width":0,"ocean_custom_logo_mobile_max_width":0,"ocean_custom_logo_max_height":0,"ocean_custom_logo_tablet_max_height":0,"ocean_custom_logo_mobile_max_height":0,"ocean_header_custom_menu":"","ocean_menu_typo_font_family":"","ocean_menu_typo_font_subset":"","ocean_menu_typo_font_size":0,"ocean_menu_typo_font_size_tablet":0,"ocean_menu_typo_font_size_mobile":0,"ocean_menu_typo_font_size_unit":"px","ocean_menu_typo_font_weight":"","ocean_menu_typo_font_weight_tablet":"","ocean_menu_typo_font_weight_mobile":"","ocean_menu_typo_transform":"","ocean_menu_typo_transform_tablet":"","ocean_menu_typo_transform_mobile":"","ocean_menu_typo_line_height":0,"ocean_menu_typo_line_height_tablet":0,"ocean_menu_typo_line_height_mobile":0,"ocean_menu_typo_line_height_unit":"","ocean_menu_typo_spacing":0,"ocean_menu_typo_spacing_tablet":0,"ocean_menu_typo_spacing_mobile":0,"ocean_menu_typo_spacing_unit":"","ocean_menu_link_color":"","ocean_menu_link_color_hover":"","ocean_menu_link_color_active":"","ocean_menu_link_background":"","ocean_menu_link_hover_background":"","ocean_menu_link_active_background":"","ocean_menu_social_links_bg":"","ocean_menu_social_hover_links_bg":"","ocean_menu_social_links_color":"","ocean_menu_social_hover_links_color":"","ocean_disable_title":"default","ocean_disable_heading":"default","ocean_post_title":"","ocean_post_subheading":"","ocean_post_title_style":"","ocean_post_title_background_color":"","ocean_post_title_background":0,"ocean_post_title_bg_image_position":"","ocean_post_title_bg_image_attachment":"","ocean_post_title_bg_image_repeat":"","ocean_post_title_bg_image_size":"","ocean_post_title_height":0,"ocean_post_title_bg_overlay":0.5,"ocean_post_title_bg_overlay_color":"","ocean_disable_breadcrumbs":"default","ocean_breadcrumbs_color":"","ocean_breadcrumbs_separator_color":"","ocean_breadcrumbs_links_color":"","ocean_breadcrumbs_links_hover_color":"","ocean_display_footer_widgets":"default","ocean_display_footer_bottom":"default","ocean_custom_footer_template":"","footnotes":""},"class_list":["post-1285","page","type-page","status-publish","hentry","entry","owp-thumbs-layout-horizontal","owp-btn-normal","owp-tabs-layout-horizontal","has-no-thumbnails","has-product-nav"],"yoast_head":"<!-- This site is optimized with the Yoast SEO plugin v27.3 - https:\/\/yoast.com\/product\/yoast-seo-wordpress\/ -->\n<title>Company Details | Alcazar Show Pattaya Tickets - Triplyn Holidays<\/title>\n<meta name=\"description\" content=\"Book Your Alcazar Cabaret Show Pattaya Tickets Today And Enjoy A Memorable Evening With Stunning Performances, Deals, &amp; Hassle-Free Booking!\" \/>\n<meta name=\"robots\" content=\"noindex, follow\" \/>\n<meta property=\"og:locale\" content=\"it_IT\" \/>\n<meta property=\"og:type\" content=\"article\" \/>\n<meta property=\"og:title\" content=\"Company Details | Alcazar Show Pattaya Tickets - Triplyn Holidays\" \/>\n<meta property=\"og:description\" content=\"Book Your Alcazar Cabaret Show Pattaya Tickets Today And Enjoy A Memorable Evening With Stunning Performances, Deals, &amp; Hassle-Free Booking!\" \/>\n<meta property=\"og:url\" content=\"https:\/\/tiffanyshowpattaya.com\/it\/\u0434\u0430\u043d\u043d\u044b\u0435-\u043a\u043e\u043c\u043f\u0430\u043d\u0438\u0438\/\" \/>\n<meta property=\"og:site_name\" content=\"Tiffany Show Pattaya\" \/>\n<meta property=\"article:modified_time\" content=\"2024-10-23T06:53:37+00:00\" \/>\n<meta name=\"twitter:card\" content=\"summary_large_image\" \/>\n<meta name=\"twitter:label1\" content=\"Tempo di lettura stimato\" \/>\n\t<meta name=\"twitter:data1\" content=\"2 minuti\" \/>\n<script type=\"application\/ld+json\" class=\"yoast-schema-graph\">{\"@context\":\"https:\\\/\\\/schema.org\",\"@graph\":[{\"@type\":\"WebPage\",\"@id\":\"https:\\\/\\\/tiffanyshowpattaya.com\\\/ru\\\/\u0434\u0430\u043d\u043d\u044b\u0435-\u043a\u043e\u043c\u043f\u0430\u043d\u0438\u0438\\\/\",\"url\":\"https:\\\/\\\/tiffanyshowpattaya.com\\\/ru\\\/\u0434\u0430\u043d\u043d\u044b\u0435-\u043a\u043e\u043c\u043f\u0430\u043d\u0438\u0438\\\/\",\"name\":\"Company Details | Alcazar Show Pattaya Tickets - Triplyn Holidays\",\"isPartOf\":{\"@id\":\"https:\\\/\\\/tiffanyshowpattaya.com\\\/#website\"},\"datePublished\":\"2024-10-23T06:51:59+00:00\",\"dateModified\":\"2024-10-23T06:53:37+00:00\",\"description\":\"Book Your Alcazar Cabaret Show Pattaya Tickets Today And Enjoy A Memorable Evening With Stunning Performances, Deals, & Hassle-Free Booking!\",\"breadcrumb\":{\"@id\":\"https:\\\/\\\/tiffanyshowpattaya.com\\\/ru\\\/\u0434\u0430\u043d\u043d\u044b\u0435-\u043a\u043e\u043c\u043f\u0430\u043d\u0438\u0438\\\/#breadcrumb\"},\"inLanguage\":\"it-IT\",\"potentialAction\":[{\"@type\":\"ReadAction\",\"target\":[\"https:\\\/\\\/tiffanyshowpattaya.com\\\/ru\\\/\u0434\u0430\u043d\u043d\u044b\u0435-\u043a\u043e\u043c\u043f\u0430\u043d\u0438\u0438\\\/\"]}]},{\"@type\":\"BreadcrumbList\",\"@id\":\"https:\\\/\\\/tiffanyshowpattaya.com\\\/ru\\\/\u0434\u0430\u043d\u043d\u044b\u0435-\u043a\u043e\u043c\u043f\u0430\u043d\u0438\u0438\\\/#breadcrumb\",\"itemListElement\":[{\"@type\":\"ListItem\",\"position\":1,\"name\":\"Home\",\"item\":\"https:\\\/\\\/tiffanyshowpattaya.com\\\/\"},{\"@type\":\"ListItem\",\"position\":2,\"name\":\"Company Details\"}]},{\"@type\":\"WebSite\",\"@id\":\"https:\\\/\\\/tiffanyshowpattaya.com\\\/#website\",\"url\":\"https:\\\/\\\/tiffanyshowpattaya.com\\\/\",\"name\":\"Tiffany Show Pattaya\",\"description\":\"\",\"publisher\":{\"@id\":\"https:\\\/\\\/tiffanyshowpattaya.com\\\/#organization\"},\"potentialAction\":[{\"@type\":\"SearchAction\",\"target\":{\"@type\":\"EntryPoint\",\"urlTemplate\":\"https:\\\/\\\/tiffanyshowpattaya.com\\\/?s={search_term_string}\"},\"query-input\":{\"@type\":\"PropertyValueSpecification\",\"valueRequired\":true,\"valueName\":\"search_term_string\"}}],\"inLanguage\":\"it-IT\"},{\"@type\":\"Organization\",\"@id\":\"https:\\\/\\\/tiffanyshowpattaya.com\\\/#organization\",\"name\":\"Tiffany Show Pattaya\",\"url\":\"https:\\\/\\\/tiffanyshowpattaya.com\\\/\",\"logo\":{\"@type\":\"ImageObject\",\"inLanguage\":\"it-IT\",\"@id\":\"https:\\\/\\\/tiffanyshowpattaya.com\\\/#\\\/schema\\\/logo\\\/image\\\/\",\"url\":\"https:\\\/\\\/tiffanyshowpattaya.com\\\/wp-content\\\/uploads\\\/2024\\\/08\\\/Alcazar-Show.png\",\"contentUrl\":\"https:\\\/\\\/tiffanyshowpattaya.com\\\/wp-content\\\/uploads\\\/2024\\\/08\\\/Alcazar-Show.png\",\"width\":350,\"height\":100,\"caption\":\"Tiffany Show Pattaya\"},\"image\":{\"@id\":\"https:\\\/\\\/tiffanyshowpattaya.com\\\/#\\\/schema\\\/logo\\\/image\\\/\"}}]}<\/script>\n<!-- \/ Yoast SEO plugin. -->","yoast_head_json":{"title":"Dettagli dell&#039;azienda | Biglietti per Alcazar Show Pattaya - Triplyn Holidays","description":"Prenota oggi stesso i biglietti per l&#039;Alcazar Cabaret Show a Pattaya e goditi una serata indimenticabile con spettacoli straordinari, offerte speciali e prenotazione senza problemi!","robots":{"index":"noindex","follow":"follow"},"og_locale":"it_IT","og_type":"article","og_title":"Company Details | Alcazar Show Pattaya Tickets - Triplyn Holidays","og_description":"Book Your Alcazar Cabaret Show Pattaya Tickets Today And Enjoy A Memorable Evening With Stunning Performances, Deals, & Hassle-Free Booking!","og_url":"https:\/\/tiffanyshowpattaya.com\/it\/\u0434\u0430\u043d\u043d\u044b\u0435-\u043a\u043e\u043c\u043f\u0430\u043d\u0438\u0438\/","og_site_name":"Tiffany Show Pattaya","article_modified_time":"2024-10-23T06:53:37+00:00","twitter_card":"summary_large_image","twitter_misc":{"Tempo di lettura stimato":"2 minuti"},"schema":{"@context":"https:\/\/schema.org","@graph":[{"@type":"WebPage","@id":"https:\/\/tiffanyshowpattaya.com\/ru\/\u0434\u0430\u043d\u043d\u044b\u0435-\u043a\u043e\u043c\u043f\u0430\u043d\u0438\u0438\/","url":"https:\/\/tiffanyshowpattaya.com\/ru\/\u0434\u0430\u043d\u043d\u044b\u0435-\u043a\u043e\u043c\u043f\u0430\u043d\u0438\u0438\/","name":"Dettagli dell&#039;azienda | Biglietti per Alcazar Show Pattaya - Triplyn Holidays","isPartOf":{"@id":"https:\/\/tiffanyshowpattaya.com\/#website"},"datePublished":"2024-10-23T06:51:59+00:00","dateModified":"2024-10-23T06:53:37+00:00","description":"Prenota oggi stesso i biglietti per l&#039;Alcazar Cabaret Show a Pattaya e goditi una serata indimenticabile con spettacoli straordinari, offerte speciali e prenotazione senza problemi!","breadcrumb":{"@id":"https:\/\/tiffanyshowpattaya.com\/ru\/\u0434\u0430\u043d\u043d\u044b\u0435-\u043a\u043e\u043c\u043f\u0430\u043d\u0438\u0438\/#breadcrumb"},"inLanguage":"it-IT","potentialAction":[{"@type":"ReadAction","target":["https:\/\/tiffanyshowpattaya.com\/ru\/\u0434\u0430\u043d\u043d\u044b\u0435-\u043a\u043e\u043c\u043f\u0430\u043d\u0438\u0438\/"]}]},{"@type":"BreadcrumbList","@id":"https:\/\/tiffanyshowpattaya.com\/ru\/\u0434\u0430\u043d\u043d\u044b\u0435-\u043a\u043e\u043c\u043f\u0430\u043d\u0438\u0438\/#breadcrumb","itemListElement":[{"@type":"ListItem","position":1,"name":"Home","item":"https:\/\/tiffanyshowpattaya.com\/"},{"@type":"ListItem","position":2,"name":"Company Details"}]},{"@type":"WebSite","@id":"https:\/\/tiffanyshowpattaya.com\/#website","url":"https:\/\/tiffanyshowpattaya.com\/","name":"Tiffany Show Pattaya","description":"","publisher":{"@id":"https:\/\/tiffanyshowpattaya.com\/#organization"},"potentialAction":[{"@type":"SearchAction","target":{"@type":"EntryPoint","urlTemplate":"https:\/\/tiffanyshowpattaya.com\/?s={search_term_string}"},"query-input":{"@type":"PropertyValueSpecification","valueRequired":true,"valueName":"search_term_string"}}],"inLanguage":"it-IT"},{"@type":"Organization","@id":"https:\/\/tiffanyshowpattaya.com\/#organization","name":"Tiffany Show Pattaya","url":"https:\/\/tiffanyshowpattaya.com\/","logo":{"@type":"ImageObject","inLanguage":"it-IT","@id":"https:\/\/tiffanyshowpattaya.com\/#\/schema\/logo\/image\/","url":"https:\/\/tiffanyshowpattaya.com\/wp-content\/uploads\/2024\/08\/Alcazar-Show.png","contentUrl":"https:\/\/tiffanyshowpattaya.com\/wp-content\/uploads\/2024\/08\/Alcazar-Show.png","width":350,"height":100,"caption":"Tiffany Show Pattaya"},"image":{"@id":"https:\/\/tiffanyshowpattaya.com\/#\/schema\/logo\/image\/"}}]}},"_links":{"self":[{"href":"https:\/\/tiffanyshowpattaya.com\/it\/wp-json\/wp\/v2\/pages\/1285","targetHints":{"allow":["GET"]}}],"collection":[{"href":"https:\/\/tiffanyshowpattaya.com\/it\/wp-json\/wp\/v2\/pages"}],"about":[{"href":"https:\/\/tiffanyshowpattaya.com\/it\/wp-json\/wp\/v2\/types\/page"}],"author":[{"embeddable":true,"href":"https:\/\/tiffanyshowpattaya.com\/it\/wp-json\/wp\/v2\/users\/1"}],"replies":[{"embeddable":true,"href":"https:\/\/tiffanyshowpattaya.com\/it\/wp-json\/wp\/v2\/comments?post=1285"}],"version-history":[{"count":5,"href":"https:\/\/tiffanyshowpattaya.com\/it\/wp-json\/wp\/v2\/pages\/1285\/revisions"}],"predecessor-version":[{"id":1290,"href":"https:\/\/tiffanyshowpattaya.com\/it\/wp-json\/wp\/v2\/pages\/1285\/revisions\/1290"}],"wp:attachment":[{"href":"https:\/\/tiffanyshowpattaya.com\/it\/wp-json\/wp\/v2\/media?parent=1285"}],"curies":[{"name":"wp","href":"https:\/\/api.w.org\/{rel}","templated":true}]}}