{"id":619,"date":"2024-09-04T16:25:37","date_gmt":"2024-09-04T10:55:37","guid":{"rendered":"https:\/\/tiffanyshowpattaya.com\/?page_id=619"},"modified":"2024-10-23T12:34:14","modified_gmt":"2024-10-23T07:04:14","slug":"terms-of-usage","status":"publish","type":"page","link":"https:\/\/tiffanyshowpattaya.com\/it\/terms-of-usage\/","title":{"rendered":"Termini di utilizzo"},"content":{"rendered":"<div data-elementor-type=\"wp-page\" data-elementor-id=\"619\" class=\"elementor elementor-619\" data-elementor-post-type=\"page\">\n\t\t\t\t\t\t<section data-particle_enable=\"false\" data-particle-mobile-disabled=\"false\" class=\"elementor-section elementor-top-section elementor-element elementor-element-79c59d6 elementor-section-boxed elementor-section-height-default elementor-section-height-default\" data-id=\"79c59d6\" data-element_type=\"section\" data-e-type=\"section\">\n\t\t\t\t\t\t<div class=\"elementor-container elementor-column-gap-default\">\n\t\t\t\t\t<div class=\"elementor-column elementor-col-100 elementor-top-column elementor-element elementor-element-46fa237\" data-id=\"46fa237\" data-element_type=\"column\" data-e-type=\"column\">\n\t\t\t<div class=\"elementor-widget-wrap elementor-element-populated\">\n\t\t\t\t\t\t<div class=\"elementor-element elementor-element-656bdc0 elementor-widget elementor-widget-text-editor\" data-id=\"656bdc0\" data-element_type=\"widget\" data-e-type=\"widget\" data-widget_type=\"text-editor.default\">\n\t\t\t\t<div class=\"elementor-widget-container\">\n\t\t\t\t\t\t\t\t\t<h2 style=\"text-align: center;\"><span style=\"color: #000000;\">Termini di utilizzo<\/span><\/h2><p><span style=\"color: #000000;\">Benvenuti a <strong>Spettacolo Alcazar Pattaya<\/strong>, gestito da <strong>Vacanze Triplyn<\/strong>Accedendo e utilizzando il nostro sito web, <a style=\"color: #000000;\" href=\"https:\/\/tiffanyshowpattaya.com\/it\/\" target=\"_new\" rel=\"noopener\">https:\/\/tiffanyshowpattaya.com<\/a>, accetti di rispettare e di essere vincolato dai seguenti termini e condizioni. Ti preghiamo di leggere attentamente questi termini prima di utilizzare il nostro sito web.<\/span><\/p><h4><span style=\"color: #000000;\">1. Condizioni Generali<\/span><\/h4><p><span style=\"color: #000000;\">I contenuti, i servizi e i prodotti disponibili su questo sito web sono forniti da <strong>Vacanze Triplyn<\/strong>Utilizzando questo sito web, accetti di aderire a tutti i termini, le condizioni e le policy descritte in questa pagina. Se non sei d&#039;accordo con una qualsiasi parte di questi termini, dovresti interrompere immediatamente l&#039;utilizzo del nostro sito web.<\/span><\/p><h4><span style=\"color: #000000;\">2. Propriet\u00e0 intellettuale<\/span><\/h4><p><span style=\"color: #000000;\">Tutto il contenuto di questo sito web, inclusi testo, immagini, grafica, loghi e altri materiali, \u00e8 di propriet\u00e0 di <strong>Vacanze Triplyn<\/strong> ed \u00e8 protetto da copyright, marchi registrati e altre leggi sulla propriet\u00e0 intellettuale. Non puoi riprodurre, distribuire, modificare o utilizzare alcun contenuto di questo sito Web senza l&#039;esplicita autorizzazione di <strong>Vacanze Triplyn<\/strong>.<\/span><\/p><h4><span style=\"color: #000000;\">3. Utilizzo del sito web<\/span><\/h4><p><span style=\"color: #000000;\">Utilizzando <strong>Spettacolo Alcazar di Pattaya<\/strong> sito web, accetti quanto segue:<\/span><\/p><ul><li><span style=\"color: #000000;\">Non utilizzerai questo sito web per scopi illegali o non autorizzati.<\/span><\/li><li><span style=\"color: #000000;\">Non \u00e8 consentito intraprendere attivit\u00e0 che possano interferire con il corretto funzionamento del sito web.<\/span><\/li><li><span style=\"color: #000000;\">Non tenterai di accedere alle aree protette del sito web senza la dovuta autorizzazione.<\/span><\/li><li><span style=\"color: #000000;\">L&#039;utente accetta di non distribuire virus, malware o software dannosi che potrebbero compromettere la funzionalit\u00e0 del sito web.<\/span><\/li><\/ul><h4><span style=\"color: #000000;\">4. Account utente<\/span><\/h4><p><span style=\"color: #000000;\">Per prenotare biglietti o utilizzare determinate funzionalit\u00e0 sul nostro sito Web, potrebbe essere necessario creare un account utente. Sei responsabile del mantenimento della riservatezza delle credenziali del tuo account e accetti di assumerti la responsabilit\u00e0 di tutte le attivit\u00e0 che si verificano sotto il tuo account.<\/span><\/p><p><span style=\"color: #000000;\">Se ritieni che il tuo account sia stato compromesso, ti preghiamo di segnalarcelo immediatamente all&#039;indirizzo <a style=\"color: #000000;\" href=\"mailto:contact@tiffanyshowpattaya.com\" rel=\"noopener\">contact@tiffanyshowpattaya.com<\/a>.<\/span><\/p><h4><span style=\"color: #000000;\">5. Condizioni di prenotazione<\/span><\/h4><p><span style=\"color: #000000;\">Quando si prenotano i biglietti per <strong><a href=\"https:\/\/tiffanyshowpattaya.com\/it\/\">Spettacolo di Cabaret Alcazar<\/a> Pattaya<\/strong> tramite il nostro sito web, accetti quanto segue:<\/span><\/p><ul><li><span style=\"color: #000000;\">Tutte le prenotazioni sono soggette a disponibilit\u00e0 e conferma.<\/span><\/li><li><span style=\"color: #000000;\">I prezzi indicati sul sito web sono soggetti a modifica senza preavviso.<\/span><\/li><li><span style=\"color: #000000;\">Al momento della prenotazione dei biglietti \u00e8 necessario fornire informazioni accurate e complete, compresi i dettagli del pagamento.<\/span><\/li><li><span style=\"color: #000000;\">Ci riserviamo il diritto di annullare o modificare le prenotazioni in caso di circostanze impreviste, inclusi errori nei prezzi o nella disponibilit\u00e0.<\/span><\/li><\/ul><h4><span style=\"color: #000000;\">6. Pagamento<\/span><\/h4><p><span style=\"color: #000000;\">Tutti i pagamenti per le prenotazioni dei biglietti devono essere effettuati tramite gateway di pagamento sicuri forniti sul nostro sito web. Effettuando un pagamento, accetti che le informazioni di pagamento fornite siano accurate e che sei autorizzato a utilizzare il metodo di pagamento. Prendiamo sul serio la sicurezza dei tuoi pagamenti e garantiamo che le tue informazioni di pagamento siano protette tramite crittografia e tecnologie sicure.<\/span><\/p><h4><span style=\"color: #000000;\">7. Rimborsi e cancellazioni<\/span><\/h4><p><span style=\"color: #000000;\">La nostra politica di rimborso e cancellazione \u00e8 la seguente:<\/span><\/p><ul><li><span style=\"color: #000000;\"><strong>Cancellazioni:<\/strong> Puoi annullare la tua prenotazione contattandoci a <a style=\"color: #000000;\" href=\"mailto:contact@tiffanyshowpattaya.com\" rel=\"noopener\">contact@tiffanyshowpattaya.com<\/a>Si prega di notare che le cancellazioni sono soggette a termini specifici e non tutte le prenotazioni potrebbero essere idonee al rimborso.<\/span><\/li><li><span style=\"color: #000000;\"><strong>Rimborsi:<\/strong> I rimborsi saranno emessi solo per le cancellazioni che soddisfano i criteri delineati nella nostra politica sui rimborsi. I rimborsi saranno elaborati tramite il metodo di pagamento originale.<\/span><\/li><\/ul><p><span style=\"color: #000000;\">Per ulteriori informazioni, fare riferimento al nostro <a style=\"color: #000000;\" target=\"_new\" rel=\"noopener\">Politica di rimborso<\/a>.<\/span><\/p><h4><span style=\"color: #000000;\">8. Limitazione di responsabilit\u00e0<\/span><\/h4><p><span style=\"color: #000000;\"><strong>Vacanze Triplyn<\/strong> non sar\u00e0 responsabile per eventuali danni diretti, indiretti, incidentali o consequenziali derivanti dall&#039;uso o dall&#039;impossibilit\u00e0 di utilizzare il sito web, inclusi ma non limitati a:<\/span><\/p><ul><li><span style=\"color: #000000;\">Imprecisioni o errori nei contenuti o nelle informazioni fornite sul sito web.<\/span><\/li><li><span style=\"color: #000000;\">Eventuali ritardi o mancanze nell&#039;esecuzione dei servizi dovuti a eventi al di fuori del nostro controllo, tra cui calamit\u00e0 naturali, guasti tecnici o azioni di terze parti.<\/span><\/li><li><span style=\"color: #000000;\">Perdita di dati, profitti o reputazione a seguito dell&#039;utilizzo del nostro sito web o dei nostri servizi.<\/span><\/li><\/ul><p><span style=\"color: #000000;\">Accetti di utilizzare questo sito web a tuo rischio e pericolo.<\/span><\/p><h4><span style=\"color: #000000;\">9. Link di terze parti<\/span><\/h4><p><span style=\"color: #000000;\">Il nostro sito Web potrebbe contenere link a siti Web o servizi di terze parti. Questi link sono forniti per vostra comodit\u00e0 e <strong>Vacanze Triplyn<\/strong> non approva n\u00e9 si assume la responsabilit\u00e0 per il contenuto, le policy sulla privacy o le pratiche di siti Web di terze parti. Ti invitiamo a rivedere i termini e le policy sulla privacy di tutti i siti Web di terze parti che visiti.<\/span><\/p><h4><span style=\"color: #000000;\">10. Informativa sulla privacy<\/span><\/h4><p><span style=\"color: #000000;\">Utilizzando il nostro sito web, accetti la raccolta e l&#039;utilizzo delle tue informazioni come descritto nel nostro <a style=\"color: #000000;\" href=\"https:\/\/tiffanyshowpattaya.com\/it\/privacy-policy\/\" target=\"_blank\" rel=\"noopener\">politica sulla riservatezza<\/a>Ti invitiamo a leggere la nostra Informativa sulla privacy per comprendere come gestiamo i tuoi dati personali.<\/span><\/p><h4><span style=\"color: #000000;\">11. Modifiche ai Termini di Utilizzo<\/span><\/h4><p><span style=\"color: #000000;\">Ci riserviamo il diritto di modificare o aggiornare questi termini di utilizzo in qualsiasi momento, senza preavviso. Qualsiasi modifica verr\u00e0 pubblicata su questa pagina ed \u00e8 tua responsabilit\u00e0 rivedere regolarmente questi termini per rimanere informato su eventuali aggiornamenti. Il tuo uso continuato del sito Web dopo che le modifiche sono state pubblicate costituisce la tua accettazione dei termini rivisti.<\/span><\/p><h4><span style=\"color: #000000;\">12. Legge applicabile<\/span><\/h4><p><span style=\"color: #000000;\">Questi termini di utilizzo sono regolati e interpretati in conformit\u00e0 con le leggi dell&#039;India. Qualsiasi controversia derivante da questi termini o dal tuo utilizzo del sito web sar\u00e0 soggetta alla giurisdizione esclusiva dei tribunali situati a Nuova Delhi, India.<\/span><\/p><h4><span style=\"color: #000000;\">13. Contattaci<\/span><\/h4><p><span style=\"color: #000000;\">Se hai domande o dubbi in merito a questi Termini di utilizzo, contattaci:<\/span><\/p><ul><li><span style=\"color: #000000;\"><strong>Nome dell&#039;azienda:<\/strong> Vacanze Triplyn<\/span><\/li><li><span style=\"color: #000000;\"><strong>Indirizzo:<\/strong> A-54, Keshopur Industrial Area, Vikaspuri, Nuova Delhi 110018, India<\/span><\/li><li><span style=\"color: #000000;\"><strong>E-mail:<\/strong> <a style=\"color: #000000;\" href=\"mailto:contact@tiffanyshowpattaya.com\" rel=\"noopener\">contact@tiffanyshowpattaya.com<\/a><\/span><\/li><\/ul><h4><span style=\"color: #000000;\">14. Cessazione dell&#039;accesso<\/span><\/h4><p><span style=\"color: #000000;\">Ci riserviamo il diritto di terminare o sospendere il tuo accesso al sito web o a qualsiasi parte di esso, senza preavviso o responsabilit\u00e0, per qualsiasi motivo, incluso ma non limitato alla violazione di questi termini. In caso di risoluzione, i tuoi diritti di utilizzare i servizi e i contenuti forniti sul sito web cesseranno immediatamente.<\/span><\/p><h4><span style=\"color: #000000;\">15. Indennizzo<\/span><\/h4><p><span style=\"color: #000000;\">Accetti di indennizzare, difendere e tenere indenne <strong>Vacanze Triplyn<\/strong> e le sue affiliate, funzionari, direttori, dipendenti e agenti da e contro qualsiasi reclamo, danno, responsabilit\u00e0, costo o spesa (incluse le ragionevoli spese legali) derivanti da o relativi all&#039;uso del sito web, alla violazione di questi termini o alla violazione di qualsiasi diritto di terze parti.<\/span><\/p><h4><span style=\"color: #000000;\">16. Intero accordo<\/span><\/h4><p><span style=\"color: #000000;\">Questi Termini di Utilizzo, insieme a qualsiasi altro avviso legale o politica pubblicata sul sito web, costituiscono l&#039;intero accordo tra te e <strong>Vacanze Triplyn<\/strong> riguardante l&#039;uso di <strong>Spettacolo Alcazar di Pattaya<\/strong> sito web. Il presente accordo sostituisce qualsiasi accordo o intesa precedente, sia scritta che orale, riguardante l&#039;oggetto contenuto in questi termini.<\/span><\/p><h4><span style=\"color: #000000;\">17. Separabilit\u00e0<\/span><\/h4><p><span style=\"color: #000000;\">Se una qualsiasi disposizione delle presenti Condizioni d&#039;uso dovesse essere ritenuta non valida o inapplicabile da un tribunale di giurisdizione competente, tale invalidit\u00e0 non influir\u00e0 sulle restanti disposizioni delle presenti Condizioni, che rimarranno pienamente valide ed efficaci.<\/span><\/p><h4><span style=\"color: #000000;\">18. Rinuncia<\/span><\/h4><p><span style=\"color: #000000;\">Nessuna rinuncia da parte <strong>Vacanze Triplyn<\/strong> di qualsiasi violazione o inadempimento ai sensi di questi termini sar\u00e0 considerato una rinuncia a qualsiasi violazione o inadempimento precedente o successivo. Qualsiasi inadempimento da parte <strong>Vacanze Triplyn<\/strong> l&#039;applicazione di una qualsiasi disposizione di questi termini non costituisce una rinuncia a tale diritto o disposizione.<\/span><\/p><h4><span style=\"color: #000000;\">19. Forza maggiore<\/span><\/h4><p><span style=\"color: #000000;\"><strong>Vacanze Triplyn<\/strong> non sar\u00e0 responsabile per eventuali inadempimenti o ritardi nell&#039;esecuzione dei propri obblighi ai sensi dei presenti termini dovuti a eventi o circostanze al di fuori del suo ragionevole controllo, inclusi, a titolo esemplificativo ma non esaustivo, disastri naturali, scioperi, serrate, guerre, terrorismo, disordini civili, regolamenti governativi o qualsiasi altra causa al di fuori del suo ragionevole controllo.<\/span><\/p>\t\t\t\t\t\t\t\t<\/div>\n\t\t\t\t<\/div>\n\t\t\t\t\t<\/div>\n\t\t<\/div>\n\t\t\t\t\t<\/div>\n\t\t<\/section>\n\t\t\t\t<\/div>","protected":false},"excerpt":{"rendered":"<p>Terms of Usage Welcome to Alcazar Show Pattaya, operated by Triplyn Holidays. By accessing and using our website, https:\/\/tiffanyshowpattaya.com, you agree to comply with and be bound by the following terms and conditions. Please read these terms carefully before using our website. 1. General Terms The content, services, and products available on this website are [&hellip;]<\/p>\n","protected":false},"author":1,"featured_media":0,"parent":0,"menu_order":0,"comment_status":"closed","ping_status":"closed","template":"","meta":{"ocean_post_layout":"","ocean_both_sidebars_style":"","ocean_both_sidebars_content_width":0,"ocean_both_sidebars_sidebars_width":0,"ocean_sidebar":"","ocean_second_sidebar":"","ocean_disable_margins":"enable","ocean_add_body_class":"","ocean_shortcode_before_top_bar":"","ocean_shortcode_after_top_bar":"","ocean_shortcode_before_header":"","ocean_shortcode_after_header":"","ocean_has_shortcode":"","ocean_shortcode_after_title":"","ocean_shortcode_before_footer_widgets":"","ocean_shortcode_after_footer_widgets":"","ocean_shortcode_before_footer_bottom":"","ocean_shortcode_after_footer_bottom":"","ocean_display_top_bar":"default","ocean_display_header":"default","ocean_header_style":"","ocean_center_header_left_menu":"","ocean_custom_header_template":"","ocean_custom_logo":0,"ocean_custom_retina_logo":0,"ocean_custom_logo_max_width":0,"ocean_custom_logo_tablet_max_width":0,"ocean_custom_logo_mobile_max_width":0,"ocean_custom_logo_max_height":0,"ocean_custom_logo_tablet_max_height":0,"ocean_custom_logo_mobile_max_height":0,"ocean_header_custom_menu":"","ocean_menu_typo_font_family":"","ocean_menu_typo_font_subset":"","ocean_menu_typo_font_size":0,"ocean_menu_typo_font_size_tablet":0,"ocean_menu_typo_font_size_mobile":0,"ocean_menu_typo_font_size_unit":"px","ocean_menu_typo_font_weight":"","ocean_menu_typo_font_weight_tablet":"","ocean_menu_typo_font_weight_mobile":"","ocean_menu_typo_transform":"","ocean_menu_typo_transform_tablet":"","ocean_menu_typo_transform_mobile":"","ocean_menu_typo_line_height":0,"ocean_menu_typo_line_height_tablet":0,"ocean_menu_typo_line_height_mobile":0,"ocean_menu_typo_line_height_unit":"","ocean_menu_typo_spacing":0,"ocean_menu_typo_spacing_tablet":0,"ocean_menu_typo_spacing_mobile":0,"ocean_menu_typo_spacing_unit":"","ocean_menu_link_color":"","ocean_menu_link_color_hover":"","ocean_menu_link_color_active":"","ocean_menu_link_background":"","ocean_menu_link_hover_background":"","ocean_menu_link_active_background":"","ocean_menu_social_links_bg":"","ocean_menu_social_hover_links_bg":"","ocean_menu_social_links_color":"","ocean_menu_social_hover_links_color":"","ocean_disable_title":"default","ocean_disable_heading":"default","ocean_post_title":"","ocean_post_subheading":"","ocean_post_title_style":"","ocean_post_title_background_color":"","ocean_post_title_background":0,"ocean_post_title_bg_image_position":"","ocean_post_title_bg_image_attachment":"","ocean_post_title_bg_image_repeat":"","ocean_post_title_bg_image_size":"","ocean_post_title_height":0,"ocean_post_title_bg_overlay":0.5,"ocean_post_title_bg_overlay_color":"","ocean_disable_breadcrumbs":"default","ocean_breadcrumbs_color":"","ocean_breadcrumbs_separator_color":"","ocean_breadcrumbs_links_color":"","ocean_breadcrumbs_links_hover_color":"","ocean_display_footer_widgets":"default","ocean_display_footer_bottom":"default","ocean_custom_footer_template":"","footnotes":""},"class_list":["post-619","page","type-page","status-publish","hentry","entry","owp-thumbs-layout-horizontal","owp-btn-normal","owp-tabs-layout-horizontal","has-no-thumbnails","has-product-nav"],"yoast_head":"<!-- This site is optimized with the Yoast SEO plugin v27.3 - https:\/\/yoast.com\/product\/yoast-seo-wordpress\/ -->\n<title>Terms Of Usage | Alcazar Show Pattaya Tickets<\/title>\n<meta name=\"description\" content=\"Understand The Terms Of Using Alcazar Show Pattaya. Review Booking Policies, Cancellations, And User Responsibilities.\" \/>\n<meta name=\"robots\" content=\"noindex, follow\" \/>\n<meta property=\"og:locale\" content=\"it_IT\" \/>\n<meta property=\"og:type\" content=\"article\" \/>\n<meta property=\"og:title\" content=\"Terms Of Usage | Alcazar Show Pattaya Tickets\" \/>\n<meta property=\"og:description\" content=\"Understand The Terms Of Using Alcazar Show Pattaya. Review Booking Policies, Cancellations, And User Responsibilities.\" \/>\n<meta property=\"og:url\" content=\"https:\/\/tiffanyshowpattaya.com\/it\/ketentuan-penggunaan\/\" \/>\n<meta property=\"og:site_name\" content=\"Tiffany Show Pattaya\" \/>\n<meta property=\"article:modified_time\" content=\"2024-10-23T07:04:14+00:00\" \/>\n<meta name=\"twitter:card\" content=\"summary_large_image\" \/>\n<meta name=\"twitter:label1\" content=\"Tempo di lettura stimato\" \/>\n\t<meta name=\"twitter:data1\" content=\"6 minuti\" \/>\n<script type=\"application\/ld+json\" class=\"yoast-schema-graph\">{\"@context\":\"https:\\\/\\\/schema.org\",\"@graph\":[{\"@type\":\"WebPage\",\"@id\":\"https:\\\/\\\/tiffanyshowpattaya.com\\\/id\\\/ketentuan-penggunaan\\\/\",\"url\":\"https:\\\/\\\/tiffanyshowpattaya.com\\\/id\\\/ketentuan-penggunaan\\\/\",\"name\":\"Terms Of Usage | Alcazar Show Pattaya Tickets\",\"isPartOf\":{\"@id\":\"https:\\\/\\\/tiffanyshowpattaya.com\\\/#website\"},\"datePublished\":\"2024-09-04T10:55:37+00:00\",\"dateModified\":\"2024-10-23T07:04:14+00:00\",\"description\":\"Understand The Terms Of Using Alcazar Show Pattaya. Review Booking Policies, Cancellations, And User Responsibilities.\",\"breadcrumb\":{\"@id\":\"https:\\\/\\\/tiffanyshowpattaya.com\\\/id\\\/ketentuan-penggunaan\\\/#breadcrumb\"},\"inLanguage\":\"it-IT\",\"potentialAction\":[{\"@type\":\"ReadAction\",\"target\":[\"https:\\\/\\\/tiffanyshowpattaya.com\\\/id\\\/ketentuan-penggunaan\\\/\"]}]},{\"@type\":\"BreadcrumbList\",\"@id\":\"https:\\\/\\\/tiffanyshowpattaya.com\\\/id\\\/ketentuan-penggunaan\\\/#breadcrumb\",\"itemListElement\":[{\"@type\":\"ListItem\",\"position\":1,\"name\":\"Home\",\"item\":\"https:\\\/\\\/tiffanyshowpattaya.com\\\/\"},{\"@type\":\"ListItem\",\"position\":2,\"name\":\"Terms Of Usage\"}]},{\"@type\":\"WebSite\",\"@id\":\"https:\\\/\\\/tiffanyshowpattaya.com\\\/#website\",\"url\":\"https:\\\/\\\/tiffanyshowpattaya.com\\\/\",\"name\":\"Tiffany Show Pattaya\",\"description\":\"\",\"publisher\":{\"@id\":\"https:\\\/\\\/tiffanyshowpattaya.com\\\/#organization\"},\"potentialAction\":[{\"@type\":\"SearchAction\",\"target\":{\"@type\":\"EntryPoint\",\"urlTemplate\":\"https:\\\/\\\/tiffanyshowpattaya.com\\\/?s={search_term_string}\"},\"query-input\":{\"@type\":\"PropertyValueSpecification\",\"valueRequired\":true,\"valueName\":\"search_term_string\"}}],\"inLanguage\":\"it-IT\"},{\"@type\":\"Organization\",\"@id\":\"https:\\\/\\\/tiffanyshowpattaya.com\\\/#organization\",\"name\":\"Tiffany Show Pattaya\",\"url\":\"https:\\\/\\\/tiffanyshowpattaya.com\\\/\",\"logo\":{\"@type\":\"ImageObject\",\"inLanguage\":\"it-IT\",\"@id\":\"https:\\\/\\\/tiffanyshowpattaya.com\\\/#\\\/schema\\\/logo\\\/image\\\/\",\"url\":\"https:\\\/\\\/tiffanyshowpattaya.com\\\/wp-content\\\/uploads\\\/2024\\\/08\\\/Alcazar-Show.png\",\"contentUrl\":\"https:\\\/\\\/tiffanyshowpattaya.com\\\/wp-content\\\/uploads\\\/2024\\\/08\\\/Alcazar-Show.png\",\"width\":350,\"height\":100,\"caption\":\"Tiffany Show Pattaya\"},\"image\":{\"@id\":\"https:\\\/\\\/tiffanyshowpattaya.com\\\/#\\\/schema\\\/logo\\\/image\\\/\"}}]}<\/script>\n<!-- \/ Yoast SEO plugin. -->","yoast_head_json":{"title":"Termini di utilizzo | Biglietti Alcazar Show Pattaya","description":"Comprendere i termini di utilizzo di Alcazar Show Pattaya. Esaminare le politiche di prenotazione, le cancellazioni e le responsabilit\u00e0 dell&#039;utente.","robots":{"index":"noindex","follow":"follow"},"og_locale":"it_IT","og_type":"article","og_title":"Terms Of Usage | Alcazar Show Pattaya Tickets","og_description":"Understand The Terms Of Using Alcazar Show Pattaya. Review Booking Policies, Cancellations, And User Responsibilities.","og_url":"https:\/\/tiffanyshowpattaya.com\/it\/ketentuan-penggunaan\/","og_site_name":"Tiffany Show Pattaya","article_modified_time":"2024-10-23T07:04:14+00:00","twitter_card":"summary_large_image","twitter_misc":{"Tempo di lettura stimato":"6 minuti"},"schema":{"@context":"https:\/\/schema.org","@graph":[{"@type":"WebPage","@id":"https:\/\/tiffanyshowpattaya.com\/id\/ketentuan-penggunaan\/","url":"https:\/\/tiffanyshowpattaya.com\/id\/ketentuan-penggunaan\/","name":"Termini di utilizzo | Biglietti Alcazar Show Pattaya","isPartOf":{"@id":"https:\/\/tiffanyshowpattaya.com\/#website"},"datePublished":"2024-09-04T10:55:37+00:00","dateModified":"2024-10-23T07:04:14+00:00","description":"Comprendere i termini di utilizzo di Alcazar Show Pattaya. Esaminare le politiche di prenotazione, le cancellazioni e le responsabilit\u00e0 dell&#039;utente.","breadcrumb":{"@id":"https:\/\/tiffanyshowpattaya.com\/id\/ketentuan-penggunaan\/#breadcrumb"},"inLanguage":"it-IT","potentialAction":[{"@type":"ReadAction","target":["https:\/\/tiffanyshowpattaya.com\/id\/ketentuan-penggunaan\/"]}]},{"@type":"BreadcrumbList","@id":"https:\/\/tiffanyshowpattaya.com\/id\/ketentuan-penggunaan\/#breadcrumb","itemListElement":[{"@type":"ListItem","position":1,"name":"Home","item":"https:\/\/tiffanyshowpattaya.com\/"},{"@type":"ListItem","position":2,"name":"Terms Of Usage"}]},{"@type":"WebSite","@id":"https:\/\/tiffanyshowpattaya.com\/#website","url":"https:\/\/tiffanyshowpattaya.com\/","name":"Tiffany Show Pattaya","description":"","publisher":{"@id":"https:\/\/tiffanyshowpattaya.com\/#organization"},"potentialAction":[{"@type":"SearchAction","target":{"@type":"EntryPoint","urlTemplate":"https:\/\/tiffanyshowpattaya.com\/?s={search_term_string}"},"query-input":{"@type":"PropertyValueSpecification","valueRequired":true,"valueName":"search_term_string"}}],"inLanguage":"it-IT"},{"@type":"Organization","@id":"https:\/\/tiffanyshowpattaya.com\/#organization","name":"Tiffany Show Pattaya","url":"https:\/\/tiffanyshowpattaya.com\/","logo":{"@type":"ImageObject","inLanguage":"it-IT","@id":"https:\/\/tiffanyshowpattaya.com\/#\/schema\/logo\/image\/","url":"https:\/\/tiffanyshowpattaya.com\/wp-content\/uploads\/2024\/08\/Alcazar-Show.png","contentUrl":"https:\/\/tiffanyshowpattaya.com\/wp-content\/uploads\/2024\/08\/Alcazar-Show.png","width":350,"height":100,"caption":"Tiffany Show Pattaya"},"image":{"@id":"https:\/\/tiffanyshowpattaya.com\/#\/schema\/logo\/image\/"}}]}},"_links":{"self":[{"href":"https:\/\/tiffanyshowpattaya.com\/it\/wp-json\/wp\/v2\/pages\/619","targetHints":{"allow":["GET"]}}],"collection":[{"href":"https:\/\/tiffanyshowpattaya.com\/it\/wp-json\/wp\/v2\/pages"}],"about":[{"href":"https:\/\/tiffanyshowpattaya.com\/it\/wp-json\/wp\/v2\/types\/page"}],"author":[{"embeddable":true,"href":"https:\/\/tiffanyshowpattaya.com\/it\/wp-json\/wp\/v2\/users\/1"}],"replies":[{"embeddable":true,"href":"https:\/\/tiffanyshowpattaya.com\/it\/wp-json\/wp\/v2\/comments?post=619"}],"version-history":[{"count":9,"href":"https:\/\/tiffanyshowpattaya.com\/it\/wp-json\/wp\/v2\/pages\/619\/revisions"}],"predecessor-version":[{"id":1297,"href":"https:\/\/tiffanyshowpattaya.com\/it\/wp-json\/wp\/v2\/pages\/619\/revisions\/1297"}],"wp:attachment":[{"href":"https:\/\/tiffanyshowpattaya.com\/it\/wp-json\/wp\/v2\/media?parent=619"}],"curies":[{"name":"wp","href":"https:\/\/api.w.org\/{rel}","templated":true}]}}