{"id":1285,"date":"2024-10-23T12:21:59","date_gmt":"2024-10-23T06:51:59","guid":{"rendered":"https:\/\/tiffanyshowpattaya.com\/?page_id=1285"},"modified":"2024-10-23T12:23:37","modified_gmt":"2024-10-23T06:53:37","slug":"company-details","status":"publish","type":"page","link":"https:\/\/tiffanyshowpattaya.com\/pt\/company-details\/","title":{"rendered":"Detalhes da empresa"},"content":{"rendered":"<div data-elementor-type=\"wp-page\" data-elementor-id=\"1285\" class=\"elementor elementor-1285\" data-elementor-post-type=\"page\">\n\t\t\t\t\t\t<section data-particle_enable=\"false\" data-particle-mobile-disabled=\"false\" class=\"elementor-section elementor-top-section elementor-element elementor-element-2c10db5 elementor-section-boxed elementor-section-height-default elementor-section-height-default\" data-id=\"2c10db5\" data-element_type=\"section\" data-e-type=\"section\">\n\t\t\t\t\t\t<div class=\"elementor-container elementor-column-gap-default\">\n\t\t\t\t\t<div class=\"elementor-column elementor-col-100 elementor-top-column elementor-element elementor-element-eef4b82\" data-id=\"eef4b82\" data-element_type=\"column\" data-e-type=\"column\">\n\t\t\t<div class=\"elementor-widget-wrap elementor-element-populated\">\n\t\t\t\t\t\t<div class=\"elementor-element elementor-element-6c3c170 elementor-widget elementor-widget-text-editor\" data-id=\"6c3c170\" data-element_type=\"widget\" data-e-type=\"widget\" data-widget_type=\"text-editor.default\">\n\t\t\t\t<div class=\"elementor-widget-container\">\n\t\t\t\t\t\t\t\t\t<h2 style=\"text-align: center;\"><span style=\"color: #000000;\">Detalhes da empresa<\/span><\/h2><p><span style=\"color: #000000;\">Bem-vindo ao <strong>Alcazar Show Pattaya<\/strong>, seu parceiro de confian\u00e7a para proporcionar experi\u00eancias inesquec\u00edveis em um dos shows de cabar\u00e9 mais famosos da Tail\u00e2ndia. Operado por <strong>F\u00e9rias Triplyn<\/strong>, garantimos que cada visitante tenha uma experi\u00eancia de reserva de ingressos tranquila e memor\u00e1vel para o <a href=\"https:\/\/tiffanyshowpattaya.com\/pt\/\"><strong>Show de Cabar\u00e9 Alcazar<\/strong><\/a>.<\/span><\/p><h3><span style=\"color: #000000;\">Sobre n\u00f3s<\/span><\/h3><p><span style=\"color: #000000;\"><strong>F\u00e9rias Triplyn<\/strong> \u00e9 uma renomada empresa de viagens e turismo dedicada a fornecer servi\u00e7os de alta qualidade para viajantes em todo o mundo. Somos especializados em reservas de ingressos para atra\u00e7\u00f5es tur\u00edsticas populares, incluindo o <strong>Show de cabar\u00e9 Alcazar Pattaya<\/strong>. Nossa miss\u00e3o \u00e9 oferecer aos nossos clientes as melhores ofertas, processos de reserva simplificados e suporte ao cliente de primeira linha.<\/span><\/p><h3><span style=\"color: #000000;\">Informa\u00e7\u00f5es da empresa<\/span><\/h3><ul><li><span style=\"color: #000000;\"><strong>Nome da empresa:<\/strong> F\u00e9rias Triplyn<\/span><\/li><li><span style=\"color: #000000;\"><strong>Endere\u00e7o registrado:<\/strong> A-54, \u00c1rea Industrial de Keshopur, Vikaspuri, Nova Delhi 110018, \u00cdndia<\/span><\/li><li><span style=\"color: #000000;\"><strong>E-mail:<\/strong> <a style=\"color: #000000;\" href=\"mailto:contact@tiffanyshowpattaya.com\" rel=\"noopener\">contact@tiffanyshowpattaya.com<\/a><\/span><\/li><\/ul><p><span style=\"color: #000000;\">Estamos comprometidos em fornecer transpar\u00eancia e construir confian\u00e7a com nossos clientes. Se voc\u00ea tiver alguma d\u00favida sobre suas reservas, sinta-se \u00e0 vontade para entrar em contato conosco por e-mail.<\/span><\/p><h3><span style=\"color: #000000;\">Contate-nos<\/span><\/h3><p><span style=\"color: #000000;\">Para quaisquer d\u00favidas ou suporte relacionados \u00e0 sua visita ao <strong>Show de cabar\u00e9 Alcazar Pattaya<\/strong>, sinta-se \u00e0 vontade para entrar em contato conosco:<\/span><\/p><ul><li><span style=\"color: #000000;\"><strong>E-mail:<\/strong> <a style=\"color: #000000;\" href=\"mailto:contact@tiffanyshowpattaya.com\" rel=\"noopener\">contact@tiffanyshowpattaya.com<\/a><\/span><\/li><li><span style=\"color: #000000;\"><strong>Endere\u00e7o:<\/strong> A-54, \u00c1rea Industrial de Keshopur, Vikaspuri, Nova Delhi 110018, \u00cdndia<\/span><\/li><\/ul><p><span style=\"color: #000000;\">Nosso objetivo \u00e9 responder a todos os e-mails em at\u00e9 24 horas.<\/span><\/p><h3><span style=\"color: #000000;\">Por que nos escolher?<\/span><\/h3><ul><li><span style=\"color: #000000;\"><strong>Experi\u00eancia confi\u00e1vel:<\/strong> Com anos de experi\u00eancia no setor de viagens e turismo, <strong>F\u00e9rias Triplyn<\/strong> est\u00e1 comprometida em fornecer um servi\u00e7o excelente e pre\u00e7os transparentes.<\/span><\/li><li><span style=\"color: #000000;\"><strong>Suporte ao cliente:<\/strong> Nossa equipe dedicada est\u00e1 aqui para ajudar voc\u00ea com todas as suas necessidades de viagem, garantindo uma experi\u00eancia de reserva sem complica\u00e7\u00f5es.<\/span><\/li><li><span style=\"color: #000000;\"><strong>Ofertas exclusivas:<\/strong> Oferecemos ofertas e pacotes exclusivos para <strong>Show de cabar\u00e9 Alcazar Pattaya<\/strong>, garantindo que voc\u00ea aproveite as melhores apresenta\u00e7\u00f5es a pre\u00e7os acess\u00edveis.<\/span><\/li><\/ul><h3><span style=\"color: #000000;\">Reserva Conosco<\/span><\/h3><p><span style=\"color: #000000;\">Para uma noite emocionante no <strong>Show de cabar\u00e9 Alcazar Pattaya<\/strong>, visite nosso <a style=\"color: #000000;\" href=\"https:\/\/tiffanyshowpattaya.com\/pt\/\" target=\"_new\" rel=\"noopener\">P\u00e1gina de reserva de ingressos para o show Alcazar Cabaret<\/a> para explorar nossas ofertas exclusivas.<\/span><br \/><span style=\"color: #000000;\"><strong><a style=\"color: #000000;\" href=\"https:\/\/tiffanyshowpattaya.com\/pt\/\" target=\"_new\" rel=\"noopener\">Clique aqui<\/a><\/strong> para reservar o seu <strong>Show de Cabar\u00e9 Alcazar<\/strong> ingresso agora e comece sua aventura!<\/span><\/p>\t\t\t\t\t\t\t\t<\/div>\n\t\t\t\t<\/div>\n\t\t\t\t\t<\/div>\n\t\t<\/div>\n\t\t\t\t\t<\/div>\n\t\t<\/section>\n\t\t\t\t<\/div>","protected":false},"excerpt":{"rendered":"<p>Company Details Welcome to Alcazar Show Pattaya, your trusted partner in providing unforgettable experiences at one of Thailand\u2019s most famous cabaret shows. Operated by Triplyn Holidays, we ensure that every visitor has a smooth and memorable ticket booking experience for the Alcazar Cabaret Show. About Us Triplyn Holidays is a renowned travel and tourism company [&hellip;]<\/p>\n","protected":false},"author":1,"featured_media":0,"parent":0,"menu_order":0,"comment_status":"closed","ping_status":"open","template":"","meta":{"ocean_post_layout":"","ocean_both_sidebars_style":"","ocean_both_sidebars_content_width":0,"ocean_both_sidebars_sidebars_width":0,"ocean_sidebar":"","ocean_second_sidebar":"","ocean_disable_margins":"enable","ocean_add_body_class":"","ocean_shortcode_before_top_bar":"","ocean_shortcode_after_top_bar":"","ocean_shortcode_before_header":"","ocean_shortcode_after_header":"","ocean_has_shortcode":"","ocean_shortcode_after_title":"","ocean_shortcode_before_footer_widgets":"","ocean_shortcode_after_footer_widgets":"","ocean_shortcode_before_footer_bottom":"","ocean_shortcode_after_footer_bottom":"","ocean_display_top_bar":"default","ocean_display_header":"default","ocean_header_style":"","ocean_center_header_left_menu":"","ocean_custom_header_template":"","ocean_custom_logo":0,"ocean_custom_retina_logo":0,"ocean_custom_logo_max_width":0,"ocean_custom_logo_tablet_max_width":0,"ocean_custom_logo_mobile_max_width":0,"ocean_custom_logo_max_height":0,"ocean_custom_logo_tablet_max_height":0,"ocean_custom_logo_mobile_max_height":0,"ocean_header_custom_menu":"","ocean_menu_typo_font_family":"","ocean_menu_typo_font_subset":"","ocean_menu_typo_font_size":0,"ocean_menu_typo_font_size_tablet":0,"ocean_menu_typo_font_size_mobile":0,"ocean_menu_typo_font_size_unit":"px","ocean_menu_typo_font_weight":"","ocean_menu_typo_font_weight_tablet":"","ocean_menu_typo_font_weight_mobile":"","ocean_menu_typo_transform":"","ocean_menu_typo_transform_tablet":"","ocean_menu_typo_transform_mobile":"","ocean_menu_typo_line_height":0,"ocean_menu_typo_line_height_tablet":0,"ocean_menu_typo_line_height_mobile":0,"ocean_menu_typo_line_height_unit":"","ocean_menu_typo_spacing":0,"ocean_menu_typo_spacing_tablet":0,"ocean_menu_typo_spacing_mobile":0,"ocean_menu_typo_spacing_unit":"","ocean_menu_link_color":"","ocean_menu_link_color_hover":"","ocean_menu_link_color_active":"","ocean_menu_link_background":"","ocean_menu_link_hover_background":"","ocean_menu_link_active_background":"","ocean_menu_social_links_bg":"","ocean_menu_social_hover_links_bg":"","ocean_menu_social_links_color":"","ocean_menu_social_hover_links_color":"","ocean_disable_title":"default","ocean_disable_heading":"default","ocean_post_title":"","ocean_post_subheading":"","ocean_post_title_style":"","ocean_post_title_background_color":"","ocean_post_title_background":0,"ocean_post_title_bg_image_position":"","ocean_post_title_bg_image_attachment":"","ocean_post_title_bg_image_repeat":"","ocean_post_title_bg_image_size":"","ocean_post_title_height":0,"ocean_post_title_bg_overlay":0.5,"ocean_post_title_bg_overlay_color":"","ocean_disable_breadcrumbs":"default","ocean_breadcrumbs_color":"","ocean_breadcrumbs_separator_color":"","ocean_breadcrumbs_links_color":"","ocean_breadcrumbs_links_hover_color":"","ocean_display_footer_widgets":"default","ocean_display_footer_bottom":"default","ocean_custom_footer_template":"","footnotes":""},"class_list":["post-1285","page","type-page","status-publish","hentry","entry","owp-thumbs-layout-horizontal","owp-btn-normal","owp-tabs-layout-horizontal","has-no-thumbnails","has-product-nav"],"yoast_head":"<!-- This site is optimized with the Yoast SEO plugin v27.3 - https:\/\/yoast.com\/product\/yoast-seo-wordpress\/ -->\n<title>Company Details | Alcazar Show Pattaya Tickets - Triplyn Holidays<\/title>\n<meta name=\"description\" content=\"Book Your Alcazar Cabaret Show Pattaya Tickets Today And Enjoy A Memorable Evening With Stunning Performances, Deals, &amp; Hassle-Free Booking!\" \/>\n<meta name=\"robots\" content=\"noindex, follow\" \/>\n<meta property=\"og:locale\" content=\"pt_PT\" \/>\n<meta property=\"og:type\" content=\"article\" \/>\n<meta property=\"og:title\" content=\"Company Details | Alcazar Show Pattaya Tickets - Triplyn Holidays\" \/>\n<meta property=\"og:description\" content=\"Book Your Alcazar Cabaret Show Pattaya Tickets Today And Enjoy A Memorable Evening With Stunning Performances, Deals, &amp; Hassle-Free Booking!\" \/>\n<meta property=\"og:url\" content=\"https:\/\/tiffanyshowpattaya.com\/pt\/\u0434\u0430\u043d\u043d\u044b\u0435-\u043a\u043e\u043c\u043f\u0430\u043d\u0438\u0438\/\" \/>\n<meta property=\"og:site_name\" content=\"Tiffany Show Pattaya\" \/>\n<meta property=\"article:modified_time\" content=\"2024-10-23T06:53:37+00:00\" \/>\n<meta name=\"twitter:card\" content=\"summary_large_image\" \/>\n<meta name=\"twitter:label1\" content=\"Tempo estimado de leitura\" \/>\n\t<meta name=\"twitter:data1\" content=\"2 minutos\" \/>\n<script type=\"application\/ld+json\" class=\"yoast-schema-graph\">{\"@context\":\"https:\\\/\\\/schema.org\",\"@graph\":[{\"@type\":\"WebPage\",\"@id\":\"https:\\\/\\\/tiffanyshowpattaya.com\\\/ru\\\/\u0434\u0430\u043d\u043d\u044b\u0435-\u043a\u043e\u043c\u043f\u0430\u043d\u0438\u0438\\\/\",\"url\":\"https:\\\/\\\/tiffanyshowpattaya.com\\\/ru\\\/\u0434\u0430\u043d\u043d\u044b\u0435-\u043a\u043e\u043c\u043f\u0430\u043d\u0438\u0438\\\/\",\"name\":\"Company Details | Alcazar Show Pattaya Tickets - Triplyn Holidays\",\"isPartOf\":{\"@id\":\"https:\\\/\\\/tiffanyshowpattaya.com\\\/#website\"},\"datePublished\":\"2024-10-23T06:51:59+00:00\",\"dateModified\":\"2024-10-23T06:53:37+00:00\",\"description\":\"Book Your Alcazar Cabaret Show Pattaya Tickets Today And Enjoy A Memorable Evening With Stunning Performances, Deals, & Hassle-Free Booking!\",\"breadcrumb\":{\"@id\":\"https:\\\/\\\/tiffanyshowpattaya.com\\\/ru\\\/\u0434\u0430\u043d\u043d\u044b\u0435-\u043a\u043e\u043c\u043f\u0430\u043d\u0438\u0438\\\/#breadcrumb\"},\"inLanguage\":\"pt-PT\",\"potentialAction\":[{\"@type\":\"ReadAction\",\"target\":[\"https:\\\/\\\/tiffanyshowpattaya.com\\\/ru\\\/\u0434\u0430\u043d\u043d\u044b\u0435-\u043a\u043e\u043c\u043f\u0430\u043d\u0438\u0438\\\/\"]}]},{\"@type\":\"BreadcrumbList\",\"@id\":\"https:\\\/\\\/tiffanyshowpattaya.com\\\/ru\\\/\u0434\u0430\u043d\u043d\u044b\u0435-\u043a\u043e\u043c\u043f\u0430\u043d\u0438\u0438\\\/#breadcrumb\",\"itemListElement\":[{\"@type\":\"ListItem\",\"position\":1,\"name\":\"Home\",\"item\":\"https:\\\/\\\/tiffanyshowpattaya.com\\\/\"},{\"@type\":\"ListItem\",\"position\":2,\"name\":\"Company Details\"}]},{\"@type\":\"WebSite\",\"@id\":\"https:\\\/\\\/tiffanyshowpattaya.com\\\/#website\",\"url\":\"https:\\\/\\\/tiffanyshowpattaya.com\\\/\",\"name\":\"Tiffany Show Pattaya\",\"description\":\"\",\"publisher\":{\"@id\":\"https:\\\/\\\/tiffanyshowpattaya.com\\\/#organization\"},\"potentialAction\":[{\"@type\":\"SearchAction\",\"target\":{\"@type\":\"EntryPoint\",\"urlTemplate\":\"https:\\\/\\\/tiffanyshowpattaya.com\\\/?s={search_term_string}\"},\"query-input\":{\"@type\":\"PropertyValueSpecification\",\"valueRequired\":true,\"valueName\":\"search_term_string\"}}],\"inLanguage\":\"pt-PT\"},{\"@type\":\"Organization\",\"@id\":\"https:\\\/\\\/tiffanyshowpattaya.com\\\/#organization\",\"name\":\"Tiffany Show Pattaya\",\"url\":\"https:\\\/\\\/tiffanyshowpattaya.com\\\/\",\"logo\":{\"@type\":\"ImageObject\",\"inLanguage\":\"pt-PT\",\"@id\":\"https:\\\/\\\/tiffanyshowpattaya.com\\\/#\\\/schema\\\/logo\\\/image\\\/\",\"url\":\"https:\\\/\\\/tiffanyshowpattaya.com\\\/wp-content\\\/uploads\\\/2024\\\/08\\\/Alcazar-Show.png\",\"contentUrl\":\"https:\\\/\\\/tiffanyshowpattaya.com\\\/wp-content\\\/uploads\\\/2024\\\/08\\\/Alcazar-Show.png\",\"width\":350,\"height\":100,\"caption\":\"Tiffany Show Pattaya\"},\"image\":{\"@id\":\"https:\\\/\\\/tiffanyshowpattaya.com\\\/#\\\/schema\\\/logo\\\/image\\\/\"}}]}<\/script>\n<!-- \/ Yoast SEO plugin. -->","yoast_head_json":{"title":"Detalhes da empresa | Ingressos para o Alcazar Show Pattaya - Triplyn Holidays","description":"Reserve hoje mesmo seus ingressos para o show do Alcazar Cabaret em Pattaya e aproveite uma noite memor\u00e1vel com apresenta\u00e7\u00f5es impressionantes, ofertas e reservas sem complica\u00e7\u00f5es!","robots":{"index":"noindex","follow":"follow"},"og_locale":"pt_PT","og_type":"article","og_title":"Company Details | Alcazar Show Pattaya Tickets - Triplyn Holidays","og_description":"Book Your Alcazar Cabaret Show Pattaya Tickets Today And Enjoy A Memorable Evening With Stunning Performances, Deals, & Hassle-Free Booking!","og_url":"https:\/\/tiffanyshowpattaya.com\/pt\/\u0434\u0430\u043d\u043d\u044b\u0435-\u043a\u043e\u043c\u043f\u0430\u043d\u0438\u0438\/","og_site_name":"Tiffany Show Pattaya","article_modified_time":"2024-10-23T06:53:37+00:00","twitter_card":"summary_large_image","twitter_misc":{"Tempo estimado de leitura":"2 minutos"},"schema":{"@context":"https:\/\/schema.org","@graph":[{"@type":"WebPage","@id":"https:\/\/tiffanyshowpattaya.com\/ru\/\u0434\u0430\u043d\u043d\u044b\u0435-\u043a\u043e\u043c\u043f\u0430\u043d\u0438\u0438\/","url":"https:\/\/tiffanyshowpattaya.com\/ru\/\u0434\u0430\u043d\u043d\u044b\u0435-\u043a\u043e\u043c\u043f\u0430\u043d\u0438\u0438\/","name":"Detalhes da empresa | Ingressos para o Alcazar Show Pattaya - Triplyn Holidays","isPartOf":{"@id":"https:\/\/tiffanyshowpattaya.com\/#website"},"datePublished":"2024-10-23T06:51:59+00:00","dateModified":"2024-10-23T06:53:37+00:00","description":"Reserve hoje mesmo seus ingressos para o show do Alcazar Cabaret em Pattaya e aproveite uma noite memor\u00e1vel com apresenta\u00e7\u00f5es impressionantes, ofertas e reservas sem complica\u00e7\u00f5es!","breadcrumb":{"@id":"https:\/\/tiffanyshowpattaya.com\/ru\/\u0434\u0430\u043d\u043d\u044b\u0435-\u043a\u043e\u043c\u043f\u0430\u043d\u0438\u0438\/#breadcrumb"},"inLanguage":"pt-PT","potentialAction":[{"@type":"ReadAction","target":["https:\/\/tiffanyshowpattaya.com\/ru\/\u0434\u0430\u043d\u043d\u044b\u0435-\u043a\u043e\u043c\u043f\u0430\u043d\u0438\u0438\/"]}]},{"@type":"BreadcrumbList","@id":"https:\/\/tiffanyshowpattaya.com\/ru\/\u0434\u0430\u043d\u043d\u044b\u0435-\u043a\u043e\u043c\u043f\u0430\u043d\u0438\u0438\/#breadcrumb","itemListElement":[{"@type":"ListItem","position":1,"name":"Home","item":"https:\/\/tiffanyshowpattaya.com\/"},{"@type":"ListItem","position":2,"name":"Company Details"}]},{"@type":"WebSite","@id":"https:\/\/tiffanyshowpattaya.com\/#website","url":"https:\/\/tiffanyshowpattaya.com\/","name":"Tiffany Show Pattaya","description":"","publisher":{"@id":"https:\/\/tiffanyshowpattaya.com\/#organization"},"potentialAction":[{"@type":"SearchAction","target":{"@type":"EntryPoint","urlTemplate":"https:\/\/tiffanyshowpattaya.com\/?s={search_term_string}"},"query-input":{"@type":"PropertyValueSpecification","valueRequired":true,"valueName":"search_term_string"}}],"inLanguage":"pt-PT"},{"@type":"Organization","@id":"https:\/\/tiffanyshowpattaya.com\/#organization","name":"Tiffany Show Pattaya","url":"https:\/\/tiffanyshowpattaya.com\/","logo":{"@type":"ImageObject","inLanguage":"pt-PT","@id":"https:\/\/tiffanyshowpattaya.com\/#\/schema\/logo\/image\/","url":"https:\/\/tiffanyshowpattaya.com\/wp-content\/uploads\/2024\/08\/Alcazar-Show.png","contentUrl":"https:\/\/tiffanyshowpattaya.com\/wp-content\/uploads\/2024\/08\/Alcazar-Show.png","width":350,"height":100,"caption":"Tiffany Show Pattaya"},"image":{"@id":"https:\/\/tiffanyshowpattaya.com\/#\/schema\/logo\/image\/"}}]}},"_links":{"self":[{"href":"https:\/\/tiffanyshowpattaya.com\/pt\/wp-json\/wp\/v2\/pages\/1285","targetHints":{"allow":["GET"]}}],"collection":[{"href":"https:\/\/tiffanyshowpattaya.com\/pt\/wp-json\/wp\/v2\/pages"}],"about":[{"href":"https:\/\/tiffanyshowpattaya.com\/pt\/wp-json\/wp\/v2\/types\/page"}],"author":[{"embeddable":true,"href":"https:\/\/tiffanyshowpattaya.com\/pt\/wp-json\/wp\/v2\/users\/1"}],"replies":[{"embeddable":true,"href":"https:\/\/tiffanyshowpattaya.com\/pt\/wp-json\/wp\/v2\/comments?post=1285"}],"version-history":[{"count":5,"href":"https:\/\/tiffanyshowpattaya.com\/pt\/wp-json\/wp\/v2\/pages\/1285\/revisions"}],"predecessor-version":[{"id":1290,"href":"https:\/\/tiffanyshowpattaya.com\/pt\/wp-json\/wp\/v2\/pages\/1285\/revisions\/1290"}],"wp:attachment":[{"href":"https:\/\/tiffanyshowpattaya.com\/pt\/wp-json\/wp\/v2\/media?parent=1285"}],"curies":[{"name":"wp","href":"https:\/\/api.w.org\/{rel}","templated":true}]}}