{"id":1298,"date":"2024-10-23T12:37:18","date_gmt":"2024-10-23T07:07:18","guid":{"rendered":"https:\/\/tiffanyshowpattaya.com\/?page_id=1298"},"modified":"2024-10-23T12:38:26","modified_gmt":"2024-10-23T07:08:26","slug":"cancellation-refund-policy","status":"publish","type":"page","link":"https:\/\/tiffanyshowpattaya.com\/pt\/cancellation-refund-policy\/","title":{"rendered":"Pol\u00edtica de cancelamento e reembolso"},"content":{"rendered":"<div data-elementor-type=\"wp-page\" data-elementor-id=\"1298\" class=\"elementor elementor-1298\" data-elementor-post-type=\"page\">\n\t\t\t\t\t\t<section data-particle_enable=\"false\" data-particle-mobile-disabled=\"false\" class=\"elementor-section elementor-top-section elementor-element elementor-element-2c10db5 elementor-section-boxed elementor-section-height-default elementor-section-height-default\" data-id=\"2c10db5\" data-element_type=\"section\" data-e-type=\"section\">\n\t\t\t\t\t\t<div class=\"elementor-container elementor-column-gap-default\">\n\t\t\t\t\t<div class=\"elementor-column elementor-col-100 elementor-top-column elementor-element elementor-element-eef4b82\" data-id=\"eef4b82\" data-element_type=\"column\" data-e-type=\"column\">\n\t\t\t<div class=\"elementor-widget-wrap elementor-element-populated\">\n\t\t\t\t\t\t<div class=\"elementor-element elementor-element-6c3c170 elementor-widget elementor-widget-text-editor\" data-id=\"6c3c170\" data-element_type=\"widget\" data-e-type=\"widget\" data-widget_type=\"text-editor.default\">\n\t\t\t\t<div class=\"elementor-widget-container\">\n\t\t\t\t\t\t\t\t\t<h2 style=\"text-align: center;\"><span style=\"color: #000000;\">Pol\u00edtica de cancelamento e reembolso \u2013 Alcazar Show Pattaya<\/span><\/h2><p><span style=\"color: #000000;\">No <a href=\"https:\/\/tiffanyshowpattaya.com\/pt\/\"><strong>Alcazar Show Pattaya<\/strong><\/a>, operado por <strong>F\u00e9rias Triplyn<\/strong>, estamos comprometidos em fornecer uma pol\u00edtica clara e transparente para reservas de ingressos. Por favor, revise cuidadosamente as seguintes diretrizes, pois nenhum reembolso ou cancelamento \u00e9 permitido depois que uma reserva foi feita.<\/span><\/p><h4><span style=\"color: #000000;\">1. Pol\u00edtica de cancelamento<\/span><\/h4><p><span style=\"color: #000000;\"><strong>Sem cancelamento:<\/strong><\/span><br \/><span style=\"color: #000000;\">Uma vez feita a reserva para o <strong>Show de cabar\u00e9 Alcazar Pattaya<\/strong>, \u00e9 final e n\u00e3o cancel\u00e1vel. N\u00e3o oferecemos cancelamentos sob nenhuma circunst\u00e2ncia, incluindo, mas n\u00e3o se limitando a motivos pessoais, mudan\u00e7as nos planos de viagem ou incapacidade de comparecer ao show.<\/span><\/p><h4><span style=\"color: #000000;\">2. Pol\u00edtica de Reembolso<\/span><\/h4><p><span style=\"color: #000000;\"><strong>Sem Reembolsos:<\/strong><\/span><br \/><span style=\"color: #000000;\">N\u00e3o oferecemos reembolsos para reservas feitas atrav\u00e9s de <strong>Alcazar Show Pattaya<\/strong>. Todas as vendas s\u00e3o finais e, uma vez confirmada a reserva, ela n\u00e3o \u00e9 reembols\u00e1vel. Esta pol\u00edtica se aplica a todos os tipos de ingressos e servi\u00e7os adquiridos por meio do nosso site.<\/span><\/p><h4><span style=\"color: #000000;\">3. Modifica\u00e7\u00f5es na reserva<\/span><\/h4><p><span style=\"color: #000000;\"><strong>Sem modifica\u00e7\u00f5es:<\/strong><\/span><br \/><span style=\"color: #000000;\">Como todas as reservas s\u00e3o finais, n\u00e3o permitimos nenhuma modifica\u00e7\u00e3o na data, hora ou detalhes da reserva depois que ela for confirmada. Certifique-se de que todas as informa\u00e7\u00f5es estejam corretas antes de concluir sua reserva.<\/span><\/p><h4><span style=\"color: #000000;\">4. Circunst\u00e2ncias excepcionais<\/span><\/h4><p><span style=\"color: #000000;\"><strong>For\u00e7a Maior:<\/strong><\/span><br \/><span style=\"color: #000000;\">Em caso de desastres naturais, restri\u00e7\u00f5es governamentais ou outros eventos imprevistos al\u00e9m do nosso controle, trabalharemos com voc\u00ea para reagendar sua visita com base na disponibilidade. No entanto, nenhum reembolso ser\u00e1 emitido sob tais circunst\u00e2ncias.<\/span><\/p><p><span style=\"color: #000000;\"><strong>Emerg\u00eancias de sa\u00fade:<\/strong><\/span><br \/><span style=\"color: #000000;\">Se voc\u00ea ou qualquer membro do seu grupo n\u00e3o puder comparecer devido a doen\u00e7a ou les\u00e3o, n\u00e3o poderemos oferecer nenhum reembolso ou cancelamento. Recomendamos que voc\u00ea revise seus planos cuidadosamente antes de reservar para evitar qualquer inconveniente.<\/span><\/p><h4><span style=\"color: #000000;\">5. Contate-nos<\/span><\/h4><p><span style=\"color: #000000;\">Para quaisquer d\u00favidas ou preocupa\u00e7\u00f5es relacionadas \u00e0 sua reserva, entre em contato com nossa equipe de atendimento ao cliente:<\/span><\/p><ul><li><span style=\"color: #000000;\"><strong>E-mail:<\/strong> <a style=\"color: #000000;\" href=\"mailto:contact@tiffanyshowpattaya.com\" rel=\"noopener\">contact@tiffanyshowpattaya.com<\/a><\/span><\/li><\/ul><p><span style=\"color: #000000;\">Nossa equipe de suporte dedicada est\u00e1 aqui para ajudar com quaisquer d\u00favidas relacionadas \u00e0 sua visita ao <strong>Show de cabar\u00e9 Alcazar Pattaya<\/strong>.<\/span><\/p>\t\t\t\t\t\t\t\t<\/div>\n\t\t\t\t<\/div>\n\t\t\t\t\t<\/div>\n\t\t<\/div>\n\t\t\t\t\t<\/div>\n\t\t<\/section>\n\t\t\t\t<\/div>","protected":false},"excerpt":{"rendered":"<p>Cancellation &amp; Refund Policy \u2013 Alcazar Show Pattaya At Alcazar Show Pattaya, operated by Triplyn Holidays, we are committed to providing a clear and transparent policy for ticket bookings. Please carefully review the following guidelines as no refunds or cancellations are permitted once a booking has been made. 1. Cancellation Policy No Cancellation:Once a booking [&hellip;]<\/p>\n","protected":false},"author":1,"featured_media":0,"parent":0,"menu_order":0,"comment_status":"closed","ping_status":"open","template":"","meta":{"ocean_post_layout":"","ocean_both_sidebars_style":"","ocean_both_sidebars_content_width":0,"ocean_both_sidebars_sidebars_width":0,"ocean_sidebar":"","ocean_second_sidebar":"","ocean_disable_margins":"enable","ocean_add_body_class":"","ocean_shortcode_before_top_bar":"","ocean_shortcode_after_top_bar":"","ocean_shortcode_before_header":"","ocean_shortcode_after_header":"","ocean_has_shortcode":"","ocean_shortcode_after_title":"","ocean_shortcode_before_footer_widgets":"","ocean_shortcode_after_footer_widgets":"","ocean_shortcode_before_footer_bottom":"","ocean_shortcode_after_footer_bottom":"","ocean_display_top_bar":"default","ocean_display_header":"default","ocean_header_style":"","ocean_center_header_left_menu":"","ocean_custom_header_template":"","ocean_custom_logo":0,"ocean_custom_retina_logo":0,"ocean_custom_logo_max_width":0,"ocean_custom_logo_tablet_max_width":0,"ocean_custom_logo_mobile_max_width":0,"ocean_custom_logo_max_height":0,"ocean_custom_logo_tablet_max_height":0,"ocean_custom_logo_mobile_max_height":0,"ocean_header_custom_menu":"","ocean_menu_typo_font_family":"","ocean_menu_typo_font_subset":"","ocean_menu_typo_font_size":0,"ocean_menu_typo_font_size_tablet":0,"ocean_menu_typo_font_size_mobile":0,"ocean_menu_typo_font_size_unit":"px","ocean_menu_typo_font_weight":"","ocean_menu_typo_font_weight_tablet":"","ocean_menu_typo_font_weight_mobile":"","ocean_menu_typo_transform":"","ocean_menu_typo_transform_tablet":"","ocean_menu_typo_transform_mobile":"","ocean_menu_typo_line_height":0,"ocean_menu_typo_line_height_tablet":0,"ocean_menu_typo_line_height_mobile":0,"ocean_menu_typo_line_height_unit":"","ocean_menu_typo_spacing":0,"ocean_menu_typo_spacing_tablet":0,"ocean_menu_typo_spacing_mobile":0,"ocean_menu_typo_spacing_unit":"","ocean_menu_link_color":"","ocean_menu_link_color_hover":"","ocean_menu_link_color_active":"","ocean_menu_link_background":"","ocean_menu_link_hover_background":"","ocean_menu_link_active_background":"","ocean_menu_social_links_bg":"","ocean_menu_social_hover_links_bg":"","ocean_menu_social_links_color":"","ocean_menu_social_hover_links_color":"","ocean_disable_title":"default","ocean_disable_heading":"default","ocean_post_title":"","ocean_post_subheading":"","ocean_post_title_style":"","ocean_post_title_background_color":"","ocean_post_title_background":0,"ocean_post_title_bg_image_position":"","ocean_post_title_bg_image_attachment":"","ocean_post_title_bg_image_repeat":"","ocean_post_title_bg_image_size":"","ocean_post_title_height":0,"ocean_post_title_bg_overlay":0.5,"ocean_post_title_bg_overlay_color":"","ocean_disable_breadcrumbs":"default","ocean_breadcrumbs_color":"","ocean_breadcrumbs_separator_color":"","ocean_breadcrumbs_links_color":"","ocean_breadcrumbs_links_hover_color":"","ocean_display_footer_widgets":"default","ocean_display_footer_bottom":"default","ocean_custom_footer_template":"","footnotes":""},"class_list":["post-1298","page","type-page","status-publish","hentry","entry","owp-thumbs-layout-horizontal","owp-btn-normal","owp-tabs-layout-horizontal","has-no-thumbnails","has-product-nav"],"yoast_head":"<!-- This site is optimized with the Yoast SEO plugin v27.3 - https:\/\/yoast.com\/product\/yoast-seo-wordpress\/ -->\n<title>Cancellation &amp; Refund Policy \u2013 Alcazar Cabaret Show Tickets<\/title>\n<meta name=\"description\" content=\"All Bookings For Alcazar Cabaret Show Are Final. No Cancellations, Refunds, Or Modifications Allowed. Ensure Accurate Details Before Booking!\" \/>\n<meta name=\"robots\" content=\"noindex, follow\" \/>\n<meta property=\"og:locale\" content=\"pt_PT\" \/>\n<meta property=\"og:type\" content=\"article\" \/>\n<meta property=\"og:title\" content=\"Cancellation &amp; Refund Policy \u2013 Alcazar Cabaret Show Tickets\" \/>\n<meta property=\"og:description\" content=\"All Bookings For Alcazar Cabaret Show Are Final. No Cancellations, Refunds, Or Modifications Allowed. Ensure Accurate Details Before Booking!\" \/>\n<meta property=\"og:url\" content=\"https:\/\/tiffanyshowpattaya.com\/pt\/chinh-sach-hoan-tien-huy-bo\/\" \/>\n<meta property=\"og:site_name\" content=\"Tiffany Show Pattaya\" \/>\n<meta property=\"article:modified_time\" content=\"2024-10-23T07:08:26+00:00\" \/>\n<meta name=\"twitter:card\" content=\"summary_large_image\" \/>\n<meta name=\"twitter:label1\" content=\"Tempo estimado de leitura\" \/>\n\t<meta name=\"twitter:data1\" content=\"2 minutos\" \/>\n<script type=\"application\/ld+json\" class=\"yoast-schema-graph\">{\"@context\":\"https:\\\/\\\/schema.org\",\"@graph\":[{\"@type\":\"WebPage\",\"@id\":\"https:\\\/\\\/tiffanyshowpattaya.com\\\/vi\\\/chinh-sach-hoan-tien-huy-bo\\\/\",\"url\":\"https:\\\/\\\/tiffanyshowpattaya.com\\\/vi\\\/chinh-sach-hoan-tien-huy-bo\\\/\",\"name\":\"Cancellation & Refund Policy \u2013 Alcazar Cabaret Show Tickets\",\"isPartOf\":{\"@id\":\"https:\\\/\\\/tiffanyshowpattaya.com\\\/#website\"},\"datePublished\":\"2024-10-23T07:07:18+00:00\",\"dateModified\":\"2024-10-23T07:08:26+00:00\",\"description\":\"All Bookings For Alcazar Cabaret Show Are Final. No Cancellations, Refunds, Or Modifications Allowed. Ensure Accurate Details Before Booking!\",\"breadcrumb\":{\"@id\":\"https:\\\/\\\/tiffanyshowpattaya.com\\\/vi\\\/chinh-sach-hoan-tien-huy-bo\\\/#breadcrumb\"},\"inLanguage\":\"pt-PT\",\"potentialAction\":[{\"@type\":\"ReadAction\",\"target\":[\"https:\\\/\\\/tiffanyshowpattaya.com\\\/vi\\\/chinh-sach-hoan-tien-huy-bo\\\/\"]}]},{\"@type\":\"BreadcrumbList\",\"@id\":\"https:\\\/\\\/tiffanyshowpattaya.com\\\/vi\\\/chinh-sach-hoan-tien-huy-bo\\\/#breadcrumb\",\"itemListElement\":[{\"@type\":\"ListItem\",\"position\":1,\"name\":\"Home\",\"item\":\"https:\\\/\\\/tiffanyshowpattaya.com\\\/\"},{\"@type\":\"ListItem\",\"position\":2,\"name\":\"Cancellation &amp; Refund Policy\"}]},{\"@type\":\"WebSite\",\"@id\":\"https:\\\/\\\/tiffanyshowpattaya.com\\\/#website\",\"url\":\"https:\\\/\\\/tiffanyshowpattaya.com\\\/\",\"name\":\"Tiffany Show Pattaya\",\"description\":\"\",\"publisher\":{\"@id\":\"https:\\\/\\\/tiffanyshowpattaya.com\\\/#organization\"},\"potentialAction\":[{\"@type\":\"SearchAction\",\"target\":{\"@type\":\"EntryPoint\",\"urlTemplate\":\"https:\\\/\\\/tiffanyshowpattaya.com\\\/?s={search_term_string}\"},\"query-input\":{\"@type\":\"PropertyValueSpecification\",\"valueRequired\":true,\"valueName\":\"search_term_string\"}}],\"inLanguage\":\"pt-PT\"},{\"@type\":\"Organization\",\"@id\":\"https:\\\/\\\/tiffanyshowpattaya.com\\\/#organization\",\"name\":\"Tiffany Show Pattaya\",\"url\":\"https:\\\/\\\/tiffanyshowpattaya.com\\\/\",\"logo\":{\"@type\":\"ImageObject\",\"inLanguage\":\"pt-PT\",\"@id\":\"https:\\\/\\\/tiffanyshowpattaya.com\\\/#\\\/schema\\\/logo\\\/image\\\/\",\"url\":\"https:\\\/\\\/tiffanyshowpattaya.com\\\/wp-content\\\/uploads\\\/2024\\\/08\\\/Alcazar-Show.png\",\"contentUrl\":\"https:\\\/\\\/tiffanyshowpattaya.com\\\/wp-content\\\/uploads\\\/2024\\\/08\\\/Alcazar-Show.png\",\"width\":350,\"height\":100,\"caption\":\"Tiffany Show Pattaya\"},\"image\":{\"@id\":\"https:\\\/\\\/tiffanyshowpattaya.com\\\/#\\\/schema\\\/logo\\\/image\\\/\"}}]}<\/script>\n<!-- \/ Yoast SEO plugin. -->","yoast_head_json":{"title":"Pol\u00edtica de cancelamento e reembolso \u2013 ingressos para o show Alcazar Cabaret","description":"Todas as reservas para o Alcazar Cabaret Show s\u00e3o finais. Nenhum cancelamento, reembolso ou modifica\u00e7\u00e3o permitidos. Garanta detalhes precisos antes de reservar!","robots":{"index":"noindex","follow":"follow"},"og_locale":"pt_PT","og_type":"article","og_title":"Cancellation & Refund Policy \u2013 Alcazar Cabaret Show Tickets","og_description":"All Bookings For Alcazar Cabaret Show Are Final. No Cancellations, Refunds, Or Modifications Allowed. Ensure Accurate Details Before Booking!","og_url":"https:\/\/tiffanyshowpattaya.com\/pt\/chinh-sach-hoan-tien-huy-bo\/","og_site_name":"Tiffany Show Pattaya","article_modified_time":"2024-10-23T07:08:26+00:00","twitter_card":"summary_large_image","twitter_misc":{"Tempo estimado de leitura":"2 minutos"},"schema":{"@context":"https:\/\/schema.org","@graph":[{"@type":"WebPage","@id":"https:\/\/tiffanyshowpattaya.com\/vi\/chinh-sach-hoan-tien-huy-bo\/","url":"https:\/\/tiffanyshowpattaya.com\/vi\/chinh-sach-hoan-tien-huy-bo\/","name":"Pol\u00edtica de cancelamento e reembolso \u2013 ingressos para o show Alcazar Cabaret","isPartOf":{"@id":"https:\/\/tiffanyshowpattaya.com\/#website"},"datePublished":"2024-10-23T07:07:18+00:00","dateModified":"2024-10-23T07:08:26+00:00","description":"Todas as reservas para o Alcazar Cabaret Show s\u00e3o finais. Nenhum cancelamento, reembolso ou modifica\u00e7\u00e3o permitidos. Garanta detalhes precisos antes de reservar!","breadcrumb":{"@id":"https:\/\/tiffanyshowpattaya.com\/vi\/chinh-sach-hoan-tien-huy-bo\/#breadcrumb"},"inLanguage":"pt-PT","potentialAction":[{"@type":"ReadAction","target":["https:\/\/tiffanyshowpattaya.com\/vi\/chinh-sach-hoan-tien-huy-bo\/"]}]},{"@type":"BreadcrumbList","@id":"https:\/\/tiffanyshowpattaya.com\/vi\/chinh-sach-hoan-tien-huy-bo\/#breadcrumb","itemListElement":[{"@type":"ListItem","position":1,"name":"Home","item":"https:\/\/tiffanyshowpattaya.com\/"},{"@type":"ListItem","position":2,"name":"Cancellation &amp; Refund Policy"}]},{"@type":"WebSite","@id":"https:\/\/tiffanyshowpattaya.com\/#website","url":"https:\/\/tiffanyshowpattaya.com\/","name":"Tiffany Show Pattaya","description":"","publisher":{"@id":"https:\/\/tiffanyshowpattaya.com\/#organization"},"potentialAction":[{"@type":"SearchAction","target":{"@type":"EntryPoint","urlTemplate":"https:\/\/tiffanyshowpattaya.com\/?s={search_term_string}"},"query-input":{"@type":"PropertyValueSpecification","valueRequired":true,"valueName":"search_term_string"}}],"inLanguage":"pt-PT"},{"@type":"Organization","@id":"https:\/\/tiffanyshowpattaya.com\/#organization","name":"Tiffany Show Pattaya","url":"https:\/\/tiffanyshowpattaya.com\/","logo":{"@type":"ImageObject","inLanguage":"pt-PT","@id":"https:\/\/tiffanyshowpattaya.com\/#\/schema\/logo\/image\/","url":"https:\/\/tiffanyshowpattaya.com\/wp-content\/uploads\/2024\/08\/Alcazar-Show.png","contentUrl":"https:\/\/tiffanyshowpattaya.com\/wp-content\/uploads\/2024\/08\/Alcazar-Show.png","width":350,"height":100,"caption":"Tiffany Show Pattaya"},"image":{"@id":"https:\/\/tiffanyshowpattaya.com\/#\/schema\/logo\/image\/"}}]}},"_links":{"self":[{"href":"https:\/\/tiffanyshowpattaya.com\/pt\/wp-json\/wp\/v2\/pages\/1298","targetHints":{"allow":["GET"]}}],"collection":[{"href":"https:\/\/tiffanyshowpattaya.com\/pt\/wp-json\/wp\/v2\/pages"}],"about":[{"href":"https:\/\/tiffanyshowpattaya.com\/pt\/wp-json\/wp\/v2\/types\/page"}],"author":[{"embeddable":true,"href":"https:\/\/tiffanyshowpattaya.com\/pt\/wp-json\/wp\/v2\/users\/1"}],"replies":[{"embeddable":true,"href":"https:\/\/tiffanyshowpattaya.com\/pt\/wp-json\/wp\/v2\/comments?post=1298"}],"version-history":[{"count":7,"href":"https:\/\/tiffanyshowpattaya.com\/pt\/wp-json\/wp\/v2\/pages\/1298\/revisions"}],"predecessor-version":[{"id":1305,"href":"https:\/\/tiffanyshowpattaya.com\/pt\/wp-json\/wp\/v2\/pages\/1298\/revisions\/1305"}],"wp:attachment":[{"href":"https:\/\/tiffanyshowpattaya.com\/pt\/wp-json\/wp\/v2\/media?parent=1298"}],"curies":[{"name":"wp","href":"https:\/\/api.w.org\/{rel}","templated":true}]}}