{"id":1285,"date":"2024-10-23T12:21:59","date_gmt":"2024-10-23T06:51:59","guid":{"rendered":"https:\/\/tiffanyshowpattaya.com\/?page_id=1285"},"modified":"2024-10-23T12:23:37","modified_gmt":"2024-10-23T06:53:37","slug":"company-details","status":"publish","type":"page","link":"https:\/\/tiffanyshowpattaya.com\/vi\/company-details\/","title":{"rendered":"Chi ti\u1ebft c\u00f4ng ty"},"content":{"rendered":"<div data-elementor-type=\"wp-page\" data-elementor-id=\"1285\" class=\"elementor elementor-1285\" data-elementor-post-type=\"page\">\n\t\t\t\t\t\t<section data-particle_enable=\"false\" data-particle-mobile-disabled=\"false\" class=\"elementor-section elementor-top-section elementor-element elementor-element-2c10db5 elementor-section-boxed elementor-section-height-default elementor-section-height-default\" data-id=\"2c10db5\" data-element_type=\"section\" data-e-type=\"section\">\n\t\t\t\t\t\t<div class=\"elementor-container elementor-column-gap-default\">\n\t\t\t\t\t<div class=\"elementor-column elementor-col-100 elementor-top-column elementor-element elementor-element-eef4b82\" data-id=\"eef4b82\" data-element_type=\"column\" data-e-type=\"column\">\n\t\t\t<div class=\"elementor-widget-wrap elementor-element-populated\">\n\t\t\t\t\t\t<div class=\"elementor-element elementor-element-6c3c170 elementor-widget elementor-widget-text-editor\" data-id=\"6c3c170\" data-element_type=\"widget\" data-e-type=\"widget\" data-widget_type=\"text-editor.default\">\n\t\t\t\t<div class=\"elementor-widget-container\">\n\t\t\t\t\t\t\t\t\t<h2 style=\"text-align: center;\"><span style=\"color: #000000;\">Chi ti\u1ebft c\u00f4ng ty<\/span><\/h2><p><span style=\"color: #000000;\">Ch\u00e0o m\u1eebng \u0111\u1ebfn v\u1edbi <strong>Ch\u01b0\u01a1ng tr\u00ecnh Alcazar Pattaya<\/strong>, \u0111\u1ed1i t\u00e1c \u0111\u00e1ng tin c\u1eady c\u1ee7a b\u1ea1n trong vi\u1ec7c cung c\u1ea5p nh\u1eefng tr\u1ea3i nghi\u1ec7m kh\u00f3 qu\u00ean t\u1ea1i m\u1ed9t trong nh\u1eefng ch\u01b0\u01a1ng tr\u00ecnh cabaret n\u1ed5i ti\u1ebfng nh\u1ea5t c\u1ee7a Th\u00e1i Lan. \u0110\u01b0\u1ee3c \u0111i\u1ec1u h\u00e0nh b\u1edfi <strong>K\u1ef3 ngh\u1ec9 Triplyn<\/strong>, ch\u00fang t\u00f4i \u0111\u1ea3m b\u1ea3o r\u1eb1ng m\u1ecdi du kh\u00e1ch \u0111\u1ec1u c\u00f3 tr\u1ea3i nghi\u1ec7m \u0111\u1eb7t v\u00e9 su\u00f4n s\u1ebb v\u00e0 \u0111\u00e1ng nh\u1edb <a href=\"https:\/\/tiffanyshowpattaya.com\/vi\/\"><strong>Ch\u01b0\u01a1ng tr\u00ecnh bi\u1ec3u di\u1ec5n Alcazar Cabaret<\/strong><\/a>.<\/span><\/p><h3><span style=\"color: #000000;\">Gi\u1edbi thi\u1ec7u v\u1ec1 ch\u00fang t\u00f4i<\/span><\/h3><p><span style=\"color: #000000;\"><strong>K\u1ef3 ngh\u1ec9 Triplyn<\/strong> l\u00e0 m\u1ed9t c\u00f4ng ty l\u1eef h\u00e0nh v\u00e0 du l\u1ecbch n\u1ed5i ti\u1ebfng chuy\u00ean cung c\u1ea5p c\u00e1c d\u1ecbch v\u1ee5 ch\u1ea5t l\u01b0\u1ee3ng h\u00e0ng \u0111\u1ea7u cho du kh\u00e1ch tr\u00ean to\u00e0n th\u1ebf gi\u1edbi. Ch\u00fang t\u00f4i chuy\u00ean \u0111\u1eb7t v\u00e9 cho c\u00e1c \u0111i\u1ec3m tham quan du l\u1ecbch n\u1ed5i ti\u1ebfng, bao g\u1ed3m <strong>Ch\u01b0\u01a1ng tr\u00ecnh bi\u1ec3u di\u1ec5n Alcazar Cabaret Pattaya<\/strong>S\u1ee9 m\u1ec7nh c\u1ee7a ch\u00fang t\u00f4i l\u00e0 cung c\u1ea5p cho kh\u00e1ch h\u00e0ng nh\u1eefng \u01b0u \u0111\u00e3i t\u1ed1t nh\u1ea5t, quy tr\u00ecnh \u0111\u1eb7t ph\u00f2ng li\u1ec1n m\u1ea1ch v\u00e0 d\u1ecbch v\u1ee5 h\u1ed7 tr\u1ee3 kh\u00e1ch h\u00e0ng h\u00e0ng \u0111\u1ea7u.<\/span><\/p><h3><span style=\"color: #000000;\">Th\u00f4ng tin c\u00f4ng ty<\/span><\/h3><ul><li><span style=\"color: #000000;\"><strong>T\u00ean c\u00f4ng ty:<\/strong> K\u1ef3 ngh\u1ec9 Triplyn<\/span><\/li><li><span style=\"color: #000000;\"><strong>\u0110\u1ecba ch\u1ec9 \u0111\u00e3 \u0111\u0103ng k\u00fd:<\/strong> A-54, Khu c\u00f4ng nghi\u1ec7p Keshopur, Vikaspuri, New Delhi 110018, \u1ea4n \u0110\u1ed9<\/span><\/li><li><span style=\"color: #000000;\"><strong>E-mail:<\/strong> <a style=\"color: #000000;\" href=\"mailto:contact@tiffanyshowpattaya.com\" rel=\"noopener\">contact@tiffanyshowpattaya.com<\/a><\/span><\/li><\/ul><p><span style=\"color: #000000;\">Ch\u00fang t\u00f4i cam k\u1ebft cung c\u1ea5p s\u1ef1 minh b\u1ea1ch v\u00e0 x\u00e2y d\u1ef1ng l\u00f2ng tin v\u1edbi kh\u00e1ch h\u00e0ng. N\u1ebfu b\u1ea1n c\u00f3 b\u1ea5t k\u1ef3 c\u00e2u h\u1ecfi n\u00e0o li\u00ean quan \u0111\u1ebfn vi\u1ec7c \u0111\u1eb7t ch\u1ed7 c\u1ee7a m\u00ecnh, vui l\u00f2ng li\u00ean h\u1ec7 v\u1edbi ch\u00fang t\u00f4i qua email.<\/span><\/p><h3><span style=\"color: #000000;\">Li\u00ean h\u1ec7 v\u1edbi ch\u00fang t\u00f4i<\/span><\/h3><p><span style=\"color: #000000;\">\u0110\u1ed1i v\u1edbi b\u1ea5t k\u1ef3 y\u00eau c\u1ea7u ho\u1eb7c h\u1ed7 tr\u1ee3 li\u00ean quan \u0111\u1ebfn chuy\u1ebfn th\u0103m c\u1ee7a b\u1ea1n \u0111\u1ebfn <strong>Ch\u01b0\u01a1ng tr\u00ecnh bi\u1ec3u di\u1ec5n Alcazar Cabaret Pattaya<\/strong>, vui l\u00f2ng li\u00ean h\u1ec7 v\u1edbi ch\u00fang t\u00f4i:<\/span><\/p><ul><li><span style=\"color: #000000;\"><strong>E-mail:<\/strong> <a style=\"color: #000000;\" href=\"mailto:contact@tiffanyshowpattaya.com\" rel=\"noopener\">contact@tiffanyshowpattaya.com<\/a><\/span><\/li><li><span style=\"color: #000000;\"><strong>\u0110\u1ecba ch\u1ec9:<\/strong> A-54, Khu c\u00f4ng nghi\u1ec7p Keshopur, Vikaspuri, New Delhi 110018, \u1ea4n \u0110\u1ed9<\/span><\/li><\/ul><p><span style=\"color: #000000;\">Ch\u00fang t\u00f4i c\u1ed1 g\u1eafng tr\u1ea3 l\u1eddi t\u1ea5t c\u1ea3 email trong v\u00f2ng 24 gi\u1edd.<\/span><\/p><h3><span style=\"color: #000000;\">T\u1ea1i sao ch\u1ecdn ch\u00fang t\u00f4i?<\/span><\/h3><ul><li><span style=\"color: #000000;\"><strong>Kinh nghi\u1ec7m \u0111\u00e1ng tin c\u1eady:<\/strong> V\u1edbi nhi\u1ec1u n\u0103m kinh nghi\u1ec7m trong ng\u00e0nh du l\u1ecbch v\u00e0 l\u1eef h\u00e0nh, <strong>K\u1ef3 ngh\u1ec9 Triplyn<\/strong> cam k\u1ebft cung c\u1ea5p d\u1ecbch v\u1ee5 tuy\u1ec7t v\u1eddi v\u00e0 gi\u00e1 c\u1ea3 minh b\u1ea1ch.<\/span><\/li><li><span style=\"color: #000000;\"><strong>H\u1ed7 tr\u1ee3 kh\u00e1ch h\u00e0ng:<\/strong> \u0110\u1ed9i ng\u0169 t\u1eadn t\u00e2m c\u1ee7a ch\u00fang t\u00f4i lu\u00f4n s\u1eb5n s\u00e0ng h\u1ed7 tr\u1ee3 b\u1ea1n v\u1edbi m\u1ecdi nhu c\u1ea7u du l\u1ecbch, \u0111\u1ea3m b\u1ea3o tr\u1ea3i nghi\u1ec7m \u0111\u1eb7t v\u00e9 d\u1ec5 d\u00e0ng.<\/span><\/li><li><span style=\"color: #000000;\"><strong>\u01afu \u0111\u00e3i \u0111\u1ed9c quy\u1ec1n:<\/strong> Ch\u00fang t\u00f4i cung c\u1ea5p c\u00e1c g\u00f3i v\u00e0 \u01b0u \u0111\u00e3i \u0111\u1ed9c quy\u1ec1n cho <strong>Ch\u01b0\u01a1ng tr\u00ecnh bi\u1ec3u di\u1ec5n Alcazar Cabaret Pattaya<\/strong>, \u0111\u1ea3m b\u1ea3o b\u1ea1n \u0111\u01b0\u1ee3c t\u1eadn h\u01b0\u1edfng nh\u1eefng bu\u1ed5i bi\u1ec3u di\u1ec5n t\u1ed1t nh\u1ea5t v\u1edbi m\u1ee9c gi\u00e1 ph\u1ea3i ch\u0103ng.<\/span><\/li><\/ul><h3><span style=\"color: #000000;\">\u0110\u1eb7t ph\u00f2ng v\u1edbi ch\u00fang t\u00f4i<\/span><\/h3><p><span style=\"color: #000000;\">\u0110\u1ed1i v\u1edbi m\u1ed9t bu\u1ed5i t\u1ed1i th\u00fa v\u1ecb t\u1ea1i <strong>Ch\u01b0\u01a1ng tr\u00ecnh bi\u1ec3u di\u1ec5n Alcazar Cabaret Pattaya<\/strong>, h\u00e3y gh\u00e9 th\u0103m ch\u00fang t\u00f4i <a style=\"color: #000000;\" href=\"https:\/\/tiffanyshowpattaya.com\/vi\/\" target=\"_new\" rel=\"noopener\">Trang \u0111\u1eb7t v\u00e9 xem Alcazar Cabaret Show<\/a> \u0111\u1ec3 kh\u00e1m ph\u00e1 c\u00e1c \u01b0u \u0111\u00e3i \u0111\u1ed9c quy\u1ec1n c\u1ee7a ch\u00fang t\u00f4i.<\/span><br \/><span style=\"color: #000000;\"><strong><a style=\"color: #000000;\" href=\"https:\/\/tiffanyshowpattaya.com\/vi\/\" target=\"_new\" rel=\"noopener\">Nh\u1ea5p v\u00e0o \u0111\u00e2y<\/a><\/strong> \u0111\u1ec3 \u0111\u1eb7t ch\u1ed7 c\u1ee7a b\u1ea1n <strong>Ch\u01b0\u01a1ng tr\u00ecnh bi\u1ec3u di\u1ec5n Alcazar Cabaret<\/strong> mua v\u00e9 ngay v\u00e0 b\u1eaft \u0111\u1ea7u cu\u1ed9c phi\u00eau l\u01b0u c\u1ee7a b\u1ea1n!<\/span><\/p>\t\t\t\t\t\t\t\t<\/div>\n\t\t\t\t<\/div>\n\t\t\t\t\t<\/div>\n\t\t<\/div>\n\t\t\t\t\t<\/div>\n\t\t<\/section>\n\t\t\t\t<\/div>","protected":false},"excerpt":{"rendered":"<p>Company Details Welcome to Alcazar Show Pattaya, your trusted partner in providing unforgettable experiences at one of Thailand\u2019s most famous cabaret shows. Operated by Triplyn Holidays, we ensure that every visitor has a smooth and memorable ticket booking experience for the Alcazar Cabaret Show. About Us Triplyn Holidays is a renowned travel and tourism company [&hellip;]<\/p>\n","protected":false},"author":1,"featured_media":0,"parent":0,"menu_order":0,"comment_status":"closed","ping_status":"open","template":"","meta":{"ocean_post_layout":"","ocean_both_sidebars_style":"","ocean_both_sidebars_content_width":0,"ocean_both_sidebars_sidebars_width":0,"ocean_sidebar":"","ocean_second_sidebar":"","ocean_disable_margins":"enable","ocean_add_body_class":"","ocean_shortcode_before_top_bar":"","ocean_shortcode_after_top_bar":"","ocean_shortcode_before_header":"","ocean_shortcode_after_header":"","ocean_has_shortcode":"","ocean_shortcode_after_title":"","ocean_shortcode_before_footer_widgets":"","ocean_shortcode_after_footer_widgets":"","ocean_shortcode_before_footer_bottom":"","ocean_shortcode_after_footer_bottom":"","ocean_display_top_bar":"default","ocean_display_header":"default","ocean_header_style":"","ocean_center_header_left_menu":"","ocean_custom_header_template":"","ocean_custom_logo":0,"ocean_custom_retina_logo":0,"ocean_custom_logo_max_width":0,"ocean_custom_logo_tablet_max_width":0,"ocean_custom_logo_mobile_max_width":0,"ocean_custom_logo_max_height":0,"ocean_custom_logo_tablet_max_height":0,"ocean_custom_logo_mobile_max_height":0,"ocean_header_custom_menu":"","ocean_menu_typo_font_family":"","ocean_menu_typo_font_subset":"","ocean_menu_typo_font_size":0,"ocean_menu_typo_font_size_tablet":0,"ocean_menu_typo_font_size_mobile":0,"ocean_menu_typo_font_size_unit":"px","ocean_menu_typo_font_weight":"","ocean_menu_typo_font_weight_tablet":"","ocean_menu_typo_font_weight_mobile":"","ocean_menu_typo_transform":"","ocean_menu_typo_transform_tablet":"","ocean_menu_typo_transform_mobile":"","ocean_menu_typo_line_height":0,"ocean_menu_typo_line_height_tablet":0,"ocean_menu_typo_line_height_mobile":0,"ocean_menu_typo_line_height_unit":"","ocean_menu_typo_spacing":0,"ocean_menu_typo_spacing_tablet":0,"ocean_menu_typo_spacing_mobile":0,"ocean_menu_typo_spacing_unit":"","ocean_menu_link_color":"","ocean_menu_link_color_hover":"","ocean_menu_link_color_active":"","ocean_menu_link_background":"","ocean_menu_link_hover_background":"","ocean_menu_link_active_background":"","ocean_menu_social_links_bg":"","ocean_menu_social_hover_links_bg":"","ocean_menu_social_links_color":"","ocean_menu_social_hover_links_color":"","ocean_disable_title":"default","ocean_disable_heading":"default","ocean_post_title":"","ocean_post_subheading":"","ocean_post_title_style":"","ocean_post_title_background_color":"","ocean_post_title_background":0,"ocean_post_title_bg_image_position":"","ocean_post_title_bg_image_attachment":"","ocean_post_title_bg_image_repeat":"","ocean_post_title_bg_image_size":"","ocean_post_title_height":0,"ocean_post_title_bg_overlay":0.5,"ocean_post_title_bg_overlay_color":"","ocean_disable_breadcrumbs":"default","ocean_breadcrumbs_color":"","ocean_breadcrumbs_separator_color":"","ocean_breadcrumbs_links_color":"","ocean_breadcrumbs_links_hover_color":"","ocean_display_footer_widgets":"default","ocean_display_footer_bottom":"default","ocean_custom_footer_template":"","footnotes":""},"class_list":["post-1285","page","type-page","status-publish","hentry","entry","owp-thumbs-layout-horizontal","owp-btn-normal","owp-tabs-layout-horizontal","has-no-thumbnails","has-product-nav"],"yoast_head":"<!-- This site is optimized with the Yoast SEO plugin v27.3 - https:\/\/yoast.com\/product\/yoast-seo-wordpress\/ -->\n<title>Company Details | Alcazar Show Pattaya Tickets - Triplyn Holidays<\/title>\n<meta name=\"description\" content=\"Book Your Alcazar Cabaret Show Pattaya Tickets Today And Enjoy A Memorable Evening With Stunning Performances, Deals, &amp; Hassle-Free Booking!\" \/>\n<meta name=\"robots\" content=\"noindex, follow\" \/>\n<meta property=\"og:locale\" content=\"vi_VN\" \/>\n<meta property=\"og:type\" content=\"article\" \/>\n<meta property=\"og:title\" content=\"Company Details | Alcazar Show Pattaya Tickets - Triplyn Holidays\" \/>\n<meta property=\"og:description\" content=\"Book Your Alcazar Cabaret Show Pattaya Tickets Today And Enjoy A Memorable Evening With Stunning Performances, Deals, &amp; Hassle-Free Booking!\" \/>\n<meta property=\"og:url\" content=\"https:\/\/tiffanyshowpattaya.com\/vi\/\u0434\u0430\u043d\u043d\u044b\u0435-\u043a\u043e\u043c\u043f\u0430\u043d\u0438\u0438\/\" \/>\n<meta property=\"og:site_name\" content=\"Tiffany Show Pattaya\" \/>\n<meta property=\"article:modified_time\" content=\"2024-10-23T06:53:37+00:00\" \/>\n<meta name=\"twitter:card\" content=\"summary_large_image\" \/>\n<meta name=\"twitter:label1\" content=\"\u01af\u1edbc t\u00ednh th\u1eddi gian \u0111\u1ecdc\" \/>\n\t<meta name=\"twitter:data1\" content=\"2 ph\u00fat\" \/>\n<script type=\"application\/ld+json\" class=\"yoast-schema-graph\">{\"@context\":\"https:\\\/\\\/schema.org\",\"@graph\":[{\"@type\":\"WebPage\",\"@id\":\"https:\\\/\\\/tiffanyshowpattaya.com\\\/ru\\\/\u0434\u0430\u043d\u043d\u044b\u0435-\u043a\u043e\u043c\u043f\u0430\u043d\u0438\u0438\\\/\",\"url\":\"https:\\\/\\\/tiffanyshowpattaya.com\\\/ru\\\/\u0434\u0430\u043d\u043d\u044b\u0435-\u043a\u043e\u043c\u043f\u0430\u043d\u0438\u0438\\\/\",\"name\":\"Company Details | Alcazar Show Pattaya Tickets - Triplyn Holidays\",\"isPartOf\":{\"@id\":\"https:\\\/\\\/tiffanyshowpattaya.com\\\/#website\"},\"datePublished\":\"2024-10-23T06:51:59+00:00\",\"dateModified\":\"2024-10-23T06:53:37+00:00\",\"description\":\"Book Your Alcazar Cabaret Show Pattaya Tickets Today And Enjoy A Memorable Evening With Stunning Performances, Deals, & Hassle-Free Booking!\",\"breadcrumb\":{\"@id\":\"https:\\\/\\\/tiffanyshowpattaya.com\\\/ru\\\/\u0434\u0430\u043d\u043d\u044b\u0435-\u043a\u043e\u043c\u043f\u0430\u043d\u0438\u0438\\\/#breadcrumb\"},\"inLanguage\":\"vi\",\"potentialAction\":[{\"@type\":\"ReadAction\",\"target\":[\"https:\\\/\\\/tiffanyshowpattaya.com\\\/ru\\\/\u0434\u0430\u043d\u043d\u044b\u0435-\u043a\u043e\u043c\u043f\u0430\u043d\u0438\u0438\\\/\"]}]},{\"@type\":\"BreadcrumbList\",\"@id\":\"https:\\\/\\\/tiffanyshowpattaya.com\\\/ru\\\/\u0434\u0430\u043d\u043d\u044b\u0435-\u043a\u043e\u043c\u043f\u0430\u043d\u0438\u0438\\\/#breadcrumb\",\"itemListElement\":[{\"@type\":\"ListItem\",\"position\":1,\"name\":\"Home\",\"item\":\"https:\\\/\\\/tiffanyshowpattaya.com\\\/\"},{\"@type\":\"ListItem\",\"position\":2,\"name\":\"Company Details\"}]},{\"@type\":\"WebSite\",\"@id\":\"https:\\\/\\\/tiffanyshowpattaya.com\\\/#website\",\"url\":\"https:\\\/\\\/tiffanyshowpattaya.com\\\/\",\"name\":\"Tiffany Show Pattaya\",\"description\":\"\",\"publisher\":{\"@id\":\"https:\\\/\\\/tiffanyshowpattaya.com\\\/#organization\"},\"potentialAction\":[{\"@type\":\"SearchAction\",\"target\":{\"@type\":\"EntryPoint\",\"urlTemplate\":\"https:\\\/\\\/tiffanyshowpattaya.com\\\/?s={search_term_string}\"},\"query-input\":{\"@type\":\"PropertyValueSpecification\",\"valueRequired\":true,\"valueName\":\"search_term_string\"}}],\"inLanguage\":\"vi\"},{\"@type\":\"Organization\",\"@id\":\"https:\\\/\\\/tiffanyshowpattaya.com\\\/#organization\",\"name\":\"Tiffany Show Pattaya\",\"url\":\"https:\\\/\\\/tiffanyshowpattaya.com\\\/\",\"logo\":{\"@type\":\"ImageObject\",\"inLanguage\":\"vi\",\"@id\":\"https:\\\/\\\/tiffanyshowpattaya.com\\\/#\\\/schema\\\/logo\\\/image\\\/\",\"url\":\"https:\\\/\\\/tiffanyshowpattaya.com\\\/wp-content\\\/uploads\\\/2024\\\/08\\\/Alcazar-Show.png\",\"contentUrl\":\"https:\\\/\\\/tiffanyshowpattaya.com\\\/wp-content\\\/uploads\\\/2024\\\/08\\\/Alcazar-Show.png\",\"width\":350,\"height\":100,\"caption\":\"Tiffany Show Pattaya\"},\"image\":{\"@id\":\"https:\\\/\\\/tiffanyshowpattaya.com\\\/#\\\/schema\\\/logo\\\/image\\\/\"}}]}<\/script>\n<!-- \/ Yoast SEO plugin. -->","yoast_head_json":{"title":"Chi ti\u1ebft c\u00f4ng ty | V\u00e9 xem Alcazar Show Pattaya - Triplyn Holidays","description":"H\u00e3y \u0111\u1eb7t v\u00e9 xem Alcazar Cabaret Show Pattaya ngay h\u00f4m nay v\u00e0 t\u1eadn h\u01b0\u1edfng m\u1ed9t bu\u1ed5i t\u1ed1i \u0111\u00e1ng nh\u1edb v\u1edbi nh\u1eefng m\u00e0n tr\u00ecnh di\u1ec5n tuy\u1ec7t v\u1eddi, \u01b0u \u0111\u00e3i v\u00e0 d\u1ecbch v\u1ee5 \u0111\u1eb7t v\u00e9 d\u1ec5 d\u00e0ng!","robots":{"index":"noindex","follow":"follow"},"og_locale":"vi_VN","og_type":"article","og_title":"Company Details | Alcazar Show Pattaya Tickets - Triplyn Holidays","og_description":"Book Your Alcazar Cabaret Show Pattaya Tickets Today And Enjoy A Memorable Evening With Stunning Performances, Deals, & Hassle-Free Booking!","og_url":"https:\/\/tiffanyshowpattaya.com\/vi\/\u0434\u0430\u043d\u043d\u044b\u0435-\u043a\u043e\u043c\u043f\u0430\u043d\u0438\u0438\/","og_site_name":"Tiffany Show Pattaya","article_modified_time":"2024-10-23T06:53:37+00:00","twitter_card":"summary_large_image","twitter_misc":{"\u01af\u1edbc t\u00ednh th\u1eddi gian \u0111\u1ecdc":"2 ph\u00fat"},"schema":{"@context":"https:\/\/schema.org","@graph":[{"@type":"WebPage","@id":"https:\/\/tiffanyshowpattaya.com\/ru\/\u0434\u0430\u043d\u043d\u044b\u0435-\u043a\u043e\u043c\u043f\u0430\u043d\u0438\u0438\/","url":"https:\/\/tiffanyshowpattaya.com\/ru\/\u0434\u0430\u043d\u043d\u044b\u0435-\u043a\u043e\u043c\u043f\u0430\u043d\u0438\u0438\/","name":"Chi ti\u1ebft c\u00f4ng ty | V\u00e9 xem Alcazar Show Pattaya - Triplyn Holidays","isPartOf":{"@id":"https:\/\/tiffanyshowpattaya.com\/#website"},"datePublished":"2024-10-23T06:51:59+00:00","dateModified":"2024-10-23T06:53:37+00:00","description":"H\u00e3y \u0111\u1eb7t v\u00e9 xem Alcazar Cabaret Show Pattaya ngay h\u00f4m nay v\u00e0 t\u1eadn h\u01b0\u1edfng m\u1ed9t bu\u1ed5i t\u1ed1i \u0111\u00e1ng nh\u1edb v\u1edbi nh\u1eefng m\u00e0n tr\u00ecnh di\u1ec5n tuy\u1ec7t v\u1eddi, \u01b0u \u0111\u00e3i v\u00e0 d\u1ecbch v\u1ee5 \u0111\u1eb7t v\u00e9 d\u1ec5 d\u00e0ng!","breadcrumb":{"@id":"https:\/\/tiffanyshowpattaya.com\/ru\/\u0434\u0430\u043d\u043d\u044b\u0435-\u043a\u043e\u043c\u043f\u0430\u043d\u0438\u0438\/#breadcrumb"},"inLanguage":"vi","potentialAction":[{"@type":"ReadAction","target":["https:\/\/tiffanyshowpattaya.com\/ru\/\u0434\u0430\u043d\u043d\u044b\u0435-\u043a\u043e\u043c\u043f\u0430\u043d\u0438\u0438\/"]}]},{"@type":"BreadcrumbList","@id":"https:\/\/tiffanyshowpattaya.com\/ru\/\u0434\u0430\u043d\u043d\u044b\u0435-\u043a\u043e\u043c\u043f\u0430\u043d\u0438\u0438\/#breadcrumb","itemListElement":[{"@type":"ListItem","position":1,"name":"Home","item":"https:\/\/tiffanyshowpattaya.com\/"},{"@type":"ListItem","position":2,"name":"Company Details"}]},{"@type":"WebSite","@id":"https:\/\/tiffanyshowpattaya.com\/#website","url":"https:\/\/tiffanyshowpattaya.com\/","name":"Tiffany Show Pattaya","description":"","publisher":{"@id":"https:\/\/tiffanyshowpattaya.com\/#organization"},"potentialAction":[{"@type":"SearchAction","target":{"@type":"EntryPoint","urlTemplate":"https:\/\/tiffanyshowpattaya.com\/?s={search_term_string}"},"query-input":{"@type":"PropertyValueSpecification","valueRequired":true,"valueName":"search_term_string"}}],"inLanguage":"vi"},{"@type":"Organization","@id":"https:\/\/tiffanyshowpattaya.com\/#organization","name":"Tiffany Show Pattaya","url":"https:\/\/tiffanyshowpattaya.com\/","logo":{"@type":"ImageObject","inLanguage":"vi","@id":"https:\/\/tiffanyshowpattaya.com\/#\/schema\/logo\/image\/","url":"https:\/\/tiffanyshowpattaya.com\/wp-content\/uploads\/2024\/08\/Alcazar-Show.png","contentUrl":"https:\/\/tiffanyshowpattaya.com\/wp-content\/uploads\/2024\/08\/Alcazar-Show.png","width":350,"height":100,"caption":"Tiffany Show Pattaya"},"image":{"@id":"https:\/\/tiffanyshowpattaya.com\/#\/schema\/logo\/image\/"}}]}},"_links":{"self":[{"href":"https:\/\/tiffanyshowpattaya.com\/vi\/wp-json\/wp\/v2\/pages\/1285","targetHints":{"allow":["GET"]}}],"collection":[{"href":"https:\/\/tiffanyshowpattaya.com\/vi\/wp-json\/wp\/v2\/pages"}],"about":[{"href":"https:\/\/tiffanyshowpattaya.com\/vi\/wp-json\/wp\/v2\/types\/page"}],"author":[{"embeddable":true,"href":"https:\/\/tiffanyshowpattaya.com\/vi\/wp-json\/wp\/v2\/users\/1"}],"replies":[{"embeddable":true,"href":"https:\/\/tiffanyshowpattaya.com\/vi\/wp-json\/wp\/v2\/comments?post=1285"}],"version-history":[{"count":5,"href":"https:\/\/tiffanyshowpattaya.com\/vi\/wp-json\/wp\/v2\/pages\/1285\/revisions"}],"predecessor-version":[{"id":1290,"href":"https:\/\/tiffanyshowpattaya.com\/vi\/wp-json\/wp\/v2\/pages\/1285\/revisions\/1290"}],"wp:attachment":[{"href":"https:\/\/tiffanyshowpattaya.com\/vi\/wp-json\/wp\/v2\/media?parent=1285"}],"curies":[{"name":"wp","href":"https:\/\/api.w.org\/{rel}","templated":true}]}}