{"id":1298,"date":"2024-10-23T12:37:18","date_gmt":"2024-10-23T07:07:18","guid":{"rendered":"https:\/\/tiffanyshowpattaya.com\/?page_id=1298"},"modified":"2024-10-23T12:38:26","modified_gmt":"2024-10-23T07:08:26","slug":"cancellation-refund-policy","status":"publish","type":"page","link":"https:\/\/tiffanyshowpattaya.com\/vi\/cancellation-refund-policy\/","title":{"rendered":"Ch\u00ednh s\u00e1ch h\u1ee7y v\u00e0 ho\u00e0n ti\u1ec1n"},"content":{"rendered":"<div data-elementor-type=\"wp-page\" data-elementor-id=\"1298\" class=\"elementor elementor-1298\" data-elementor-post-type=\"page\">\n\t\t\t\t\t\t<section data-particle_enable=\"false\" data-particle-mobile-disabled=\"false\" class=\"elementor-section elementor-top-section elementor-element elementor-element-2c10db5 elementor-section-boxed elementor-section-height-default elementor-section-height-default\" data-id=\"2c10db5\" data-element_type=\"section\" data-e-type=\"section\">\n\t\t\t\t\t\t<div class=\"elementor-container elementor-column-gap-default\">\n\t\t\t\t\t<div class=\"elementor-column elementor-col-100 elementor-top-column elementor-element elementor-element-eef4b82\" data-id=\"eef4b82\" data-element_type=\"column\" data-e-type=\"column\">\n\t\t\t<div class=\"elementor-widget-wrap elementor-element-populated\">\n\t\t\t\t\t\t<div class=\"elementor-element elementor-element-6c3c170 elementor-widget elementor-widget-text-editor\" data-id=\"6c3c170\" data-element_type=\"widget\" data-e-type=\"widget\" data-widget_type=\"text-editor.default\">\n\t\t\t\t<div class=\"elementor-widget-container\">\n\t\t\t\t\t\t\t\t\t<h2 style=\"text-align: center;\"><span style=\"color: #000000;\">Ch\u00ednh s\u00e1ch h\u1ee7y v\u00e0 ho\u00e0n ti\u1ec1n \u2013 Alcazar Show Pattaya<\/span><\/h2><p><span style=\"color: #000000;\">T\u1ea1i <a href=\"https:\/\/tiffanyshowpattaya.com\/vi\/\"><strong>Ch\u01b0\u01a1ng tr\u00ecnh Alcazar Pattaya<\/strong><\/a>, \u0111\u01b0\u1ee3c \u0111i\u1ec1u h\u00e0nh b\u1edfi <strong>K\u1ef3 ngh\u1ec9 Triplyn<\/strong>, ch\u00fang t\u00f4i cam k\u1ebft cung c\u1ea5p ch\u00ednh s\u00e1ch r\u00f5 r\u00e0ng v\u00e0 minh b\u1ea1ch cho vi\u1ec7c \u0111\u1eb7t v\u00e9. Vui l\u00f2ng xem x\u00e9t k\u1ef9 c\u00e1c h\u01b0\u1edbng d\u1eabn sau v\u00ec kh\u00f4ng \u0111\u01b0\u1ee3c ho\u00e0n ti\u1ec1n ho\u1eb7c h\u1ee7y v\u00e9 sau khi \u0111\u00e3 \u0111\u1eb7t v\u00e9.<\/span><\/p><h4><span style=\"color: #000000;\">1. Ch\u00ednh s\u00e1ch h\u1ee7y b\u1ecf<\/span><\/h4><p><span style=\"color: #000000;\"><strong>Kh\u00f4ng h\u1ee7y:<\/strong><\/span><br \/><span style=\"color: #000000;\">M\u1ed9t khi \u0111\u00e3 \u0111\u1eb7t ch\u1ed7 cho <strong>Ch\u01b0\u01a1ng tr\u00ecnh bi\u1ec3u di\u1ec5n Alcazar Cabaret Pattaya<\/strong>, \u0111\u00e2y l\u00e0 quy\u1ebft \u0111\u1ecbnh cu\u1ed1i c\u00f9ng v\u00e0 kh\u00f4ng th\u1ec3 h\u1ee7y b\u1ecf. Ch\u00fang t\u00f4i kh\u00f4ng ch\u1ea5p nh\u1eadn h\u1ee7y b\u1ecf trong b\u1ea5t k\u1ef3 tr\u01b0\u1eddng h\u1ee3p n\u00e0o, bao g\u1ed3m nh\u01b0ng kh\u00f4ng gi\u1edbi h\u1ea1n \u1edf l\u00fd do c\u00e1 nh\u00e2n, thay \u0111\u1ed5i k\u1ebf ho\u1ea1ch \u0111i l\u1ea1i ho\u1eb7c kh\u00f4ng th\u1ec3 tham d\u1ef1 ch\u01b0\u01a1ng tr\u00ecnh.<\/span><\/p><h4><span style=\"color: #000000;\">2. Ch\u00ednh s\u00e1ch ho\u00e0n ti\u1ec1n<\/span><\/h4><p><span style=\"color: #000000;\"><strong>Kh\u00f4ng ho\u00e0n l\u1ea1i ti\u1ec1n:<\/strong><\/span><br \/><span style=\"color: #000000;\">Ch\u00fang t\u00f4i kh\u00f4ng ho\u00e0n l\u1ea1i ti\u1ec1n cho b\u1ea5t k\u1ef3 \u0111\u1eb7t ph\u00f2ng n\u00e0o \u0111\u01b0\u1ee3c th\u1ef1c hi\u1ec7n th\u00f4ng qua <strong>Ch\u01b0\u01a1ng tr\u00ecnh Alcazar Pattaya<\/strong>. M\u1ecdi giao d\u1ecbch mua b\u00e1n \u0111\u1ec1u l\u00e0 giao d\u1ecbch cu\u1ed1i c\u00f9ng v\u00e0 sau khi x\u00e1c nh\u1eadn \u0111\u1eb7t ch\u1ed7, giao d\u1ecbch s\u1ebd kh\u00f4ng \u0111\u01b0\u1ee3c ho\u00e0n l\u1ea1i. Ch\u00ednh s\u00e1ch n\u00e0y \u00e1p d\u1ee5ng cho m\u1ecdi lo\u1ea1i v\u00e9 v\u00e0 d\u1ecbch v\u1ee5 \u0111\u01b0\u1ee3c mua qua trang web c\u1ee7a ch\u00fang t\u00f4i.<\/span><\/p><h4><span style=\"color: #000000;\">3. Thay \u0111\u1ed5i \u0111\u1eb7t ph\u00f2ng<\/span><\/h4><p><span style=\"color: #000000;\"><strong>Kh\u00f4ng c\u00f3 s\u1eeda \u0111\u1ed5i:<\/strong><\/span><br \/><span style=\"color: #000000;\">V\u00ec t\u1ea5t c\u1ea3 c\u00e1c \u0111\u1eb7t ph\u00f2ng \u0111\u1ec1u l\u00e0 cu\u1ed1i c\u00f9ng, ch\u00fang t\u00f4i kh\u00f4ng cho ph\u00e9p b\u1ea5t k\u1ef3 thay \u0111\u1ed5i n\u00e0o v\u1ec1 ng\u00e0y, gi\u1edd ho\u1eb7c chi ti\u1ebft c\u1ee7a \u0111\u1eb7t ph\u00f2ng sau khi \u0111\u00e3 x\u00e1c nh\u1eadn. Vui l\u00f2ng \u0111\u1ea3m b\u1ea3o r\u1eb1ng t\u1ea5t c\u1ea3 th\u00f4ng tin l\u00e0 ch\u00ednh x\u00e1c tr\u01b0\u1edbc khi ho\u00e0n t\u1ea5t \u0111\u1eb7t ph\u00f2ng c\u1ee7a b\u1ea1n.<\/span><\/p><h4><span style=\"color: #000000;\">4. Ho\u00e0n c\u1ea3nh \u0111\u1eb7c bi\u1ec7t<\/span><\/h4><p><span style=\"color: #000000;\"><strong>B\u1ea5t kh\u1ea3 kh\u00e1ng:<\/strong><\/span><br \/><span style=\"color: #000000;\">Trong tr\u01b0\u1eddng h\u1ee3p x\u1ea3y ra thi\u00ean tai, h\u1ea1n ch\u1ebf c\u1ee7a ch\u00ednh ph\u1ee7 ho\u1eb7c c\u00e1c s\u1ef1 ki\u1ec7n b\u1ea5t kh\u1ea3 kh\u00e1ng kh\u00e1c ngo\u00e0i t\u1ea7m ki\u1ec3m so\u00e1t c\u1ee7a ch\u00fang t\u00f4i, ch\u00fang t\u00f4i s\u1ebd l\u00e0m vi\u1ec7c v\u1edbi b\u1ea1n \u0111\u1ec3 l\u00ean l\u1ecbch l\u1ea1i chuy\u1ebfn th\u0103m c\u1ee7a b\u1ea1n d\u1ef1a tr\u00ean t\u00ecnh tr\u1ea1ng c\u00f2n ch\u1ed7. Tuy nhi\u00ean, s\u1ebd kh\u00f4ng ho\u00e0n l\u1ea1i ti\u1ec1n trong nh\u1eefng tr\u01b0\u1eddng h\u1ee3p nh\u01b0 v\u1eady.<\/span><\/p><p><span style=\"color: #000000;\"><strong>C\u00e1c tr\u01b0\u1eddng h\u1ee3p kh\u1ea9n c\u1ea5p v\u1ec1 s\u1ee9c kh\u1ecfe:<\/strong><\/span><br \/><span style=\"color: #000000;\">N\u1ebfu b\u1ea1n ho\u1eb7c b\u1ea5t k\u1ef3 th\u00e0nh vi\u00ean n\u00e0o trong \u0111o\u00e0n c\u1ee7a b\u1ea1n kh\u00f4ng th\u1ec3 tham d\u1ef1 do b\u1ecb b\u1ec7nh ho\u1eb7c b\u1ecb th\u01b0\u01a1ng, ch\u00fang t\u00f4i kh\u00f4ng th\u1ec3 ho\u00e0n l\u1ea1i ti\u1ec1n ho\u1eb7c h\u1ee7y b\u1ecf. Ch\u00fang t\u00f4i khuy\u00ean b\u1ea1n n\u00ean xem x\u00e9t k\u1ef9 k\u1ebf ho\u1ea1ch c\u1ee7a m\u00ecnh tr\u01b0\u1edbc khi \u0111\u1eb7t ch\u1ed7 \u0111\u1ec3 tr\u00e1nh b\u1ea5t k\u1ef3 s\u1ef1 b\u1ea5t ti\u1ec7n n\u00e0o.<\/span><\/p><h4><span style=\"color: #000000;\">5. Li\u00ean h\u1ec7 v\u1edbi ch\u00fang t\u00f4i<\/span><\/h4><p><span style=\"color: #000000;\">N\u1ebfu c\u00f3 b\u1ea5t k\u1ef3 c\u00e2u h\u1ecfi ho\u1eb7c th\u1eafc m\u1eafc n\u00e0o li\u00ean quan \u0111\u1ebfn vi\u1ec7c \u0111\u1eb7t ch\u1ed7, vui l\u00f2ng li\u00ean h\u1ec7 v\u1edbi nh\u00f3m d\u1ecbch v\u1ee5 kh\u00e1ch h\u00e0ng c\u1ee7a ch\u00fang t\u00f4i:<\/span><\/p><ul><li><span style=\"color: #000000;\"><strong>E-mail:<\/strong> <a style=\"color: #000000;\" href=\"mailto:contact@tiffanyshowpattaya.com\" rel=\"noopener\">contact@tiffanyshowpattaya.com<\/a><\/span><\/li><\/ul><p><span style=\"color: #000000;\">\u0110\u1ed9i ng\u0169 h\u1ed7 tr\u1ee3 t\u1eadn t\u00e2m c\u1ee7a ch\u00fang t\u00f4i lu\u00f4n s\u1eb5n s\u00e0ng h\u1ed7 tr\u1ee3 m\u1ecdi th\u1eafc m\u1eafc li\u00ean quan \u0111\u1ebfn chuy\u1ebfn th\u0103m c\u1ee7a b\u1ea1n \u0111\u1ebfn <strong>Ch\u01b0\u01a1ng tr\u00ecnh bi\u1ec3u di\u1ec5n Alcazar Cabaret Pattaya<\/strong>.<\/span><\/p>\t\t\t\t\t\t\t\t<\/div>\n\t\t\t\t<\/div>\n\t\t\t\t\t<\/div>\n\t\t<\/div>\n\t\t\t\t\t<\/div>\n\t\t<\/section>\n\t\t\t\t<\/div>","protected":false},"excerpt":{"rendered":"<p>Cancellation &amp; Refund Policy \u2013 Alcazar Show Pattaya At Alcazar Show Pattaya, operated by Triplyn Holidays, we are committed to providing a clear and transparent policy for ticket bookings. Please carefully review the following guidelines as no refunds or cancellations are permitted once a booking has been made. 1. Cancellation Policy No Cancellation:Once a booking [&hellip;]<\/p>\n","protected":false},"author":1,"featured_media":0,"parent":0,"menu_order":0,"comment_status":"closed","ping_status":"open","template":"","meta":{"ocean_post_layout":"","ocean_both_sidebars_style":"","ocean_both_sidebars_content_width":0,"ocean_both_sidebars_sidebars_width":0,"ocean_sidebar":"","ocean_second_sidebar":"","ocean_disable_margins":"enable","ocean_add_body_class":"","ocean_shortcode_before_top_bar":"","ocean_shortcode_after_top_bar":"","ocean_shortcode_before_header":"","ocean_shortcode_after_header":"","ocean_has_shortcode":"","ocean_shortcode_after_title":"","ocean_shortcode_before_footer_widgets":"","ocean_shortcode_after_footer_widgets":"","ocean_shortcode_before_footer_bottom":"","ocean_shortcode_after_footer_bottom":"","ocean_display_top_bar":"default","ocean_display_header":"default","ocean_header_style":"","ocean_center_header_left_menu":"","ocean_custom_header_template":"","ocean_custom_logo":0,"ocean_custom_retina_logo":0,"ocean_custom_logo_max_width":0,"ocean_custom_logo_tablet_max_width":0,"ocean_custom_logo_mobile_max_width":0,"ocean_custom_logo_max_height":0,"ocean_custom_logo_tablet_max_height":0,"ocean_custom_logo_mobile_max_height":0,"ocean_header_custom_menu":"","ocean_menu_typo_font_family":"","ocean_menu_typo_font_subset":"","ocean_menu_typo_font_size":0,"ocean_menu_typo_font_size_tablet":0,"ocean_menu_typo_font_size_mobile":0,"ocean_menu_typo_font_size_unit":"px","ocean_menu_typo_font_weight":"","ocean_menu_typo_font_weight_tablet":"","ocean_menu_typo_font_weight_mobile":"","ocean_menu_typo_transform":"","ocean_menu_typo_transform_tablet":"","ocean_menu_typo_transform_mobile":"","ocean_menu_typo_line_height":0,"ocean_menu_typo_line_height_tablet":0,"ocean_menu_typo_line_height_mobile":0,"ocean_menu_typo_line_height_unit":"","ocean_menu_typo_spacing":0,"ocean_menu_typo_spacing_tablet":0,"ocean_menu_typo_spacing_mobile":0,"ocean_menu_typo_spacing_unit":"","ocean_menu_link_color":"","ocean_menu_link_color_hover":"","ocean_menu_link_color_active":"","ocean_menu_link_background":"","ocean_menu_link_hover_background":"","ocean_menu_link_active_background":"","ocean_menu_social_links_bg":"","ocean_menu_social_hover_links_bg":"","ocean_menu_social_links_color":"","ocean_menu_social_hover_links_color":"","ocean_disable_title":"default","ocean_disable_heading":"default","ocean_post_title":"","ocean_post_subheading":"","ocean_post_title_style":"","ocean_post_title_background_color":"","ocean_post_title_background":0,"ocean_post_title_bg_image_position":"","ocean_post_title_bg_image_attachment":"","ocean_post_title_bg_image_repeat":"","ocean_post_title_bg_image_size":"","ocean_post_title_height":0,"ocean_post_title_bg_overlay":0.5,"ocean_post_title_bg_overlay_color":"","ocean_disable_breadcrumbs":"default","ocean_breadcrumbs_color":"","ocean_breadcrumbs_separator_color":"","ocean_breadcrumbs_links_color":"","ocean_breadcrumbs_links_hover_color":"","ocean_display_footer_widgets":"default","ocean_display_footer_bottom":"default","ocean_custom_footer_template":"","footnotes":""},"class_list":["post-1298","page","type-page","status-publish","hentry","entry","owp-thumbs-layout-horizontal","owp-btn-normal","owp-tabs-layout-horizontal","has-no-thumbnails","has-product-nav"],"yoast_head":"<!-- This site is optimized with the Yoast SEO plugin v27.3 - https:\/\/yoast.com\/product\/yoast-seo-wordpress\/ -->\n<title>Cancellation &amp; Refund Policy \u2013 Alcazar Cabaret Show Tickets<\/title>\n<meta name=\"description\" content=\"All Bookings For Alcazar Cabaret Show Are Final. No Cancellations, Refunds, Or Modifications Allowed. Ensure Accurate Details Before Booking!\" \/>\n<meta name=\"robots\" content=\"noindex, follow\" \/>\n<meta property=\"og:locale\" content=\"vi_VN\" \/>\n<meta property=\"og:type\" content=\"article\" \/>\n<meta property=\"og:title\" content=\"Cancellation &amp; Refund Policy \u2013 Alcazar Cabaret Show Tickets\" \/>\n<meta property=\"og:description\" content=\"All Bookings For Alcazar Cabaret Show Are Final. No Cancellations, Refunds, Or Modifications Allowed. Ensure Accurate Details Before Booking!\" \/>\n<meta property=\"og:url\" content=\"https:\/\/tiffanyshowpattaya.com\/vi\/chinh-sach-hoan-tien-huy-bo\/\" \/>\n<meta property=\"og:site_name\" content=\"Tiffany Show Pattaya\" \/>\n<meta property=\"article:modified_time\" content=\"2024-10-23T07:08:26+00:00\" \/>\n<meta name=\"twitter:card\" content=\"summary_large_image\" \/>\n<meta name=\"twitter:label1\" content=\"\u01af\u1edbc t\u00ednh th\u1eddi gian \u0111\u1ecdc\" \/>\n\t<meta name=\"twitter:data1\" content=\"2 ph\u00fat\" \/>\n<script type=\"application\/ld+json\" class=\"yoast-schema-graph\">{\"@context\":\"https:\\\/\\\/schema.org\",\"@graph\":[{\"@type\":\"WebPage\",\"@id\":\"https:\\\/\\\/tiffanyshowpattaya.com\\\/vi\\\/chinh-sach-hoan-tien-huy-bo\\\/\",\"url\":\"https:\\\/\\\/tiffanyshowpattaya.com\\\/vi\\\/chinh-sach-hoan-tien-huy-bo\\\/\",\"name\":\"Cancellation & Refund Policy \u2013 Alcazar Cabaret Show Tickets\",\"isPartOf\":{\"@id\":\"https:\\\/\\\/tiffanyshowpattaya.com\\\/#website\"},\"datePublished\":\"2024-10-23T07:07:18+00:00\",\"dateModified\":\"2024-10-23T07:08:26+00:00\",\"description\":\"All Bookings For Alcazar Cabaret Show Are Final. No Cancellations, Refunds, Or Modifications Allowed. Ensure Accurate Details Before Booking!\",\"breadcrumb\":{\"@id\":\"https:\\\/\\\/tiffanyshowpattaya.com\\\/vi\\\/chinh-sach-hoan-tien-huy-bo\\\/#breadcrumb\"},\"inLanguage\":\"vi\",\"potentialAction\":[{\"@type\":\"ReadAction\",\"target\":[\"https:\\\/\\\/tiffanyshowpattaya.com\\\/vi\\\/chinh-sach-hoan-tien-huy-bo\\\/\"]}]},{\"@type\":\"BreadcrumbList\",\"@id\":\"https:\\\/\\\/tiffanyshowpattaya.com\\\/vi\\\/chinh-sach-hoan-tien-huy-bo\\\/#breadcrumb\",\"itemListElement\":[{\"@type\":\"ListItem\",\"position\":1,\"name\":\"Home\",\"item\":\"https:\\\/\\\/tiffanyshowpattaya.com\\\/\"},{\"@type\":\"ListItem\",\"position\":2,\"name\":\"Cancellation &amp; Refund Policy\"}]},{\"@type\":\"WebSite\",\"@id\":\"https:\\\/\\\/tiffanyshowpattaya.com\\\/#website\",\"url\":\"https:\\\/\\\/tiffanyshowpattaya.com\\\/\",\"name\":\"Tiffany Show Pattaya\",\"description\":\"\",\"publisher\":{\"@id\":\"https:\\\/\\\/tiffanyshowpattaya.com\\\/#organization\"},\"potentialAction\":[{\"@type\":\"SearchAction\",\"target\":{\"@type\":\"EntryPoint\",\"urlTemplate\":\"https:\\\/\\\/tiffanyshowpattaya.com\\\/?s={search_term_string}\"},\"query-input\":{\"@type\":\"PropertyValueSpecification\",\"valueRequired\":true,\"valueName\":\"search_term_string\"}}],\"inLanguage\":\"vi\"},{\"@type\":\"Organization\",\"@id\":\"https:\\\/\\\/tiffanyshowpattaya.com\\\/#organization\",\"name\":\"Tiffany Show Pattaya\",\"url\":\"https:\\\/\\\/tiffanyshowpattaya.com\\\/\",\"logo\":{\"@type\":\"ImageObject\",\"inLanguage\":\"vi\",\"@id\":\"https:\\\/\\\/tiffanyshowpattaya.com\\\/#\\\/schema\\\/logo\\\/image\\\/\",\"url\":\"https:\\\/\\\/tiffanyshowpattaya.com\\\/wp-content\\\/uploads\\\/2024\\\/08\\\/Alcazar-Show.png\",\"contentUrl\":\"https:\\\/\\\/tiffanyshowpattaya.com\\\/wp-content\\\/uploads\\\/2024\\\/08\\\/Alcazar-Show.png\",\"width\":350,\"height\":100,\"caption\":\"Tiffany Show Pattaya\"},\"image\":{\"@id\":\"https:\\\/\\\/tiffanyshowpattaya.com\\\/#\\\/schema\\\/logo\\\/image\\\/\"}}]}<\/script>\n<!-- \/ Yoast SEO plugin. -->","yoast_head_json":{"title":"Ch\u00ednh s\u00e1ch h\u1ee7y v\u00e0 ho\u00e0n ti\u1ec1n \u2013 V\u00e9 xem Alcazar Cabaret Show","description":"T\u1ea5t c\u1ea3 c\u00e1c \u0110\u1eb7t ch\u1ed7 cho Alcazar Cabaret Show \u0111\u1ec1u l\u00e0 Cu\u1ed1i c\u00f9ng. Kh\u00f4ng \u0111\u01b0\u1ee3c H\u1ee7y, Ho\u00e0n ti\u1ec1n ho\u1eb7c Thay \u0111\u1ed5i. \u0110\u1ea3m b\u1ea3o Th\u00f4ng tin Ch\u00ednh x\u00e1c Tr\u01b0\u1edbc khi \u0110\u1eb7t ch\u1ed7!","robots":{"index":"noindex","follow":"follow"},"og_locale":"vi_VN","og_type":"article","og_title":"Cancellation & Refund Policy \u2013 Alcazar Cabaret Show Tickets","og_description":"All Bookings For Alcazar Cabaret Show Are Final. No Cancellations, Refunds, Or Modifications Allowed. Ensure Accurate Details Before Booking!","og_url":"https:\/\/tiffanyshowpattaya.com\/vi\/chinh-sach-hoan-tien-huy-bo\/","og_site_name":"Tiffany Show Pattaya","article_modified_time":"2024-10-23T07:08:26+00:00","twitter_card":"summary_large_image","twitter_misc":{"\u01af\u1edbc t\u00ednh th\u1eddi gian \u0111\u1ecdc":"2 ph\u00fat"},"schema":{"@context":"https:\/\/schema.org","@graph":[{"@type":"WebPage","@id":"https:\/\/tiffanyshowpattaya.com\/vi\/chinh-sach-hoan-tien-huy-bo\/","url":"https:\/\/tiffanyshowpattaya.com\/vi\/chinh-sach-hoan-tien-huy-bo\/","name":"Ch\u00ednh s\u00e1ch h\u1ee7y v\u00e0 ho\u00e0n ti\u1ec1n \u2013 V\u00e9 xem Alcazar Cabaret Show","isPartOf":{"@id":"https:\/\/tiffanyshowpattaya.com\/#website"},"datePublished":"2024-10-23T07:07:18+00:00","dateModified":"2024-10-23T07:08:26+00:00","description":"T\u1ea5t c\u1ea3 c\u00e1c \u0110\u1eb7t ch\u1ed7 cho Alcazar Cabaret Show \u0111\u1ec1u l\u00e0 Cu\u1ed1i c\u00f9ng. Kh\u00f4ng \u0111\u01b0\u1ee3c H\u1ee7y, Ho\u00e0n ti\u1ec1n ho\u1eb7c Thay \u0111\u1ed5i. \u0110\u1ea3m b\u1ea3o Th\u00f4ng tin Ch\u00ednh x\u00e1c Tr\u01b0\u1edbc khi \u0110\u1eb7t ch\u1ed7!","breadcrumb":{"@id":"https:\/\/tiffanyshowpattaya.com\/vi\/chinh-sach-hoan-tien-huy-bo\/#breadcrumb"},"inLanguage":"vi","potentialAction":[{"@type":"ReadAction","target":["https:\/\/tiffanyshowpattaya.com\/vi\/chinh-sach-hoan-tien-huy-bo\/"]}]},{"@type":"BreadcrumbList","@id":"https:\/\/tiffanyshowpattaya.com\/vi\/chinh-sach-hoan-tien-huy-bo\/#breadcrumb","itemListElement":[{"@type":"ListItem","position":1,"name":"Home","item":"https:\/\/tiffanyshowpattaya.com\/"},{"@type":"ListItem","position":2,"name":"Cancellation &amp; Refund Policy"}]},{"@type":"WebSite","@id":"https:\/\/tiffanyshowpattaya.com\/#website","url":"https:\/\/tiffanyshowpattaya.com\/","name":"Tiffany Show Pattaya","description":"","publisher":{"@id":"https:\/\/tiffanyshowpattaya.com\/#organization"},"potentialAction":[{"@type":"SearchAction","target":{"@type":"EntryPoint","urlTemplate":"https:\/\/tiffanyshowpattaya.com\/?s={search_term_string}"},"query-input":{"@type":"PropertyValueSpecification","valueRequired":true,"valueName":"search_term_string"}}],"inLanguage":"vi"},{"@type":"Organization","@id":"https:\/\/tiffanyshowpattaya.com\/#organization","name":"Tiffany Show Pattaya","url":"https:\/\/tiffanyshowpattaya.com\/","logo":{"@type":"ImageObject","inLanguage":"vi","@id":"https:\/\/tiffanyshowpattaya.com\/#\/schema\/logo\/image\/","url":"https:\/\/tiffanyshowpattaya.com\/wp-content\/uploads\/2024\/08\/Alcazar-Show.png","contentUrl":"https:\/\/tiffanyshowpattaya.com\/wp-content\/uploads\/2024\/08\/Alcazar-Show.png","width":350,"height":100,"caption":"Tiffany Show Pattaya"},"image":{"@id":"https:\/\/tiffanyshowpattaya.com\/#\/schema\/logo\/image\/"}}]}},"_links":{"self":[{"href":"https:\/\/tiffanyshowpattaya.com\/vi\/wp-json\/wp\/v2\/pages\/1298","targetHints":{"allow":["GET"]}}],"collection":[{"href":"https:\/\/tiffanyshowpattaya.com\/vi\/wp-json\/wp\/v2\/pages"}],"about":[{"href":"https:\/\/tiffanyshowpattaya.com\/vi\/wp-json\/wp\/v2\/types\/page"}],"author":[{"embeddable":true,"href":"https:\/\/tiffanyshowpattaya.com\/vi\/wp-json\/wp\/v2\/users\/1"}],"replies":[{"embeddable":true,"href":"https:\/\/tiffanyshowpattaya.com\/vi\/wp-json\/wp\/v2\/comments?post=1298"}],"version-history":[{"count":7,"href":"https:\/\/tiffanyshowpattaya.com\/vi\/wp-json\/wp\/v2\/pages\/1298\/revisions"}],"predecessor-version":[{"id":1305,"href":"https:\/\/tiffanyshowpattaya.com\/vi\/wp-json\/wp\/v2\/pages\/1298\/revisions\/1305"}],"wp:attachment":[{"href":"https:\/\/tiffanyshowpattaya.com\/vi\/wp-json\/wp\/v2\/media?parent=1298"}],"curies":[{"name":"wp","href":"https:\/\/api.w.org\/{rel}","templated":true}]}}