{"id":1306,"date":"2024-10-23T12:40:27","date_gmt":"2024-10-23T07:10:27","guid":{"rendered":"https:\/\/tiffanyshowpattaya.com\/?page_id=1306"},"modified":"2025-05-19T12:55:41","modified_gmt":"2025-05-19T07:25:41","slug":"contact-us","status":"publish","type":"page","link":"https:\/\/tiffanyshowpattaya.com\/vi\/contact-us\/","title":{"rendered":"Li\u00ean h\u1ec7 v\u1edbi ch\u00fang t\u00f4i"},"content":{"rendered":"<div data-elementor-type=\"wp-page\" data-elementor-id=\"1306\" class=\"elementor elementor-1306\" data-elementor-post-type=\"page\">\n\t\t\t\t\t\t<section data-particle_enable=\"false\" data-particle-mobile-disabled=\"false\" class=\"elementor-section elementor-top-section elementor-element elementor-element-2c10db5 elementor-section-boxed elementor-section-height-default elementor-section-height-default\" data-id=\"2c10db5\" data-element_type=\"section\" data-e-type=\"section\">\n\t\t\t\t\t\t<div class=\"elementor-container elementor-column-gap-default\">\n\t\t\t\t\t<div class=\"elementor-column elementor-col-100 elementor-top-column elementor-element elementor-element-eef4b82\" data-id=\"eef4b82\" data-element_type=\"column\" data-e-type=\"column\">\n\t\t\t<div class=\"elementor-widget-wrap elementor-element-populated\">\n\t\t\t\t\t\t<div class=\"elementor-element elementor-element-6c3c170 elementor-widget elementor-widget-text-editor\" data-id=\"6c3c170\" data-element_type=\"widget\" data-e-type=\"widget\" data-widget_type=\"text-editor.default\">\n\t\t\t\t<div class=\"elementor-widget-container\">\n\t\t\t\t\t\t\t\t\t<h2 style=\"text-align: center;\"><span style=\"color: #000000;\">Li\u00ean h\u1ec7 v\u1edbi ch\u00fang t\u00f4i \u2013 Alcazar Show Pattaya<\/span><\/h2><p><span style=\"color: #000000;\">T\u1ea1i <strong>Ch\u01b0\u01a1ng tr\u00ecnh Alcazar Pattaya<\/strong>, \u0111\u01b0\u1ee3c \u0111i\u1ec1u h\u00e0nh b\u1edfi <strong>K\u1ef3 ngh\u1ec9 Triplyn<\/strong>, ch\u00fang t\u00f4i cam k\u1ebft cung c\u1ea5p cho b\u1ea1n tr\u1ea3i nghi\u1ec7m li\u1ec1n m\u1ea1ch v\u00e0 \u0111\u00e1ng nh\u1edb t\u1ea1i <strong>Ch\u01b0\u01a1ng tr\u00ecnh bi\u1ec3u di\u1ec5n Alcazar Cabaret Pattaya<\/strong>. Cho d\u00f9 b\u1ea1n c\u00f3 th\u1eafc m\u1eafc v\u1ec1 vi\u1ec7c \u0111\u1eb7t v\u00e9, c\u1ea7n h\u1ed7 tr\u1ee3 v\u1ec1 k\u1ebf ho\u1ea1ch du l\u1ecbch hay c\u00f3 b\u1ea5t k\u1ef3 th\u1eafc m\u1eafc chung n\u00e0o, ch\u00fang t\u00f4i lu\u00f4n s\u1eb5n s\u00e0ng tr\u1ee3 gi\u00fap.<\/span><\/p><h4><span style=\"color: #000000;\">L\u00e0m th\u1ebf n\u00e0o \u0111\u1ec3 li\u00ean h\u1ec7 v\u1edbi ch\u00fang t\u00f4i<\/span><\/h4><p><span style=\"color: #000000;\">N\u1ebfu c\u00f3 b\u1ea5t k\u1ef3 th\u1eafc m\u1eafc n\u00e0o, vui l\u00f2ng li\u00ean h\u1ec7 v\u1edbi ch\u00fang t\u00f4i v\u00e0 ch\u00fang t\u00f4i s\u1ebd ph\u1ea3n h\u1ed3i ngay l\u1eadp t\u1ee9c.<\/span><\/p><p><span style=\"color: #000000;\"><strong>E-mail: <a style=\"color: #000000;\" href=\"mailto:contact@tiffanyshowpattaya.com\" rel=\"noopener\">contact@tiffanyshowpattaya.com<\/a><\/strong><\/span><\/p><h5><a href=\"https:\/\/tawk.to\/alcazarshowpattaya\"><span style=\"color: #000000;\">Tr\u00f2 chuy\u1ec7n tr\u1ef1c ti\u1ebfp<\/span><\/a><\/h5><p><span style=\"color: #000000;\">B\u1ea1n c\u00f3 th\u1ec3 li\u00ean h\u1ec7 v\u1edbi ch\u00fang t\u00f4i b\u1ea5t c\u1ee9 l\u00fac n\u00e0o b\u1eb1ng t\u00ednh n\u0103ng tr\u00f2 chuy\u1ec7n tr\u1ef1c ti\u1ebfp tr\u00ean trang web \u0111\u1ec3 \u0111\u01b0\u1ee3c h\u1ed7 tr\u1ee3 ngay l\u1eadp t\u1ee9c.<\/span><\/p><h5><span style=\"color: #000000;\">Gi\u1edd h\u1ed7 tr\u1ee3 kh\u00e1ch h\u00e0ng<\/span><\/h5><p><span style=\"color: #000000;\">Nh\u00f3m h\u1ed7 tr\u1ee3 c\u1ee7a ch\u00fang t\u00f4i s\u1eb5n s\u00e0ng h\u1ed7 tr\u1ee3 b\u1ea1n trong nh\u1eefng gi\u1edd sau:<\/span><\/p><p><span style=\"color: #000000;\">\ud83d\udd52 <strong>24\/7 H\u00e0ng ng\u00e0y<\/strong><\/span><\/p><h4><span style=\"color: #000000;\">Li\u00ean h\u1ec7 v\u1edbi Triplyn Holidays<\/span><\/h4><p><span style=\"color: #000000;\">Ch\u00fang t\u00f4i mong mu\u1ed1n cung c\u1ea5p d\u1ecbch v\u1ee5 kh\u00e1ch h\u00e0ng h\u00e0ng \u0111\u1ea7u, \u0111\u1ea3m b\u1ea3o r\u1eb1ng chuy\u1ebfn \u0111i c\u1ee7a b\u1ea1n \u0111\u1ebfn <strong>Ch\u01b0\u01a1ng tr\u00ecnh bi\u1ec3u di\u1ec5n Alcazar Cabaret Pattaya<\/strong> kh\u00f4ng r\u1eafc r\u1ed1i. \u0110\u1eebng ng\u1ea7n ng\u1ea1i li\u00ean h\u1ec7 v\u1edbi ch\u00fang t\u00f4i \u0111\u1ec3 \u0111\u01b0\u1ee3c h\u1ed7 tr\u1ee3 li\u00ean quan \u0111\u1ebfn vi\u1ec7c \u0111\u1eb7t ch\u1ed7, thanh to\u00e1n ho\u1eb7c b\u1ea5t k\u1ef3 m\u1ed1i quan t\u00e2m n\u00e0o kh\u00e1c.<\/span><\/p><p><span style=\"color: #000000;\">Ch\u00fang t\u00f4i mong mu\u1ed1n \u0111\u01b0\u1ee3c gi\u00fap b\u1ea1n l\u00ean k\u1ebf ho\u1ea1ch cho bu\u1ed5i t\u1ed1i th\u00fa v\u1ecb c\u1ee7a b\u1ea1n t\u1ea1i <strong><a href=\"https:\/\/tiffanyshowpattaya.com\/vi\/\">Ch\u01b0\u01a1ng tr\u00ecnh bi\u1ec3u di\u1ec5n Alcazar Cabaret<\/a> Pattaya<\/strong>!<\/span><\/p>\t\t\t\t\t\t\t\t<\/div>\n\t\t\t\t<\/div>\n\t\t\t\t\t<\/div>\n\t\t<\/div>\n\t\t\t\t\t<\/div>\n\t\t<\/section>\n\t\t\t\t<\/div>","protected":false},"excerpt":{"rendered":"<p>Contact Us \u2013 Alcazar Show Pattaya At Alcazar Show Pattaya, operated by Triplyn Holidays, we are dedicated to providing you with a seamless and memorable experience at the Alcazar Cabaret Show Pattaya. Whether you have questions about ticket bookings, need assistance with your travel plans, or have any general inquiries, we are here to help. [&hellip;]<\/p>\n","protected":false},"author":1,"featured_media":0,"parent":0,"menu_order":0,"comment_status":"closed","ping_status":"open","template":"","meta":{"ocean_post_layout":"","ocean_both_sidebars_style":"","ocean_both_sidebars_content_width":0,"ocean_both_sidebars_sidebars_width":0,"ocean_sidebar":"","ocean_second_sidebar":"","ocean_disable_margins":"enable","ocean_add_body_class":"","ocean_shortcode_before_top_bar":"","ocean_shortcode_after_top_bar":"","ocean_shortcode_before_header":"","ocean_shortcode_after_header":"","ocean_has_shortcode":"","ocean_shortcode_after_title":"","ocean_shortcode_before_footer_widgets":"","ocean_shortcode_after_footer_widgets":"","ocean_shortcode_before_footer_bottom":"","ocean_shortcode_after_footer_bottom":"","ocean_display_top_bar":"default","ocean_display_header":"default","ocean_header_style":"","ocean_center_header_left_menu":"","ocean_custom_header_template":"","ocean_custom_logo":0,"ocean_custom_retina_logo":0,"ocean_custom_logo_max_width":0,"ocean_custom_logo_tablet_max_width":0,"ocean_custom_logo_mobile_max_width":0,"ocean_custom_logo_max_height":0,"ocean_custom_logo_tablet_max_height":0,"ocean_custom_logo_mobile_max_height":0,"ocean_header_custom_menu":"","ocean_menu_typo_font_family":"","ocean_menu_typo_font_subset":"","ocean_menu_typo_font_size":0,"ocean_menu_typo_font_size_tablet":0,"ocean_menu_typo_font_size_mobile":0,"ocean_menu_typo_font_size_unit":"px","ocean_menu_typo_font_weight":"","ocean_menu_typo_font_weight_tablet":"","ocean_menu_typo_font_weight_mobile":"","ocean_menu_typo_transform":"","ocean_menu_typo_transform_tablet":"","ocean_menu_typo_transform_mobile":"","ocean_menu_typo_line_height":0,"ocean_menu_typo_line_height_tablet":0,"ocean_menu_typo_line_height_mobile":0,"ocean_menu_typo_line_height_unit":"","ocean_menu_typo_spacing":0,"ocean_menu_typo_spacing_tablet":0,"ocean_menu_typo_spacing_mobile":0,"ocean_menu_typo_spacing_unit":"","ocean_menu_link_color":"","ocean_menu_link_color_hover":"","ocean_menu_link_color_active":"","ocean_menu_link_background":"","ocean_menu_link_hover_background":"","ocean_menu_link_active_background":"","ocean_menu_social_links_bg":"","ocean_menu_social_hover_links_bg":"","ocean_menu_social_links_color":"","ocean_menu_social_hover_links_color":"","ocean_disable_title":"default","ocean_disable_heading":"default","ocean_post_title":"","ocean_post_subheading":"","ocean_post_title_style":"","ocean_post_title_background_color":"","ocean_post_title_background":0,"ocean_post_title_bg_image_position":"","ocean_post_title_bg_image_attachment":"","ocean_post_title_bg_image_repeat":"","ocean_post_title_bg_image_size":"","ocean_post_title_height":0,"ocean_post_title_bg_overlay":0.5,"ocean_post_title_bg_overlay_color":"","ocean_disable_breadcrumbs":"default","ocean_breadcrumbs_color":"","ocean_breadcrumbs_separator_color":"","ocean_breadcrumbs_links_color":"","ocean_breadcrumbs_links_hover_color":"","ocean_display_footer_widgets":"default","ocean_display_footer_bottom":"default","ocean_custom_footer_template":"","footnotes":""},"class_list":["post-1306","page","type-page","status-publish","hentry","entry","owp-thumbs-layout-horizontal","owp-btn-normal","owp-tabs-layout-horizontal","has-no-thumbnails","has-product-nav"],"yoast_head":"<!-- This site is optimized with the Yoast SEO plugin v27.3 - https:\/\/yoast.com\/product\/yoast-seo-wordpress\/ -->\n<title>Contact Triplyn Holidays \u2013 24\/7 Support For Ticket Inquiries<\/title>\n<meta name=\"description\" content=\"Reach Out To Triplyn Holidays For Ticket Bookings Or Support. Available 24\/7 Via Email And Live Chat For A Seamless And Memorable Experience!\" \/>\n<meta name=\"robots\" content=\"noindex, follow\" \/>\n<meta property=\"og:locale\" content=\"vi_VN\" \/>\n<meta property=\"og:type\" content=\"article\" \/>\n<meta property=\"og:title\" content=\"Contact Triplyn Holidays \u2013 24\/7 Support For Ticket Inquiries\" \/>\n<meta property=\"og:description\" content=\"Reach Out To Triplyn Holidays For Ticket Bookings Or Support. Available 24\/7 Via Email And Live Chat For A Seamless And Memorable Experience!\" \/>\n<meta property=\"og:url\" content=\"https:\/\/tiffanyshowpattaya.com\/vi\/contact-us\/\" \/>\n<meta property=\"og:site_name\" content=\"Tiffany Show Pattaya\" \/>\n<meta property=\"article:modified_time\" content=\"2025-05-19T07:25:41+00:00\" \/>\n<meta name=\"twitter:card\" content=\"summary_large_image\" \/>\n<meta name=\"twitter:label1\" content=\"\u01af\u1edbc t\u00ednh th\u1eddi gian \u0111\u1ecdc\" \/>\n\t<meta name=\"twitter:data1\" content=\"1 ph\u00fat\" \/>\n<script type=\"application\/ld+json\" class=\"yoast-schema-graph\">{\"@context\":\"https:\\\/\\\/schema.org\",\"@graph\":[{\"@type\":\"WebPage\",\"@id\":\"https:\\\/\\\/tiffanyshowpattaya.com\\\/contact-us\\\/\",\"url\":\"https:\\\/\\\/tiffanyshowpattaya.com\\\/contact-us\\\/\",\"name\":\"Contact Triplyn Holidays \u2013 24\\\/7 Support For Ticket Inquiries\",\"isPartOf\":{\"@id\":\"https:\\\/\\\/tiffanyshowpattaya.com\\\/#website\"},\"datePublished\":\"2024-10-23T07:10:27+00:00\",\"dateModified\":\"2025-05-19T07:25:41+00:00\",\"description\":\"Reach Out To Triplyn Holidays For Ticket Bookings Or Support. Available 24\\\/7 Via Email And Live Chat For A Seamless And Memorable Experience!\",\"breadcrumb\":{\"@id\":\"https:\\\/\\\/tiffanyshowpattaya.com\\\/contact-us\\\/#breadcrumb\"},\"inLanguage\":\"vi\",\"potentialAction\":[{\"@type\":\"ReadAction\",\"target\":[\"https:\\\/\\\/tiffanyshowpattaya.com\\\/contact-us\\\/\"]}]},{\"@type\":\"BreadcrumbList\",\"@id\":\"https:\\\/\\\/tiffanyshowpattaya.com\\\/contact-us\\\/#breadcrumb\",\"itemListElement\":[{\"@type\":\"ListItem\",\"position\":1,\"name\":\"Home\",\"item\":\"https:\\\/\\\/tiffanyshowpattaya.com\\\/\"},{\"@type\":\"ListItem\",\"position\":2,\"name\":\"Contact Us\"}]},{\"@type\":\"WebSite\",\"@id\":\"https:\\\/\\\/tiffanyshowpattaya.com\\\/#website\",\"url\":\"https:\\\/\\\/tiffanyshowpattaya.com\\\/\",\"name\":\"Tiffany Show Pattaya\",\"description\":\"\",\"publisher\":{\"@id\":\"https:\\\/\\\/tiffanyshowpattaya.com\\\/#organization\"},\"potentialAction\":[{\"@type\":\"SearchAction\",\"target\":{\"@type\":\"EntryPoint\",\"urlTemplate\":\"https:\\\/\\\/tiffanyshowpattaya.com\\\/?s={search_term_string}\"},\"query-input\":{\"@type\":\"PropertyValueSpecification\",\"valueRequired\":true,\"valueName\":\"search_term_string\"}}],\"inLanguage\":\"vi\"},{\"@type\":\"Organization\",\"@id\":\"https:\\\/\\\/tiffanyshowpattaya.com\\\/#organization\",\"name\":\"Tiffany Show Pattaya\",\"url\":\"https:\\\/\\\/tiffanyshowpattaya.com\\\/\",\"logo\":{\"@type\":\"ImageObject\",\"inLanguage\":\"vi\",\"@id\":\"https:\\\/\\\/tiffanyshowpattaya.com\\\/#\\\/schema\\\/logo\\\/image\\\/\",\"url\":\"https:\\\/\\\/tiffanyshowpattaya.com\\\/wp-content\\\/uploads\\\/2024\\\/08\\\/Alcazar-Show.png\",\"contentUrl\":\"https:\\\/\\\/tiffanyshowpattaya.com\\\/wp-content\\\/uploads\\\/2024\\\/08\\\/Alcazar-Show.png\",\"width\":350,\"height\":100,\"caption\":\"Tiffany Show Pattaya\"},\"image\":{\"@id\":\"https:\\\/\\\/tiffanyshowpattaya.com\\\/#\\\/schema\\\/logo\\\/image\\\/\"}}]}<\/script>\n<!-- \/ Yoast SEO plugin. -->","yoast_head_json":{"title":"Li\u00ean h\u1ec7 Triplyn Holidays \u2013 H\u1ed7 tr\u1ee3 24\/7 \u0111\u1ec3 \u0111\u01b0\u1ee3c gi\u1ea3i \u0111\u00e1p th\u1eafc m\u1eafc v\u1ec1 v\u00e9","description":"Li\u00ean h\u1ec7 v\u1edbi Triplyn Holidays \u0111\u1ec3 \u0111\u1eb7t v\u00e9 ho\u1eb7c \u0111\u01b0\u1ee3c h\u1ed7 tr\u1ee3. C\u00f3 s\u1eb5n 24\/7 qua email v\u00e0 tr\u00f2 chuy\u1ec7n tr\u1ef1c ti\u1ebfp \u0111\u1ec3 c\u00f3 tr\u1ea3i nghi\u1ec7m li\u1ec1n m\u1ea1ch v\u00e0 \u0111\u00e1ng nh\u1edb!","robots":{"index":"noindex","follow":"follow"},"og_locale":"vi_VN","og_type":"article","og_title":"Contact Triplyn Holidays \u2013 24\/7 Support For Ticket Inquiries","og_description":"Reach Out To Triplyn Holidays For Ticket Bookings Or Support. Available 24\/7 Via Email And Live Chat For A Seamless And Memorable Experience!","og_url":"https:\/\/tiffanyshowpattaya.com\/vi\/contact-us\/","og_site_name":"Tiffany Show Pattaya","article_modified_time":"2025-05-19T07:25:41+00:00","twitter_card":"summary_large_image","twitter_misc":{"\u01af\u1edbc t\u00ednh th\u1eddi gian \u0111\u1ecdc":"1 ph\u00fat"},"schema":{"@context":"https:\/\/schema.org","@graph":[{"@type":"WebPage","@id":"https:\/\/tiffanyshowpattaya.com\/contact-us\/","url":"https:\/\/tiffanyshowpattaya.com\/contact-us\/","name":"Li\u00ean h\u1ec7 Triplyn Holidays \u2013 H\u1ed7 tr\u1ee3 24\/7 \u0111\u1ec3 \u0111\u01b0\u1ee3c gi\u1ea3i \u0111\u00e1p th\u1eafc m\u1eafc v\u1ec1 v\u00e9","isPartOf":{"@id":"https:\/\/tiffanyshowpattaya.com\/#website"},"datePublished":"2024-10-23T07:10:27+00:00","dateModified":"2025-05-19T07:25:41+00:00","description":"Li\u00ean h\u1ec7 v\u1edbi Triplyn Holidays \u0111\u1ec3 \u0111\u1eb7t v\u00e9 ho\u1eb7c \u0111\u01b0\u1ee3c h\u1ed7 tr\u1ee3. C\u00f3 s\u1eb5n 24\/7 qua email v\u00e0 tr\u00f2 chuy\u1ec7n tr\u1ef1c ti\u1ebfp \u0111\u1ec3 c\u00f3 tr\u1ea3i nghi\u1ec7m li\u1ec1n m\u1ea1ch v\u00e0 \u0111\u00e1ng nh\u1edb!","breadcrumb":{"@id":"https:\/\/tiffanyshowpattaya.com\/contact-us\/#breadcrumb"},"inLanguage":"vi","potentialAction":[{"@type":"ReadAction","target":["https:\/\/tiffanyshowpattaya.com\/contact-us\/"]}]},{"@type":"BreadcrumbList","@id":"https:\/\/tiffanyshowpattaya.com\/contact-us\/#breadcrumb","itemListElement":[{"@type":"ListItem","position":1,"name":"Home","item":"https:\/\/tiffanyshowpattaya.com\/"},{"@type":"ListItem","position":2,"name":"Contact Us"}]},{"@type":"WebSite","@id":"https:\/\/tiffanyshowpattaya.com\/#website","url":"https:\/\/tiffanyshowpattaya.com\/","name":"Tiffany Show Pattaya","description":"","publisher":{"@id":"https:\/\/tiffanyshowpattaya.com\/#organization"},"potentialAction":[{"@type":"SearchAction","target":{"@type":"EntryPoint","urlTemplate":"https:\/\/tiffanyshowpattaya.com\/?s={search_term_string}"},"query-input":{"@type":"PropertyValueSpecification","valueRequired":true,"valueName":"search_term_string"}}],"inLanguage":"vi"},{"@type":"Organization","@id":"https:\/\/tiffanyshowpattaya.com\/#organization","name":"Tiffany Show Pattaya","url":"https:\/\/tiffanyshowpattaya.com\/","logo":{"@type":"ImageObject","inLanguage":"vi","@id":"https:\/\/tiffanyshowpattaya.com\/#\/schema\/logo\/image\/","url":"https:\/\/tiffanyshowpattaya.com\/wp-content\/uploads\/2024\/08\/Alcazar-Show.png","contentUrl":"https:\/\/tiffanyshowpattaya.com\/wp-content\/uploads\/2024\/08\/Alcazar-Show.png","width":350,"height":100,"caption":"Tiffany Show Pattaya"},"image":{"@id":"https:\/\/tiffanyshowpattaya.com\/#\/schema\/logo\/image\/"}}]}},"_links":{"self":[{"href":"https:\/\/tiffanyshowpattaya.com\/vi\/wp-json\/wp\/v2\/pages\/1306","targetHints":{"allow":["GET"]}}],"collection":[{"href":"https:\/\/tiffanyshowpattaya.com\/vi\/wp-json\/wp\/v2\/pages"}],"about":[{"href":"https:\/\/tiffanyshowpattaya.com\/vi\/wp-json\/wp\/v2\/types\/page"}],"author":[{"embeddable":true,"href":"https:\/\/tiffanyshowpattaya.com\/vi\/wp-json\/wp\/v2\/users\/1"}],"replies":[{"embeddable":true,"href":"https:\/\/tiffanyshowpattaya.com\/vi\/wp-json\/wp\/v2\/comments?post=1306"}],"version-history":[{"count":10,"href":"https:\/\/tiffanyshowpattaya.com\/vi\/wp-json\/wp\/v2\/pages\/1306\/revisions"}],"predecessor-version":[{"id":1828,"href":"https:\/\/tiffanyshowpattaya.com\/vi\/wp-json\/wp\/v2\/pages\/1306\/revisions\/1828"}],"wp:attachment":[{"href":"https:\/\/tiffanyshowpattaya.com\/vi\/wp-json\/wp\/v2\/media?parent=1306"}],"curies":[{"name":"wp","href":"https:\/\/api.w.org\/{rel}","templated":true}]}}