{"id":1541,"date":"2024-11-23T23:30:25","date_gmt":"2024-11-23T18:00:25","guid":{"rendered":"https:\/\/tiffanyshowpattaya.com\/?page_id=1541"},"modified":"2024-11-23T23:33:49","modified_gmt":"2024-11-23T18:03:49","slug":"shipping-policy","status":"publish","type":"page","link":"https:\/\/tiffanyshowpattaya.com\/vi\/shipping-policy\/","title":{"rendered":"Ch\u00ednh s\u00e1ch v\u1eadn chuy\u1ec3n"},"content":{"rendered":"<div data-elementor-type=\"wp-page\" data-elementor-id=\"1541\" class=\"elementor elementor-1541\" data-elementor-post-type=\"page\">\n\t\t\t\t\t\t<section data-particle_enable=\"false\" data-particle-mobile-disabled=\"false\" class=\"elementor-section elementor-top-section elementor-element elementor-element-2c10db5 elementor-section-boxed elementor-section-height-default elementor-section-height-default\" data-id=\"2c10db5\" data-element_type=\"section\" data-e-type=\"section\">\n\t\t\t\t\t\t<div class=\"elementor-container elementor-column-gap-default\">\n\t\t\t\t\t<div class=\"elementor-column elementor-col-100 elementor-top-column elementor-element elementor-element-eef4b82\" data-id=\"eef4b82\" data-element_type=\"column\" data-e-type=\"column\">\n\t\t\t<div class=\"elementor-widget-wrap elementor-element-populated\">\n\t\t\t\t\t\t<div class=\"elementor-element elementor-element-6c3c170 elementor-widget elementor-widget-text-editor\" data-id=\"6c3c170\" data-element_type=\"widget\" data-e-type=\"widget\" data-widget_type=\"text-editor.default\">\n\t\t\t\t<div class=\"elementor-widget-container\">\n\t\t\t\t\t\t\t\t\t<h2 style=\"text-align: center;\"><span style=\"color: #000000;\"><strong>Ch\u00ednh s\u00e1ch v\u1eadn chuy\u1ec3n<\/strong><\/span><\/h2><p><span style=\"color: #000000;\">Ch\u00e0o m\u1eebng \u0111\u1ebfn v\u1edbi <strong>Ch\u01b0\u01a1ng tr\u00ecnh Alcazar Show Pattaya<\/strong> N\u1ec1n t\u1ea3ng \u0111\u1eb7t v\u00e9<\/span><br \/><span style=\"color: #000000;\">C\u1ea3m \u01a1n b\u1ea1n \u0111\u00e3 l\u1ef1a ch\u1ecdn <a href=\"https:\/\/tiffanyshowpattaya.com\/vi\/\"><strong>Ch\u01b0\u01a1ng tr\u00ecnh Alcazar Pattaya<\/strong><\/a> th\u00f4ng qua n\u1ec1n t\u1ea3ng \u0111\u00e1ng tin c\u1eady c\u1ee7a ch\u00fang t\u00f4i. Ch\u00ednh s\u00e1ch v\u1eadn chuy\u1ec3n n\u00e0y gi\u1ea3i th\u00edch quy tr\u00ecnh giao v\u00e9 c\u1ee7a ch\u00fang t\u00f4i khi \u0111\u1eb7t v\u00e9.<\/span><\/p><h3><span style=\"color: #000000;\"><strong>Th\u00f4ng tin c\u00f4ng ty<\/strong><\/span><\/h3><ul><li><span style=\"color: #000000;\"><strong>Trang web<\/strong>: <a style=\"color: #000000;\" href=\"https:\/\/tiffanyshowpattaya.com\/vi\/\" target=\"_new\" rel=\"noopener\">tiffanyshowpattaya.com<\/a><\/span><\/li><li><span style=\"color: #000000;\"><strong>T\u00ean c\u00f4ng ty<\/strong>: Ch\u01b0\u01a1ng tr\u00ecnh Alcazar Pattaya<\/span><\/li><li><span style=\"color: #000000;\"><strong>Email li\u00ean h\u1ec7<\/strong>: <a style=\"color: #000000;\" href=\"mailto:contact@tiffanyshowpattaya.com\" rel=\"noopener\">contact@tiffanyshowpattaya.com<\/a><\/span><\/li><\/ul><h3><span style=\"color: #000000;\"><strong>Quy tr\u00ecnh giao v\u00e9<\/strong><\/span><br \/><span style=\"color: #000000;\"><strong>Giao Phi\u1ebfu Mua H\u00e0ng<\/strong><\/span><\/h3><p><span style=\"color: #000000;\">Sau khi \u0111\u1eb7t ch\u1ed7 c\u1ee7a b\u1ea1n \u0111\u01b0\u1ee3c x\u1eed l\u00fd th\u00e0nh c\u00f4ng v\u00e0 thanh to\u00e1n \u0111\u01b0\u1ee3c x\u00e1c nh\u1eadn, m\u1ed9t phi\u1ebfu gi\u1ea3m gi\u00e1 cho b\u1ea1n <strong>Ch\u01b0\u01a1ng tr\u00ecnh Alcazar Pattaya<\/strong> v\u00e9 s\u1ebd \u0111\u01b0\u1ee3c g\u1eedi \u0111\u1ebfn \u0111\u1ecba ch\u1ec9 email ho\u1eb7c s\u1ed1 WhatsApp \u0111\u00e3 cung c\u1ea5p khi thanh to\u00e1n. Phi\u1ebfu mua h\u00e0ng n\u00e0y \u0111\u00f3ng vai tr\u00f2 l\u00e0 v\u00e9 v\u00e0o c\u1eeda ch\u01b0\u01a1ng tr\u00ecnh c\u1ee7a b\u1ea1n.<\/span><\/p><h3><span style=\"color: #000000;\"><strong>Giao Phi\u1ebfu \u0110i\u1ec7n T\u1eed (E-Ticket)<\/strong><\/span><\/h3><ul><li><span style=\"color: #000000;\"><strong>G\u1eedi Email<\/strong>:Phi\u1ebfu mua h\u00e0ng c\u1ee7a b\u1ea1n s\u1ebd \u0111\u01b0\u1ee3c g\u1eedi d\u01b0\u1edbi d\u1ea1ng t\u1ec7p \u0111\u00ednh k\u00e8m email, b\u1ea1n c\u00f3 th\u1ec3 in ho\u1eb7c xu\u1ea5t tr\u00ecnh tr\u00ean thi\u1ebft b\u1ecb di \u0111\u1ed9ng khi v\u00e0o \u0111\u1ecba \u0111i\u1ec3m t\u1ed5 ch\u1ee9c.<\/span><\/li><li><span style=\"color: #000000;\"><strong>Giao h\u00e0ng WhatsApp<\/strong>: N\u1ebfu b\u1ea1n cung c\u1ea5p s\u1ed1 WhatsApp, ch\u00fang t\u00f4i c\u0169ng s\u1ebd g\u1eedi phi\u1ebfu mua h\u00e0ng qua WhatsApp \u0111\u1ec3 thu\u1eadn ti\u1ec7n cho b\u1ea1n.<\/span><\/li><\/ul><h3><span style=\"color: #000000;\"><strong>Khung th\u1eddi gian giao h\u00e0ng<\/strong><\/span><\/h3><ul><li><span style=\"color: #000000;\">Phi\u1ebfu mua h\u00e0ng th\u01b0\u1eddng \u0111\u01b0\u1ee3c giao trong v\u00f2ng v\u00e0i ph\u00fat sau khi x\u00e1c nh\u1eadn thanh to\u00e1n th\u00e0nh c\u00f4ng. Tuy nhi\u00ean, qu\u00e1 tr\u00ecnh x\u1eed l\u00fd c\u00f3 th\u1ec3 m\u1ea5t t\u1edbi 1 gi\u1edd.<\/span><\/li><li><span style=\"color: #000000;\">Vui l\u00f2ng ki\u1ec3m tra c\u1ea3 h\u1ed9p th\u01b0 \u0111\u1ebfn v\u00e0 th\u01b0 m\u1ee5c spam\/th\u01b0 kh\u00f4ng mong mu\u1ed1n \u0111\u1ec3 t\u00ecm email nh\u1eadn phi\u1ebfu gi\u1ea3m gi\u00e1.<\/span><\/li><\/ul><h3><span style=\"color: #000000;\"><strong>X\u00e1c nh\u1eadn \u0111\u01a1n h\u00e0ng<\/strong><\/span><\/h3><p><span style=\"color: #000000;\">Sau khi ho\u00e0n t\u1ea5t \u0111\u1eb7t h\u00e0ng, b\u1ea1n s\u1ebd nh\u1eadn \u0111\u01b0\u1ee3c email x\u00e1c nh\u1eadn \u0111\u01a1n h\u00e0ng v\u1edbi th\u00f4ng tin chi ti\u1ebft v\u1ec1 giao d\u1ecbch mua h\u00e0ng c\u1ee7a b\u1ea1n, bao g\u1ed3m t\u00f3m t\u1eaft th\u00f4ng tin \u0111\u1eb7t h\u00e0ng.<\/span><\/p><h3><span style=\"color: #000000;\"><strong>Th\u00f4ng tin quan tr\u1ecdng<\/strong><\/span><\/h3><ul><li><span style=\"color: #000000;\"><strong>Kh\u00f4ng giao h\u00e0ng v\u1eadt l\u00fd<\/strong>: Ch\u00fang t\u00f4i ch\u1ec9 cung c\u1ea5p v\u00e9 \u0111i\u1ec7n t\u1eed. Kh\u00f4ng g\u1eedi v\u00e9 gi\u1ea5y qua \u0111\u01b0\u1eddng b\u01b0u \u0111i\u1ec7n.<\/span><\/li><li><span style=\"color: #000000;\"><strong>Tr\u00e1ch nhi\u1ec7m c\u1ee7a kh\u00e1ch h\u00e0ng<\/strong>: Vui l\u00f2ng \u0111\u1ea3m b\u1ea3o th\u00f4ng tin li\u00ean l\u1ea1c c\u1ee7a b\u1ea1n ch\u00ednh x\u00e1c, bao g\u1ed3m email v\u00e0 s\u1ed1 WhatsApp, \u0111\u1ec3 nh\u1eadn \u0111\u01b0\u1ee3c phi\u1ebfu gi\u1ea3m gi\u00e1 k\u1ecbp th\u1eddi.<\/span><\/li><li><span style=\"color: #000000;\"><strong>Y\u00eau c\u1ea7u \u0111\u1ea7u v\u00e0o<\/strong>: B\u1ea1n ph\u1ea3i xu\u1ea5t tr\u00ecnh ch\u1ee9ng t\u1eeb h\u1ee3p l\u1ec7 (b\u1ea3n in ho\u1eb7c b\u1ea3n \u0111i\u1ec7n t\u1eed) t\u1ea1i <strong>Ch\u01b0\u01a1ng tr\u00ecnh Alcazar Pattaya<\/strong> l\u1ed1i v\u00e0o \u0111\u1ec3 v\u00e0o.<\/span><\/li><\/ul><h3><span style=\"color: #000000;\"><strong>Li\u00ean h\u1ec7 v\u1edbi ch\u00fang t\u00f4i<\/strong><\/span><\/h3><p><span style=\"color: #000000;\">N\u1ebfu c\u00f3 b\u1ea5t k\u1ef3 c\u00e2u h\u1ecfi ho\u1eb7c th\u1eafc m\u1eafc n\u00e0o li\u00ean quan \u0111\u1ebfn vi\u1ec7c giao phi\u1ebfu mua h\u00e0ng c\u1ee7a b\u1ea1n, vui l\u00f2ng li\u00ean h\u1ec7 v\u1edbi ch\u00fang t\u00f4i theo \u0111\u1ecba ch\u1ec9 <strong><a style=\"color: #000000;\" href=\"mailto:contact@tiffanyshowpattaya.com\" rel=\"noopener\">contact@tiffanyshowpattaya.com<\/a><\/strong>. Ch\u00fang t\u00f4i r\u1ea5t vui \u0111\u01b0\u1ee3c h\u1ed7 tr\u1ee3 b\u1ea1n v\u00e0 \u0111\u1ea3m b\u1ea3o tr\u1ea3i nghi\u1ec7m \u0111\u1eb7t ph\u00f2ng di\u1ec5n ra su\u00f4n s\u1ebb.<\/span><\/p><p><span style=\"color: #000000;\">C\u1ea3m \u01a1n b\u1ea1n \u0111\u00e3 l\u1ef1a ch\u1ecdn <a href=\"https:\/\/tiffanyshowpattaya.com\/vi\/\"><strong>Ch\u01b0\u01a1ng tr\u00ecnh Alcazar Pattaya<\/strong><\/a>. Ch\u00fang t\u00f4i mong mu\u1ed1n mang \u0111\u1ebfn cho b\u1ea1n tr\u1ea3i nghi\u1ec7m xem ch\u01b0\u01a1ng tr\u00ecnh \u0111\u00e1ng nh\u1edb!<\/span><\/p>\t\t\t\t\t\t\t\t<\/div>\n\t\t\t\t<\/div>\n\t\t\t\t\t<\/div>\n\t\t<\/div>\n\t\t\t\t\t<\/div>\n\t\t<\/section>\n\t\t\t\t<\/div>","protected":false},"excerpt":{"rendered":"<p>Shipping Policy Welcome to Alcazar Show Pattaya\u2019s Ticket Booking PlatformThank you for choosing Alcazar Show Pattaya through our trusted platform. This Shipping Policy explains our ticket delivery process upon booking. Company Information Website: tiffanyshowpattaya.com Company Name: Alcazar Show Pattaya Contact Email: contact@tiffanyshowpattaya.com Ticket Delivery ProcessVoucher Delivery Once your booking is successfully processed and payment is [&hellip;]<\/p>\n","protected":false},"author":1,"featured_media":0,"parent":0,"menu_order":0,"comment_status":"closed","ping_status":"closed","template":"","meta":{"ocean_post_layout":"","ocean_both_sidebars_style":"","ocean_both_sidebars_content_width":0,"ocean_both_sidebars_sidebars_width":0,"ocean_sidebar":"","ocean_second_sidebar":"","ocean_disable_margins":"enable","ocean_add_body_class":"","ocean_shortcode_before_top_bar":"","ocean_shortcode_after_top_bar":"","ocean_shortcode_before_header":"","ocean_shortcode_after_header":"","ocean_has_shortcode":"","ocean_shortcode_after_title":"","ocean_shortcode_before_footer_widgets":"","ocean_shortcode_after_footer_widgets":"","ocean_shortcode_before_footer_bottom":"","ocean_shortcode_after_footer_bottom":"","ocean_display_top_bar":"default","ocean_display_header":"default","ocean_header_style":"","ocean_center_header_left_menu":"","ocean_custom_header_template":"","ocean_custom_logo":0,"ocean_custom_retina_logo":0,"ocean_custom_logo_max_width":0,"ocean_custom_logo_tablet_max_width":0,"ocean_custom_logo_mobile_max_width":0,"ocean_custom_logo_max_height":0,"ocean_custom_logo_tablet_max_height":0,"ocean_custom_logo_mobile_max_height":0,"ocean_header_custom_menu":"","ocean_menu_typo_font_family":"","ocean_menu_typo_font_subset":"","ocean_menu_typo_font_size":0,"ocean_menu_typo_font_size_tablet":0,"ocean_menu_typo_font_size_mobile":0,"ocean_menu_typo_font_size_unit":"px","ocean_menu_typo_font_weight":"","ocean_menu_typo_font_weight_tablet":"","ocean_menu_typo_font_weight_mobile":"","ocean_menu_typo_transform":"","ocean_menu_typo_transform_tablet":"","ocean_menu_typo_transform_mobile":"","ocean_menu_typo_line_height":0,"ocean_menu_typo_line_height_tablet":0,"ocean_menu_typo_line_height_mobile":0,"ocean_menu_typo_line_height_unit":"","ocean_menu_typo_spacing":0,"ocean_menu_typo_spacing_tablet":0,"ocean_menu_typo_spacing_mobile":0,"ocean_menu_typo_spacing_unit":"","ocean_menu_link_color":"","ocean_menu_link_color_hover":"","ocean_menu_link_color_active":"","ocean_menu_link_background":"","ocean_menu_link_hover_background":"","ocean_menu_link_active_background":"","ocean_menu_social_links_bg":"","ocean_menu_social_hover_links_bg":"","ocean_menu_social_links_color":"","ocean_menu_social_hover_links_color":"","ocean_disable_title":"default","ocean_disable_heading":"default","ocean_post_title":"","ocean_post_subheading":"","ocean_post_title_style":"","ocean_post_title_background_color":"","ocean_post_title_background":0,"ocean_post_title_bg_image_position":"","ocean_post_title_bg_image_attachment":"","ocean_post_title_bg_image_repeat":"","ocean_post_title_bg_image_size":"","ocean_post_title_height":0,"ocean_post_title_bg_overlay":0.5,"ocean_post_title_bg_overlay_color":"","ocean_disable_breadcrumbs":"default","ocean_breadcrumbs_color":"","ocean_breadcrumbs_separator_color":"","ocean_breadcrumbs_links_color":"","ocean_breadcrumbs_links_hover_color":"","ocean_display_footer_widgets":"default","ocean_display_footer_bottom":"default","ocean_custom_footer_template":"","footnotes":""},"class_list":["post-1541","page","type-page","status-publish","hentry","entry","owp-thumbs-layout-horizontal","owp-btn-normal","owp-tabs-layout-horizontal","has-no-thumbnails","has-product-nav"],"yoast_head":"<!-- This site is optimized with the Yoast SEO plugin v27.3 - https:\/\/yoast.com\/product\/yoast-seo-wordpress\/ -->\n<title>Shipping Policy | Alcazar Show Tickets - Triplyn Holidays<\/title>\n<meta name=\"description\" content=\"Explore Alcazar Show Pattaya Shipping Policy. Book Confidently With Triplyn Holidays And Enjoy A Seamless Experience.\" \/>\n<meta name=\"robots\" content=\"noindex, follow\" \/>\n<meta property=\"og:locale\" content=\"vi_VN\" \/>\n<meta property=\"og:type\" content=\"article\" \/>\n<meta property=\"og:title\" content=\"Shipping Policy | Alcazar Show Tickets - Triplyn Holidays\" \/>\n<meta property=\"og:description\" content=\"Explore Alcazar Show Pattaya Shipping Policy. Book Confidently With Triplyn Holidays And Enjoy A Seamless Experience.\" \/>\n<meta property=\"og:url\" content=\"https:\/\/tiffanyshowpattaya.com\/vi\/shipping-policy\/\" \/>\n<meta property=\"og:site_name\" content=\"Tiffany Show Pattaya\" \/>\n<meta property=\"article:modified_time\" content=\"2024-11-23T18:03:49+00:00\" \/>\n<meta name=\"twitter:card\" content=\"summary_large_image\" \/>\n<meta name=\"twitter:label1\" content=\"\u01af\u1edbc t\u00ednh th\u1eddi gian \u0111\u1ecdc\" \/>\n\t<meta name=\"twitter:data1\" content=\"2 ph\u00fat\" \/>\n<script type=\"application\/ld+json\" class=\"yoast-schema-graph\">{\"@context\":\"https:\\\/\\\/schema.org\",\"@graph\":[{\"@type\":\"WebPage\",\"@id\":\"https:\\\/\\\/tiffanyshowpattaya.com\\\/vi\\\/shipping-policy\\\/\",\"url\":\"https:\\\/\\\/tiffanyshowpattaya.com\\\/vi\\\/shipping-policy\\\/\",\"name\":\"Shipping Policy | Alcazar Show Tickets - Triplyn Holidays\",\"isPartOf\":{\"@id\":\"https:\\\/\\\/tiffanyshowpattaya.com\\\/#website\"},\"datePublished\":\"2024-11-23T18:00:25+00:00\",\"dateModified\":\"2024-11-23T18:03:49+00:00\",\"description\":\"Explore Alcazar Show Pattaya Shipping Policy. Book Confidently With Triplyn Holidays And Enjoy A Seamless Experience.\",\"breadcrumb\":{\"@id\":\"https:\\\/\\\/tiffanyshowpattaya.com\\\/vi\\\/shipping-policy\\\/#breadcrumb\"},\"inLanguage\":\"vi\",\"potentialAction\":[{\"@type\":\"ReadAction\",\"target\":[\"https:\\\/\\\/tiffanyshowpattaya.com\\\/vi\\\/shipping-policy\\\/\"]}]},{\"@type\":\"BreadcrumbList\",\"@id\":\"https:\\\/\\\/tiffanyshowpattaya.com\\\/vi\\\/shipping-policy\\\/#breadcrumb\",\"itemListElement\":[{\"@type\":\"ListItem\",\"position\":1,\"name\":\"Home\",\"item\":\"https:\\\/\\\/tiffanyshowpattaya.com\\\/\"},{\"@type\":\"ListItem\",\"position\":2,\"name\":\"Shipping Policy\"}]},{\"@type\":\"WebSite\",\"@id\":\"https:\\\/\\\/tiffanyshowpattaya.com\\\/#website\",\"url\":\"https:\\\/\\\/tiffanyshowpattaya.com\\\/\",\"name\":\"Tiffany Show Pattaya\",\"description\":\"\",\"publisher\":{\"@id\":\"https:\\\/\\\/tiffanyshowpattaya.com\\\/#organization\"},\"potentialAction\":[{\"@type\":\"SearchAction\",\"target\":{\"@type\":\"EntryPoint\",\"urlTemplate\":\"https:\\\/\\\/tiffanyshowpattaya.com\\\/?s={search_term_string}\"},\"query-input\":{\"@type\":\"PropertyValueSpecification\",\"valueRequired\":true,\"valueName\":\"search_term_string\"}}],\"inLanguage\":\"vi\"},{\"@type\":\"Organization\",\"@id\":\"https:\\\/\\\/tiffanyshowpattaya.com\\\/#organization\",\"name\":\"Tiffany Show Pattaya\",\"url\":\"https:\\\/\\\/tiffanyshowpattaya.com\\\/\",\"logo\":{\"@type\":\"ImageObject\",\"inLanguage\":\"vi\",\"@id\":\"https:\\\/\\\/tiffanyshowpattaya.com\\\/#\\\/schema\\\/logo\\\/image\\\/\",\"url\":\"https:\\\/\\\/tiffanyshowpattaya.com\\\/wp-content\\\/uploads\\\/2024\\\/08\\\/Alcazar-Show.png\",\"contentUrl\":\"https:\\\/\\\/tiffanyshowpattaya.com\\\/wp-content\\\/uploads\\\/2024\\\/08\\\/Alcazar-Show.png\",\"width\":350,\"height\":100,\"caption\":\"Tiffany Show Pattaya\"},\"image\":{\"@id\":\"https:\\\/\\\/tiffanyshowpattaya.com\\\/#\\\/schema\\\/logo\\\/image\\\/\"}}]}<\/script>\n<!-- \/ Yoast SEO plugin. -->","yoast_head_json":{"title":"Ch\u00ednh s\u00e1ch v\u1eadn chuy\u1ec3n | V\u00e9 xem Alcazar Show - Triplyn Holidays","description":"Kh\u00e1m ph\u00e1 Ch\u00ednh s\u00e1ch v\u1eadn chuy\u1ec3n c\u1ee7a Alcazar Show Pattaya. \u0110\u1eb7t ph\u00f2ng m\u1ed9t c\u00e1ch t\u1ef1 tin v\u1edbi Triplyn Holidays v\u00e0 t\u1eadn h\u01b0\u1edfng tr\u1ea3i nghi\u1ec7m li\u1ec1n m\u1ea1ch.","robots":{"index":"noindex","follow":"follow"},"og_locale":"vi_VN","og_type":"article","og_title":"Shipping Policy | Alcazar Show Tickets - Triplyn Holidays","og_description":"Explore Alcazar Show Pattaya Shipping Policy. Book Confidently With Triplyn Holidays And Enjoy A Seamless Experience.","og_url":"https:\/\/tiffanyshowpattaya.com\/vi\/shipping-policy\/","og_site_name":"Tiffany Show Pattaya","article_modified_time":"2024-11-23T18:03:49+00:00","twitter_card":"summary_large_image","twitter_misc":{"\u01af\u1edbc t\u00ednh th\u1eddi gian \u0111\u1ecdc":"2 ph\u00fat"},"schema":{"@context":"https:\/\/schema.org","@graph":[{"@type":"WebPage","@id":"https:\/\/tiffanyshowpattaya.com\/vi\/shipping-policy\/","url":"https:\/\/tiffanyshowpattaya.com\/vi\/shipping-policy\/","name":"Ch\u00ednh s\u00e1ch v\u1eadn chuy\u1ec3n | V\u00e9 xem Alcazar Show - Triplyn Holidays","isPartOf":{"@id":"https:\/\/tiffanyshowpattaya.com\/#website"},"datePublished":"2024-11-23T18:00:25+00:00","dateModified":"2024-11-23T18:03:49+00:00","description":"Kh\u00e1m ph\u00e1 Ch\u00ednh s\u00e1ch v\u1eadn chuy\u1ec3n c\u1ee7a Alcazar Show Pattaya. \u0110\u1eb7t ph\u00f2ng m\u1ed9t c\u00e1ch t\u1ef1 tin v\u1edbi Triplyn Holidays v\u00e0 t\u1eadn h\u01b0\u1edfng tr\u1ea3i nghi\u1ec7m li\u1ec1n m\u1ea1ch.","breadcrumb":{"@id":"https:\/\/tiffanyshowpattaya.com\/vi\/shipping-policy\/#breadcrumb"},"inLanguage":"vi","potentialAction":[{"@type":"ReadAction","target":["https:\/\/tiffanyshowpattaya.com\/vi\/shipping-policy\/"]}]},{"@type":"BreadcrumbList","@id":"https:\/\/tiffanyshowpattaya.com\/vi\/shipping-policy\/#breadcrumb","itemListElement":[{"@type":"ListItem","position":1,"name":"Home","item":"https:\/\/tiffanyshowpattaya.com\/"},{"@type":"ListItem","position":2,"name":"Shipping Policy"}]},{"@type":"WebSite","@id":"https:\/\/tiffanyshowpattaya.com\/#website","url":"https:\/\/tiffanyshowpattaya.com\/","name":"Tiffany Show Pattaya","description":"","publisher":{"@id":"https:\/\/tiffanyshowpattaya.com\/#organization"},"potentialAction":[{"@type":"SearchAction","target":{"@type":"EntryPoint","urlTemplate":"https:\/\/tiffanyshowpattaya.com\/?s={search_term_string}"},"query-input":{"@type":"PropertyValueSpecification","valueRequired":true,"valueName":"search_term_string"}}],"inLanguage":"vi"},{"@type":"Organization","@id":"https:\/\/tiffanyshowpattaya.com\/#organization","name":"Tiffany Show Pattaya","url":"https:\/\/tiffanyshowpattaya.com\/","logo":{"@type":"ImageObject","inLanguage":"vi","@id":"https:\/\/tiffanyshowpattaya.com\/#\/schema\/logo\/image\/","url":"https:\/\/tiffanyshowpattaya.com\/wp-content\/uploads\/2024\/08\/Alcazar-Show.png","contentUrl":"https:\/\/tiffanyshowpattaya.com\/wp-content\/uploads\/2024\/08\/Alcazar-Show.png","width":350,"height":100,"caption":"Tiffany Show Pattaya"},"image":{"@id":"https:\/\/tiffanyshowpattaya.com\/#\/schema\/logo\/image\/"}}]}},"_links":{"self":[{"href":"https:\/\/tiffanyshowpattaya.com\/vi\/wp-json\/wp\/v2\/pages\/1541","targetHints":{"allow":["GET"]}}],"collection":[{"href":"https:\/\/tiffanyshowpattaya.com\/vi\/wp-json\/wp\/v2\/pages"}],"about":[{"href":"https:\/\/tiffanyshowpattaya.com\/vi\/wp-json\/wp\/v2\/types\/page"}],"author":[{"embeddable":true,"href":"https:\/\/tiffanyshowpattaya.com\/vi\/wp-json\/wp\/v2\/users\/1"}],"replies":[{"embeddable":true,"href":"https:\/\/tiffanyshowpattaya.com\/vi\/wp-json\/wp\/v2\/comments?post=1541"}],"version-history":[{"count":4,"href":"https:\/\/tiffanyshowpattaya.com\/vi\/wp-json\/wp\/v2\/pages\/1541\/revisions"}],"predecessor-version":[{"id":1545,"href":"https:\/\/tiffanyshowpattaya.com\/vi\/wp-json\/wp\/v2\/pages\/1541\/revisions\/1545"}],"wp:attachment":[{"href":"https:\/\/tiffanyshowpattaya.com\/vi\/wp-json\/wp\/v2\/media?parent=1541"}],"curies":[{"name":"wp","href":"https:\/\/api.w.org\/{rel}","templated":true}]}}